{"id":2551,"date":"2025-01-21T17:59:50","date_gmt":"2025-01-21T17:59:50","guid":{"rendered":"https:\/\/jubile2025-fatima.org\/firma\/"},"modified":"2025-03-21T13:51:14","modified_gmt":"2025-03-21T13:51:14","slug":"firma","status":"publish","type":"page","link":"https:\/\/jubile2025-fatima.org\/es\/firma\/","title":{"rendered":"Firma"},"content":{"rendered":"\n<div class=\"wp-block-group has-global-padding is-layout-constrained wp-container-core-group-is-layout-f611be13 wp-block-group-is-layout-constrained\" style=\"padding-top:var(--wp--preset--spacing--50);padding-right:var(--wp--preset--spacing--50);padding-bottom:var(--wp--preset--spacing--50);padding-left:var(--wp--preset--spacing--50);box-shadow:12px 12px 50px 0 #00000033\">\n<h2 class=\"wp-block-heading\"><strong>Firme el llamamiento para hacer oficiales los <sup>primeros<\/sup> s\u00e1bados de mes, como pidi\u00f3 Nuestra Se\u00f1ora de F\u00e1tima.<\/strong><\/h2>\n\n\n\n<p>La carta se publicar\u00e1 en breve.<\/p>\n\n\n\n<div class=\"wp-block-group has-global-padding is-layout-constrained wp-block-group-is-layout-constrained\">\n<div class=\"wp-block-group has-global-padding is-layout-constrained wp-container-core-group-is-layout-92ef7b19 wp-block-group-is-layout-constrained\">\n<div class=\"wp-block-group has-accent-8-background-color has-background has-global-padding is-layout-constrained wp-container-core-group-is-layout-4d205fec wp-block-group-is-layout-constrained\" style=\"border-radius:25px;padding-top:25px;padding-right:25px;padding-bottom:25px;padding-left:25px\"><p class=\"wpcf7-contact-form-not-found\"><strong>Error:<\/strong> Formulario de contacto no encontrado.<\/p>\n<\/div>\n<\/div>\n\n\n\n<div class=\"wp-block-group tw-lg-hidden tw-md-hidden tw-sm-hidden is-vertical is-content-justification-center is-layout-flex wp-container-core-group-is-layout-ce155fab wp-block-group-is-layout-flex\" style=\"min-height:700px\">\n<iframe loading=\"lazy\" width=\"100%\" height=\"1000\" src=\"https:\/\/98e98fec.sibforms.com\/serve\/MUIFAFo7aGH6dtKK6wn4lowhNoBZ6iqBvQrIIMwlIe8qxfhwBq8szJhoENQK_tTQqWYnA_0KGNb1hvJR16kf8FVVICH9VSl1yq6jE57Xte0uzjNIRXo0UXZKvGVTQhhklsEwkzlm-xVc37T8dP7WXMyCQUgdGehuPgxxDjbj54UwrxnnDCGa9xNQeXAlxcGOgqoQoFB2ICGHU67d\" frameborder=\"0\" scrolling=\"auto\" allowfullscreen=\"\" style=\"display: block;margin-left: auto;margin-right: auto;max-width: 100%;\"><\/iframe>\n<\/div>\n<\/div>\n<\/div>\n\n<div class=\"wp-block-group tw-lg-hidden tw-md-hidden tw-sm-hidden has-accent-8-background-color has-background has-global-padding is-layout-constrained wp-container-core-group-is-layout-81115059 wp-block-group-is-layout-constrained\" style=\"border-radius:18px;padding-top:25px;padding-right:25px;padding-bottom:25px;padding-left:25px\">\n<h2 class=\"wp-block-heading\"><strong>Firme el llamamiento al Papa Vicario de Cristo para que haga oficiales los <sup>primeros<\/sup> s\u00e1bados de mes, como pidi\u00f3 Nuestra Se\u00f1ora de F\u00e1tima.<\/strong><\/h2>\n\n\n\n<p>El 13 de julio de 1917, en la segunda aparici\u00f3n de F\u00e1tima, Nuestra Se\u00f1ora anunci\u00f3 dos condiciones para obtener la paz:  <\/p>\n\n\n\n<p><em>\u00abPara evitar la guerra <\/em><strong><em>vendr\u00e9<\/em><\/strong><em> a pedir la consagraci\u00f3n de Rusia a mi Inmaculado Coraz\u00f3n <\/em><strong><em>y<\/em><\/strong><strong><em>comuni\u00f3n reparadora los primeros s\u00e1bados.<\/em><\/strong><\/p>\n\n\n\n<p>Ocho a\u00f1os m\u00e1s tarde, el <strong>10 de diciembre de 1925<\/strong>, Nuestra Se\u00f1ora se apareci\u00f3 a Sor Luc\u00eda (la vidente de F\u00e1tima) para lanzar los <sup>primeros <\/sup>s\u00e1bados de mes en toda la Iglesia. Adem\u00e1s de la aplicaci\u00f3n inmediata de esta devoci\u00f3n por parte de <strong>los fieles<\/strong>, pidi\u00f3 <strong>al Papa<\/strong>, en relaci\u00f3n con la <strong>consagraci\u00f3n de Rusia<\/strong>, que hiciera un acto oficial recomendando la devoci\u00f3n de reparaci\u00f3n el <sup>1er<\/sup> s\u00e1bado de mes en toda la Iglesia.   <\/p>\n\n\n\n<p>Mientras que la consagraci\u00f3n de Rusia ya ha sido mencionada por muchos papas en diversos actos oficiales, los <sup>primeros <\/sup>s\u00e1bados de mes, <strong>segunda condici\u00f3n necesaria para la paz<\/strong>, han sido olvidados hasta ahora. Sin embargo, es mucho lo que est\u00e1 en juego, porque los dram\u00e1ticos cambios en la situaci\u00f3n del mundo est\u00e1n indudablemente relacionados con el olvido de esta petici\u00f3n del Cielo.   <\/p>\n\n\n\n<p>El 13 de mayo de 2010, el Papa Benedicto XVI nos record\u00f3 que el <strong>car\u00e1cter<\/strong> <strong>prof\u00e9tico de F\u00e1tima es perfectamente actual<\/strong>. En este a\u00f1o 2025, celebramos <strong>100 a\u00f1os<\/strong> desde que Nuestra Se\u00f1ora pidi\u00f3 estos <sup>primeros<\/sup> s\u00e1bados de mes. Esta es una gran oportunidad para difundir finalmente esta devoci\u00f3n por todo el mundo y obtener el acto oficial del Papa, Vicario de Cristo, solicitado por Nuestra Se\u00f1ora de F\u00e1tima para obtener la paz.  <\/p>\n\n\n\n<p>Nosotros, fieles y cl\u00e9rigos de la Iglesia cat\u00f3lica, pedimos por tanto que este acto oficial y solemne se lleve a cabo para recomendar los <sup>primeros<\/sup> s\u00e1bados de mes en toda la Iglesia.<\/p>\n\n\n\n<p>En previsi\u00f3n de este futuro acto oficial, tambi\u00e9n nos estamos movilizando para implantar y extender los <sup>primeros <\/sup>s\u00e1bados de mes en toda la Iglesia.<\/p>\n\n\n\n<p>En el a\u00f1o 2025, el destino del mundo es incierto, pero como dijo Santa Jacinta, la vidente de F\u00e1tima: \u00abNunca es demasiado tarde para recurrir a los Corazones de Jes\u00fas y de Mar\u00eda\u00bb.<\/p>\n\n\n\n<p class=\"has-small-font-size\">Respetamos y protegemos la privacidad de todos. Por eso s\u00f3lo tomamos su direcci\u00f3n de correo electr\u00f3nico como dato personal, sin ninguna otra informaci\u00f3n. Este correo electr\u00f3nico se mantiene confidencial y s\u00f3lo se utiliza para enviar la meditaci\u00f3n una vez al mes antes del primer s\u00e1bado y para responder a sus mensajes en un contexto estrictamente privado.  <\/p>\n\n\n\n<div class=\"wp-block-group has-global-padding is-layout-constrained wp-block-group-is-layout-constrained\"><div class=\"wp-block-jetpack-contact-form\"><a href=\"https:\/\/jubile2025-fatima.org\/es\/firma\/\" target=\"_blank\" rel=\"noopener noreferrer\">Env\u00eda un formulario.<\/a><\/div><\/div>\n<\/div>\n","protected":false},"excerpt":{"rendered":"<p>Firme el llamamiento para hacer oficiales los primeros s\u00e1bados de mes, como pidi\u00f3 Nuestra Se\u00f1ora de F\u00e1tima. La carta se publicar\u00e1 en breve. Firme el llamamiento al Papa Vicario de Cristo para que haga oficiales los primeros s\u00e1bados de mes, como pidi\u00f3 Nuestra Se\u00f1ora de F\u00e1tima. El 13 de julio de 1917, en la segunda [&hellip;]<\/p>\n","protected":false},"author":2,"featured_media":2022,"parent":0,"menu_order":0,"comment_status":"closed","ping_status":"closed","template":"","meta":{"inline_featured_image":false,"footnotes":""},"class_list":["post-2551","page","type-page","status-publish","has-post-thumbnail","hentry"],"mb":[],"yoast_head":"<!-- This site is optimized with the Yoast SEO plugin v26.4 - https:\/\/yoast.com\/wordpress\/plugins\/seo\/ -->\n<title>Firma - jubile2025-fatima.org<\/title>\n<meta name=\"description\" content=\"Firme el llamamiento al Papa Vicario de Cristo para que haga oficiales los primeros s\u00e1bados de mes, como pidi\u00f3 Nuestra Se\u00f1ora de F\u00e1tima.\" \/>\n<meta name=\"robots\" content=\"index, follow, max-snippet:-1, max-image-preview:large, max-video-preview:-1\" \/>\n<link rel=\"canonical\" href=\"https:\/\/jubile2025-fatima.org\/es\/firma\/\" \/>\n<meta property=\"og:locale\" content=\"es_ES\" \/>\n<meta property=\"og:type\" content=\"article\" \/>\n<meta property=\"og:title\" content=\"Firma - jubile2025-fatima.org\" \/>\n<meta property=\"og:description\" content=\"Firme el llamamiento al Papa Vicario de Cristo para que haga oficiales los primeros s\u00e1bados de mes, como pidi\u00f3 Nuestra Se\u00f1ora de F\u00e1tima.\" \/>\n<meta property=\"og:url\" content=\"https:\/\/jubile2025-fatima.org\/es\/firma\/\" \/>\n<meta property=\"og:site_name\" content=\"jubile2025-fatima.org\" \/>\n<meta property=\"article:modified_time\" content=\"2025-03-21T13:51:14+00:00\" \/>\n<meta property=\"og:image\" content=\"https:\/\/jubile2025-fatima.org\/wp-content\/uploads\/2025\/01\/1logo-officiel-vecto-sombre.png\" \/>\n\t<meta property=\"og:image:width\" content=\"1921\" \/>\n\t<meta property=\"og:image:height\" content=\"1081\" \/>\n\t<meta property=\"og:image:type\" content=\"image\/png\" \/>\n<meta name=\"twitter:card\" content=\"summary_large_image\" \/>\n<meta name=\"twitter:label1\" content=\"Tiempo de lectura\" \/>\n\t<meta name=\"twitter:data1\" content=\"3 minutos\" \/>\n<script type=\"application\/ld+json\" class=\"yoast-schema-graph\">{\"@context\":\"https:\/\/schema.org\",\"@graph\":[{\"@type\":\"WebPage\",\"@id\":\"https:\/\/jubile2025-fatima.org\/es\/firma\/\",\"url\":\"https:\/\/jubile2025-fatima.org\/es\/firma\/\",\"name\":\"Firma - jubile2025-fatima.org\",\"isPartOf\":{\"@id\":\"https:\/\/jubile2025-fatima.org\/es\/#website\"},\"primaryImageOfPage\":{\"@id\":\"https:\/\/jubile2025-fatima.org\/es\/firma\/#primaryimage\"},\"image\":{\"@id\":\"https:\/\/jubile2025-fatima.org\/es\/firma\/#primaryimage\"},\"thumbnailUrl\":\"https:\/\/i0.wp.com\/jubile2025-fatima.org\/wp-content\/uploads\/2025\/01\/1logo-officiel-vecto-sombre.png?fit=1921%2C1081&ssl=1\",\"datePublished\":\"2025-01-21T17:59:50+00:00\",\"dateModified\":\"2025-03-21T13:51:14+00:00\",\"description\":\"Firme el llamamiento al Papa Vicario de Cristo para que haga oficiales los primeros s\u00e1bados de mes, como pidi\u00f3 Nuestra Se\u00f1ora de F\u00e1tima.\",\"breadcrumb\":{\"@id\":\"https:\/\/jubile2025-fatima.org\/es\/firma\/#breadcrumb\"},\"inLanguage\":\"es\",\"potentialAction\":[{\"@type\":\"ReadAction\",\"target\":[\"https:\/\/jubile2025-fatima.org\/es\/firma\/\"]}]},{\"@type\":\"ImageObject\",\"inLanguage\":\"es\",\"@id\":\"https:\/\/jubile2025-fatima.org\/es\/firma\/#primaryimage\",\"url\":\"https:\/\/i0.wp.com\/jubile2025-fatima.org\/wp-content\/uploads\/2025\/01\/1logo-officiel-vecto-sombre.png?fit=1921%2C1081&ssl=1\",\"contentUrl\":\"https:\/\/i0.wp.com\/jubile2025-fatima.org\/wp-content\/uploads\/2025\/01\/1logo-officiel-vecto-sombre.png?fit=1921%2C1081&ssl=1\",\"width\":1921,\"height\":1081},{\"@type\":\"BreadcrumbList\",\"@id\":\"https:\/\/jubile2025-fatima.org\/es\/firma\/#breadcrumb\",\"itemListElement\":[{\"@type\":\"ListItem\",\"position\":1,\"name\":\"Accueil\",\"item\":\"https:\/\/jubile2025-fatima.org\/es\/\"},{\"@type\":\"ListItem\",\"position\":2,\"name\":\"Firma\"}]},{\"@type\":\"WebSite\",\"@id\":\"https:\/\/jubile2025-fatima.org\/es\/#website\",\"url\":\"https:\/\/jubile2025-fatima.org\/es\/\",\"name\":\"jubile2025-fatima.org\",\"description\":\"Jubile 2025 Fatima - Alliance les 1ers samedis de de Fatima pour la paix\",\"publisher\":{\"@id\":\"https:\/\/jubile2025-fatima.org\/es\/#organization\"},\"potentialAction\":[{\"@type\":\"SearchAction\",\"target\":{\"@type\":\"EntryPoint\",\"urlTemplate\":\"https:\/\/jubile2025-fatima.org\/es\/?s={search_term_string}\"},\"query-input\":{\"@type\":\"PropertyValueSpecification\",\"valueRequired\":true,\"valueName\":\"search_term_string\"}}],\"inLanguage\":\"es\"},{\"@type\":\"Organization\",\"@id\":\"https:\/\/jubile2025-fatima.org\/es\/#organization\",\"name\":\"jubile2025-fatima.org\",\"url\":\"https:\/\/jubile2025-fatima.org\/es\/\",\"logo\":{\"@type\":\"ImageObject\",\"inLanguage\":\"es\",\"@id\":\"https:\/\/jubile2025-fatima.org\/es\/#\/schema\/logo\/image\/\",\"url\":\"https:\/\/jubile2025-fatima.org\/wp-content\/uploads\/2024\/12\/2logo-officiel-copie-2.png\",\"contentUrl\":\"https:\/\/jubile2025-fatima.org\/wp-content\/uploads\/2024\/12\/2logo-officiel-copie-2.png\",\"width\":1921,\"height\":1081,\"caption\":\"jubile2025-fatima.org\"},\"image\":{\"@id\":\"https:\/\/jubile2025-fatima.org\/es\/#\/schema\/logo\/image\/\"}}]}<\/script>\n<!-- \/ Yoast SEO plugin. -->","yoast_head_json":{"title":"Firma - jubile2025-fatima.org","description":"Firme el llamamiento al Papa Vicario de Cristo para que haga oficiales los primeros s\u00e1bados de mes, como pidi\u00f3 Nuestra Se\u00f1ora de F\u00e1tima.","robots":{"index":"index","follow":"follow","max-snippet":"max-snippet:-1","max-image-preview":"max-image-preview:large","max-video-preview":"max-video-preview:-1"},"canonical":"https:\/\/jubile2025-fatima.org\/es\/firma\/","og_locale":"es_ES","og_type":"article","og_title":"Firma - jubile2025-fatima.org","og_description":"Firme el llamamiento al Papa Vicario de Cristo para que haga oficiales los primeros s\u00e1bados de mes, como pidi\u00f3 Nuestra Se\u00f1ora de F\u00e1tima.","og_url":"https:\/\/jubile2025-fatima.org\/es\/firma\/","og_site_name":"jubile2025-fatima.org","article_modified_time":"2025-03-21T13:51:14+00:00","og_image":[{"width":1921,"height":1081,"url":"https:\/\/jubile2025-fatima.org\/wp-content\/uploads\/2025\/01\/1logo-officiel-vecto-sombre.png","type":"image\/png"}],"twitter_card":"summary_large_image","twitter_misc":{"Tiempo de lectura":"3 minutos"},"schema":{"@context":"https:\/\/schema.org","@graph":[{"@type":"WebPage","@id":"https:\/\/jubile2025-fatima.org\/es\/firma\/","url":"https:\/\/jubile2025-fatima.org\/es\/firma\/","name":"Firma - jubile2025-fatima.org","isPartOf":{"@id":"https:\/\/jubile2025-fatima.org\/es\/#website"},"primaryImageOfPage":{"@id":"https:\/\/jubile2025-fatima.org\/es\/firma\/#primaryimage"},"image":{"@id":"https:\/\/jubile2025-fatima.org\/es\/firma\/#primaryimage"},"thumbnailUrl":"https:\/\/i0.wp.com\/jubile2025-fatima.org\/wp-content\/uploads\/2025\/01\/1logo-officiel-vecto-sombre.png?fit=1921%2C1081&ssl=1","datePublished":"2025-01-21T17:59:50+00:00","dateModified":"2025-03-21T13:51:14+00:00","description":"Firme el llamamiento al Papa Vicario de Cristo para que haga oficiales los primeros s\u00e1bados de mes, como pidi\u00f3 Nuestra Se\u00f1ora de F\u00e1tima.","breadcrumb":{"@id":"https:\/\/jubile2025-fatima.org\/es\/firma\/#breadcrumb"},"inLanguage":"es","potentialAction":[{"@type":"ReadAction","target":["https:\/\/jubile2025-fatima.org\/es\/firma\/"]}]},{"@type":"ImageObject","inLanguage":"es","@id":"https:\/\/jubile2025-fatima.org\/es\/firma\/#primaryimage","url":"https:\/\/i0.wp.com\/jubile2025-fatima.org\/wp-content\/uploads\/2025\/01\/1logo-officiel-vecto-sombre.png?fit=1921%2C1081&ssl=1","contentUrl":"https:\/\/i0.wp.com\/jubile2025-fatima.org\/wp-content\/uploads\/2025\/01\/1logo-officiel-vecto-sombre.png?fit=1921%2C1081&ssl=1","width":1921,"height":1081},{"@type":"BreadcrumbList","@id":"https:\/\/jubile2025-fatima.org\/es\/firma\/#breadcrumb","itemListElement":[{"@type":"ListItem","position":1,"name":"Accueil","item":"https:\/\/jubile2025-fatima.org\/es\/"},{"@type":"ListItem","position":2,"name":"Firma"}]},{"@type":"WebSite","@id":"https:\/\/jubile2025-fatima.org\/es\/#website","url":"https:\/\/jubile2025-fatima.org\/es\/","name":"jubile2025-fatima.org","description":"Jubile 2025 Fatima - Alliance les 1ers samedis de de Fatima pour la paix","publisher":{"@id":"https:\/\/jubile2025-fatima.org\/es\/#organization"},"potentialAction":[{"@type":"SearchAction","target":{"@type":"EntryPoint","urlTemplate":"https:\/\/jubile2025-fatima.org\/es\/?s={search_term_string}"},"query-input":{"@type":"PropertyValueSpecification","valueRequired":true,"valueName":"search_term_string"}}],"inLanguage":"es"},{"@type":"Organization","@id":"https:\/\/jubile2025-fatima.org\/es\/#organization","name":"jubile2025-fatima.org","url":"https:\/\/jubile2025-fatima.org\/es\/","logo":{"@type":"ImageObject","inLanguage":"es","@id":"https:\/\/jubile2025-fatima.org\/es\/#\/schema\/logo\/image\/","url":"https:\/\/jubile2025-fatima.org\/wp-content\/uploads\/2024\/12\/2logo-officiel-copie-2.png","contentUrl":"https:\/\/jubile2025-fatima.org\/wp-content\/uploads\/2024\/12\/2logo-officiel-copie-2.png","width":1921,"height":1081,"caption":"jubile2025-fatima.org"},"image":{"@id":"https:\/\/jubile2025-fatima.org\/es\/#\/schema\/logo\/image\/"}}]}},"jetpack_sharing_enabled":true,"jetpack-related-posts":[],"mfb_rest_fields":["title","yoast_head","yoast_head_json","jetpack_sharing_enabled","jetpack-related-posts"],"_links":{"self":[{"href":"https:\/\/jubile2025-fatima.org\/es\/wp-json\/wp\/v2\/pages\/2551","targetHints":{"allow":["GET"]}}],"collection":[{"href":"https:\/\/jubile2025-fatima.org\/es\/wp-json\/wp\/v2\/pages"}],"about":[{"href":"https:\/\/jubile2025-fatima.org\/es\/wp-json\/wp\/v2\/types\/page"}],"author":[{"embeddable":true,"href":"https:\/\/jubile2025-fatima.org\/es\/wp-json\/wp\/v2\/users\/2"}],"replies":[{"embeddable":true,"href":"https:\/\/jubile2025-fatima.org\/es\/wp-json\/wp\/v2\/comments?post=2551"}],"version-history":[{"count":2,"href":"https:\/\/jubile2025-fatima.org\/es\/wp-json\/wp\/v2\/pages\/2551\/revisions"}],"predecessor-version":[{"id":5595,"href":"https:\/\/jubile2025-fatima.org\/es\/wp-json\/wp\/v2\/pages\/2551\/revisions\/5595"}],"wp:featuredmedia":[{"embeddable":true,"href":"https:\/\/jubile2025-fatima.org\/es\/wp-json\/wp\/v2\/media\/2022"}],"wp:attachment":[{"href":"https:\/\/jubile2025-fatima.org\/es\/wp-json\/wp\/v2\/media?parent=2551"}],"curies":[{"name":"wp","href":"https:\/\/api.w.org\/{rel}","templated":true}]}}