{"id":5591,"date":"2025-02-17T13:04:36","date_gmt":"2025-02-17T13:04:36","guid":{"rendered":"https:\/\/jubile2025-fatima.org\/como-hacer-los-primeros-sabados\/"},"modified":"2025-03-21T13:51:13","modified_gmt":"2025-03-21T13:51:13","slug":"como-hacer-los-primeros-sabados","status":"publish","type":"page","link":"https:\/\/jubile2025-fatima.org\/es\/herramientas-1er-sabado\/como-hacer-los-primeros-sabados\/","title":{"rendered":"C\u00f3mo hacer los primeros s\u00e1bados"},"content":{"rendered":"\n<p>Realice el<sup>1er<\/sup> s\u00e1bado de forma independiente o si no puede desplazarse<\/p>\n\n<h3 class=\"wp-block-heading\">1\/ Realice los primeros s\u00e1bados de forma independiente<\/h3>\n\n<p>Por supuesto, es posible realizar los <sup>Primeros<\/sup> S\u00e1bados por su cuenta sin formar parte de un grupo (porque no hay ning\u00fan grupo cerca, no desea crear uno o por motivos personales). En este caso, identifique un lugar de misa cercano y realice las 5 peticiones de Notre Dame por su cuenta (v\u00e9ase el folleto de los <sup>Primeros<\/sup> S\u00e1bados).  <\/p>\n\n<h3 class=\"wp-block-heading\">2\/ Celebrar los <sup>primeros<\/sup> s\u00e1bados a pesar de la imposibilidad de viajar o de contar con un sacerdote.<\/h3>\n\n<p>Puede haber circunstancias excepcionales en las que sea imposible recibir la comuni\u00f3n sacramental o incluso la confesi\u00f3n: imposibilidad de viajar (enfermedad, ancianos, sin medios de transporte), zona aislada sin sacerdote, medidas gubernamentales, etc.<\/p>\n\n<p>En estos casos extraordinarios, los <sup>primeros <\/sup>s\u00e1bados son perfectamente aceptables. Como de costumbre, las cinco peticiones a la Virgen se hacen los s\u00e1bados, pero la confesi\u00f3n se sustituye por un examen de conciencia, y la comuni\u00f3n sacramental por la comuni\u00f3n espiritual<sup> (1)<\/sup> (tambi\u00e9n llamada comuni\u00f3n de deseo). <\/p>\n\n<p><strong>C\u00f3mo proceder<\/strong><\/p>\n\n<h4 class=\"wp-block-heading has-medium-font-size\">1\/Comenzamos por <strong>hacer examen de conciencia<\/strong>. Despu\u00e9s pedimos sinceramente perd\u00f3n a Dios por nuestras faltas y recitamos nuestro acto de contrici\u00f3n. Luego terminamos diciendo, como hacemos en misa, tres veces <em>: \u00abSe\u00f1or, no soy digno de recibirte, pero s\u00f3lo di la palabra y quedar\u00e9 curado\u00bb.<\/em>  <\/h4>\n\n<h4 class=\"wp-block-heading has-medium-font-size\">2\/ Una vez que haya hecho esta \u00abconfesi\u00f3n interior\u00bb en su coraz\u00f3n, <strong>prepare<\/strong> su comuni\u00f3n espiritual como una comuni\u00f3n sacramental. Permanezca en silencio, si es posible arrodillado ante una cruz, una estatua o una imagen piadosa(2). P\u00f3ngase en presencia de la Sant\u00edsima Trinidad, de la Sant\u00edsima Virgen y as\u00f3ciese a su \u00c1ngel de la Guarda. Medite durante unos minutos en la renovaci\u00f3n del sacrificio de Jes\u00fas en la Cruz, que tiene lugar en cada misa durante la Elevaci\u00f3n.   <\/h4>\n\n<h4 class=\"wp-block-heading has-medium-font-size\">3\/ Por \u00faltimo, alcanzamos la comuni\u00f3n espiritual haciendo un acto de deseo y pidiendo a Jes\u00fas que entre en nosotros. Para ello, podemos recitar la oraci\u00f3n de San Alfonso de Ligorio: <\/h4>\n\n<p><em>\u00abJes\u00fas m\u00edo, creo en tu presencia en el Sant\u00edsimo Sacramento. Te amo m\u00e1s que a nada y quiero que vengas a mi alma. Ahora no puedo recibirte sacramentalmente en mi coraz\u00f3n: ven al menos espiritualmente. Te abrazo como si ya hubieras venido y me uno a ti por entero. No permitas que jam\u00e1s tenga la desgracia de separarme de ti.<\/em><\/p>\n\n<p>Entonces da las gracias en su coraz\u00f3n como lo har\u00eda en una comuni\u00f3n normal.  <\/p>\n\n<p>No olvide hacer todo esto en <strong>esp\u00edritu de reparaci\u00f3n <\/strong>como cada<sup>1er<\/sup> s\u00e1bado.<\/p>\n\n<hr class=\"wp-block-separator has-text-color has-contrast-3-color has-alpha-channel-opacity has-contrast-3-background-color has-background\" style=\"width:100%; max-width:100%;height:0px;margin-top:25px;margin-bottom:25px\"\/>\n\n<p><em>Nota 1: El Concilio de Trento defini\u00f3 claramente la comuni\u00f3n espiritual: \u00abRecibir la comuni\u00f3n espiritual es unirse a Jesucristo presente en la Eucarist\u00eda, no recibi\u00e9ndolo sacramentalmente, sino <\/em><strong><em>mediante un deseo<\/em><\/strong><strong><em>que procede de una fe animada por la caridad<\/em><\/strong><em>. \u00bb (Concilio de Trento, Sesi\u00f3n XII). Santo Tom\u00e1s resume los frutos de esta comuni\u00f3n espiritual en cuatro palabras: \u00abComo la otra comuni\u00f3n, sostiene y fortalece,    <\/em><strong><em>reparaciones  <\/em><\/strong><em>y se regocija.   <\/em><\/p>\n\n<p><em><em>Nota 2: Podemos tomar la bella imagen de arriba de la visi\u00f3n de elevaci\u00f3n de Sor Luc\u00eda de F\u00e1tima.  <\/em>  <\/em><\/p>\n","protected":false},"excerpt":{"rendered":"<p>Realice el1er s\u00e1bado de forma independiente o si no puede desplazarse 1\/ Realice los primeros s\u00e1bados de forma independiente Por supuesto, es posible realizar los Primeros S\u00e1bados por su cuenta sin formar parte de un grupo (porque no hay ning\u00fan grupo cerca, no desea crear uno o por motivos personales). En este caso, identifique un [&hellip;]<\/p>\n","protected":false},"author":2,"featured_media":2022,"parent":5596,"menu_order":0,"comment_status":"closed","ping_status":"closed","template":"page-with-sidebar","meta":{"inline_featured_image":false,"footnotes":""},"class_list":["post-5591","page","type-page","status-publish","has-post-thumbnail","hentry"],"mb":[],"yoast_head":"<!-- This site is optimized with the Yoast SEO plugin v26.4 - https:\/\/yoast.com\/wordpress\/plugins\/seo\/ -->\n<title>C\u00f3mo hacer los primeros s\u00e1bados - jubile2025-fatima.org<\/title>\n<meta name=\"robots\" content=\"index, follow, max-snippet:-1, max-image-preview:large, max-video-preview:-1\" \/>\n<link rel=\"canonical\" href=\"https:\/\/jubile2025-fatima.org\/es\/herramientas-1er-sabado\/como-hacer-los-primeros-sabados\/\" \/>\n<meta property=\"og:locale\" content=\"es_ES\" \/>\n<meta property=\"og:type\" content=\"article\" \/>\n<meta property=\"og:title\" content=\"C\u00f3mo hacer los primeros s\u00e1bados - jubile2025-fatima.org\" \/>\n<meta property=\"og:description\" content=\"Realice el1er s\u00e1bado de forma independiente o si no puede desplazarse 1\/ Realice los primeros s\u00e1bados de forma independiente Por supuesto, es posible realizar los Primeros S\u00e1bados por su cuenta sin formar parte de un grupo (porque no hay ning\u00fan grupo cerca, no desea crear uno o por motivos personales). En este caso, identifique un [&hellip;]\" \/>\n<meta property=\"og:url\" content=\"https:\/\/jubile2025-fatima.org\/es\/herramientas-1er-sabado\/como-hacer-los-primeros-sabados\/\" \/>\n<meta property=\"og:site_name\" content=\"jubile2025-fatima.org\" \/>\n<meta property=\"article:modified_time\" content=\"2025-03-21T13:51:13+00:00\" \/>\n<meta name=\"twitter:card\" content=\"summary_large_image\" \/>\n<meta name=\"twitter:label1\" content=\"Tiempo de lectura\" \/>\n\t<meta name=\"twitter:data1\" content=\"3 minutos\" \/>\n<script type=\"application\/ld+json\" class=\"yoast-schema-graph\">{\"@context\":\"https:\/\/schema.org\",\"@graph\":[{\"@type\":\"WebPage\",\"@id\":\"https:\/\/jubile2025-fatima.org\/es\/herramientas-1er-sabado\/como-hacer-los-primeros-sabados\/\",\"url\":\"https:\/\/jubile2025-fatima.org\/es\/herramientas-1er-sabado\/como-hacer-los-primeros-sabados\/\",\"name\":\"C\u00f3mo hacer los primeros s\u00e1bados - jubile2025-fatima.org\",\"isPartOf\":{\"@id\":\"https:\/\/jubile2025-fatima.org\/es\/#website\"},\"primaryImageOfPage\":{\"@id\":\"https:\/\/jubile2025-fatima.org\/es\/herramientas-1er-sabado\/como-hacer-los-primeros-sabados\/#primaryimage\"},\"image\":{\"@id\":\"https:\/\/jubile2025-fatima.org\/es\/herramientas-1er-sabado\/como-hacer-los-primeros-sabados\/#primaryimage\"},\"thumbnailUrl\":\"https:\/\/i0.wp.com\/jubile2025-fatima.org\/wp-content\/uploads\/2025\/01\/1logo-officiel-vecto-sombre.png?fit=1921%2C1081&ssl=1\",\"datePublished\":\"2025-02-17T13:04:36+00:00\",\"dateModified\":\"2025-03-21T13:51:13+00:00\",\"breadcrumb\":{\"@id\":\"https:\/\/jubile2025-fatima.org\/es\/herramientas-1er-sabado\/como-hacer-los-primeros-sabados\/#breadcrumb\"},\"inLanguage\":\"es\",\"potentialAction\":[{\"@type\":\"ReadAction\",\"target\":[\"https:\/\/jubile2025-fatima.org\/es\/herramientas-1er-sabado\/como-hacer-los-primeros-sabados\/\"]}]},{\"@type\":\"ImageObject\",\"inLanguage\":\"es\",\"@id\":\"https:\/\/jubile2025-fatima.org\/es\/herramientas-1er-sabado\/como-hacer-los-primeros-sabados\/#primaryimage\",\"url\":\"https:\/\/i0.wp.com\/jubile2025-fatima.org\/wp-content\/uploads\/2025\/01\/1logo-officiel-vecto-sombre.png?fit=1921%2C1081&ssl=1\",\"contentUrl\":\"https:\/\/i0.wp.com\/jubile2025-fatima.org\/wp-content\/uploads\/2025\/01\/1logo-officiel-vecto-sombre.png?fit=1921%2C1081&ssl=1\",\"width\":1921,\"height\":1081},{\"@type\":\"BreadcrumbList\",\"@id\":\"https:\/\/jubile2025-fatima.org\/es\/herramientas-1er-sabado\/como-hacer-los-primeros-sabados\/#breadcrumb\",\"itemListElement\":[{\"@type\":\"ListItem\",\"position\":1,\"name\":\"Accueil\",\"item\":\"https:\/\/jubile2025-fatima.org\/es\/\"},{\"@type\":\"ListItem\",\"position\":2,\"name\":\"Herramientas 1er s\u00e1bado\",\"item\":\"https:\/\/jubile2025-fatima.org\/es\/herramientas-1er-sabado\/\"},{\"@type\":\"ListItem\",\"position\":3,\"name\":\"C\u00f3mo hacer los primeros s\u00e1bados\"}]},{\"@type\":\"WebSite\",\"@id\":\"https:\/\/jubile2025-fatima.org\/es\/#website\",\"url\":\"https:\/\/jubile2025-fatima.org\/es\/\",\"name\":\"jubile2025-fatima.org\",\"description\":\"Jubile 2025 Fatima - Alliance les 1ers samedis de de Fatima pour la paix\",\"publisher\":{\"@id\":\"https:\/\/jubile2025-fatima.org\/es\/#organization\"},\"potentialAction\":[{\"@type\":\"SearchAction\",\"target\":{\"@type\":\"EntryPoint\",\"urlTemplate\":\"https:\/\/jubile2025-fatima.org\/es\/?s={search_term_string}\"},\"query-input\":{\"@type\":\"PropertyValueSpecification\",\"valueRequired\":true,\"valueName\":\"search_term_string\"}}],\"inLanguage\":\"es\"},{\"@type\":\"Organization\",\"@id\":\"https:\/\/jubile2025-fatima.org\/es\/#organization\",\"name\":\"jubile2025-fatima.org\",\"url\":\"https:\/\/jubile2025-fatima.org\/es\/\",\"logo\":{\"@type\":\"ImageObject\",\"inLanguage\":\"es\",\"@id\":\"https:\/\/jubile2025-fatima.org\/es\/#\/schema\/logo\/image\/\",\"url\":\"https:\/\/jubile2025-fatima.org\/wp-content\/uploads\/2024\/12\/2logo-officiel-copie-2.png\",\"contentUrl\":\"https:\/\/jubile2025-fatima.org\/wp-content\/uploads\/2024\/12\/2logo-officiel-copie-2.png\",\"width\":1921,\"height\":1081,\"caption\":\"jubile2025-fatima.org\"},\"image\":{\"@id\":\"https:\/\/jubile2025-fatima.org\/es\/#\/schema\/logo\/image\/\"}}]}<\/script>\n<!-- \/ Yoast SEO plugin. -->","yoast_head_json":{"title":"C\u00f3mo hacer los primeros s\u00e1bados - jubile2025-fatima.org","robots":{"index":"index","follow":"follow","max-snippet":"max-snippet:-1","max-image-preview":"max-image-preview:large","max-video-preview":"max-video-preview:-1"},"canonical":"https:\/\/jubile2025-fatima.org\/es\/herramientas-1er-sabado\/como-hacer-los-primeros-sabados\/","og_locale":"es_ES","og_type":"article","og_title":"C\u00f3mo hacer los primeros s\u00e1bados - jubile2025-fatima.org","og_description":"Realice el1er s\u00e1bado de forma independiente o si no puede desplazarse 1\/ Realice los primeros s\u00e1bados de forma independiente Por supuesto, es posible realizar los Primeros S\u00e1bados por su cuenta sin formar parte de un grupo (porque no hay ning\u00fan grupo cerca, no desea crear uno o por motivos personales). En este caso, identifique un [&hellip;]","og_url":"https:\/\/jubile2025-fatima.org\/es\/herramientas-1er-sabado\/como-hacer-los-primeros-sabados\/","og_site_name":"jubile2025-fatima.org","article_modified_time":"2025-03-21T13:51:13+00:00","twitter_card":"summary_large_image","twitter_misc":{"Tiempo de lectura":"3 minutos"},"schema":{"@context":"https:\/\/schema.org","@graph":[{"@type":"WebPage","@id":"https:\/\/jubile2025-fatima.org\/es\/herramientas-1er-sabado\/como-hacer-los-primeros-sabados\/","url":"https:\/\/jubile2025-fatima.org\/es\/herramientas-1er-sabado\/como-hacer-los-primeros-sabados\/","name":"C\u00f3mo hacer los primeros s\u00e1bados - jubile2025-fatima.org","isPartOf":{"@id":"https:\/\/jubile2025-fatima.org\/es\/#website"},"primaryImageOfPage":{"@id":"https:\/\/jubile2025-fatima.org\/es\/herramientas-1er-sabado\/como-hacer-los-primeros-sabados\/#primaryimage"},"image":{"@id":"https:\/\/jubile2025-fatima.org\/es\/herramientas-1er-sabado\/como-hacer-los-primeros-sabados\/#primaryimage"},"thumbnailUrl":"https:\/\/i0.wp.com\/jubile2025-fatima.org\/wp-content\/uploads\/2025\/01\/1logo-officiel-vecto-sombre.png?fit=1921%2C1081&ssl=1","datePublished":"2025-02-17T13:04:36+00:00","dateModified":"2025-03-21T13:51:13+00:00","breadcrumb":{"@id":"https:\/\/jubile2025-fatima.org\/es\/herramientas-1er-sabado\/como-hacer-los-primeros-sabados\/#breadcrumb"},"inLanguage":"es","potentialAction":[{"@type":"ReadAction","target":["https:\/\/jubile2025-fatima.org\/es\/herramientas-1er-sabado\/como-hacer-los-primeros-sabados\/"]}]},{"@type":"ImageObject","inLanguage":"es","@id":"https:\/\/jubile2025-fatima.org\/es\/herramientas-1er-sabado\/como-hacer-los-primeros-sabados\/#primaryimage","url":"https:\/\/i0.wp.com\/jubile2025-fatima.org\/wp-content\/uploads\/2025\/01\/1logo-officiel-vecto-sombre.png?fit=1921%2C1081&ssl=1","contentUrl":"https:\/\/i0.wp.com\/jubile2025-fatima.org\/wp-content\/uploads\/2025\/01\/1logo-officiel-vecto-sombre.png?fit=1921%2C1081&ssl=1","width":1921,"height":1081},{"@type":"BreadcrumbList","@id":"https:\/\/jubile2025-fatima.org\/es\/herramientas-1er-sabado\/como-hacer-los-primeros-sabados\/#breadcrumb","itemListElement":[{"@type":"ListItem","position":1,"name":"Accueil","item":"https:\/\/jubile2025-fatima.org\/es\/"},{"@type":"ListItem","position":2,"name":"Herramientas 1er s\u00e1bado","item":"https:\/\/jubile2025-fatima.org\/es\/herramientas-1er-sabado\/"},{"@type":"ListItem","position":3,"name":"C\u00f3mo hacer los primeros s\u00e1bados"}]},{"@type":"WebSite","@id":"https:\/\/jubile2025-fatima.org\/es\/#website","url":"https:\/\/jubile2025-fatima.org\/es\/","name":"jubile2025-fatima.org","description":"Jubile 2025 Fatima - Alliance les 1ers samedis de de Fatima pour la paix","publisher":{"@id":"https:\/\/jubile2025-fatima.org\/es\/#organization"},"potentialAction":[{"@type":"SearchAction","target":{"@type":"EntryPoint","urlTemplate":"https:\/\/jubile2025-fatima.org\/es\/?s={search_term_string}"},"query-input":{"@type":"PropertyValueSpecification","valueRequired":true,"valueName":"search_term_string"}}],"inLanguage":"es"},{"@type":"Organization","@id":"https:\/\/jubile2025-fatima.org\/es\/#organization","name":"jubile2025-fatima.org","url":"https:\/\/jubile2025-fatima.org\/es\/","logo":{"@type":"ImageObject","inLanguage":"es","@id":"https:\/\/jubile2025-fatima.org\/es\/#\/schema\/logo\/image\/","url":"https:\/\/jubile2025-fatima.org\/wp-content\/uploads\/2024\/12\/2logo-officiel-copie-2.png","contentUrl":"https:\/\/jubile2025-fatima.org\/wp-content\/uploads\/2024\/12\/2logo-officiel-copie-2.png","width":1921,"height":1081,"caption":"jubile2025-fatima.org"},"image":{"@id":"https:\/\/jubile2025-fatima.org\/es\/#\/schema\/logo\/image\/"}}]}},"jetpack_sharing_enabled":true,"jetpack-related-posts":[{"id":5596,"url":"https:\/\/jubile2025-fatima.org\/es\/herramientas-1er-sabado\/","url_meta":{"origin":5591,"position":0},"title":"Herramientas 1er s\u00e1bado","author":"Agence Graphineo","date":"febrero 17, 2025","format":false,"excerpt":"Herramientas 1er s\u00e1bado 1- Resumen de los primeros s\u00e1bados Ir a la p\u00e1gina 2- C\u00f3mo crear un grupo el1er s\u00e1bado del mes Ir a la p\u00e1gina 3- Qu\u00e9 hacer cuando hay sacerdotes y\/o misas disponibles Ir a la p\u00e1gina 4- C\u00f3mo hacer los primeros s\u00e1bados de forma independiente y\/o si\u2026","rel":"","context":"Entrada similar","block_context":{"text":"Entrada similar","link":""},"img":{"alt_text":"","src":"https:\/\/i0.wp.com\/jubile2025-fatima.org\/wp-content\/uploads\/2025\/01\/1logo-officiel-vecto-sombre.png?fit=1200%2C675&ssl=1&resize=350%2C200","width":350,"height":200,"srcset":"https:\/\/i0.wp.com\/jubile2025-fatima.org\/wp-content\/uploads\/2025\/01\/1logo-officiel-vecto-sombre.png?fit=1200%2C675&ssl=1&resize=350%2C200 1x, https:\/\/i0.wp.com\/jubile2025-fatima.org\/wp-content\/uploads\/2025\/01\/1logo-officiel-vecto-sombre.png?fit=1200%2C675&ssl=1&resize=525%2C300 1.5x, https:\/\/i0.wp.com\/jubile2025-fatima.org\/wp-content\/uploads\/2025\/01\/1logo-officiel-vecto-sombre.png?fit=1200%2C675&ssl=1&resize=700%2C400 2x, https:\/\/i0.wp.com\/jubile2025-fatima.org\/wp-content\/uploads\/2025\/01\/1logo-officiel-vecto-sombre.png?fit=1200%2C675&ssl=1&resize=1050%2C600 3x"},"classes":[]},{"id":5599,"url":"https:\/\/jubile2025-fatima.org\/es\/herramientas-1er-sabado\/resumen-de-los-primeros-sabados\/","url_meta":{"origin":5591,"position":1},"title":"Resumen de los primeros s\u00e1bados","author":"Agence Graphineo","date":"febrero 17, 2025","format":false,"excerpt":"1- Antecedentes de F\u00e1tima El 13 de julio de 1917, en F\u00e1tima, la Virgen anunci\u00f3 que, adem\u00e1s del Rosario, vendr\u00eda a pedir una futura devoci\u00f3n por la paz: \"Para evitar la guerra ...\". vendr\u00e9 a pedir la consagraci\u00f3n de Rusia a mi Coraz\u00f3n Inmaculado y la comuni\u00f3n reparadora los primeros\u2026","rel":"","context":"Entrada similar","block_context":{"text":"Entrada similar","link":""},"img":{"alt_text":"","src":"https:\/\/i0.wp.com\/jubile2025-fatima.org\/wp-content\/uploads\/2025\/01\/1logo-officiel-vecto-sombre.png?fit=1200%2C675&ssl=1&resize=350%2C200","width":350,"height":200,"srcset":"https:\/\/i0.wp.com\/jubile2025-fatima.org\/wp-content\/uploads\/2025\/01\/1logo-officiel-vecto-sombre.png?fit=1200%2C675&ssl=1&resize=350%2C200 1x, https:\/\/i0.wp.com\/jubile2025-fatima.org\/wp-content\/uploads\/2025\/01\/1logo-officiel-vecto-sombre.png?fit=1200%2C675&ssl=1&resize=525%2C300 1.5x, https:\/\/i0.wp.com\/jubile2025-fatima.org\/wp-content\/uploads\/2025\/01\/1logo-officiel-vecto-sombre.png?fit=1200%2C675&ssl=1&resize=700%2C400 2x, https:\/\/i0.wp.com\/jubile2025-fatima.org\/wp-content\/uploads\/2025\/01\/1logo-officiel-vecto-sombre.png?fit=1200%2C675&ssl=1&resize=1050%2C600 3x"},"classes":[]},{"id":5588,"url":"https:\/\/jubile2025-fatima.org\/es\/herramientas-1er-sabado\/acogida-de-sacerdotes-y-o-misas\/","url_meta":{"origin":5591,"position":2},"title":"Acogida de sacerdotes y\/o misas","author":"Agence Graphineo","date":"febrero 17, 2025","format":false,"excerpt":"Qu\u00e9 hacer en funci\u00f3n de la disponibilidad del sacerdote y\/o de las misas Situaci\u00f3n 1: Ya hay una misa de s\u00e1bado por la ma\u00f1ana cerca de usted. Hay dos escenarios posibles: a) El sacerdote ya est\u00e1 organizando el devocional de los primeros s\u00e1bados (en su totalidad o en parte) o\u2026","rel":"","context":"Entrada similar","block_context":{"text":"Entrada similar","link":""},"img":{"alt_text":"","src":"https:\/\/i0.wp.com\/jubile2025-fatima.org\/wp-content\/uploads\/2025\/01\/1logo-officiel-vecto-sombre.png?fit=1200%2C675&ssl=1&resize=350%2C200","width":350,"height":200,"srcset":"https:\/\/i0.wp.com\/jubile2025-fatima.org\/wp-content\/uploads\/2025\/01\/1logo-officiel-vecto-sombre.png?fit=1200%2C675&ssl=1&resize=350%2C200 1x, https:\/\/i0.wp.com\/jubile2025-fatima.org\/wp-content\/uploads\/2025\/01\/1logo-officiel-vecto-sombre.png?fit=1200%2C675&ssl=1&resize=525%2C300 1.5x, https:\/\/i0.wp.com\/jubile2025-fatima.org\/wp-content\/uploads\/2025\/01\/1logo-officiel-vecto-sombre.png?fit=1200%2C675&ssl=1&resize=700%2C400 2x, https:\/\/i0.wp.com\/jubile2025-fatima.org\/wp-content\/uploads\/2025\/01\/1logo-officiel-vecto-sombre.png?fit=1200%2C675&ssl=1&resize=1050%2C600 3x"},"classes":[]},{"id":2551,"url":"https:\/\/jubile2025-fatima.org\/es\/firma\/","url_meta":{"origin":5591,"position":3},"title":"Firma","author":"Agence Graphineo","date":"enero 21, 2025","format":false,"excerpt":"Firme el llamamiento para hacer oficiales los primeros s\u00e1bados de mes, como pidi\u00f3 Nuestra Se\u00f1ora de F\u00e1tima. La carta se publicar\u00e1 en breve. Firme el llamamiento al Papa Vicario de Cristo para que haga oficiales los primeros s\u00e1bados de mes, como pidi\u00f3 Nuestra Se\u00f1ora de F\u00e1tima. El 13 de julio\u2026","rel":"","context":"Entrada similar","block_context":{"text":"Entrada similar","link":""},"img":{"alt_text":"","src":"https:\/\/i0.wp.com\/jubile2025-fatima.org\/wp-content\/uploads\/2025\/01\/1logo-officiel-vecto-sombre.png?fit=1200%2C675&ssl=1&resize=350%2C200","width":350,"height":200,"srcset":"https:\/\/i0.wp.com\/jubile2025-fatima.org\/wp-content\/uploads\/2025\/01\/1logo-officiel-vecto-sombre.png?fit=1200%2C675&ssl=1&resize=350%2C200 1x, https:\/\/i0.wp.com\/jubile2025-fatima.org\/wp-content\/uploads\/2025\/01\/1logo-officiel-vecto-sombre.png?fit=1200%2C675&ssl=1&resize=525%2C300 1.5x, https:\/\/i0.wp.com\/jubile2025-fatima.org\/wp-content\/uploads\/2025\/01\/1logo-officiel-vecto-sombre.png?fit=1200%2C675&ssl=1&resize=700%2C400 2x, https:\/\/i0.wp.com\/jubile2025-fatima.org\/wp-content\/uploads\/2025\/01\/1logo-officiel-vecto-sombre.png?fit=1200%2C675&ssl=1&resize=1050%2C600 3x"},"classes":[]},{"id":2448,"url":"https:\/\/jubile2025-fatima.org\/es\/la-alianza\/","url_meta":{"origin":5591,"position":4},"title":"1er s\u00e1bado","author":"Agence Graphineo","date":"diciembre 17, 2024","format":false,"excerpt":"Los primeros s\u00e1bados de la Alianza de F\u00e1tima Por qu\u00e9 comprometerse los primeros s\u00e1bados Comprender la urgencia de los primeros s\u00e1bados de F\u00e1tima La petici\u00f3n de Nuestra Se\u00f1ora \"Para evitar la guerra, vendr\u00e9 a pedir la consagraci\u00f3n de Rusia a mi Inmaculado Coraz\u00f3n y la Comuni\u00f3n Reparadora de los Primeros\u2026","rel":"","context":"Entrada similar","block_context":{"text":"Entrada similar","link":""},"img":{"alt_text":"","src":"https:\/\/i0.wp.com\/jubile2025-fatima.org\/wp-content\/uploads\/2024\/12\/80681222.jpeg?fit=1200%2C671&ssl=1&resize=350%2C200","width":350,"height":200,"srcset":"https:\/\/i0.wp.com\/jubile2025-fatima.org\/wp-content\/uploads\/2024\/12\/80681222.jpeg?fit=1200%2C671&ssl=1&resize=350%2C200 1x, https:\/\/i0.wp.com\/jubile2025-fatima.org\/wp-content\/uploads\/2024\/12\/80681222.jpeg?fit=1200%2C671&ssl=1&resize=525%2C300 1.5x, https:\/\/i0.wp.com\/jubile2025-fatima.org\/wp-content\/uploads\/2024\/12\/80681222.jpeg?fit=1200%2C671&ssl=1&resize=700%2C400 2x, https:\/\/i0.wp.com\/jubile2025-fatima.org\/wp-content\/uploads\/2024\/12\/80681222.jpeg?fit=1200%2C671&ssl=1&resize=1050%2C600 3x"},"classes":[]},{"id":5584,"url":"https:\/\/jubile2025-fatima.org\/es\/herramientas-1er-sabado\/crear-un-grupo-el-primer-sabado-de-cada-mes\/","url_meta":{"origin":5591,"position":5},"title":"Crear un grupo el primer s\u00e1bado de cada mes","author":"Agence Graphineo","date":"febrero 17, 2025","format":false,"excerpt":"1- \u00bfQu\u00e9 es un grupo delprimer s\u00e1bado del mes? Es un grupo local y aut\u00f3nomo de laicos que se re\u00fane cada 1s s\u00e1bado del mes en una iglesia, capilla, comunidad, etc. para llevar a cabo la petici\u00f3n de la Sant\u00edsima Virgen. Aunque aut\u00f3nomos, los grupos est\u00e1n unidos dentro de la\u2026","rel":"","context":"Entrada similar","block_context":{"text":"Entrada similar","link":""},"img":{"alt_text":"","src":"https:\/\/i0.wp.com\/jubile2025-fatima.org\/wp-content\/uploads\/2025\/01\/1logo-officiel-vecto-sombre.png?fit=1200%2C675&ssl=1&resize=350%2C200","width":350,"height":200,"srcset":"https:\/\/i0.wp.com\/jubile2025-fatima.org\/wp-content\/uploads\/2025\/01\/1logo-officiel-vecto-sombre.png?fit=1200%2C675&ssl=1&resize=350%2C200 1x, https:\/\/i0.wp.com\/jubile2025-fatima.org\/wp-content\/uploads\/2025\/01\/1logo-officiel-vecto-sombre.png?fit=1200%2C675&ssl=1&resize=525%2C300 1.5x, https:\/\/i0.wp.com\/jubile2025-fatima.org\/wp-content\/uploads\/2025\/01\/1logo-officiel-vecto-sombre.png?fit=1200%2C675&ssl=1&resize=700%2C400 2x, https:\/\/i0.wp.com\/jubile2025-fatima.org\/wp-content\/uploads\/2025\/01\/1logo-officiel-vecto-sombre.png?fit=1200%2C675&ssl=1&resize=1050%2C600 3x"},"classes":[]}],"mfb_rest_fields":["title","yoast_head","yoast_head_json","jetpack_sharing_enabled","jetpack-related-posts"],"_links":{"self":[{"href":"https:\/\/jubile2025-fatima.org\/es\/wp-json\/wp\/v2\/pages\/5591","targetHints":{"allow":["GET"]}}],"collection":[{"href":"https:\/\/jubile2025-fatima.org\/es\/wp-json\/wp\/v2\/pages"}],"about":[{"href":"https:\/\/jubile2025-fatima.org\/es\/wp-json\/wp\/v2\/types\/page"}],"author":[{"embeddable":true,"href":"https:\/\/jubile2025-fatima.org\/es\/wp-json\/wp\/v2\/users\/2"}],"replies":[{"embeddable":true,"href":"https:\/\/jubile2025-fatima.org\/es\/wp-json\/wp\/v2\/comments?post=5591"}],"version-history":[{"count":1,"href":"https:\/\/jubile2025-fatima.org\/es\/wp-json\/wp\/v2\/pages\/5591\/revisions"}],"predecessor-version":[{"id":5592,"href":"https:\/\/jubile2025-fatima.org\/es\/wp-json\/wp\/v2\/pages\/5591\/revisions\/5592"}],"up":[{"embeddable":true,"href":"https:\/\/jubile2025-fatima.org\/es\/wp-json\/wp\/v2\/pages\/5596"}],"wp:featuredmedia":[{"embeddable":true,"href":"https:\/\/jubile2025-fatima.org\/es\/wp-json\/wp\/v2\/media\/2022"}],"wp:attachment":[{"href":"https:\/\/jubile2025-fatima.org\/es\/wp-json\/wp\/v2\/media?parent=5591"}],"curies":[{"name":"wp","href":"https:\/\/api.w.org\/{rel}","templated":true}]}}