{"id":5596,"date":"2025-02-17T12:07:32","date_gmt":"2025-02-17T12:07:32","guid":{"rendered":"https:\/\/jubile2025-fatima.org\/herramientas-1er-sabado\/"},"modified":"2025-03-21T13:51:14","modified_gmt":"2025-03-21T13:51:14","slug":"herramientas-1er-sabado","status":"publish","type":"page","link":"https:\/\/jubile2025-fatima.org\/es\/herramientas-1er-sabado\/","title":{"rendered":"Herramientas 1er s\u00e1bado"},"content":{"rendered":"\n<div class=\"wp-block-group has-base-background-color has-background has-global-padding is-layout-constrained wp-block-group-is-layout-constrained\" style=\"padding-top:var(--wp--preset--spacing--10);padding-bottom:var(--wp--preset--spacing--50)\">\n<div class=\"wp-block-group has-accent-color has-text-color has-link-color has-small-font-size wp-elements-a011a40ae7563e2fb06ca3641126ea8f has-global-padding is-layout-constrained wp-block-group-is-layout-constrained\"><div class=\"yoast-breadcrumbs\"><span><span><a href=\"https:\/\/jubile2025-fatima.org\/es\/\">Accueil<\/a><\/span> \u00bb <span class=\"breadcrumb_last\" aria-current=\"page\">Herramientas 1er s\u00e1bado<\/span><\/span><\/div><\/div>\n\n\n\n<h2 class=\"wp-block-heading\">Herramientas 1er s\u00e1bado<\/h2>\n\n\n\n<div class=\"wp-block-columns are-vertically-aligned-center has-contrast-color has-contrast-2-background-color has-text-color has-background has-link-color wp-elements-5748da2da68efacbff2ec6cebc65adf0 is-layout-flex wp-container-core-columns-is-layout-8f00e63f wp-block-columns-is-layout-flex\" style=\"margin-top:25px;margin-bottom:25px;padding-top:25px;padding-right:25px;padding-bottom:25px;padding-left:25px;box-shadow:6px 6px 0px rgba(0, 0, 0, 0.2)\">\n<div class=\"wp-block-column is-vertically-aligned-center is-layout-flow wp-block-column-is-layout-flow\" style=\"flex-basis:75%\">\n<h3 class=\"wp-block-heading has-custom-1-font-size\">1- Resumen de los primeros s\u00e1bados<\/h3>\n<\/div>\n\n\n\n<div class=\"wp-block-column is-vertically-aligned-center is-layout-flow wp-block-column-is-layout-flow\">\n<div class=\"wp-block-buttons is-content-justification-center is-layout-flex wp-container-core-buttons-is-layout-a89b3969 wp-block-buttons-is-layout-flex\">\n<div class=\"wp-block-button\"><a class=\"wp-block-button__link wp-element-button\" href=\"https:\/\/jubile2025-fatima.org\/outils-1ers-samedis\/synthese-sur-la-demande-des-1ers-samedis\/\" target=\"_blank\" rel=\"noreferrer noopener\">Ir a la p\u00e1gina<\/a><\/div>\n<\/div>\n<\/div>\n<\/div>\n\n\n\n<div class=\"wp-block-columns are-vertically-aligned-center has-contrast-color has-contrast-2-background-color has-text-color has-background has-link-color wp-elements-ec684551a60480caafcb0b21dbb5f56d is-layout-flex wp-container-core-columns-is-layout-8f00e63f wp-block-columns-is-layout-flex\" style=\"margin-top:25px;margin-bottom:25px;padding-top:25px;padding-right:25px;padding-bottom:25px;padding-left:25px;box-shadow:6px 6px 0px rgba(0, 0, 0, 0.2)\">\n<div class=\"wp-block-column is-vertically-aligned-center is-layout-flow wp-block-column-is-layout-flow\" style=\"flex-basis:75%\">\n<h3 class=\"wp-block-heading has-custom-1-font-size\">2- C\u00f3mo crear un grupo el<sup>1er<\/sup> s\u00e1bado del mes<\/h3>\n<\/div>\n\n\n\n<div class=\"wp-block-column is-vertically-aligned-center is-layout-flow wp-block-column-is-layout-flow\">\n<div class=\"wp-block-buttons is-content-justification-center is-layout-flex wp-container-core-buttons-is-layout-a89b3969 wp-block-buttons-is-layout-flex\">\n<div class=\"wp-block-button\"><a class=\"wp-block-button__link wp-element-button\" href=\"https:\/\/jubile2025-fatima.org\/outils-1ers-samedis\/creer-un-groupe-1er-samedi-du-mois\/\" target=\"_blank\" rel=\"noreferrer noopener\">Ir a la p\u00e1gina<\/a><\/div>\n<\/div>\n<\/div>\n<\/div>\n\n\n\n<div class=\"wp-block-columns are-vertically-aligned-center has-contrast-color has-contrast-2-background-color has-text-color has-background has-link-color wp-elements-28fbf0cc02dddffd68c4a4bc24963a62 is-layout-flex wp-container-core-columns-is-layout-8f00e63f wp-block-columns-is-layout-flex\" style=\"margin-top:25px;margin-bottom:25px;padding-top:25px;padding-right:25px;padding-bottom:25px;padding-left:25px;box-shadow:6px 6px 0px rgba(0, 0, 0, 0.2)\">\n<div class=\"wp-block-column is-vertically-aligned-center is-layout-flow wp-block-column-is-layout-flow\" style=\"flex-basis:75%\">\n<h3 class=\"wp-block-heading has-custom-1-font-size\">3- Qu\u00e9 hacer cuando hay sacerdotes y\/o misas disponibles<\/h3>\n<\/div>\n\n\n\n<div class=\"wp-block-column is-vertically-aligned-center is-layout-flow wp-block-column-is-layout-flow\">\n<div class=\"wp-block-buttons is-content-justification-center is-layout-flex wp-container-core-buttons-is-layout-a89b3969 wp-block-buttons-is-layout-flex\">\n<div class=\"wp-block-button\"><a class=\"wp-block-button__link wp-element-button\" href=\"https:\/\/jubile2025-fatima.org\/outils-1ers-samedis\/accueil-des-pretres-et-ou-des-messes\/\" target=\"_blank\" rel=\"noreferrer noopener\">Ir a la p\u00e1gina<\/a><\/div>\n<\/div>\n<\/div>\n<\/div>\n\n\n\n<div class=\"wp-block-columns are-vertically-aligned-center has-contrast-color has-contrast-2-background-color has-text-color has-background has-link-color wp-elements-e057dd11c2191d9cea8b640b82652189 is-layout-flex wp-container-core-columns-is-layout-8f00e63f wp-block-columns-is-layout-flex\" style=\"margin-top:25px;margin-bottom:25px;padding-top:25px;padding-right:25px;padding-bottom:25px;padding-left:25px;box-shadow:6px 6px 0px rgba(0, 0, 0, 0.2)\">\n<div class=\"wp-block-column is-vertically-aligned-center is-layout-flow wp-block-column-is-layout-flow\" style=\"flex-basis:75%\">\n<h3 class=\"wp-block-heading has-custom-1-font-size\">4- C\u00f3mo hacer los primeros s\u00e1bados de forma independiente y\/o si no puede viajar<\/h3>\n<\/div>\n\n\n\n<div class=\"wp-block-column is-vertically-aligned-center is-layout-flow wp-block-column-is-layout-flow\">\n<div class=\"wp-block-buttons is-content-justification-center is-layout-flex wp-container-core-buttons-is-layout-a89b3969 wp-block-buttons-is-layout-flex\">\n<div class=\"wp-block-button\"><a class=\"wp-block-button__link wp-element-button\" href=\"https:\/\/jubile2025-fatima.org\/outils-1ers-samedis\/comment-realiser-les-1ers-samedis\/\" target=\"_blank\" rel=\"noreferrer noopener\">Ir a la p\u00e1gina<\/a><\/div>\n<\/div>\n<\/div>\n<\/div>\n\n\n\n<div class=\"wp-block-group has-global-padding is-layout-constrained wp-block-group-is-layout-constrained\" style=\"padding-top:var(--wp--preset--spacing--30);padding-bottom:var(--wp--preset--spacing--30)\">\n<div class=\"wp-block-buttons is-content-justification-center is-layout-flex wp-container-core-buttons-is-layout-a89b3969 wp-block-buttons-is-layout-flex\">\n<div class=\"wp-block-button\"><a class=\"wp-block-button__link wp-element-button\" href=\"https:\/\/jubile2025-fatima.org\/es\/\">Volver a la p\u00e1gina de inicio<\/a><\/div>\n<\/div>\n<\/div>\n<\/div>\n","protected":false},"excerpt":{"rendered":"<p>Herramientas 1er s\u00e1bado 1- Resumen de los primeros s\u00e1bados 2- C\u00f3mo crear un grupo el1er s\u00e1bado del mes 3- Qu\u00e9 hacer cuando hay sacerdotes y\/o misas disponibles 4- C\u00f3mo hacer los primeros s\u00e1bados de forma independiente y\/o si no puede viajar<\/p>\n","protected":false},"author":2,"featured_media":2022,"parent":0,"menu_order":0,"comment_status":"closed","ping_status":"closed","template":"page-wide","meta":{"inline_featured_image":false,"footnotes":""},"class_list":["post-5596","page","type-page","status-publish","has-post-thumbnail","hentry"],"mb":[],"yoast_head":"<!-- This site is optimized with the Yoast SEO plugin v26.4 - https:\/\/yoast.com\/wordpress\/plugins\/seo\/ -->\n<title>Herramientas 1er s\u00e1bado - jubile2025-fatima.org<\/title>\n<meta name=\"robots\" content=\"index, follow, max-snippet:-1, max-image-preview:large, max-video-preview:-1\" \/>\n<link rel=\"canonical\" href=\"https:\/\/jubile2025-fatima.org\/es\/herramientas-1er-sabado\/\" \/>\n<meta property=\"og:locale\" content=\"es_ES\" \/>\n<meta property=\"og:type\" content=\"article\" \/>\n<meta property=\"og:title\" content=\"Herramientas 1er s\u00e1bado - jubile2025-fatima.org\" \/>\n<meta property=\"og:description\" content=\"Herramientas 1er s\u00e1bado 1- Resumen de los primeros s\u00e1bados 2- C\u00f3mo crear un grupo el1er s\u00e1bado del mes 3- Qu\u00e9 hacer cuando hay sacerdotes y\/o misas disponibles 4- C\u00f3mo hacer los primeros s\u00e1bados de forma independiente y\/o si no puede viajar\" \/>\n<meta property=\"og:url\" content=\"https:\/\/jubile2025-fatima.org\/es\/herramientas-1er-sabado\/\" \/>\n<meta property=\"og:site_name\" content=\"jubile2025-fatima.org\" \/>\n<meta property=\"article:modified_time\" content=\"2025-03-21T13:51:14+00:00\" \/>\n<meta name=\"twitter:card\" content=\"summary_large_image\" \/>\n<script type=\"application\/ld+json\" class=\"yoast-schema-graph\">{\"@context\":\"https:\/\/schema.org\",\"@graph\":[{\"@type\":\"WebPage\",\"@id\":\"https:\/\/jubile2025-fatima.org\/es\/herramientas-1er-sabado\/\",\"url\":\"https:\/\/jubile2025-fatima.org\/es\/herramientas-1er-sabado\/\",\"name\":\"Herramientas 1er s\u00e1bado - jubile2025-fatima.org\",\"isPartOf\":{\"@id\":\"https:\/\/jubile2025-fatima.org\/es\/#website\"},\"primaryImageOfPage\":{\"@id\":\"https:\/\/jubile2025-fatima.org\/es\/herramientas-1er-sabado\/#primaryimage\"},\"image\":{\"@id\":\"https:\/\/jubile2025-fatima.org\/es\/herramientas-1er-sabado\/#primaryimage\"},\"thumbnailUrl\":\"https:\/\/i0.wp.com\/jubile2025-fatima.org\/wp-content\/uploads\/2025\/01\/1logo-officiel-vecto-sombre.png?fit=1921%2C1081&ssl=1\",\"datePublished\":\"2025-02-17T12:07:32+00:00\",\"dateModified\":\"2025-03-21T13:51:14+00:00\",\"breadcrumb\":{\"@id\":\"https:\/\/jubile2025-fatima.org\/es\/herramientas-1er-sabado\/#breadcrumb\"},\"inLanguage\":\"es\",\"potentialAction\":[{\"@type\":\"ReadAction\",\"target\":[\"https:\/\/jubile2025-fatima.org\/es\/herramientas-1er-sabado\/\"]}]},{\"@type\":\"ImageObject\",\"inLanguage\":\"es\",\"@id\":\"https:\/\/jubile2025-fatima.org\/es\/herramientas-1er-sabado\/#primaryimage\",\"url\":\"https:\/\/i0.wp.com\/jubile2025-fatima.org\/wp-content\/uploads\/2025\/01\/1logo-officiel-vecto-sombre.png?fit=1921%2C1081&ssl=1\",\"contentUrl\":\"https:\/\/i0.wp.com\/jubile2025-fatima.org\/wp-content\/uploads\/2025\/01\/1logo-officiel-vecto-sombre.png?fit=1921%2C1081&ssl=1\",\"width\":1921,\"height\":1081},{\"@type\":\"BreadcrumbList\",\"@id\":\"https:\/\/jubile2025-fatima.org\/es\/herramientas-1er-sabado\/#breadcrumb\",\"itemListElement\":[{\"@type\":\"ListItem\",\"position\":1,\"name\":\"Accueil\",\"item\":\"https:\/\/jubile2025-fatima.org\/es\/\"},{\"@type\":\"ListItem\",\"position\":2,\"name\":\"Herramientas 1er s\u00e1bado\"}]},{\"@type\":\"WebSite\",\"@id\":\"https:\/\/jubile2025-fatima.org\/es\/#website\",\"url\":\"https:\/\/jubile2025-fatima.org\/es\/\",\"name\":\"jubile2025-fatima.org\",\"description\":\"Jubile 2025 Fatima - Alliance les 1ers samedis de de Fatima pour la paix\",\"publisher\":{\"@id\":\"https:\/\/jubile2025-fatima.org\/es\/#organization\"},\"potentialAction\":[{\"@type\":\"SearchAction\",\"target\":{\"@type\":\"EntryPoint\",\"urlTemplate\":\"https:\/\/jubile2025-fatima.org\/es\/?s={search_term_string}\"},\"query-input\":{\"@type\":\"PropertyValueSpecification\",\"valueRequired\":true,\"valueName\":\"search_term_string\"}}],\"inLanguage\":\"es\"},{\"@type\":\"Organization\",\"@id\":\"https:\/\/jubile2025-fatima.org\/es\/#organization\",\"name\":\"jubile2025-fatima.org\",\"url\":\"https:\/\/jubile2025-fatima.org\/es\/\",\"logo\":{\"@type\":\"ImageObject\",\"inLanguage\":\"es\",\"@id\":\"https:\/\/jubile2025-fatima.org\/es\/#\/schema\/logo\/image\/\",\"url\":\"https:\/\/jubile2025-fatima.org\/wp-content\/uploads\/2024\/12\/2logo-officiel-copie-2.png\",\"contentUrl\":\"https:\/\/jubile2025-fatima.org\/wp-content\/uploads\/2024\/12\/2logo-officiel-copie-2.png\",\"width\":1921,\"height\":1081,\"caption\":\"jubile2025-fatima.org\"},\"image\":{\"@id\":\"https:\/\/jubile2025-fatima.org\/es\/#\/schema\/logo\/image\/\"}}]}<\/script>\n<!-- \/ Yoast SEO plugin. -->","yoast_head_json":{"title":"Herramientas 1er s\u00e1bado - jubile2025-fatima.org","robots":{"index":"index","follow":"follow","max-snippet":"max-snippet:-1","max-image-preview":"max-image-preview:large","max-video-preview":"max-video-preview:-1"},"canonical":"https:\/\/jubile2025-fatima.org\/es\/herramientas-1er-sabado\/","og_locale":"es_ES","og_type":"article","og_title":"Herramientas 1er s\u00e1bado - jubile2025-fatima.org","og_description":"Herramientas 1er s\u00e1bado 1- Resumen de los primeros s\u00e1bados 2- C\u00f3mo crear un grupo el1er s\u00e1bado del mes 3- Qu\u00e9 hacer cuando hay sacerdotes y\/o misas disponibles 4- C\u00f3mo hacer los primeros s\u00e1bados de forma independiente y\/o si no puede viajar","og_url":"https:\/\/jubile2025-fatima.org\/es\/herramientas-1er-sabado\/","og_site_name":"jubile2025-fatima.org","article_modified_time":"2025-03-21T13:51:14+00:00","twitter_card":"summary_large_image","schema":{"@context":"https:\/\/schema.org","@graph":[{"@type":"WebPage","@id":"https:\/\/jubile2025-fatima.org\/es\/herramientas-1er-sabado\/","url":"https:\/\/jubile2025-fatima.org\/es\/herramientas-1er-sabado\/","name":"Herramientas 1er s\u00e1bado - jubile2025-fatima.org","isPartOf":{"@id":"https:\/\/jubile2025-fatima.org\/es\/#website"},"primaryImageOfPage":{"@id":"https:\/\/jubile2025-fatima.org\/es\/herramientas-1er-sabado\/#primaryimage"},"image":{"@id":"https:\/\/jubile2025-fatima.org\/es\/herramientas-1er-sabado\/#primaryimage"},"thumbnailUrl":"https:\/\/i0.wp.com\/jubile2025-fatima.org\/wp-content\/uploads\/2025\/01\/1logo-officiel-vecto-sombre.png?fit=1921%2C1081&ssl=1","datePublished":"2025-02-17T12:07:32+00:00","dateModified":"2025-03-21T13:51:14+00:00","breadcrumb":{"@id":"https:\/\/jubile2025-fatima.org\/es\/herramientas-1er-sabado\/#breadcrumb"},"inLanguage":"es","potentialAction":[{"@type":"ReadAction","target":["https:\/\/jubile2025-fatima.org\/es\/herramientas-1er-sabado\/"]}]},{"@type":"ImageObject","inLanguage":"es","@id":"https:\/\/jubile2025-fatima.org\/es\/herramientas-1er-sabado\/#primaryimage","url":"https:\/\/i0.wp.com\/jubile2025-fatima.org\/wp-content\/uploads\/2025\/01\/1logo-officiel-vecto-sombre.png?fit=1921%2C1081&ssl=1","contentUrl":"https:\/\/i0.wp.com\/jubile2025-fatima.org\/wp-content\/uploads\/2025\/01\/1logo-officiel-vecto-sombre.png?fit=1921%2C1081&ssl=1","width":1921,"height":1081},{"@type":"BreadcrumbList","@id":"https:\/\/jubile2025-fatima.org\/es\/herramientas-1er-sabado\/#breadcrumb","itemListElement":[{"@type":"ListItem","position":1,"name":"Accueil","item":"https:\/\/jubile2025-fatima.org\/es\/"},{"@type":"ListItem","position":2,"name":"Herramientas 1er s\u00e1bado"}]},{"@type":"WebSite","@id":"https:\/\/jubile2025-fatima.org\/es\/#website","url":"https:\/\/jubile2025-fatima.org\/es\/","name":"jubile2025-fatima.org","description":"Jubile 2025 Fatima - Alliance les 1ers samedis de de Fatima pour la paix","publisher":{"@id":"https:\/\/jubile2025-fatima.org\/es\/#organization"},"potentialAction":[{"@type":"SearchAction","target":{"@type":"EntryPoint","urlTemplate":"https:\/\/jubile2025-fatima.org\/es\/?s={search_term_string}"},"query-input":{"@type":"PropertyValueSpecification","valueRequired":true,"valueName":"search_term_string"}}],"inLanguage":"es"},{"@type":"Organization","@id":"https:\/\/jubile2025-fatima.org\/es\/#organization","name":"jubile2025-fatima.org","url":"https:\/\/jubile2025-fatima.org\/es\/","logo":{"@type":"ImageObject","inLanguage":"es","@id":"https:\/\/jubile2025-fatima.org\/es\/#\/schema\/logo\/image\/","url":"https:\/\/jubile2025-fatima.org\/wp-content\/uploads\/2024\/12\/2logo-officiel-copie-2.png","contentUrl":"https:\/\/jubile2025-fatima.org\/wp-content\/uploads\/2024\/12\/2logo-officiel-copie-2.png","width":1921,"height":1081,"caption":"jubile2025-fatima.org"},"image":{"@id":"https:\/\/jubile2025-fatima.org\/es\/#\/schema\/logo\/image\/"}}]}},"jetpack_sharing_enabled":true,"jetpack-related-posts":[{"id":5584,"url":"https:\/\/jubile2025-fatima.org\/es\/herramientas-1er-sabado\/crear-un-grupo-el-primer-sabado-de-cada-mes\/","url_meta":{"origin":5596,"position":0},"title":"Crear un grupo el primer s\u00e1bado de cada mes","author":"Agence Graphineo","date":"febrero 17, 2025","format":false,"excerpt":"1- \u00bfQu\u00e9 es un grupo delprimer s\u00e1bado del mes? Es un grupo local y aut\u00f3nomo de laicos que se re\u00fane cada 1s s\u00e1bado del mes en una iglesia, capilla, comunidad, etc. para llevar a cabo la petici\u00f3n de la Sant\u00edsima Virgen. Aunque aut\u00f3nomos, los grupos est\u00e1n unidos dentro de la\u2026","rel":"","context":"Entrada similar","block_context":{"text":"Entrada similar","link":""},"img":{"alt_text":"","src":"https:\/\/i0.wp.com\/jubile2025-fatima.org\/wp-content\/uploads\/2025\/01\/1logo-officiel-vecto-sombre.png?fit=1200%2C675&ssl=1&resize=350%2C200","width":350,"height":200,"srcset":"https:\/\/i0.wp.com\/jubile2025-fatima.org\/wp-content\/uploads\/2025\/01\/1logo-officiel-vecto-sombre.png?fit=1200%2C675&ssl=1&resize=350%2C200 1x, https:\/\/i0.wp.com\/jubile2025-fatima.org\/wp-content\/uploads\/2025\/01\/1logo-officiel-vecto-sombre.png?fit=1200%2C675&ssl=1&resize=525%2C300 1.5x, https:\/\/i0.wp.com\/jubile2025-fatima.org\/wp-content\/uploads\/2025\/01\/1logo-officiel-vecto-sombre.png?fit=1200%2C675&ssl=1&resize=700%2C400 2x, https:\/\/i0.wp.com\/jubile2025-fatima.org\/wp-content\/uploads\/2025\/01\/1logo-officiel-vecto-sombre.png?fit=1200%2C675&ssl=1&resize=1050%2C600 3x"},"classes":[]},{"id":5588,"url":"https:\/\/jubile2025-fatima.org\/es\/herramientas-1er-sabado\/acogida-de-sacerdotes-y-o-misas\/","url_meta":{"origin":5596,"position":1},"title":"Acogida de sacerdotes y\/o misas","author":"Agence Graphineo","date":"febrero 17, 2025","format":false,"excerpt":"Qu\u00e9 hacer en funci\u00f3n de la disponibilidad del sacerdote y\/o de las misas Situaci\u00f3n 1: Ya hay una misa de s\u00e1bado por la ma\u00f1ana cerca de usted. Hay dos escenarios posibles: a) El sacerdote ya est\u00e1 organizando el devocional de los primeros s\u00e1bados (en su totalidad o en parte) o\u2026","rel":"","context":"Entrada similar","block_context":{"text":"Entrada similar","link":""},"img":{"alt_text":"","src":"https:\/\/i0.wp.com\/jubile2025-fatima.org\/wp-content\/uploads\/2025\/01\/1logo-officiel-vecto-sombre.png?fit=1200%2C675&ssl=1&resize=350%2C200","width":350,"height":200,"srcset":"https:\/\/i0.wp.com\/jubile2025-fatima.org\/wp-content\/uploads\/2025\/01\/1logo-officiel-vecto-sombre.png?fit=1200%2C675&ssl=1&resize=350%2C200 1x, https:\/\/i0.wp.com\/jubile2025-fatima.org\/wp-content\/uploads\/2025\/01\/1logo-officiel-vecto-sombre.png?fit=1200%2C675&ssl=1&resize=525%2C300 1.5x, https:\/\/i0.wp.com\/jubile2025-fatima.org\/wp-content\/uploads\/2025\/01\/1logo-officiel-vecto-sombre.png?fit=1200%2C675&ssl=1&resize=700%2C400 2x, https:\/\/i0.wp.com\/jubile2025-fatima.org\/wp-content\/uploads\/2025\/01\/1logo-officiel-vecto-sombre.png?fit=1200%2C675&ssl=1&resize=1050%2C600 3x"},"classes":[]},{"id":5599,"url":"https:\/\/jubile2025-fatima.org\/es\/herramientas-1er-sabado\/resumen-de-los-primeros-sabados\/","url_meta":{"origin":5596,"position":2},"title":"Resumen de los primeros s\u00e1bados","author":"Agence Graphineo","date":"febrero 17, 2025","format":false,"excerpt":"1- Antecedentes de F\u00e1tima El 13 de julio de 1917, en F\u00e1tima, la Virgen anunci\u00f3 que, adem\u00e1s del Rosario, vendr\u00eda a pedir una futura devoci\u00f3n por la paz: \"Para evitar la guerra ...\". vendr\u00e9 a pedir la consagraci\u00f3n de Rusia a mi Coraz\u00f3n Inmaculado y la comuni\u00f3n reparadora los primeros\u2026","rel":"","context":"Entrada similar","block_context":{"text":"Entrada similar","link":""},"img":{"alt_text":"","src":"https:\/\/i0.wp.com\/jubile2025-fatima.org\/wp-content\/uploads\/2025\/01\/1logo-officiel-vecto-sombre.png?fit=1200%2C675&ssl=1&resize=350%2C200","width":350,"height":200,"srcset":"https:\/\/i0.wp.com\/jubile2025-fatima.org\/wp-content\/uploads\/2025\/01\/1logo-officiel-vecto-sombre.png?fit=1200%2C675&ssl=1&resize=350%2C200 1x, https:\/\/i0.wp.com\/jubile2025-fatima.org\/wp-content\/uploads\/2025\/01\/1logo-officiel-vecto-sombre.png?fit=1200%2C675&ssl=1&resize=525%2C300 1.5x, https:\/\/i0.wp.com\/jubile2025-fatima.org\/wp-content\/uploads\/2025\/01\/1logo-officiel-vecto-sombre.png?fit=1200%2C675&ssl=1&resize=700%2C400 2x, https:\/\/i0.wp.com\/jubile2025-fatima.org\/wp-content\/uploads\/2025\/01\/1logo-officiel-vecto-sombre.png?fit=1200%2C675&ssl=1&resize=1050%2C600 3x"},"classes":[]},{"id":2439,"url":"https:\/\/jubile2025-fatima.org\/es\/","url_meta":{"origin":5596,"position":3},"title":"Inicio","author":"Agence Graphineo","date":"diciembre 13, 2024","format":false,"excerpt":"Jubileo 2025 de los Primeros S\u00e1bados de F\u00e1tima Unir fuerzas por la paz llevando a cabo los primeros s\u00e1bados de mes solicitados por Nuestra Se\u00f1ora de F\u00e1tima hace 100 a\u00f1os Para continuar con los primeros s\u00e1bados del mes en 2026, visite el sitio web. salve-corda.org S\u00e1bado 6 de diciembre Catedral\u2026","rel":"","context":"Entrada similar","block_context":{"text":"Entrada similar","link":""},"img":{"alt_text":"","src":"https:\/\/i0.wp.com\/jubile2025-fatima.org\/wp-content\/uploads\/2025\/01\/logo-officiel-vecto-clair.png?fit=1200%2C675&ssl=1&resize=350%2C200","width":350,"height":200,"srcset":"https:\/\/i0.wp.com\/jubile2025-fatima.org\/wp-content\/uploads\/2025\/01\/logo-officiel-vecto-clair.png?fit=1200%2C675&ssl=1&resize=350%2C200 1x, https:\/\/i0.wp.com\/jubile2025-fatima.org\/wp-content\/uploads\/2025\/01\/logo-officiel-vecto-clair.png?fit=1200%2C675&ssl=1&resize=525%2C300 1.5x, https:\/\/i0.wp.com\/jubile2025-fatima.org\/wp-content\/uploads\/2025\/01\/logo-officiel-vecto-clair.png?fit=1200%2C675&ssl=1&resize=700%2C400 2x, https:\/\/i0.wp.com\/jubile2025-fatima.org\/wp-content\/uploads\/2025\/01\/logo-officiel-vecto-clair.png?fit=1200%2C675&ssl=1&resize=1050%2C600 3x"},"classes":[]},{"id":5591,"url":"https:\/\/jubile2025-fatima.org\/es\/herramientas-1er-sabado\/como-hacer-los-primeros-sabados\/","url_meta":{"origin":5596,"position":4},"title":"C\u00f3mo hacer los primeros s\u00e1bados","author":"Agence Graphineo","date":"febrero 17, 2025","format":false,"excerpt":"Realice el1er s\u00e1bado de forma independiente o si no puede desplazarse 1\/ Realice los primeros s\u00e1bados de forma independiente Por supuesto, es posible realizar los Primeros S\u00e1bados por su cuenta sin formar parte de un grupo (porque no hay ning\u00fan grupo cerca, no desea crear uno o por motivos personales).\u2026","rel":"","context":"Entrada similar","block_context":{"text":"Entrada similar","link":""},"img":{"alt_text":"","src":"https:\/\/i0.wp.com\/jubile2025-fatima.org\/wp-content\/uploads\/2025\/01\/1logo-officiel-vecto-sombre.png?fit=1200%2C675&ssl=1&resize=350%2C200","width":350,"height":200,"srcset":"https:\/\/i0.wp.com\/jubile2025-fatima.org\/wp-content\/uploads\/2025\/01\/1logo-officiel-vecto-sombre.png?fit=1200%2C675&ssl=1&resize=350%2C200 1x, https:\/\/i0.wp.com\/jubile2025-fatima.org\/wp-content\/uploads\/2025\/01\/1logo-officiel-vecto-sombre.png?fit=1200%2C675&ssl=1&resize=525%2C300 1.5x, https:\/\/i0.wp.com\/jubile2025-fatima.org\/wp-content\/uploads\/2025\/01\/1logo-officiel-vecto-sombre.png?fit=1200%2C675&ssl=1&resize=700%2C400 2x, https:\/\/i0.wp.com\/jubile2025-fatima.org\/wp-content\/uploads\/2025\/01\/1logo-officiel-vecto-sombre.png?fit=1200%2C675&ssl=1&resize=1050%2C600 3x"},"classes":[]},{"id":12332,"url":"https:\/\/jubile2025-fatima.org\/pt-pt\/ferramentas-1os-sabados\/crie-um-grupo-no-primeiro-sabado-do-mes\/","url_meta":{"origin":5596,"position":5},"title":"Crie um grupo no primeiro s\u00e1bado do m\u00eas","author":"Agence Graphineo","date":"febrero 17, 2025","format":false,"excerpt":"1- O que \u00e9 um grupodo 1\u00ba s\u00e1bado do m\u00eas? \u00c9 um grupo local e aut\u00f3nomo de leigos que se re\u00fane todos os dias 1s\u00e1bado s\u00e1bado do m\u00eas numa igreja, capela, comunidade, etc., para realizar o pedido da Virgem Maria. Embora aut\u00f3nomos, os grupos est\u00e3o unidos no seio da Alliance\u2026","rel":"","context":"Entrada similar","block_context":{"text":"Entrada similar","link":""},"img":{"alt_text":"","src":"","width":0,"height":0},"classes":[]}],"mfb_rest_fields":["title","yoast_head","yoast_head_json","jetpack_sharing_enabled","jetpack-related-posts"],"_links":{"self":[{"href":"https:\/\/jubile2025-fatima.org\/es\/wp-json\/wp\/v2\/pages\/5596","targetHints":{"allow":["GET"]}}],"collection":[{"href":"https:\/\/jubile2025-fatima.org\/es\/wp-json\/wp\/v2\/pages"}],"about":[{"href":"https:\/\/jubile2025-fatima.org\/es\/wp-json\/wp\/v2\/types\/page"}],"author":[{"embeddable":true,"href":"https:\/\/jubile2025-fatima.org\/es\/wp-json\/wp\/v2\/users\/2"}],"replies":[{"embeddable":true,"href":"https:\/\/jubile2025-fatima.org\/es\/wp-json\/wp\/v2\/comments?post=5596"}],"version-history":[{"count":1,"href":"https:\/\/jubile2025-fatima.org\/es\/wp-json\/wp\/v2\/pages\/5596\/revisions"}],"predecessor-version":[{"id":5598,"href":"https:\/\/jubile2025-fatima.org\/es\/wp-json\/wp\/v2\/pages\/5596\/revisions\/5598"}],"wp:featuredmedia":[{"embeddable":true,"href":"https:\/\/jubile2025-fatima.org\/es\/wp-json\/wp\/v2\/media\/2022"}],"wp:attachment":[{"href":"https:\/\/jubile2025-fatima.org\/es\/wp-json\/wp\/v2\/media?parent=5596"}],"curies":[{"name":"wp","href":"https:\/\/api.w.org\/{rel}","templated":true}]}}