{"id":5599,"date":"2025-02-17T13:00:57","date_gmt":"2025-02-17T13:00:57","guid":{"rendered":"https:\/\/jubile2025-fatima.org\/herramientas-1er-sabado\/resumen-de-los-primeros-sabados\/"},"modified":"2025-03-21T13:51:14","modified_gmt":"2025-03-21T13:51:14","slug":"resumen-de-los-primeros-sabados","status":"publish","type":"page","link":"https:\/\/jubile2025-fatima.org\/es\/herramientas-1er-sabado\/resumen-de-los-primeros-sabados\/","title":{"rendered":"Resumen de los primeros s\u00e1bados"},"content":{"rendered":"\n<h3 class=\"wp-block-heading\">1- Antecedentes de F\u00e1tima<\/h3>\n\n<p>El 13 de julio de 1917, en F\u00e1tima, la Virgen anunci\u00f3 que, adem\u00e1s del Rosario, vendr\u00eda a pedir una futura devoci\u00f3n por la paz: <em>\u00abPara evitar la guerra <\/em>&#8230;\u00bb. <strong><em>vendr\u00e9<\/em><\/strong><em> a pedir la consagraci\u00f3n de Rusia a mi Coraz\u00f3n Inmaculado y la <\/em><strong><em>comuni\u00f3n reparadora los primeros s\u00e1bados\u00bb.<\/em><\/strong> Regres\u00f3 en dos etapas, apareci\u00e9ndose a la hermana Luc\u00eda de F\u00e1tima el 10 de diciembre de 1925 para establecer los <sup>Primeros <\/sup>S\u00e1bados en toda la Iglesia, y despu\u00e9s el 13 de junio de 1929 para pedir la consagraci\u00f3n de Rusia por el Papa.<\/p>\n\n<p>Aunque los papas ya han empezado a seguir la petici\u00f3n de F\u00e1tima de consagrar Rusia, muy pocos fieles practican los <sup>1\u00ba<\/sup> s\u00e1bados. Pocos d\u00edas despu\u00e9s de la muerte de Sor Luc\u00eda en 2005, <strong>Carlos Acutis<\/strong> vio en sue\u00f1os a la vidente de F\u00e1tima, que le dec\u00eda que <em>\u00abla pr\u00e1ctica de los cinco <sup>primeros<\/sup> s\u00e1bados de mes podr\u00eda cambiar el destino del mundo\u00bb <\/em>.   <\/p>\n\n<p><br\/>2025 es el <strong>centenario<\/strong> de los <sup>Primeros S\u00e1b<\/sup> ados, y <strong>hay una necesidad urgente de obedecer a Nuestra Se\u00f1ora. <\/strong> <\/p>\n\n<h3 class=\"wp-block-heading\">2- \u00bfQu\u00e9 pidi\u00f3 la Virgen el <sup>primer<\/sup> s\u00e1bado de mes?<\/h3>\n\n<p>Hizo cinco peticiones concretas que se llevar\u00edan a cabo cada<sup>primer<\/sup> s\u00e1bado de mes:<\/p>\n\n<ol class=\"wp-block-list\">\n<li><strong>Confesi\u00f3n <\/strong>(el mismo s\u00e1bado o en las semanas previas)<\/li>\n\n\n\n<li><strong>Comun\u00edquese<\/strong><\/li>\n\n\n\n<li><strong>Rezar <\/strong>el rosario.<\/li>\n\n\n\n<li><strong>H\u00e1gale compa\u00f1\u00eda durante 15 minutos meditando<\/strong> un misterio del Rosario.<\/li>\n\n\n\n<li>Realice estos cuatro actos con <strong>la intenci\u00f3n de reparar las<\/strong>ofensas cometidas contra su Inmaculado Coraz\u00f3n.<\/li>\n<\/ol>\n\n<p>Por \u00faltimo, prometi\u00f3 una gracia maravillosa a quienes hicieran cinco <sup>primeros<\/sup> s\u00e1bados <strong>seguidos<\/strong>. He aqu\u00ed sus palabras exactas del 10 de diciembre de 1925 a la Hermana Luc\u00eda: <em>\u00abA todos aquellos que durante cinco meses, el primer s\u00e1bado, se confiesen, reciban la Sagrada Comuni\u00f3n, recen el Rosario y me hagan compa\u00f1\u00eda durante quince minutos, meditando los quince misterios del Rosario, en esp\u00edritu de reparaci\u00f3n, les prometo <\/em> asistirles a la hora de la muerte con todas las gracias necesarias para la salvaci\u00f3n de sus almas <em>. <\/em><strong><em>asistirles en la hora de la muerte con todas las gracias necesarias para la salvaci\u00f3n de sus almas.<\/em><\/strong><em> \u00bb <\/em>  <\/p>\n\n<h3 class=\"wp-block-heading\">3- Los tres goles ben\u00e9ficos del <sup>1er<\/sup> s\u00e1bado del mes<\/h3>\n\n<p>Por lo tanto, los <sup>primeros<\/sup> s\u00e1bados se destinan a tres fines <strong>ben\u00e9ficos<\/strong>, que tienen un orden de prioridad:<\/p>\n\n<ol class=\"wp-block-list\">\n<li><strong>Reparar las ofensas al Inmaculado Coraz\u00f3n de Mar\u00eda<\/strong><sup>(1)<\/sup> (caridad hacia Dios): Este es el primer objetivo, que est\u00e1 l\u00f3gicamente vinculado al<sup>1er<\/sup> mandamiento: \u00abAmar\u00e1s a tu Dios\u00bb.<\/li>\n\n\n\n<li><strong>Obtener la paz en la tierra <\/strong>(caridad hacia los dem\u00e1s): En F\u00e1tima, la Sant\u00edsima Virgen prometi\u00f3 la paz a condici\u00f3n de que sigui\u00e9ramos sus peticiones. Y Sor Luc\u00eda nos record\u00f3 que para obtener esta paz: <em>\u00abDios quiere <\/em><strong><em>este camino<\/em><\/strong> <em> <\/em><strong><em>y no otro<\/em><\/strong><em>. \u00bb <\/em><\/li>\n\n\n\n<li><strong>Obtener el Cielo <\/strong>(caridad hacia nosotros mismos): si rezamos cinco <sup>primeros<\/sup> s\u00e1bados <strong>seguidos<\/strong>, la Virgen ha prometido ayudarnos a ir <strong>al Cielo<\/strong> cuando muramos. Es una ayuda maravillosa que Ella ha reservado para nuestro tiempo, cuando es tan dif\u00edcil permanecer fiel a Dios. <\/li>\n<\/ol>\n\n<hr class=\"wp-block-separator has-text-color has-contrast-3-color has-alpha-channel-opacity has-contrast-3-background-color has-background\" style=\"width:100%; max-width:100%;height:0px;margin-top:25px;margin-bottom:25px\"\/>\n\n<p><em>Nota 1<\/em><em>  Cristo explic\u00f3 por qu\u00e9 cinco s\u00e1bados. \u00abPorque hay cinco clases de delitos: 1\/   <\/em><em>las blasfemias contra la Inmaculada Concepci\u00f3n, 2\/ las blasfemias contra su virginidad, 3\/ las blasfemias contra su maternidad divina, 4\/ las blasfemias de quienes pretenden p\u00fablicamente introducir en el coraz\u00f3n de los ni\u00f1os la indiferencia, el desprecio o el odio hacia Mar\u00eda y, por \u00faltimo, 5\/ las ofensas de quienes la insultan directamente en sus santas im\u00e1genes\u00bb.<\/em><\/p>\n\n<p><\/p>\n","protected":false},"excerpt":{"rendered":"<p>1- Antecedentes de F\u00e1tima El 13 de julio de 1917, en F\u00e1tima, la Virgen anunci\u00f3 que, adem\u00e1s del Rosario, vendr\u00eda a pedir una futura devoci\u00f3n por la paz: \u00abPara evitar la guerra &#8230;\u00bb. vendr\u00e9 a pedir la consagraci\u00f3n de Rusia a mi Coraz\u00f3n Inmaculado y la comuni\u00f3n reparadora los primeros s\u00e1bados\u00bb. Regres\u00f3 en dos etapas, [&hellip;]<\/p>\n","protected":false},"author":2,"featured_media":2022,"parent":5596,"menu_order":0,"comment_status":"closed","ping_status":"closed","template":"page-with-sidebar","meta":{"inline_featured_image":false,"footnotes":""},"class_list":["post-5599","page","type-page","status-publish","has-post-thumbnail","hentry"],"mb":[],"yoast_head":"<!-- This site is optimized with the Yoast SEO plugin v26.4 - https:\/\/yoast.com\/wordpress\/plugins\/seo\/ -->\n<title>Resumen de los primeros s\u00e1bados - jubile2025-fatima.org<\/title>\n<meta name=\"robots\" content=\"index, follow, max-snippet:-1, max-image-preview:large, max-video-preview:-1\" \/>\n<link rel=\"canonical\" href=\"https:\/\/jubile2025-fatima.org\/es\/herramientas-1er-sabado\/resumen-de-los-primeros-sabados\/\" \/>\n<meta property=\"og:locale\" content=\"es_ES\" \/>\n<meta property=\"og:type\" content=\"article\" \/>\n<meta property=\"og:title\" content=\"Resumen de los primeros s\u00e1bados - jubile2025-fatima.org\" \/>\n<meta property=\"og:description\" content=\"1- Antecedentes de F\u00e1tima El 13 de julio de 1917, en F\u00e1tima, la Virgen anunci\u00f3 que, adem\u00e1s del Rosario, vendr\u00eda a pedir una futura devoci\u00f3n por la paz: \u00abPara evitar la guerra &#8230;\u00bb. vendr\u00e9 a pedir la consagraci\u00f3n de Rusia a mi Coraz\u00f3n Inmaculado y la comuni\u00f3n reparadora los primeros s\u00e1bados\u00bb. Regres\u00f3 en dos etapas, [&hellip;]\" \/>\n<meta property=\"og:url\" content=\"https:\/\/jubile2025-fatima.org\/es\/herramientas-1er-sabado\/resumen-de-los-primeros-sabados\/\" \/>\n<meta property=\"og:site_name\" content=\"jubile2025-fatima.org\" \/>\n<meta property=\"article:modified_time\" content=\"2025-03-21T13:51:14+00:00\" \/>\n<meta name=\"twitter:card\" content=\"summary_large_image\" \/>\n<meta name=\"twitter:label1\" content=\"Tiempo de lectura\" \/>\n\t<meta name=\"twitter:data1\" content=\"3 minutos\" \/>\n<script type=\"application\/ld+json\" class=\"yoast-schema-graph\">{\"@context\":\"https:\/\/schema.org\",\"@graph\":[{\"@type\":\"WebPage\",\"@id\":\"https:\/\/jubile2025-fatima.org\/es\/herramientas-1er-sabado\/resumen-de-los-primeros-sabados\/\",\"url\":\"https:\/\/jubile2025-fatima.org\/es\/herramientas-1er-sabado\/resumen-de-los-primeros-sabados\/\",\"name\":\"Resumen de los primeros s\u00e1bados - jubile2025-fatima.org\",\"isPartOf\":{\"@id\":\"https:\/\/jubile2025-fatima.org\/es\/#website\"},\"primaryImageOfPage\":{\"@id\":\"https:\/\/jubile2025-fatima.org\/es\/herramientas-1er-sabado\/resumen-de-los-primeros-sabados\/#primaryimage\"},\"image\":{\"@id\":\"https:\/\/jubile2025-fatima.org\/es\/herramientas-1er-sabado\/resumen-de-los-primeros-sabados\/#primaryimage\"},\"thumbnailUrl\":\"https:\/\/i0.wp.com\/jubile2025-fatima.org\/wp-content\/uploads\/2025\/01\/1logo-officiel-vecto-sombre.png?fit=1921%2C1081&ssl=1\",\"datePublished\":\"2025-02-17T13:00:57+00:00\",\"dateModified\":\"2025-03-21T13:51:14+00:00\",\"breadcrumb\":{\"@id\":\"https:\/\/jubile2025-fatima.org\/es\/herramientas-1er-sabado\/resumen-de-los-primeros-sabados\/#breadcrumb\"},\"inLanguage\":\"es\",\"potentialAction\":[{\"@type\":\"ReadAction\",\"target\":[\"https:\/\/jubile2025-fatima.org\/es\/herramientas-1er-sabado\/resumen-de-los-primeros-sabados\/\"]}]},{\"@type\":\"ImageObject\",\"inLanguage\":\"es\",\"@id\":\"https:\/\/jubile2025-fatima.org\/es\/herramientas-1er-sabado\/resumen-de-los-primeros-sabados\/#primaryimage\",\"url\":\"https:\/\/i0.wp.com\/jubile2025-fatima.org\/wp-content\/uploads\/2025\/01\/1logo-officiel-vecto-sombre.png?fit=1921%2C1081&ssl=1\",\"contentUrl\":\"https:\/\/i0.wp.com\/jubile2025-fatima.org\/wp-content\/uploads\/2025\/01\/1logo-officiel-vecto-sombre.png?fit=1921%2C1081&ssl=1\",\"width\":1921,\"height\":1081},{\"@type\":\"BreadcrumbList\",\"@id\":\"https:\/\/jubile2025-fatima.org\/es\/herramientas-1er-sabado\/resumen-de-los-primeros-sabados\/#breadcrumb\",\"itemListElement\":[{\"@type\":\"ListItem\",\"position\":1,\"name\":\"Accueil\",\"item\":\"https:\/\/jubile2025-fatima.org\/es\/\"},{\"@type\":\"ListItem\",\"position\":2,\"name\":\"Herramientas 1er s\u00e1bado\",\"item\":\"https:\/\/jubile2025-fatima.org\/es\/herramientas-1er-sabado\/\"},{\"@type\":\"ListItem\",\"position\":3,\"name\":\"Resumen de los primeros s\u00e1bados\"}]},{\"@type\":\"WebSite\",\"@id\":\"https:\/\/jubile2025-fatima.org\/es\/#website\",\"url\":\"https:\/\/jubile2025-fatima.org\/es\/\",\"name\":\"jubile2025-fatima.org\",\"description\":\"Jubile 2025 Fatima - Alliance les 1ers samedis de de Fatima pour la paix\",\"publisher\":{\"@id\":\"https:\/\/jubile2025-fatima.org\/es\/#organization\"},\"potentialAction\":[{\"@type\":\"SearchAction\",\"target\":{\"@type\":\"EntryPoint\",\"urlTemplate\":\"https:\/\/jubile2025-fatima.org\/es\/?s={search_term_string}\"},\"query-input\":{\"@type\":\"PropertyValueSpecification\",\"valueRequired\":true,\"valueName\":\"search_term_string\"}}],\"inLanguage\":\"es\"},{\"@type\":\"Organization\",\"@id\":\"https:\/\/jubile2025-fatima.org\/es\/#organization\",\"name\":\"jubile2025-fatima.org\",\"url\":\"https:\/\/jubile2025-fatima.org\/es\/\",\"logo\":{\"@type\":\"ImageObject\",\"inLanguage\":\"es\",\"@id\":\"https:\/\/jubile2025-fatima.org\/es\/#\/schema\/logo\/image\/\",\"url\":\"https:\/\/jubile2025-fatima.org\/wp-content\/uploads\/2024\/12\/2logo-officiel-copie-2.png\",\"contentUrl\":\"https:\/\/jubile2025-fatima.org\/wp-content\/uploads\/2024\/12\/2logo-officiel-copie-2.png\",\"width\":1921,\"height\":1081,\"caption\":\"jubile2025-fatima.org\"},\"image\":{\"@id\":\"https:\/\/jubile2025-fatima.org\/es\/#\/schema\/logo\/image\/\"}}]}<\/script>\n<!-- \/ Yoast SEO plugin. -->","yoast_head_json":{"title":"Resumen de los primeros s\u00e1bados - jubile2025-fatima.org","robots":{"index":"index","follow":"follow","max-snippet":"max-snippet:-1","max-image-preview":"max-image-preview:large","max-video-preview":"max-video-preview:-1"},"canonical":"https:\/\/jubile2025-fatima.org\/es\/herramientas-1er-sabado\/resumen-de-los-primeros-sabados\/","og_locale":"es_ES","og_type":"article","og_title":"Resumen de los primeros s\u00e1bados - jubile2025-fatima.org","og_description":"1- Antecedentes de F\u00e1tima El 13 de julio de 1917, en F\u00e1tima, la Virgen anunci\u00f3 que, adem\u00e1s del Rosario, vendr\u00eda a pedir una futura devoci\u00f3n por la paz: \u00abPara evitar la guerra &#8230;\u00bb. vendr\u00e9 a pedir la consagraci\u00f3n de Rusia a mi Coraz\u00f3n Inmaculado y la comuni\u00f3n reparadora los primeros s\u00e1bados\u00bb. Regres\u00f3 en dos etapas, [&hellip;]","og_url":"https:\/\/jubile2025-fatima.org\/es\/herramientas-1er-sabado\/resumen-de-los-primeros-sabados\/","og_site_name":"jubile2025-fatima.org","article_modified_time":"2025-03-21T13:51:14+00:00","twitter_card":"summary_large_image","twitter_misc":{"Tiempo de lectura":"3 minutos"},"schema":{"@context":"https:\/\/schema.org","@graph":[{"@type":"WebPage","@id":"https:\/\/jubile2025-fatima.org\/es\/herramientas-1er-sabado\/resumen-de-los-primeros-sabados\/","url":"https:\/\/jubile2025-fatima.org\/es\/herramientas-1er-sabado\/resumen-de-los-primeros-sabados\/","name":"Resumen de los primeros s\u00e1bados - jubile2025-fatima.org","isPartOf":{"@id":"https:\/\/jubile2025-fatima.org\/es\/#website"},"primaryImageOfPage":{"@id":"https:\/\/jubile2025-fatima.org\/es\/herramientas-1er-sabado\/resumen-de-los-primeros-sabados\/#primaryimage"},"image":{"@id":"https:\/\/jubile2025-fatima.org\/es\/herramientas-1er-sabado\/resumen-de-los-primeros-sabados\/#primaryimage"},"thumbnailUrl":"https:\/\/i0.wp.com\/jubile2025-fatima.org\/wp-content\/uploads\/2025\/01\/1logo-officiel-vecto-sombre.png?fit=1921%2C1081&ssl=1","datePublished":"2025-02-17T13:00:57+00:00","dateModified":"2025-03-21T13:51:14+00:00","breadcrumb":{"@id":"https:\/\/jubile2025-fatima.org\/es\/herramientas-1er-sabado\/resumen-de-los-primeros-sabados\/#breadcrumb"},"inLanguage":"es","potentialAction":[{"@type":"ReadAction","target":["https:\/\/jubile2025-fatima.org\/es\/herramientas-1er-sabado\/resumen-de-los-primeros-sabados\/"]}]},{"@type":"ImageObject","inLanguage":"es","@id":"https:\/\/jubile2025-fatima.org\/es\/herramientas-1er-sabado\/resumen-de-los-primeros-sabados\/#primaryimage","url":"https:\/\/i0.wp.com\/jubile2025-fatima.org\/wp-content\/uploads\/2025\/01\/1logo-officiel-vecto-sombre.png?fit=1921%2C1081&ssl=1","contentUrl":"https:\/\/i0.wp.com\/jubile2025-fatima.org\/wp-content\/uploads\/2025\/01\/1logo-officiel-vecto-sombre.png?fit=1921%2C1081&ssl=1","width":1921,"height":1081},{"@type":"BreadcrumbList","@id":"https:\/\/jubile2025-fatima.org\/es\/herramientas-1er-sabado\/resumen-de-los-primeros-sabados\/#breadcrumb","itemListElement":[{"@type":"ListItem","position":1,"name":"Accueil","item":"https:\/\/jubile2025-fatima.org\/es\/"},{"@type":"ListItem","position":2,"name":"Herramientas 1er s\u00e1bado","item":"https:\/\/jubile2025-fatima.org\/es\/herramientas-1er-sabado\/"},{"@type":"ListItem","position":3,"name":"Resumen de los primeros s\u00e1bados"}]},{"@type":"WebSite","@id":"https:\/\/jubile2025-fatima.org\/es\/#website","url":"https:\/\/jubile2025-fatima.org\/es\/","name":"jubile2025-fatima.org","description":"Jubile 2025 Fatima - Alliance les 1ers samedis de de Fatima pour la paix","publisher":{"@id":"https:\/\/jubile2025-fatima.org\/es\/#organization"},"potentialAction":[{"@type":"SearchAction","target":{"@type":"EntryPoint","urlTemplate":"https:\/\/jubile2025-fatima.org\/es\/?s={search_term_string}"},"query-input":{"@type":"PropertyValueSpecification","valueRequired":true,"valueName":"search_term_string"}}],"inLanguage":"es"},{"@type":"Organization","@id":"https:\/\/jubile2025-fatima.org\/es\/#organization","name":"jubile2025-fatima.org","url":"https:\/\/jubile2025-fatima.org\/es\/","logo":{"@type":"ImageObject","inLanguage":"es","@id":"https:\/\/jubile2025-fatima.org\/es\/#\/schema\/logo\/image\/","url":"https:\/\/jubile2025-fatima.org\/wp-content\/uploads\/2024\/12\/2logo-officiel-copie-2.png","contentUrl":"https:\/\/jubile2025-fatima.org\/wp-content\/uploads\/2024\/12\/2logo-officiel-copie-2.png","width":1921,"height":1081,"caption":"jubile2025-fatima.org"},"image":{"@id":"https:\/\/jubile2025-fatima.org\/es\/#\/schema\/logo\/image\/"}}]}},"jetpack_sharing_enabled":true,"jetpack-related-posts":[{"id":2551,"url":"https:\/\/jubile2025-fatima.org\/es\/firma\/","url_meta":{"origin":5599,"position":0},"title":"Firma","author":"Agence Graphineo","date":"enero 21, 2025","format":false,"excerpt":"Firme el llamamiento para hacer oficiales los primeros s\u00e1bados de mes, como pidi\u00f3 Nuestra Se\u00f1ora de F\u00e1tima. La carta se publicar\u00e1 en breve. Firme el llamamiento al Papa Vicario de Cristo para que haga oficiales los primeros s\u00e1bados de mes, como pidi\u00f3 Nuestra Se\u00f1ora de F\u00e1tima. El 13 de julio\u2026","rel":"","context":"Entrada similar","block_context":{"text":"Entrada similar","link":""},"img":{"alt_text":"","src":"https:\/\/i0.wp.com\/jubile2025-fatima.org\/wp-content\/uploads\/2025\/01\/1logo-officiel-vecto-sombre.png?fit=1200%2C675&ssl=1&resize=350%2C200","width":350,"height":200,"srcset":"https:\/\/i0.wp.com\/jubile2025-fatima.org\/wp-content\/uploads\/2025\/01\/1logo-officiel-vecto-sombre.png?fit=1200%2C675&ssl=1&resize=350%2C200 1x, https:\/\/i0.wp.com\/jubile2025-fatima.org\/wp-content\/uploads\/2025\/01\/1logo-officiel-vecto-sombre.png?fit=1200%2C675&ssl=1&resize=525%2C300 1.5x, https:\/\/i0.wp.com\/jubile2025-fatima.org\/wp-content\/uploads\/2025\/01\/1logo-officiel-vecto-sombre.png?fit=1200%2C675&ssl=1&resize=700%2C400 2x, https:\/\/i0.wp.com\/jubile2025-fatima.org\/wp-content\/uploads\/2025\/01\/1logo-officiel-vecto-sombre.png?fit=1200%2C675&ssl=1&resize=1050%2C600 3x"},"classes":[]},{"id":2448,"url":"https:\/\/jubile2025-fatima.org\/es\/la-alianza\/","url_meta":{"origin":5599,"position":1},"title":"1er s\u00e1bado","author":"Agence Graphineo","date":"diciembre 17, 2024","format":false,"excerpt":"Los primeros s\u00e1bados de la Alianza de F\u00e1tima Por qu\u00e9 comprometerse los primeros s\u00e1bados Comprender la urgencia de los primeros s\u00e1bados de F\u00e1tima La petici\u00f3n de Nuestra Se\u00f1ora \"Para evitar la guerra, vendr\u00e9 a pedir la consagraci\u00f3n de Rusia a mi Inmaculado Coraz\u00f3n y la Comuni\u00f3n Reparadora de los Primeros\u2026","rel":"","context":"Entrada similar","block_context":{"text":"Entrada similar","link":""},"img":{"alt_text":"","src":"https:\/\/i0.wp.com\/jubile2025-fatima.org\/wp-content\/uploads\/2024\/12\/80681222.jpeg?fit=1200%2C671&ssl=1&resize=350%2C200","width":350,"height":200,"srcset":"https:\/\/i0.wp.com\/jubile2025-fatima.org\/wp-content\/uploads\/2024\/12\/80681222.jpeg?fit=1200%2C671&ssl=1&resize=350%2C200 1x, https:\/\/i0.wp.com\/jubile2025-fatima.org\/wp-content\/uploads\/2024\/12\/80681222.jpeg?fit=1200%2C671&ssl=1&resize=525%2C300 1.5x, https:\/\/i0.wp.com\/jubile2025-fatima.org\/wp-content\/uploads\/2024\/12\/80681222.jpeg?fit=1200%2C671&ssl=1&resize=700%2C400 2x, https:\/\/i0.wp.com\/jubile2025-fatima.org\/wp-content\/uploads\/2024\/12\/80681222.jpeg?fit=1200%2C671&ssl=1&resize=1050%2C600 3x"},"classes":[]},{"id":5591,"url":"https:\/\/jubile2025-fatima.org\/es\/herramientas-1er-sabado\/como-hacer-los-primeros-sabados\/","url_meta":{"origin":5599,"position":2},"title":"C\u00f3mo hacer los primeros s\u00e1bados","author":"Agence Graphineo","date":"febrero 17, 2025","format":false,"excerpt":"Realice el1er s\u00e1bado de forma independiente o si no puede desplazarse 1\/ Realice los primeros s\u00e1bados de forma independiente Por supuesto, es posible realizar los Primeros S\u00e1bados por su cuenta sin formar parte de un grupo (porque no hay ning\u00fan grupo cerca, no desea crear uno o por motivos personales).\u2026","rel":"","context":"Entrada similar","block_context":{"text":"Entrada similar","link":""},"img":{"alt_text":"","src":"https:\/\/i0.wp.com\/jubile2025-fatima.org\/wp-content\/uploads\/2025\/01\/1logo-officiel-vecto-sombre.png?fit=1200%2C675&ssl=1&resize=350%2C200","width":350,"height":200,"srcset":"https:\/\/i0.wp.com\/jubile2025-fatima.org\/wp-content\/uploads\/2025\/01\/1logo-officiel-vecto-sombre.png?fit=1200%2C675&ssl=1&resize=350%2C200 1x, https:\/\/i0.wp.com\/jubile2025-fatima.org\/wp-content\/uploads\/2025\/01\/1logo-officiel-vecto-sombre.png?fit=1200%2C675&ssl=1&resize=525%2C300 1.5x, https:\/\/i0.wp.com\/jubile2025-fatima.org\/wp-content\/uploads\/2025\/01\/1logo-officiel-vecto-sombre.png?fit=1200%2C675&ssl=1&resize=700%2C400 2x, https:\/\/i0.wp.com\/jubile2025-fatima.org\/wp-content\/uploads\/2025\/01\/1logo-officiel-vecto-sombre.png?fit=1200%2C675&ssl=1&resize=1050%2C600 3x"},"classes":[]},{"id":2439,"url":"https:\/\/jubile2025-fatima.org\/es\/","url_meta":{"origin":5599,"position":3},"title":"Inicio","author":"Agence Graphineo","date":"diciembre 13, 2024","format":false,"excerpt":"Jubileo 2025 de los Primeros S\u00e1bados de F\u00e1tima Unir fuerzas por la paz llevando a cabo los primeros s\u00e1bados de mes solicitados por Nuestra Se\u00f1ora de F\u00e1tima hace 100 a\u00f1os Para continuar con los primeros s\u00e1bados del mes en 2026, visite el sitio web. salve-corda.org S\u00e1bado 6 de diciembre Catedral\u2026","rel":"","context":"Entrada similar","block_context":{"text":"Entrada similar","link":""},"img":{"alt_text":"","src":"https:\/\/i0.wp.com\/jubile2025-fatima.org\/wp-content\/uploads\/2025\/01\/logo-officiel-vecto-clair.png?fit=1200%2C675&ssl=1&resize=350%2C200","width":350,"height":200,"srcset":"https:\/\/i0.wp.com\/jubile2025-fatima.org\/wp-content\/uploads\/2025\/01\/logo-officiel-vecto-clair.png?fit=1200%2C675&ssl=1&resize=350%2C200 1x, https:\/\/i0.wp.com\/jubile2025-fatima.org\/wp-content\/uploads\/2025\/01\/logo-officiel-vecto-clair.png?fit=1200%2C675&ssl=1&resize=525%2C300 1.5x, https:\/\/i0.wp.com\/jubile2025-fatima.org\/wp-content\/uploads\/2025\/01\/logo-officiel-vecto-clair.png?fit=1200%2C675&ssl=1&resize=700%2C400 2x, https:\/\/i0.wp.com\/jubile2025-fatima.org\/wp-content\/uploads\/2025\/01\/logo-officiel-vecto-clair.png?fit=1200%2C675&ssl=1&resize=1050%2C600 3x"},"classes":[]},{"id":5588,"url":"https:\/\/jubile2025-fatima.org\/es\/herramientas-1er-sabado\/acogida-de-sacerdotes-y-o-misas\/","url_meta":{"origin":5599,"position":4},"title":"Acogida de sacerdotes y\/o misas","author":"Agence Graphineo","date":"febrero 17, 2025","format":false,"excerpt":"Qu\u00e9 hacer en funci\u00f3n de la disponibilidad del sacerdote y\/o de las misas Situaci\u00f3n 1: Ya hay una misa de s\u00e1bado por la ma\u00f1ana cerca de usted. Hay dos escenarios posibles: a) El sacerdote ya est\u00e1 organizando el devocional de los primeros s\u00e1bados (en su totalidad o en parte) o\u2026","rel":"","context":"Entrada similar","block_context":{"text":"Entrada similar","link":""},"img":{"alt_text":"","src":"https:\/\/i0.wp.com\/jubile2025-fatima.org\/wp-content\/uploads\/2025\/01\/1logo-officiel-vecto-sombre.png?fit=1200%2C675&ssl=1&resize=350%2C200","width":350,"height":200,"srcset":"https:\/\/i0.wp.com\/jubile2025-fatima.org\/wp-content\/uploads\/2025\/01\/1logo-officiel-vecto-sombre.png?fit=1200%2C675&ssl=1&resize=350%2C200 1x, https:\/\/i0.wp.com\/jubile2025-fatima.org\/wp-content\/uploads\/2025\/01\/1logo-officiel-vecto-sombre.png?fit=1200%2C675&ssl=1&resize=525%2C300 1.5x, https:\/\/i0.wp.com\/jubile2025-fatima.org\/wp-content\/uploads\/2025\/01\/1logo-officiel-vecto-sombre.png?fit=1200%2C675&ssl=1&resize=700%2C400 2x, https:\/\/i0.wp.com\/jubile2025-fatima.org\/wp-content\/uploads\/2025\/01\/1logo-officiel-vecto-sombre.png?fit=1200%2C675&ssl=1&resize=1050%2C600 3x"},"classes":[]},{"id":12328,"url":"https:\/\/jubile2025-fatima.org\/pt-pt\/ferramentas-1os-sabados\/resumo-dos-primeiros-sabados\/","url_meta":{"origin":5599,"position":5},"title":"Resumo dos primeiros s\u00e1bados","author":"Agence Graphineo","date":"febrero 17, 2025","format":false,"excerpt":"1- Antecedentes de F\u00e1tima Em 13 de julho de 1917, em F\u00e1tima, Nossa Senhora anunciou que, para al\u00e9m do Ros\u00e1rio, viria pedir uma futura devo\u00e7\u00e3o pela paz: \"Para evitar a guerra Eu virei para evitar a guerra, virei pedir a consagra\u00e7\u00e3o da R\u00fassia ao meu Imaculado Cora\u00e7\u00e3o e a comunh\u00e3o\u2026","rel":"","context":"Entrada similar","block_context":{"text":"Entrada similar","link":""},"img":{"alt_text":"","src":"","width":0,"height":0},"classes":[]}],"mfb_rest_fields":["title","yoast_head","yoast_head_json","jetpack_sharing_enabled","jetpack-related-posts"],"_links":{"self":[{"href":"https:\/\/jubile2025-fatima.org\/es\/wp-json\/wp\/v2\/pages\/5599","targetHints":{"allow":["GET"]}}],"collection":[{"href":"https:\/\/jubile2025-fatima.org\/es\/wp-json\/wp\/v2\/pages"}],"about":[{"href":"https:\/\/jubile2025-fatima.org\/es\/wp-json\/wp\/v2\/types\/page"}],"author":[{"embeddable":true,"href":"https:\/\/jubile2025-fatima.org\/es\/wp-json\/wp\/v2\/users\/2"}],"replies":[{"embeddable":true,"href":"https:\/\/jubile2025-fatima.org\/es\/wp-json\/wp\/v2\/comments?post=5599"}],"version-history":[{"count":1,"href":"https:\/\/jubile2025-fatima.org\/es\/wp-json\/wp\/v2\/pages\/5599\/revisions"}],"predecessor-version":[{"id":5600,"href":"https:\/\/jubile2025-fatima.org\/es\/wp-json\/wp\/v2\/pages\/5599\/revisions\/5600"}],"up":[{"embeddable":true,"href":"https:\/\/jubile2025-fatima.org\/es\/wp-json\/wp\/v2\/pages\/5596"}],"wp:featuredmedia":[{"embeddable":true,"href":"https:\/\/jubile2025-fatima.org\/es\/wp-json\/wp\/v2\/media\/2022"}],"wp:attachment":[{"href":"https:\/\/jubile2025-fatima.org\/es\/wp-json\/wp\/v2\/media?parent=5599"}],"curies":[{"name":"wp","href":"https:\/\/api.w.org\/{rel}","templated":true}]}}