{"id":2547,"date":"2025-01-21T17:59:50","date_gmt":"2025-01-21T17:59:50","guid":{"rendered":"https:\/\/jubile2025-fatima.org\/firma\/"},"modified":"2025-02-27T13:18:15","modified_gmt":"2025-02-27T13:18:15","slug":"firma","status":"publish","type":"page","link":"https:\/\/jubile2025-fatima.org\/it\/firma\/","title":{"rendered":"Firma"},"content":{"rendered":"\n<div class=\"wp-block-group has-global-padding is-layout-constrained wp-container-core-group-is-layout-f611be13 wp-block-group-is-layout-constrained\" style=\"padding-top:var(--wp--preset--spacing--50);padding-right:var(--wp--preset--spacing--50);padding-bottom:var(--wp--preset--spacing--50);padding-left:var(--wp--preset--spacing--50);box-shadow:12px 12px 50px 0 #00000033\">\n<h2 class=\"wp-block-heading\"><strong>Firma l&#8217;appello per rendere ufficiale il <sup>primo<\/sup> sabato del mese, come richiesto da Nostra Signora di Fatima.<\/strong><\/h2>\n\n\n\n<p>La lettera sar\u00e0 pubblicata a breve.<\/p>\n\n\n\n<div class=\"wp-block-group has-global-padding is-layout-constrained wp-block-group-is-layout-constrained\">\n<div class=\"wp-block-group has-global-padding is-layout-constrained wp-container-core-group-is-layout-92ef7b19 wp-block-group-is-layout-constrained\">\n<div class=\"wp-block-group has-accent-8-background-color has-background has-global-padding is-layout-constrained wp-container-core-group-is-layout-4d205fec wp-block-group-is-layout-constrained\" style=\"border-radius:25px;padding-top:25px;padding-right:25px;padding-bottom:25px;padding-left:25px\">\n<div class=\"wpcf7 no-js\" id=\"wpcf7-f4912-o1\" lang=\"it-IT\" dir=\"ltr\" data-wpcf7-id=\"4912\">\n<div class=\"screen-reader-response\"><p role=\"status\" aria-live=\"polite\" aria-atomic=\"true\"><\/p> <ul><\/ul><\/div>\n<form action=\"\/it\/wp-json\/wp\/v2\/pages\/2547#wpcf7-f4912-o1\" method=\"post\" class=\"wpcf7-form init\" aria-label=\"Modulo di contatto\" novalidate=\"novalidate\" data-status=\"init\">\n<fieldset class=\"hidden-fields-container\"><input type=\"hidden\" name=\"_wpcf7\" value=\"4912\" \/><input type=\"hidden\" name=\"_wpcf7_version\" value=\"6.1.3\" \/><input type=\"hidden\" name=\"_wpcf7_locale\" value=\"it_IT\" \/><input type=\"hidden\" name=\"_wpcf7_unit_tag\" value=\"wpcf7-f4912-o1\" \/><input type=\"hidden\" name=\"_wpcf7_container_post\" value=\"0\" \/><input type=\"hidden\" name=\"_wpcf7_posted_data_hash\" value=\"\" \/><input type=\"hidden\" name=\"_wpcf7_recaptcha_response\" value=\"\" \/>\n<\/fieldset>\n<p><label class=\"gr_form_label\" for=\"your-email\">Inserisca il suo indirizzo e-mail per registrarsi<\/label><span class=\"wpcf7-form-control-wrap\" data-name=\"your-email\"><input size=\"40\" maxlength=\"400\" class=\"wpcf7-form-control wpcf7-email wpcf7-validates-as-required wpcf7-text wpcf7-validates-as-email gr_form_input\" aria-required=\"true\" aria-invalid=\"false\" placeholder=\"EMAIL\" value=\"\" type=\"email\" name=\"your-email\" \/><\/span><label class=\"gr_form_label\" for=\"NOM\">Nome<\/label><span class=\"wpcf7-form-control-wrap\" data-name=\"NOM\"><input size=\"40\" maxlength=\"400\" class=\"wpcf7-form-control wpcf7-text wpcf7-validates-as-required gr_form_input\" aria-required=\"true\" aria-invalid=\"false\" placeholder=\"NOME\" value=\"\" type=\"text\" name=\"NOM\" \/><\/span><label class=\"gr_form_label\" for=\"PRENOM\">Nome<\/label><span class=\"wpcf7-form-control-wrap\" data-name=\"PRENOM\"><input size=\"40\" maxlength=\"400\" class=\"wpcf7-form-control wpcf7-text wpcf7-validates-as-required gr_form_input\" aria-required=\"true\" aria-invalid=\"false\" placeholder=\"NOME\" value=\"\" type=\"text\" name=\"PRENOM\" \/><\/span>\n<\/p>\n<fieldset class=\"gr_form_fieldset\">\n\t<legend class=\"gr_form_legend\">Selezionare la lingua preferita\n\t<\/legend>\n\t<p><label class=\"gr_form_radio_label\"><span class=\"wpcf7-form-control-wrap\" data-name=\"LANGUE\"><span class=\"wpcf7-form-control wpcf7-radio gr_form_radio\"><span class=\"wpcf7-list-item first last\"><input type=\"radio\" name=\"LANGUE\" value=\"Francese\" checked=\"checked\" \/><span class=\"wpcf7-list-item-label\">Francese<\/span><\/span><\/span><\/span><\/label><label class=\"gr_form_radio_label\"><span class=\"wpcf7-form-control-wrap\" data-name=\"LANGUE\"><span class=\"wpcf7-form-control wpcf7-radio gr_form_radio\"><span class=\"wpcf7-list-item first last\"><input type=\"radio\" name=\"LANGUE\" value=\"Inglese\" \/><span class=\"wpcf7-list-item-label\">Inglese<\/span><\/span><\/span><\/span><\/label><label class=\"gr_form_radio_label\"><span class=\"wpcf7-form-control-wrap\" data-name=\"LANGUE\"><span class=\"wpcf7-form-control wpcf7-radio gr_form_radio\"><span class=\"wpcf7-list-item first last\"><input type=\"radio\" name=\"LANGUE\" value=\"Espa\u00f1ol\" \/><span class=\"wpcf7-list-item-label\">Espa\u00f1ol<\/span><\/span><\/span><\/span><\/label>\n\t<\/p>\n<\/fieldset>\n<fieldset class=\"gr_form_fieldset\">\n\t<legend class=\"gr_form_legend\">Firmi l'appello\n\t<\/legend>\n\t<p><label class=\"gr_form_radio_label\"><span class=\"wpcf7-form-control-wrap\" data-name=\"SIGNATURE\"><span class=\"wpcf7-form-control wpcf7-radio gr_form_radio\"><span class=\"wpcf7-list-item first last\"><input type=\"radio\" name=\"SIGNATURE\" value=\"S\u00ec\" \/><span class=\"wpcf7-list-item-label\">S\u00ec<\/span><\/span><\/span><\/span><\/label><label class=\"gr_form_radio_label\"><span class=\"wpcf7-form-control-wrap\" data-name=\"SIGNATURE\"><span class=\"wpcf7-form-control wpcf7-radio gr_form_radio\"><span class=\"wpcf7-list-item first last\"><input type=\"radio\" name=\"SIGNATURE\" value=\"No\" \/><span class=\"wpcf7-list-item-label\">No<\/span><\/span><\/span><\/span><\/label>\n\t<\/p>\n<\/fieldset>\n<p class=\"gr_form_paragraph\">Con la registrazione conferma di aver letto e accettato i termini e le condizioni generali di utilizzo e l'informativa sulla privacy.\n<\/p>\n<p><input class=\"wpcf7-form-control wpcf7-submit has-spinner gr_form_submit\" type=\"submit\" value=\"Iscriviti\" \/>\n<\/p><p style=\"display: none !important;\" class=\"akismet-fields-container\" data-prefix=\"_wpcf7_ak_\"><label>&#916;<textarea name=\"_wpcf7_ak_hp_textarea\" cols=\"45\" rows=\"8\" maxlength=\"100\"><\/textarea><\/label><input type=\"hidden\" id=\"ak_js_1\" name=\"_wpcf7_ak_js\" value=\"236\"\/><script data-jetpack-boost=\"ignore\">document.getElementById( \"ak_js_1\" ).setAttribute( \"value\", ( new Date() ).getTime() );<\/script><\/p><div class=\"wpcf7-response-output\" aria-hidden=\"true\"><\/div>\n<\/form>\n<\/div>\n\n<\/div>\n<\/div>\n<\/div>\n<\/div>\n\n\n\n<div class=\"wp-block-group tw-lg-hidden tw-md-hidden tw-sm-hidden has-accent-8-background-color has-background has-global-padding is-layout-constrained wp-container-core-group-is-layout-81115059 wp-block-group-is-layout-constrained\" style=\"border-radius:18px;padding-top:25px;padding-right:25px;padding-bottom:25px;padding-left:25px\">\n<h2 class=\"wp-block-heading\"><strong>Firma l&#8217;appello al Papa Vicario di Cristo affinch\u00e9 renda ufficiale il <sup>primo<\/sup> sabato del mese, come richiesto da Nostra Signora di Fatima.<\/strong><\/h2>\n\n\n\n<p>Il 13 luglio 1917, nella seconda apparizione a Fatima, Nostra Signora annunci\u00f2 due condizioni per ottenere la pace:  <\/p>\n\n\n\n<p><em>&#8220;Per evitare la guerra <\/em><strong><em>Verr\u00f2<\/em><\/strong><em> per chiedere la consacrazione della Russia al mio Cuore Immacolato <\/em><strong><em>e<\/em><\/strong><strong><em>Comunione riparatrice nei primi sabati.<\/em><\/strong><\/p>\n\n\n\n<p>Otto anni dopo, il <strong>10 dicembre 1925<\/strong>, la Madonna apparve a Suor Lucia (la veggente di Fatima) per lanciare il <sup>primo <\/sup>sabato del mese in tutta la Chiesa. Oltre all&#8217;attuazione immediata di questa devozione da parte <strong>dei fedeli<\/strong>, chiese <strong>al Papa<\/strong>, in occasione della <strong>consacrazione della Russia<\/strong>, di fare un atto ufficiale che raccomandasse la devozione della riparazione il <sup>primo<\/sup> sabato del mese in tutta la Chiesa.   <\/p>\n\n\n\n<p>Sebbene la consacrazione della Russia sia gi\u00e0 stata menzionata da molti papi in vari atti ufficiali, i <sup>primi <\/sup>sabati del mese, la <strong>seconda condizione necessaria per la pace<\/strong>, sono stati finora dimenticati. La posta in gioco \u00e8 alta, tuttavia, perch\u00e9 i cambiamenti drammatici della situazione mondiale sono indubbiamente legati alla trascuratezza di questa richiesta del Cielo.   <\/p>\n\n\n\n<p>Il 13 maggio 2010, Papa Benedetto XVI ci ha ricordato che la <strong>natura<\/strong> <strong>profetica di Fatima \u00e8 perfettamente attuale<\/strong>. Nell&#8217;anno 2025, celebriamo i <strong>100 anni<\/strong> da quando Nostra Signora ha richiesto questi <sup>primi<\/sup> sabati del mese. Si tratta di un&#8217;opportunit\u00e0 importante per diffondere finalmente questa devozione in tutto il mondo e per ottenere l&#8217;atto ufficiale del Papa, Vicario di Cristo, richiesto da Nostra Signora di Fatima per ottenere la pace.  <\/p>\n\n\n\n<p>Noi, fedeli e chierici della Chiesa cattolica, chiediamo pertanto che questo atto ufficiale e solenne sia compiuto per raccomandare il <sup>primo<\/sup> sabato del mese in tutta la Chiesa.<\/p>\n\n\n\n<p>In previsione di questo futuro atto ufficiale, ci stiamo anche mobilitando per implementare ed estendere i <sup>primi <\/sup>sabati del mese in tutta la Chiesa.<\/p>\n\n\n\n<p>Nell&#8217;anno 2025, il destino del mondo \u00e8 incerto, ma come disse Santa Giacinta, la veggente di Fatima: &#8220;Non \u00e8 mai troppo tardi per ricorrere ai Cuori di Ges\u00f9 e Maria&#8221;.<\/p>\n\n\n\n<p class=\"has-small-font-size\">Rispettiamo e proteggiamo la privacy di tutti. Ecco perch\u00e9 prendiamo solo il suo indirizzo e-mail come dato personale, senza altre informazioni. Questo indirizzo e-mail viene mantenuto riservato e viene utilizzato solo per inviare la meditazione una volta al mese prima del 1\u00b0 sabato e per rispondere ai suoi messaggi in un contesto strettamente privato.  <\/p>\n\n\n\n<div class=\"wp-block-group has-global-padding is-layout-constrained wp-block-group-is-layout-constrained\"><div class=\"wp-block-jetpack-contact-form\"><a href=\"https:\/\/jubile2025-fatima.org\/it\/firma\/\" target=\"_blank\" rel=\"noopener noreferrer\">Invia un modulo.<\/a><\/div><\/div>\n<\/div>\n","protected":false},"excerpt":{"rendered":"<p>Firma l&#8217;appello per rendere ufficiale il primo sabato del mese, come richiesto da Nostra Signora di Fatima. La lettera sar\u00e0 pubblicata a breve. Firma l&#8217;appello al Papa Vicario di Cristo affinch\u00e9 renda ufficiale il primo sabato del mese, come richiesto da Nostra Signora di Fatima. Il 13 luglio 1917, nella seconda apparizione a Fatima, Nostra [&hellip;]<\/p>\n","protected":false},"author":2,"featured_media":2019,"parent":0,"menu_order":0,"comment_status":"closed","ping_status":"closed","template":"","meta":{"inline_featured_image":false,"footnotes":""},"class_list":["post-2547","page","type-page","status-publish","has-post-thumbnail","hentry"],"mb":[],"yoast_head":"<!-- This site is optimized with the Yoast SEO plugin v26.4 - https:\/\/yoast.com\/wordpress\/plugins\/seo\/ -->\n<title>Firma - jubile2025-fatima.org<\/title>\n<meta name=\"description\" content=\"Firma l&#039;appello al Papa Vicario di Cristo affinch\u00e9 renda ufficiale il primo sabato del mese, come richiesto da Nostra Signora di Fatima.\" \/>\n<meta name=\"robots\" content=\"index, follow, max-snippet:-1, max-image-preview:large, max-video-preview:-1\" \/>\n<link rel=\"canonical\" href=\"https:\/\/jubile2025-fatima.org\/it\/firma\/\" \/>\n<meta property=\"og:locale\" content=\"it_IT\" \/>\n<meta property=\"og:type\" content=\"article\" \/>\n<meta property=\"og:title\" content=\"Firma - jubile2025-fatima.org\" \/>\n<meta property=\"og:description\" content=\"Firma l&#039;appello al Papa Vicario di Cristo affinch\u00e9 renda ufficiale il primo sabato del mese, come richiesto da Nostra Signora di Fatima.\" \/>\n<meta property=\"og:url\" content=\"https:\/\/jubile2025-fatima.org\/it\/firma\/\" \/>\n<meta property=\"og:site_name\" content=\"jubile2025-fatima.org\" \/>\n<meta property=\"article:modified_time\" content=\"2025-02-27T13:18:15+00:00\" \/>\n<meta property=\"og:image\" content=\"https:\/\/jubile2025-fatima.org\/wp-content\/uploads\/2025\/01\/1logo-officiel-vecto-sombre.png\" \/>\n\t<meta property=\"og:image:width\" content=\"1921\" \/>\n\t<meta property=\"og:image:height\" content=\"1081\" \/>\n\t<meta property=\"og:image:type\" content=\"image\/png\" \/>\n<meta name=\"twitter:card\" content=\"summary_large_image\" \/>\n<meta name=\"twitter:label1\" content=\"Tempo di lettura stimato\" \/>\n\t<meta name=\"twitter:data1\" content=\"3 minuti\" \/>\n<script type=\"application\/ld+json\" class=\"yoast-schema-graph\">{\"@context\":\"https:\/\/schema.org\",\"@graph\":[{\"@type\":\"WebPage\",\"@id\":\"https:\/\/jubile2025-fatima.org\/it\/firma\/\",\"url\":\"https:\/\/jubile2025-fatima.org\/it\/firma\/\",\"name\":\"Firma - jubile2025-fatima.org\",\"isPartOf\":{\"@id\":\"https:\/\/jubile2025-fatima.org\/it\/#website\"},\"primaryImageOfPage\":{\"@id\":\"https:\/\/jubile2025-fatima.org\/it\/firma\/#primaryimage\"},\"image\":{\"@id\":\"https:\/\/jubile2025-fatima.org\/it\/firma\/#primaryimage\"},\"thumbnailUrl\":\"https:\/\/i0.wp.com\/jubile2025-fatima.org\/wp-content\/uploads\/2025\/01\/1logo-officiel-vecto-sombre.png?fit=1921%2C1081&ssl=1\",\"datePublished\":\"2025-01-21T17:59:50+00:00\",\"dateModified\":\"2025-02-27T13:18:15+00:00\",\"description\":\"Firma l'appello al Papa Vicario di Cristo affinch\u00e9 renda ufficiale il primo sabato del mese, come richiesto da Nostra Signora di Fatima.\",\"breadcrumb\":{\"@id\":\"https:\/\/jubile2025-fatima.org\/it\/firma\/#breadcrumb\"},\"inLanguage\":\"it-IT\",\"potentialAction\":[{\"@type\":\"ReadAction\",\"target\":[\"https:\/\/jubile2025-fatima.org\/it\/firma\/\"]}]},{\"@type\":\"ImageObject\",\"inLanguage\":\"it-IT\",\"@id\":\"https:\/\/jubile2025-fatima.org\/it\/firma\/#primaryimage\",\"url\":\"https:\/\/i0.wp.com\/jubile2025-fatima.org\/wp-content\/uploads\/2025\/01\/1logo-officiel-vecto-sombre.png?fit=1921%2C1081&ssl=1\",\"contentUrl\":\"https:\/\/i0.wp.com\/jubile2025-fatima.org\/wp-content\/uploads\/2025\/01\/1logo-officiel-vecto-sombre.png?fit=1921%2C1081&ssl=1\",\"width\":1921,\"height\":1081},{\"@type\":\"BreadcrumbList\",\"@id\":\"https:\/\/jubile2025-fatima.org\/it\/firma\/#breadcrumb\",\"itemListElement\":[{\"@type\":\"ListItem\",\"position\":1,\"name\":\"Casa\",\"item\":\"https:\/\/jubile2025-fatima.org\/it\/\"},{\"@type\":\"ListItem\",\"position\":2,\"name\":\"Firma\"}]},{\"@type\":\"WebSite\",\"@id\":\"https:\/\/jubile2025-fatima.org\/it\/#website\",\"url\":\"https:\/\/jubile2025-fatima.org\/it\/\",\"name\":\"jubile2025-fatima.org\",\"description\":\"Giubileo 2025 Fatima - 1\u00b0 sabato di Fatima Alleanza per la pace\",\"publisher\":{\"@id\":\"https:\/\/jubile2025-fatima.org\/it\/#organization\"},\"potentialAction\":[{\"@type\":\"SearchAction\",\"target\":{\"@type\":\"EntryPoint\",\"urlTemplate\":\"https:\/\/jubile2025-fatima.org\/it\/?s={search_term_string}\"},\"query-input\":{\"@type\":\"PropertyValueSpecification\",\"valueRequired\":true,\"valueName\":\"search_term_string\"}}],\"inLanguage\":\"it-IT\"},{\"@type\":\"Organization\",\"@id\":\"https:\/\/jubile2025-fatima.org\/it\/#organization\",\"name\":\"giubileo2025-fatima.org\",\"url\":\"https:\/\/jubile2025-fatima.org\/it\/\",\"logo\":{\"@type\":\"ImageObject\",\"inLanguage\":\"it-IT\",\"@id\":\"https:\/\/jubile2025-fatima.org\/it\/#\/schema\/logo\/image\/\",\"url\":\"https:\/\/jubile2025-fatima.org\/wp-content\/uploads\/2024\/12\/2logo-officiel-copie-2.png\",\"contentUrl\":\"https:\/\/jubile2025-fatima.org\/wp-content\/uploads\/2024\/12\/2logo-officiel-copie-2.png\",\"width\":1921,\"height\":1081,\"caption\":\"giubileo2025-fatima.org\"},\"image\":{\"@id\":\"https:\/\/jubile2025-fatima.org\/it\/#\/schema\/logo\/image\/\"}}]}<\/script>\n<!-- \/ Yoast SEO plugin. -->","yoast_head_json":{"title":"Firma - jubile2025-fatima.org","description":"Firma l'appello al Papa Vicario di Cristo affinch\u00e9 renda ufficiale il primo sabato del mese, come richiesto da Nostra Signora di Fatima.","robots":{"index":"index","follow":"follow","max-snippet":"max-snippet:-1","max-image-preview":"max-image-preview:large","max-video-preview":"max-video-preview:-1"},"canonical":"https:\/\/jubile2025-fatima.org\/it\/firma\/","og_locale":"it_IT","og_type":"article","og_title":"Firma - jubile2025-fatima.org","og_description":"Firma l'appello al Papa Vicario di Cristo affinch\u00e9 renda ufficiale il primo sabato del mese, come richiesto da Nostra Signora di Fatima.","og_url":"https:\/\/jubile2025-fatima.org\/it\/firma\/","og_site_name":"jubile2025-fatima.org","article_modified_time":"2025-02-27T13:18:15+00:00","og_image":[{"width":1921,"height":1081,"url":"https:\/\/jubile2025-fatima.org\/wp-content\/uploads\/2025\/01\/1logo-officiel-vecto-sombre.png","type":"image\/png"}],"twitter_card":"summary_large_image","twitter_misc":{"Tempo di lettura stimato":"3 minuti"},"schema":{"@context":"https:\/\/schema.org","@graph":[{"@type":"WebPage","@id":"https:\/\/jubile2025-fatima.org\/it\/firma\/","url":"https:\/\/jubile2025-fatima.org\/it\/firma\/","name":"Firma - jubile2025-fatima.org","isPartOf":{"@id":"https:\/\/jubile2025-fatima.org\/it\/#website"},"primaryImageOfPage":{"@id":"https:\/\/jubile2025-fatima.org\/it\/firma\/#primaryimage"},"image":{"@id":"https:\/\/jubile2025-fatima.org\/it\/firma\/#primaryimage"},"thumbnailUrl":"https:\/\/i0.wp.com\/jubile2025-fatima.org\/wp-content\/uploads\/2025\/01\/1logo-officiel-vecto-sombre.png?fit=1921%2C1081&ssl=1","datePublished":"2025-01-21T17:59:50+00:00","dateModified":"2025-02-27T13:18:15+00:00","description":"Firma l'appello al Papa Vicario di Cristo affinch\u00e9 renda ufficiale il primo sabato del mese, come richiesto da Nostra Signora di Fatima.","breadcrumb":{"@id":"https:\/\/jubile2025-fatima.org\/it\/firma\/#breadcrumb"},"inLanguage":"it-IT","potentialAction":[{"@type":"ReadAction","target":["https:\/\/jubile2025-fatima.org\/it\/firma\/"]}]},{"@type":"ImageObject","inLanguage":"it-IT","@id":"https:\/\/jubile2025-fatima.org\/it\/firma\/#primaryimage","url":"https:\/\/i0.wp.com\/jubile2025-fatima.org\/wp-content\/uploads\/2025\/01\/1logo-officiel-vecto-sombre.png?fit=1921%2C1081&ssl=1","contentUrl":"https:\/\/i0.wp.com\/jubile2025-fatima.org\/wp-content\/uploads\/2025\/01\/1logo-officiel-vecto-sombre.png?fit=1921%2C1081&ssl=1","width":1921,"height":1081},{"@type":"BreadcrumbList","@id":"https:\/\/jubile2025-fatima.org\/it\/firma\/#breadcrumb","itemListElement":[{"@type":"ListItem","position":1,"name":"Casa","item":"https:\/\/jubile2025-fatima.org\/it\/"},{"@type":"ListItem","position":2,"name":"Firma"}]},{"@type":"WebSite","@id":"https:\/\/jubile2025-fatima.org\/it\/#website","url":"https:\/\/jubile2025-fatima.org\/it\/","name":"jubile2025-fatima.org","description":"Giubileo 2025 Fatima - 1\u00b0 sabato di Fatima Alleanza per la pace","publisher":{"@id":"https:\/\/jubile2025-fatima.org\/it\/#organization"},"potentialAction":[{"@type":"SearchAction","target":{"@type":"EntryPoint","urlTemplate":"https:\/\/jubile2025-fatima.org\/it\/?s={search_term_string}"},"query-input":{"@type":"PropertyValueSpecification","valueRequired":true,"valueName":"search_term_string"}}],"inLanguage":"it-IT"},{"@type":"Organization","@id":"https:\/\/jubile2025-fatima.org\/it\/#organization","name":"giubileo2025-fatima.org","url":"https:\/\/jubile2025-fatima.org\/it\/","logo":{"@type":"ImageObject","inLanguage":"it-IT","@id":"https:\/\/jubile2025-fatima.org\/it\/#\/schema\/logo\/image\/","url":"https:\/\/jubile2025-fatima.org\/wp-content\/uploads\/2024\/12\/2logo-officiel-copie-2.png","contentUrl":"https:\/\/jubile2025-fatima.org\/wp-content\/uploads\/2024\/12\/2logo-officiel-copie-2.png","width":1921,"height":1081,"caption":"giubileo2025-fatima.org"},"image":{"@id":"https:\/\/jubile2025-fatima.org\/it\/#\/schema\/logo\/image\/"}}]}},"jetpack_sharing_enabled":true,"jetpack-related-posts":[{"id":2551,"url":"https:\/\/jubile2025-fatima.org\/es\/firma\/","url_meta":{"origin":2547,"position":0},"title":"Firma","author":"Agence Graphineo","date":"Gennaio 21, 2025","format":false,"excerpt":"Firme el llamamiento para hacer oficiales los primeros s\u00e1bados de mes, como pidi\u00f3 Nuestra Se\u00f1ora de F\u00e1tima. La carta se publicar\u00e1 en breve. Firme el llamamiento al Papa Vicario de Cristo para que haga oficiales los primeros s\u00e1bados de mes, como pidi\u00f3 Nuestra Se\u00f1ora de F\u00e1tima. El 13 de julio\u2026","rel":"","context":"Articolo simile","block_context":{"text":"Articolo simile","link":""},"img":{"alt_text":"","src":"https:\/\/i0.wp.com\/jubile2025-fatima.org\/wp-content\/uploads\/2025\/01\/1logo-officiel-vecto-sombre.png?fit=1200%2C675&ssl=1&resize=350%2C200","width":350,"height":200,"srcset":"https:\/\/i0.wp.com\/jubile2025-fatima.org\/wp-content\/uploads\/2025\/01\/1logo-officiel-vecto-sombre.png?fit=1200%2C675&ssl=1&resize=350%2C200 1x, https:\/\/i0.wp.com\/jubile2025-fatima.org\/wp-content\/uploads\/2025\/01\/1logo-officiel-vecto-sombre.png?fit=1200%2C675&ssl=1&resize=525%2C300 1.5x, https:\/\/i0.wp.com\/jubile2025-fatima.org\/wp-content\/uploads\/2025\/01\/1logo-officiel-vecto-sombre.png?fit=1200%2C675&ssl=1&resize=700%2C400 2x, https:\/\/i0.wp.com\/jubile2025-fatima.org\/wp-content\/uploads\/2025\/01\/1logo-officiel-vecto-sombre.png?fit=1200%2C675&ssl=1&resize=1050%2C600 3x"},"classes":[]}],"mfb_rest_fields":["title","yoast_head","yoast_head_json","jetpack_sharing_enabled","jetpack-related-posts"],"_links":{"self":[{"href":"https:\/\/jubile2025-fatima.org\/it\/wp-json\/wp\/v2\/pages\/2547","targetHints":{"allow":["GET"]}}],"collection":[{"href":"https:\/\/jubile2025-fatima.org\/it\/wp-json\/wp\/v2\/pages"}],"about":[{"href":"https:\/\/jubile2025-fatima.org\/it\/wp-json\/wp\/v2\/types\/page"}],"author":[{"embeddable":true,"href":"https:\/\/jubile2025-fatima.org\/it\/wp-json\/wp\/v2\/users\/2"}],"replies":[{"embeddable":true,"href":"https:\/\/jubile2025-fatima.org\/it\/wp-json\/wp\/v2\/comments?post=2547"}],"version-history":[{"count":3,"href":"https:\/\/jubile2025-fatima.org\/it\/wp-json\/wp\/v2\/pages\/2547\/revisions"}],"predecessor-version":[{"id":5058,"href":"https:\/\/jubile2025-fatima.org\/it\/wp-json\/wp\/v2\/pages\/2547\/revisions\/5058"}],"wp:featuredmedia":[{"embeddable":true,"href":"https:\/\/jubile2025-fatima.org\/it\/wp-json\/wp\/v2\/media\/2019"}],"wp:attachment":[{"href":"https:\/\/jubile2025-fatima.org\/it\/wp-json\/wp\/v2\/media?parent=2547"}],"curies":[{"name":"wp","href":"https:\/\/api.w.org\/{rel}","templated":true}]}}