{"id":4235,"date":"2025-02-17T12:07:32","date_gmt":"2025-02-17T12:07:32","guid":{"rendered":"https:\/\/jubile2025-fatima.org\/strumenti-1-sabato\/"},"modified":"2025-02-26T12:25:46","modified_gmt":"2025-02-26T12:25:46","slug":"strumenti-1-sabato","status":"publish","type":"page","link":"https:\/\/jubile2025-fatima.org\/it\/strumenti-1-sabato\/","title":{"rendered":"Strumenti 1\u00b0 sabato"},"content":{"rendered":"\n<div class=\"wp-block-group has-base-background-color has-background has-global-padding is-layout-constrained wp-block-group-is-layout-constrained\" style=\"padding-top:var(--wp--preset--spacing--10);padding-bottom:var(--wp--preset--spacing--50)\">\n<div class=\"wp-block-group has-accent-color has-text-color has-link-color has-small-font-size wp-elements-a011a40ae7563e2fb06ca3641126ea8f has-global-padding is-layout-constrained wp-block-group-is-layout-constrained\"><div class=\"yoast-breadcrumbs\"><span><span><a href=\"https:\/\/jubile2025-fatima.org\/it\/\">Casa<\/a><\/span> \u00bb <span class=\"breadcrumb_last\" aria-current=\"page\">Strumenti 1\u00b0 sabato<\/span><\/span><\/div><\/div>\n\n\n\n<h2 class=\"wp-block-heading\">Strumenti 1\u00b0 sabato<\/h2>\n\n\n\n<div class=\"wp-block-columns are-vertically-aligned-center has-contrast-color has-contrast-2-background-color has-text-color has-background has-link-color wp-elements-0c6d1166312c0071eec3ae8b9c20a2a0 is-layout-flex wp-container-core-columns-is-layout-8f00e63f wp-block-columns-is-layout-flex\" style=\"margin-top:25px;margin-bottom:25px;padding-top:25px;padding-right:25px;padding-bottom:25px;padding-left:25px;box-shadow:6px 6px 0px rgba(0, 0, 0, 0.2)\">\n<div class=\"wp-block-column is-vertically-aligned-center is-layout-flow wp-block-column-is-layout-flow\" style=\"flex-basis:75%\">\n<h3 class=\"wp-block-heading has-custom-1-font-size\">1- Riepilogo dei primi sabati<\/h3>\n<\/div>\n\n\n\n<div class=\"wp-block-column is-vertically-aligned-center is-layout-flow wp-block-column-is-layout-flow\">\n<div class=\"wp-block-buttons is-content-justification-center is-layout-flex wp-container-core-buttons-is-layout-a89b3969 wp-block-buttons-is-layout-flex\">\n<div class=\"wp-block-button\"><a class=\"wp-block-button__link wp-element-button\" href=\"https:\/\/jubile2025-fatima.org\/outils-1ers-samedis\/synthese-sur-la-demande-des-1ers-samedis\/\">Vai alla pagina<\/a><\/div>\n<\/div>\n<\/div>\n<\/div>\n\n\n\n<div class=\"wp-block-columns are-vertically-aligned-center has-contrast-color has-contrast-2-background-color has-text-color has-background has-link-color wp-elements-cd8ca70ffc757d8c35fd1b11726c123e is-layout-flex wp-container-core-columns-is-layout-8f00e63f wp-block-columns-is-layout-flex\" style=\"margin-top:25px;margin-bottom:25px;padding-top:25px;padding-right:25px;padding-bottom:25px;padding-left:25px;box-shadow:6px 6px 0px rgba(0, 0, 0, 0.2)\">\n<div class=\"wp-block-column is-vertically-aligned-center is-layout-flow wp-block-column-is-layout-flow\" style=\"flex-basis:75%\">\n<h3 class=\"wp-block-heading has-custom-1-font-size\">2- Come creare un gruppo il<sup>1\u00b0<\/sup> sabato del mese<\/h3>\n<\/div>\n\n\n\n<div class=\"wp-block-column is-vertically-aligned-center is-layout-flow wp-block-column-is-layout-flow\">\n<div class=\"wp-block-buttons is-content-justification-center is-layout-flex wp-container-core-buttons-is-layout-a89b3969 wp-block-buttons-is-layout-flex\">\n<div class=\"wp-block-button\"><a class=\"wp-block-button__link wp-element-button\" href=\"https:\/\/jubile2025-fatima.org\/outils-1ers-samedis\/creer-un-groupe-1er-samedi-du-mois\/\">Vai alla pagina<\/a><\/div>\n<\/div>\n<\/div>\n<\/div>\n\n\n\n<div class=\"wp-block-columns are-vertically-aligned-center has-contrast-color has-contrast-2-background-color has-text-color has-background has-link-color wp-elements-5cd5b52368aef4185fb57fdf2c24c3da is-layout-flex wp-container-core-columns-is-layout-8f00e63f wp-block-columns-is-layout-flex\" style=\"margin-top:25px;margin-bottom:25px;padding-top:25px;padding-right:25px;padding-bottom:25px;padding-left:25px;box-shadow:6px 6px 0px rgba(0, 0, 0, 0.2)\">\n<div class=\"wp-block-column is-vertically-aligned-center is-layout-flow wp-block-column-is-layout-flow\" style=\"flex-basis:75%\">\n<h3 class=\"wp-block-heading has-custom-1-font-size\">3- Cosa fare quando i sacerdoti e\/o le Messe sono disponibili<\/h3>\n<\/div>\n\n\n\n<div class=\"wp-block-column is-vertically-aligned-center is-layout-flow wp-block-column-is-layout-flow\">\n<div class=\"wp-block-buttons is-content-justification-center is-layout-flex wp-container-core-buttons-is-layout-a89b3969 wp-block-buttons-is-layout-flex\">\n<div class=\"wp-block-button\"><a class=\"wp-block-button__link wp-element-button\" href=\"https:\/\/jubile2025-fatima.org\/outils-1ers-samedis\/accueil-des-pretres-et-ou-des-messes\/\">Vai alla pagina<\/a><\/div>\n<\/div>\n<\/div>\n<\/div>\n\n\n\n<div class=\"wp-block-columns are-vertically-aligned-center has-contrast-color has-contrast-2-background-color has-text-color has-background has-link-color wp-elements-43b891b465d78f1166bcf7b2a0bd41f2 is-layout-flex wp-container-core-columns-is-layout-8f00e63f wp-block-columns-is-layout-flex\" style=\"margin-top:25px;margin-bottom:25px;padding-top:25px;padding-right:25px;padding-bottom:25px;padding-left:25px;box-shadow:6px 6px 0px rgba(0, 0, 0, 0.2)\">\n<div class=\"wp-block-column is-vertically-aligned-center is-layout-flow wp-block-column-is-layout-flow\" style=\"flex-basis:75%\">\n<h3 class=\"wp-block-heading has-custom-1-font-size\">4- Come fare i primi sabati in modo indipendente e\/o se non pu\u00f2 viaggiare<\/h3>\n<\/div>\n\n\n\n<div class=\"wp-block-column is-vertically-aligned-center is-layout-flow wp-block-column-is-layout-flow\">\n<div class=\"wp-block-buttons is-content-justification-center is-layout-flex wp-container-core-buttons-is-layout-a89b3969 wp-block-buttons-is-layout-flex\">\n<div class=\"wp-block-button\"><a class=\"wp-block-button__link wp-element-button\" href=\"https:\/\/jubile2025-fatima.org\/outils-1ers-samedis\/comment-realiser-les-1ers-samedis\/\">Vai alla pagina<\/a><\/div>\n<\/div>\n<\/div>\n<\/div>\n\n\n\n<div class=\"wp-block-group has-global-padding is-layout-constrained wp-block-group-is-layout-constrained\" style=\"padding-top:var(--wp--preset--spacing--30);padding-bottom:var(--wp--preset--spacing--30)\">\n<div class=\"wp-block-buttons is-content-justification-center is-layout-flex wp-container-core-buttons-is-layout-a89b3969 wp-block-buttons-is-layout-flex\">\n<div class=\"wp-block-button\"><a class=\"wp-block-button__link wp-element-button\">torna alla pagina iniziale<\/a><\/div>\n<\/div>\n<\/div>\n<\/div>\n","protected":false},"excerpt":{"rendered":"<p>Strumenti 1\u00b0 sabato 1- Riepilogo dei primi sabati 2- Come creare un gruppo il1\u00b0 sabato del mese 3- Cosa fare quando i sacerdoti e\/o le Messe sono disponibili 4- Come fare i primi sabati in modo indipendente e\/o se non pu\u00f2 viaggiare<\/p>\n","protected":false},"author":2,"featured_media":2019,"parent":0,"menu_order":0,"comment_status":"closed","ping_status":"closed","template":"page-wide","meta":{"inline_featured_image":false,"footnotes":""},"class_list":["post-4235","page","type-page","status-publish","has-post-thumbnail","hentry"],"mb":[],"yoast_head":"<!-- This site is optimized with the Yoast SEO plugin v26.4 - https:\/\/yoast.com\/wordpress\/plugins\/seo\/ -->\n<title>Strumenti 1\u00b0 sabato - jubile2025-fatima.org<\/title>\n<meta name=\"robots\" content=\"index, follow, max-snippet:-1, max-image-preview:large, max-video-preview:-1\" \/>\n<link rel=\"canonical\" href=\"https:\/\/jubile2025-fatima.org\/it\/strumenti-1-sabato\/\" \/>\n<meta property=\"og:locale\" content=\"it_IT\" \/>\n<meta property=\"og:type\" content=\"article\" \/>\n<meta property=\"og:title\" content=\"Strumenti 1\u00b0 sabato - jubile2025-fatima.org\" \/>\n<meta property=\"og:description\" content=\"Strumenti 1\u00b0 sabato 1- Riepilogo dei primi sabati 2- Come creare un gruppo il1\u00b0 sabato del mese 3- Cosa fare quando i sacerdoti e\/o le Messe sono disponibili 4- Come fare i primi sabati in modo indipendente e\/o se non pu\u00f2 viaggiare\" \/>\n<meta property=\"og:url\" content=\"https:\/\/jubile2025-fatima.org\/it\/strumenti-1-sabato\/\" \/>\n<meta property=\"og:site_name\" content=\"jubile2025-fatima.org\" \/>\n<meta property=\"article:modified_time\" content=\"2025-02-26T12:25:46+00:00\" \/>\n<meta property=\"og:image\" content=\"https:\/\/jubile2025-fatima.org\/wp-content\/uploads\/2025\/01\/1logo-officiel-vecto-sombre.png\" \/>\n\t<meta property=\"og:image:width\" content=\"1921\" \/>\n\t<meta property=\"og:image:height\" content=\"1081\" \/>\n\t<meta property=\"og:image:type\" content=\"image\/png\" \/>\n<meta name=\"twitter:card\" content=\"summary_large_image\" \/>\n<meta name=\"twitter:label1\" content=\"Tempo di lettura stimato\" \/>\n\t<meta name=\"twitter:data1\" content=\"1 minuto\" \/>\n<script type=\"application\/ld+json\" class=\"yoast-schema-graph\">{\"@context\":\"https:\/\/schema.org\",\"@graph\":[{\"@type\":\"WebPage\",\"@id\":\"https:\/\/jubile2025-fatima.org\/it\/strumenti-1-sabato\/\",\"url\":\"https:\/\/jubile2025-fatima.org\/it\/strumenti-1-sabato\/\",\"name\":\"Strumenti 1\u00b0 sabato - jubile2025-fatima.org\",\"isPartOf\":{\"@id\":\"https:\/\/jubile2025-fatima.org\/it\/#website\"},\"primaryImageOfPage\":{\"@id\":\"https:\/\/jubile2025-fatima.org\/it\/strumenti-1-sabato\/#primaryimage\"},\"image\":{\"@id\":\"https:\/\/jubile2025-fatima.org\/it\/strumenti-1-sabato\/#primaryimage\"},\"thumbnailUrl\":\"https:\/\/i0.wp.com\/jubile2025-fatima.org\/wp-content\/uploads\/2025\/01\/1logo-officiel-vecto-sombre.png?fit=1921%2C1081&ssl=1\",\"datePublished\":\"2025-02-17T12:07:32+00:00\",\"dateModified\":\"2025-02-26T12:25:46+00:00\",\"breadcrumb\":{\"@id\":\"https:\/\/jubile2025-fatima.org\/it\/strumenti-1-sabato\/#breadcrumb\"},\"inLanguage\":\"it-IT\",\"potentialAction\":[{\"@type\":\"ReadAction\",\"target\":[\"https:\/\/jubile2025-fatima.org\/it\/strumenti-1-sabato\/\"]}]},{\"@type\":\"ImageObject\",\"inLanguage\":\"it-IT\",\"@id\":\"https:\/\/jubile2025-fatima.org\/it\/strumenti-1-sabato\/#primaryimage\",\"url\":\"https:\/\/i0.wp.com\/jubile2025-fatima.org\/wp-content\/uploads\/2025\/01\/1logo-officiel-vecto-sombre.png?fit=1921%2C1081&ssl=1\",\"contentUrl\":\"https:\/\/i0.wp.com\/jubile2025-fatima.org\/wp-content\/uploads\/2025\/01\/1logo-officiel-vecto-sombre.png?fit=1921%2C1081&ssl=1\",\"width\":1921,\"height\":1081},{\"@type\":\"BreadcrumbList\",\"@id\":\"https:\/\/jubile2025-fatima.org\/it\/strumenti-1-sabato\/#breadcrumb\",\"itemListElement\":[{\"@type\":\"ListItem\",\"position\":1,\"name\":\"Casa\",\"item\":\"https:\/\/jubile2025-fatima.org\/it\/\"},{\"@type\":\"ListItem\",\"position\":2,\"name\":\"Strumenti 1\u00b0 sabato\"}]},{\"@type\":\"WebSite\",\"@id\":\"https:\/\/jubile2025-fatima.org\/it\/#website\",\"url\":\"https:\/\/jubile2025-fatima.org\/it\/\",\"name\":\"jubile2025-fatima.org\",\"description\":\"Giubileo 2025 Fatima - 1\u00b0 sabato di Fatima Alleanza per la pace\",\"publisher\":{\"@id\":\"https:\/\/jubile2025-fatima.org\/it\/#organization\"},\"potentialAction\":[{\"@type\":\"SearchAction\",\"target\":{\"@type\":\"EntryPoint\",\"urlTemplate\":\"https:\/\/jubile2025-fatima.org\/it\/?s={search_term_string}\"},\"query-input\":{\"@type\":\"PropertyValueSpecification\",\"valueRequired\":true,\"valueName\":\"search_term_string\"}}],\"inLanguage\":\"it-IT\"},{\"@type\":\"Organization\",\"@id\":\"https:\/\/jubile2025-fatima.org\/it\/#organization\",\"name\":\"giubileo2025-fatima.org\",\"url\":\"https:\/\/jubile2025-fatima.org\/it\/\",\"logo\":{\"@type\":\"ImageObject\",\"inLanguage\":\"it-IT\",\"@id\":\"https:\/\/jubile2025-fatima.org\/it\/#\/schema\/logo\/image\/\",\"url\":\"https:\/\/jubile2025-fatima.org\/wp-content\/uploads\/2024\/12\/2logo-officiel-copie-2.png\",\"contentUrl\":\"https:\/\/jubile2025-fatima.org\/wp-content\/uploads\/2024\/12\/2logo-officiel-copie-2.png\",\"width\":1921,\"height\":1081,\"caption\":\"giubileo2025-fatima.org\"},\"image\":{\"@id\":\"https:\/\/jubile2025-fatima.org\/it\/#\/schema\/logo\/image\/\"}}]}<\/script>\n<!-- \/ Yoast SEO plugin. -->","yoast_head_json":{"title":"Strumenti 1\u00b0 sabato - jubile2025-fatima.org","robots":{"index":"index","follow":"follow","max-snippet":"max-snippet:-1","max-image-preview":"max-image-preview:large","max-video-preview":"max-video-preview:-1"},"canonical":"https:\/\/jubile2025-fatima.org\/it\/strumenti-1-sabato\/","og_locale":"it_IT","og_type":"article","og_title":"Strumenti 1\u00b0 sabato - jubile2025-fatima.org","og_description":"Strumenti 1\u00b0 sabato 1- Riepilogo dei primi sabati 2- Come creare un gruppo il1\u00b0 sabato del mese 3- Cosa fare quando i sacerdoti e\/o le Messe sono disponibili 4- Come fare i primi sabati in modo indipendente e\/o se non pu\u00f2 viaggiare","og_url":"https:\/\/jubile2025-fatima.org\/it\/strumenti-1-sabato\/","og_site_name":"jubile2025-fatima.org","article_modified_time":"2025-02-26T12:25:46+00:00","og_image":[{"width":1921,"height":1081,"url":"https:\/\/jubile2025-fatima.org\/wp-content\/uploads\/2025\/01\/1logo-officiel-vecto-sombre.png","type":"image\/png"}],"twitter_card":"summary_large_image","twitter_misc":{"Tempo di lettura stimato":"1 minuto"},"schema":{"@context":"https:\/\/schema.org","@graph":[{"@type":"WebPage","@id":"https:\/\/jubile2025-fatima.org\/it\/strumenti-1-sabato\/","url":"https:\/\/jubile2025-fatima.org\/it\/strumenti-1-sabato\/","name":"Strumenti 1\u00b0 sabato - jubile2025-fatima.org","isPartOf":{"@id":"https:\/\/jubile2025-fatima.org\/it\/#website"},"primaryImageOfPage":{"@id":"https:\/\/jubile2025-fatima.org\/it\/strumenti-1-sabato\/#primaryimage"},"image":{"@id":"https:\/\/jubile2025-fatima.org\/it\/strumenti-1-sabato\/#primaryimage"},"thumbnailUrl":"https:\/\/i0.wp.com\/jubile2025-fatima.org\/wp-content\/uploads\/2025\/01\/1logo-officiel-vecto-sombre.png?fit=1921%2C1081&ssl=1","datePublished":"2025-02-17T12:07:32+00:00","dateModified":"2025-02-26T12:25:46+00:00","breadcrumb":{"@id":"https:\/\/jubile2025-fatima.org\/it\/strumenti-1-sabato\/#breadcrumb"},"inLanguage":"it-IT","potentialAction":[{"@type":"ReadAction","target":["https:\/\/jubile2025-fatima.org\/it\/strumenti-1-sabato\/"]}]},{"@type":"ImageObject","inLanguage":"it-IT","@id":"https:\/\/jubile2025-fatima.org\/it\/strumenti-1-sabato\/#primaryimage","url":"https:\/\/i0.wp.com\/jubile2025-fatima.org\/wp-content\/uploads\/2025\/01\/1logo-officiel-vecto-sombre.png?fit=1921%2C1081&ssl=1","contentUrl":"https:\/\/i0.wp.com\/jubile2025-fatima.org\/wp-content\/uploads\/2025\/01\/1logo-officiel-vecto-sombre.png?fit=1921%2C1081&ssl=1","width":1921,"height":1081},{"@type":"BreadcrumbList","@id":"https:\/\/jubile2025-fatima.org\/it\/strumenti-1-sabato\/#breadcrumb","itemListElement":[{"@type":"ListItem","position":1,"name":"Casa","item":"https:\/\/jubile2025-fatima.org\/it\/"},{"@type":"ListItem","position":2,"name":"Strumenti 1\u00b0 sabato"}]},{"@type":"WebSite","@id":"https:\/\/jubile2025-fatima.org\/it\/#website","url":"https:\/\/jubile2025-fatima.org\/it\/","name":"jubile2025-fatima.org","description":"Giubileo 2025 Fatima - 1\u00b0 sabato di Fatima Alleanza per la pace","publisher":{"@id":"https:\/\/jubile2025-fatima.org\/it\/#organization"},"potentialAction":[{"@type":"SearchAction","target":{"@type":"EntryPoint","urlTemplate":"https:\/\/jubile2025-fatima.org\/it\/?s={search_term_string}"},"query-input":{"@type":"PropertyValueSpecification","valueRequired":true,"valueName":"search_term_string"}}],"inLanguage":"it-IT"},{"@type":"Organization","@id":"https:\/\/jubile2025-fatima.org\/it\/#organization","name":"giubileo2025-fatima.org","url":"https:\/\/jubile2025-fatima.org\/it\/","logo":{"@type":"ImageObject","inLanguage":"it-IT","@id":"https:\/\/jubile2025-fatima.org\/it\/#\/schema\/logo\/image\/","url":"https:\/\/jubile2025-fatima.org\/wp-content\/uploads\/2024\/12\/2logo-officiel-copie-2.png","contentUrl":"https:\/\/jubile2025-fatima.org\/wp-content\/uploads\/2024\/12\/2logo-officiel-copie-2.png","width":1921,"height":1081,"caption":"giubileo2025-fatima.org"},"image":{"@id":"https:\/\/jubile2025-fatima.org\/it\/#\/schema\/logo\/image\/"}}]}},"jetpack_sharing_enabled":true,"jetpack-related-posts":[{"id":4250,"url":"https:\/\/jubile2025-fatima.org\/it\/strumenti-1-sabato\/creare-un-gruppo-il-primo-sabato-del-mese\/","url_meta":{"origin":4235,"position":0},"title":"Creare un gruppo il primo sabato del mese","author":"Agence Graphineo","date":"Febbraio 17, 2025","format":false,"excerpt":"1- Che cos'\u00e8 un gruppodel 1\u00b0 sabato del mese? Si tratta di un gruppo locale e autonomo di laici che si riunisce ogni 1\u00ba settembre.primo sabato del mese in una chiesa, cappella, comunit\u00e0, ecc. sabato del mese in una chiesa, cappella, comunit\u00e0, ecc. per realizzare la richiesta della Beata Vergine.\u2026","rel":"","context":"Articolo simile","block_context":{"text":"Articolo simile","link":""},"img":{"alt_text":"","src":"https:\/\/i0.wp.com\/jubile2025-fatima.org\/wp-content\/uploads\/2025\/01\/1logo-officiel-vecto-sombre.png?fit=1200%2C675&ssl=1&resize=350%2C200","width":350,"height":200,"srcset":"https:\/\/i0.wp.com\/jubile2025-fatima.org\/wp-content\/uploads\/2025\/01\/1logo-officiel-vecto-sombre.png?fit=1200%2C675&ssl=1&resize=350%2C200 1x, https:\/\/i0.wp.com\/jubile2025-fatima.org\/wp-content\/uploads\/2025\/01\/1logo-officiel-vecto-sombre.png?fit=1200%2C675&ssl=1&resize=525%2C300 1.5x, https:\/\/i0.wp.com\/jubile2025-fatima.org\/wp-content\/uploads\/2025\/01\/1logo-officiel-vecto-sombre.png?fit=1200%2C675&ssl=1&resize=700%2C400 2x, https:\/\/i0.wp.com\/jubile2025-fatima.org\/wp-content\/uploads\/2025\/01\/1logo-officiel-vecto-sombre.png?fit=1200%2C675&ssl=1&resize=1050%2C600 3x"},"classes":[]},{"id":4239,"url":"https:\/\/jubile2025-fatima.org\/it\/strumenti-1-sabato\/ospitare-sacerdoti-e-o-messe\/","url_meta":{"origin":4235,"position":1},"title":"Ospitare sacerdoti e\/o messe","author":"Agence Graphineo","date":"Febbraio 17, 2025","format":false,"excerpt":"Cosa fare in base alla disponibilit\u00e0 del sacerdote e\/o delle Messe Situazione 1: C'\u00e8 gi\u00e0 una messa del sabato mattina vicino a lei. Ci sono due scenari possibili: a) Il sacerdote sta gi\u00e0 organizzando il devozionale del 1\u00b0 sabato (in tutto o in parte) o \u00e8 interessato a iniziarne uno.\u2026","rel":"","context":"Articolo simile","block_context":{"text":"Articolo simile","link":""},"img":{"alt_text":"","src":"https:\/\/i0.wp.com\/jubile2025-fatima.org\/wp-content\/uploads\/2025\/01\/1logo-officiel-vecto-sombre.png?fit=1200%2C675&ssl=1&resize=350%2C200","width":350,"height":200,"srcset":"https:\/\/i0.wp.com\/jubile2025-fatima.org\/wp-content\/uploads\/2025\/01\/1logo-officiel-vecto-sombre.png?fit=1200%2C675&ssl=1&resize=350%2C200 1x, https:\/\/i0.wp.com\/jubile2025-fatima.org\/wp-content\/uploads\/2025\/01\/1logo-officiel-vecto-sombre.png?fit=1200%2C675&ssl=1&resize=525%2C300 1.5x, https:\/\/i0.wp.com\/jubile2025-fatima.org\/wp-content\/uploads\/2025\/01\/1logo-officiel-vecto-sombre.png?fit=1200%2C675&ssl=1&resize=700%2C400 2x, https:\/\/i0.wp.com\/jubile2025-fatima.org\/wp-content\/uploads\/2025\/01\/1logo-officiel-vecto-sombre.png?fit=1200%2C675&ssl=1&resize=1050%2C600 3x"},"classes":[]},{"id":4243,"url":"https:\/\/jubile2025-fatima.org\/it\/strumenti-1-sabato\/riepilogo-dei-primi-sabati\/","url_meta":{"origin":4235,"position":2},"title":"Riepilogo dei primi sabati","author":"Agence Graphineo","date":"Febbraio 17, 2025","format":false,"excerpt":"1- Informazioni di base su Fatima Il 13 luglio 1917 a Fatima, Nostra Signora annunci\u00f2 che, oltre al Rosario, sarebbe venuta a chiedere una futura devozione per la pace: \"Per prevenire la guerra verr\u00f2 chieder\u00f2 la consacrazione della Russia al mio Cuore Immacolato e la la Comunione riparatrice nei primi\u2026","rel":"","context":"Articolo simile","block_context":{"text":"Articolo simile","link":""},"img":{"alt_text":"","src":"https:\/\/i0.wp.com\/jubile2025-fatima.org\/wp-content\/uploads\/2025\/01\/1logo-officiel-vecto-sombre.png?fit=1200%2C675&ssl=1&resize=350%2C200","width":350,"height":200,"srcset":"https:\/\/i0.wp.com\/jubile2025-fatima.org\/wp-content\/uploads\/2025\/01\/1logo-officiel-vecto-sombre.png?fit=1200%2C675&ssl=1&resize=350%2C200 1x, https:\/\/i0.wp.com\/jubile2025-fatima.org\/wp-content\/uploads\/2025\/01\/1logo-officiel-vecto-sombre.png?fit=1200%2C675&ssl=1&resize=525%2C300 1.5x, https:\/\/i0.wp.com\/jubile2025-fatima.org\/wp-content\/uploads\/2025\/01\/1logo-officiel-vecto-sombre.png?fit=1200%2C675&ssl=1&resize=700%2C400 2x, https:\/\/i0.wp.com\/jubile2025-fatima.org\/wp-content\/uploads\/2025\/01\/1logo-officiel-vecto-sombre.png?fit=1200%2C675&ssl=1&resize=1050%2C600 3x"},"classes":[]},{"id":4246,"url":"https:\/\/jubile2025-fatima.org\/it\/strumenti-1-sabato\/come-realizzare-i-primi-sabati\/","url_meta":{"origin":4235,"position":3},"title":"Come realizzare i primi sabati","author":"Agence Graphineo","date":"Febbraio 17, 2025","format":false,"excerpt":"Effettuare il1\u00b0 sabato in modo indipendente o se non \u00e8 in grado di viaggiare 1\/ Eseguire i primi sabati in modo indipendente Naturalmente, \u00e8 possibile svolgere i primi sabati da soli, senza far parte di un gruppo (perch\u00e9 non c'\u00e8 un gruppo nelle vicinanze, perch\u00e9 non vuole crearne uno o\u2026","rel":"","context":"Articolo simile","block_context":{"text":"Articolo simile","link":""},"img":{"alt_text":"","src":"https:\/\/i0.wp.com\/jubile2025-fatima.org\/wp-content\/uploads\/2025\/01\/1logo-officiel-vecto-sombre.png?fit=1200%2C675&ssl=1&resize=350%2C200","width":350,"height":200,"srcset":"https:\/\/i0.wp.com\/jubile2025-fatima.org\/wp-content\/uploads\/2025\/01\/1logo-officiel-vecto-sombre.png?fit=1200%2C675&ssl=1&resize=350%2C200 1x, https:\/\/i0.wp.com\/jubile2025-fatima.org\/wp-content\/uploads\/2025\/01\/1logo-officiel-vecto-sombre.png?fit=1200%2C675&ssl=1&resize=525%2C300 1.5x, https:\/\/i0.wp.com\/jubile2025-fatima.org\/wp-content\/uploads\/2025\/01\/1logo-officiel-vecto-sombre.png?fit=1200%2C675&ssl=1&resize=700%2C400 2x, https:\/\/i0.wp.com\/jubile2025-fatima.org\/wp-content\/uploads\/2025\/01\/1logo-officiel-vecto-sombre.png?fit=1200%2C675&ssl=1&resize=1050%2C600 3x"},"classes":[]},{"id":2571,"url":"https:\/\/jubile2025-fatima.org\/it\/creare-un-gruppo\/","url_meta":{"origin":4235,"position":4},"title":"Creare un gruppo","author":"Agence Graphineo","date":"Gennaio 14, 2025","format":false,"excerpt":"Creare un gruppo del 1\u00b0 sabato del mese vicino a lei I gruppi locali stanno sorgendo ovunque per celebrare i primi sabati e si stanno unendo all'interno dell'Alleanza di Fatima per la Pace. Rispettiamo e proteggiamo la privacy di tutti. Ecco perch\u00e9 prendiamo solo il suo indirizzo e-mail come dato\u2026","rel":"","context":"Articolo simile","block_context":{"text":"Articolo simile","link":""},"img":{"alt_text":"","src":"https:\/\/i0.wp.com\/jubile2025-fatima.org\/wp-content\/uploads\/2025\/01\/1logo-officiel-vecto-sombre.png?fit=1200%2C675&ssl=1&resize=350%2C200","width":350,"height":200,"srcset":"https:\/\/i0.wp.com\/jubile2025-fatima.org\/wp-content\/uploads\/2025\/01\/1logo-officiel-vecto-sombre.png?fit=1200%2C675&ssl=1&resize=350%2C200 1x, https:\/\/i0.wp.com\/jubile2025-fatima.org\/wp-content\/uploads\/2025\/01\/1logo-officiel-vecto-sombre.png?fit=1200%2C675&ssl=1&resize=525%2C300 1.5x, https:\/\/i0.wp.com\/jubile2025-fatima.org\/wp-content\/uploads\/2025\/01\/1logo-officiel-vecto-sombre.png?fit=1200%2C675&ssl=1&resize=700%2C400 2x, https:\/\/i0.wp.com\/jubile2025-fatima.org\/wp-content\/uploads\/2025\/01\/1logo-officiel-vecto-sombre.png?fit=1200%2C675&ssl=1&resize=1050%2C600 3x"},"classes":[]},{"id":2446,"url":"https:\/\/jubile2025-fatima.org\/it\/lalleanza\/","url_meta":{"origin":4235,"position":5},"title":"1\u00b0 sabato","author":"Agence Graphineo","date":"Dicembre 17, 2024","format":false,"excerpt":"I primi sabati dell'Alleanza di Fatima Perch\u00e9 impegnarsi per il 1\u00b0 sabato Comprendere l'urgenza dei primi sabati di Fatima La richiesta di Nostra Signora \"Per evitare la guerra, verr\u00f2 a chiedere la consacrazione della Russia al mio Cuore Immacolato e la Comunione riparatrice nei primi sabati\". Nel 1939, Suor Lucia\u2026","rel":"","context":"Articolo simile","block_context":{"text":"Articolo simile","link":""},"img":{"alt_text":"","src":"https:\/\/i0.wp.com\/jubile2025-fatima.org\/wp-content\/uploads\/2024\/12\/80681222.jpeg?fit=1200%2C671&ssl=1&resize=350%2C200","width":350,"height":200,"srcset":"https:\/\/i0.wp.com\/jubile2025-fatima.org\/wp-content\/uploads\/2024\/12\/80681222.jpeg?fit=1200%2C671&ssl=1&resize=350%2C200 1x, https:\/\/i0.wp.com\/jubile2025-fatima.org\/wp-content\/uploads\/2024\/12\/80681222.jpeg?fit=1200%2C671&ssl=1&resize=525%2C300 1.5x, https:\/\/i0.wp.com\/jubile2025-fatima.org\/wp-content\/uploads\/2024\/12\/80681222.jpeg?fit=1200%2C671&ssl=1&resize=700%2C400 2x, https:\/\/i0.wp.com\/jubile2025-fatima.org\/wp-content\/uploads\/2024\/12\/80681222.jpeg?fit=1200%2C671&ssl=1&resize=1050%2C600 3x"},"classes":[]}],"mfb_rest_fields":["title","yoast_head","yoast_head_json","jetpack_sharing_enabled","jetpack-related-posts"],"_links":{"self":[{"href":"https:\/\/jubile2025-fatima.org\/it\/wp-json\/wp\/v2\/pages\/4235","targetHints":{"allow":["GET"]}}],"collection":[{"href":"https:\/\/jubile2025-fatima.org\/it\/wp-json\/wp\/v2\/pages"}],"about":[{"href":"https:\/\/jubile2025-fatima.org\/it\/wp-json\/wp\/v2\/types\/page"}],"author":[{"embeddable":true,"href":"https:\/\/jubile2025-fatima.org\/it\/wp-json\/wp\/v2\/users\/2"}],"replies":[{"embeddable":true,"href":"https:\/\/jubile2025-fatima.org\/it\/wp-json\/wp\/v2\/comments?post=4235"}],"version-history":[{"count":2,"href":"https:\/\/jubile2025-fatima.org\/it\/wp-json\/wp\/v2\/pages\/4235\/revisions"}],"predecessor-version":[{"id":4824,"href":"https:\/\/jubile2025-fatima.org\/it\/wp-json\/wp\/v2\/pages\/4235\/revisions\/4824"}],"wp:featuredmedia":[{"embeddable":true,"href":"https:\/\/jubile2025-fatima.org\/it\/wp-json\/wp\/v2\/media\/2019"}],"wp:attachment":[{"href":"https:\/\/jubile2025-fatima.org\/it\/wp-json\/wp\/v2\/media?parent=4235"}],"curies":[{"name":"wp","href":"https:\/\/api.w.org\/{rel}","templated":true}]}}