{"id":4239,"date":"2025-02-17T13:03:43","date_gmt":"2025-02-17T13:03:43","guid":{"rendered":"https:\/\/jubile2025-fatima.org\/strumenti-1-sabato\/ospitare-sacerdoti-e-o-messe\/"},"modified":"2025-02-27T15:20:18","modified_gmt":"2025-02-27T15:20:18","slug":"ospitare-sacerdoti-e-o-messe","status":"publish","type":"page","link":"https:\/\/jubile2025-fatima.org\/it\/strumenti-1-sabato\/ospitare-sacerdoti-e-o-messe\/","title":{"rendered":"Ospitare sacerdoti e\/o messe"},"content":{"rendered":"\n<p>Cosa fare in base alla disponibilit\u00e0 del sacerdote e\/o delle Messe<\/p>\n\n<h3 class=\"wp-block-heading\">Situazione 1: C&#8217;\u00e8 gi\u00e0 una messa del sabato mattina vicino a lei.<\/h3>\n\n<p><strong>Ci sono due scenari possibili:<\/strong><\/p>\n\n<p>a) Il sacerdote sta gi\u00e0 organizzando il devozionale del 1\u00b0 sabato (in tutto o in parte) o \u00e8 interessato a iniziarne uno. Questo \u00e8 l&#8217;ideale! Verifichi che la richiesta alla Madonna sia stata fatta <strong>in modo completo<\/strong> (spesso manca la meditazione). Li aiuti a rendere solenni questi <sup>primi<\/sup> sabati con, se possibile, una statua della Madonna al posto d&#8217;onore, canti, ecc. Veda se \u00e8 possibile annunciare il<sup>1\u00b0<\/sup> sabato la domenica precedente, affiggere un manifesto in chiesa, nel bollettino parrocchiale, ecc.    <\/p>\n\n<p>b) Il sacerdote non \u00e8 interessato: rimaniamo nell&#8217;ambito del suo normale ministero per ricevere la comunione durante la sua Messa del sabato mattina. Poi i membri del gruppo <sup>del 1\u00b0<\/sup> sabato si organizzano per fare i 15 minuti di meditazione e recitare il rosario prima o dopo la Messa (coordinati in modo da non interferire con altre attivit\u00e0).    <\/p>\n\n<h3 class=\"wp-block-heading\">Situazione 2: Non c&#8217;\u00e8 una messa del sabato mattina vicino a lei.<\/h3>\n\n<p>a) Cerchi di <strong>trovare un sacerdote <\/strong>(parroco, familiare, amico, comunit\u00e0, ecc.) che sia disposto a celebrare la Messa il <sup>1\u00b0 <\/sup>sabato del mese, al mattino. Se ne trova uno, funziona come nella situazione precedente (1a). <\/p>\n\n<p>b) Se non \u00e8 possibile avere una Messa il sabato mattina, allora utilizzi la Messa anticipata<sup>(1)<\/sup> della sera per fare la Comunione senza dimenticare l <strong>&#8216;intenzione della 1<\/strong><strong><sup>primo del mese<\/sup><\/strong><strong> del mese di fare riparazione per le offese commesse contro la Beata Vergine.<\/strong> Se possibile, pianifichi il rosario e la meditazione prima\/dopo la Messa serale, in modo da non dover andare due volte, o in un altro momento della giornata.<\/p>\n\n<p><em>Nota 1: questa Messa non viene utilizzata come Messa anticipata e deve essere celebrata la domenica (a meno che non possa partecipare la domenica per cause di forza maggiore).<\/em><\/p>\n\n<p><em>Nota 2: Se non ha molto tempo a disposizione, non \u00e8 necessario partecipare alla &#8220;Liturgia della Parola&#8221;, poich\u00e9 verr\u00e0 comunque celebrata durante la Messa della domenica successiva. \u00c8 quindi possibile arrivare solo per l&#8217;offertorio e per fare la comunione. <\/em><\/p>\n\n<h3 class=\"wp-block-heading\">Situazione 3: Non c&#8217;\u00e8 una messa del sabato nelle sue vicinanze  <\/h3>\n\n<p>Questo pu\u00f2 accadere, soprattutto in campagna. Cristo stesso rispose a questa domanda postagli da Suor Lucia e spieg\u00f2 <strong>che se era totalmente impossibile ricevere la Santa Comunione<\/strong> il sabato, allora la Comunione domenicale <strong>era valida<\/strong> a condizione che 1\/ si <strong>ricevesse la Santa Comunione in riparazione per le offese<\/strong> commesse contro la Beata Vergine e 2\/ si informasse il sacerdote in anticipo che si sarebbe ricevuta la Santa Comunione il<sup>primo<\/sup> sabato. Le altre richieste (rosario e 15 minuti di meditazione) devono essere fatte il sabato.  <\/p>\n\n<h3 class=\"wp-block-heading\">Situazione 4: Non c&#8217;\u00e8 alcuna possibilit\u00e0 di celebrare la Messa (zona molto isolata, persecuzione).<\/h3>\n\n<p>In questo caso, si riunisca in una chiesa, in una cappella o anche in un luogo privato per recitare il rosario e fare i 15 minuti di meditazione (individualmente o in gruppo, a seconda della situazione). Poi, invece di confessarsi, esamini la sua coscienza e chieda a Dio il perdono dei suoi peccati recitando il suo atto di contrizione. Poi faccia una <strong>comunione spirituale<\/strong>. (Vedere la scheda 4 del caso isolato)   <\/p>\n","protected":false},"excerpt":{"rendered":"<p>Cosa fare in base alla disponibilit\u00e0 del sacerdote e\/o delle Messe Situazione 1: C&#8217;\u00e8 gi\u00e0 una messa del sabato mattina vicino a lei. Ci sono due scenari possibili: a) Il sacerdote sta gi\u00e0 organizzando il devozionale del 1\u00b0 sabato (in tutto o in parte) o \u00e8 interessato a iniziarne uno. Questo \u00e8 l&#8217;ideale! Verifichi che [&hellip;]<\/p>\n","protected":false},"author":2,"featured_media":2019,"parent":4235,"menu_order":0,"comment_status":"closed","ping_status":"closed","template":"page-with-sidebar","meta":{"inline_featured_image":false,"footnotes":""},"class_list":["post-4239","page","type-page","status-publish","has-post-thumbnail","hentry"],"mb":[],"yoast_head":"<!-- This site is optimized with the Yoast SEO plugin v26.4 - https:\/\/yoast.com\/wordpress\/plugins\/seo\/ -->\n<title>Ospitare sacerdoti e\/o messe - jubile2025-fatima.org<\/title>\n<meta name=\"robots\" content=\"index, follow, max-snippet:-1, max-image-preview:large, max-video-preview:-1\" \/>\n<link rel=\"canonical\" href=\"https:\/\/jubile2025-fatima.org\/it\/strumenti-1-sabato\/ospitare-sacerdoti-e-o-messe\/\" \/>\n<meta property=\"og:locale\" content=\"it_IT\" \/>\n<meta property=\"og:type\" content=\"article\" \/>\n<meta property=\"og:title\" content=\"Ospitare sacerdoti e\/o messe - jubile2025-fatima.org\" \/>\n<meta property=\"og:description\" content=\"Cosa fare in base alla disponibilit\u00e0 del sacerdote e\/o delle Messe Situazione 1: C&#8217;\u00e8 gi\u00e0 una messa del sabato mattina vicino a lei. Ci sono due scenari possibili: a) Il sacerdote sta gi\u00e0 organizzando il devozionale del 1\u00b0 sabato (in tutto o in parte) o \u00e8 interessato a iniziarne uno. Questo \u00e8 l&#8217;ideale! Verifichi che [&hellip;]\" \/>\n<meta property=\"og:url\" content=\"https:\/\/jubile2025-fatima.org\/it\/strumenti-1-sabato\/ospitare-sacerdoti-e-o-messe\/\" \/>\n<meta property=\"og:site_name\" content=\"jubile2025-fatima.org\" \/>\n<meta property=\"article:modified_time\" content=\"2025-02-27T15:20:18+00:00\" \/>\n<meta property=\"og:image\" content=\"https:\/\/jubile2025-fatima.org\/wp-content\/uploads\/2025\/01\/1logo-officiel-vecto-sombre.png\" \/>\n\t<meta property=\"og:image:width\" content=\"1921\" \/>\n\t<meta property=\"og:image:height\" content=\"1081\" \/>\n\t<meta property=\"og:image:type\" content=\"image\/png\" \/>\n<meta name=\"twitter:card\" content=\"summary_large_image\" \/>\n<meta name=\"twitter:label1\" content=\"Tempo di lettura stimato\" \/>\n\t<meta name=\"twitter:data1\" content=\"3 minuti\" \/>\n<script type=\"application\/ld+json\" class=\"yoast-schema-graph\">{\"@context\":\"https:\/\/schema.org\",\"@graph\":[{\"@type\":\"WebPage\",\"@id\":\"https:\/\/jubile2025-fatima.org\/it\/strumenti-1-sabato\/ospitare-sacerdoti-e-o-messe\/\",\"url\":\"https:\/\/jubile2025-fatima.org\/it\/strumenti-1-sabato\/ospitare-sacerdoti-e-o-messe\/\",\"name\":\"Ospitare sacerdoti e\/o messe - jubile2025-fatima.org\",\"isPartOf\":{\"@id\":\"https:\/\/jubile2025-fatima.org\/it\/#website\"},\"primaryImageOfPage\":{\"@id\":\"https:\/\/jubile2025-fatima.org\/it\/strumenti-1-sabato\/ospitare-sacerdoti-e-o-messe\/#primaryimage\"},\"image\":{\"@id\":\"https:\/\/jubile2025-fatima.org\/it\/strumenti-1-sabato\/ospitare-sacerdoti-e-o-messe\/#primaryimage\"},\"thumbnailUrl\":\"https:\/\/i0.wp.com\/jubile2025-fatima.org\/wp-content\/uploads\/2025\/01\/1logo-officiel-vecto-sombre.png?fit=1921%2C1081&ssl=1\",\"datePublished\":\"2025-02-17T13:03:43+00:00\",\"dateModified\":\"2025-02-27T15:20:18+00:00\",\"breadcrumb\":{\"@id\":\"https:\/\/jubile2025-fatima.org\/it\/strumenti-1-sabato\/ospitare-sacerdoti-e-o-messe\/#breadcrumb\"},\"inLanguage\":\"it-IT\",\"potentialAction\":[{\"@type\":\"ReadAction\",\"target\":[\"https:\/\/jubile2025-fatima.org\/it\/strumenti-1-sabato\/ospitare-sacerdoti-e-o-messe\/\"]}]},{\"@type\":\"ImageObject\",\"inLanguage\":\"it-IT\",\"@id\":\"https:\/\/jubile2025-fatima.org\/it\/strumenti-1-sabato\/ospitare-sacerdoti-e-o-messe\/#primaryimage\",\"url\":\"https:\/\/i0.wp.com\/jubile2025-fatima.org\/wp-content\/uploads\/2025\/01\/1logo-officiel-vecto-sombre.png?fit=1921%2C1081&ssl=1\",\"contentUrl\":\"https:\/\/i0.wp.com\/jubile2025-fatima.org\/wp-content\/uploads\/2025\/01\/1logo-officiel-vecto-sombre.png?fit=1921%2C1081&ssl=1\",\"width\":1921,\"height\":1081},{\"@type\":\"BreadcrumbList\",\"@id\":\"https:\/\/jubile2025-fatima.org\/it\/strumenti-1-sabato\/ospitare-sacerdoti-e-o-messe\/#breadcrumb\",\"itemListElement\":[{\"@type\":\"ListItem\",\"position\":1,\"name\":\"Casa\",\"item\":\"https:\/\/jubile2025-fatima.org\/it\/\"},{\"@type\":\"ListItem\",\"position\":2,\"name\":\"Strumenti 1\u00b0 sabato\",\"item\":\"https:\/\/jubile2025-fatima.org\/it\/strumenti-1-sabato\/\"},{\"@type\":\"ListItem\",\"position\":3,\"name\":\"Ospitare sacerdoti e\/o messe\"}]},{\"@type\":\"WebSite\",\"@id\":\"https:\/\/jubile2025-fatima.org\/it\/#website\",\"url\":\"https:\/\/jubile2025-fatima.org\/it\/\",\"name\":\"jubile2025-fatima.org\",\"description\":\"Giubileo 2025 Fatima - 1\u00b0 sabato di Fatima Alleanza per la pace\",\"publisher\":{\"@id\":\"https:\/\/jubile2025-fatima.org\/it\/#organization\"},\"potentialAction\":[{\"@type\":\"SearchAction\",\"target\":{\"@type\":\"EntryPoint\",\"urlTemplate\":\"https:\/\/jubile2025-fatima.org\/it\/?s={search_term_string}\"},\"query-input\":{\"@type\":\"PropertyValueSpecification\",\"valueRequired\":true,\"valueName\":\"search_term_string\"}}],\"inLanguage\":\"it-IT\"},{\"@type\":\"Organization\",\"@id\":\"https:\/\/jubile2025-fatima.org\/it\/#organization\",\"name\":\"giubileo2025-fatima.org\",\"url\":\"https:\/\/jubile2025-fatima.org\/it\/\",\"logo\":{\"@type\":\"ImageObject\",\"inLanguage\":\"it-IT\",\"@id\":\"https:\/\/jubile2025-fatima.org\/it\/#\/schema\/logo\/image\/\",\"url\":\"https:\/\/jubile2025-fatima.org\/wp-content\/uploads\/2024\/12\/2logo-officiel-copie-2.png\",\"contentUrl\":\"https:\/\/jubile2025-fatima.org\/wp-content\/uploads\/2024\/12\/2logo-officiel-copie-2.png\",\"width\":1921,\"height\":1081,\"caption\":\"giubileo2025-fatima.org\"},\"image\":{\"@id\":\"https:\/\/jubile2025-fatima.org\/it\/#\/schema\/logo\/image\/\"}}]}<\/script>\n<!-- \/ Yoast SEO plugin. -->","yoast_head_json":{"title":"Ospitare sacerdoti e\/o messe - jubile2025-fatima.org","robots":{"index":"index","follow":"follow","max-snippet":"max-snippet:-1","max-image-preview":"max-image-preview:large","max-video-preview":"max-video-preview:-1"},"canonical":"https:\/\/jubile2025-fatima.org\/it\/strumenti-1-sabato\/ospitare-sacerdoti-e-o-messe\/","og_locale":"it_IT","og_type":"article","og_title":"Ospitare sacerdoti e\/o messe - jubile2025-fatima.org","og_description":"Cosa fare in base alla disponibilit\u00e0 del sacerdote e\/o delle Messe Situazione 1: C&#8217;\u00e8 gi\u00e0 una messa del sabato mattina vicino a lei. Ci sono due scenari possibili: a) Il sacerdote sta gi\u00e0 organizzando il devozionale del 1\u00b0 sabato (in tutto o in parte) o \u00e8 interessato a iniziarne uno. Questo \u00e8 l&#8217;ideale! Verifichi che [&hellip;]","og_url":"https:\/\/jubile2025-fatima.org\/it\/strumenti-1-sabato\/ospitare-sacerdoti-e-o-messe\/","og_site_name":"jubile2025-fatima.org","article_modified_time":"2025-02-27T15:20:18+00:00","og_image":[{"width":1921,"height":1081,"url":"https:\/\/jubile2025-fatima.org\/wp-content\/uploads\/2025\/01\/1logo-officiel-vecto-sombre.png","type":"image\/png"}],"twitter_card":"summary_large_image","twitter_misc":{"Tempo di lettura stimato":"3 minuti"},"schema":{"@context":"https:\/\/schema.org","@graph":[{"@type":"WebPage","@id":"https:\/\/jubile2025-fatima.org\/it\/strumenti-1-sabato\/ospitare-sacerdoti-e-o-messe\/","url":"https:\/\/jubile2025-fatima.org\/it\/strumenti-1-sabato\/ospitare-sacerdoti-e-o-messe\/","name":"Ospitare sacerdoti e\/o messe - jubile2025-fatima.org","isPartOf":{"@id":"https:\/\/jubile2025-fatima.org\/it\/#website"},"primaryImageOfPage":{"@id":"https:\/\/jubile2025-fatima.org\/it\/strumenti-1-sabato\/ospitare-sacerdoti-e-o-messe\/#primaryimage"},"image":{"@id":"https:\/\/jubile2025-fatima.org\/it\/strumenti-1-sabato\/ospitare-sacerdoti-e-o-messe\/#primaryimage"},"thumbnailUrl":"https:\/\/i0.wp.com\/jubile2025-fatima.org\/wp-content\/uploads\/2025\/01\/1logo-officiel-vecto-sombre.png?fit=1921%2C1081&ssl=1","datePublished":"2025-02-17T13:03:43+00:00","dateModified":"2025-02-27T15:20:18+00:00","breadcrumb":{"@id":"https:\/\/jubile2025-fatima.org\/it\/strumenti-1-sabato\/ospitare-sacerdoti-e-o-messe\/#breadcrumb"},"inLanguage":"it-IT","potentialAction":[{"@type":"ReadAction","target":["https:\/\/jubile2025-fatima.org\/it\/strumenti-1-sabato\/ospitare-sacerdoti-e-o-messe\/"]}]},{"@type":"ImageObject","inLanguage":"it-IT","@id":"https:\/\/jubile2025-fatima.org\/it\/strumenti-1-sabato\/ospitare-sacerdoti-e-o-messe\/#primaryimage","url":"https:\/\/i0.wp.com\/jubile2025-fatima.org\/wp-content\/uploads\/2025\/01\/1logo-officiel-vecto-sombre.png?fit=1921%2C1081&ssl=1","contentUrl":"https:\/\/i0.wp.com\/jubile2025-fatima.org\/wp-content\/uploads\/2025\/01\/1logo-officiel-vecto-sombre.png?fit=1921%2C1081&ssl=1","width":1921,"height":1081},{"@type":"BreadcrumbList","@id":"https:\/\/jubile2025-fatima.org\/it\/strumenti-1-sabato\/ospitare-sacerdoti-e-o-messe\/#breadcrumb","itemListElement":[{"@type":"ListItem","position":1,"name":"Casa","item":"https:\/\/jubile2025-fatima.org\/it\/"},{"@type":"ListItem","position":2,"name":"Strumenti 1\u00b0 sabato","item":"https:\/\/jubile2025-fatima.org\/it\/strumenti-1-sabato\/"},{"@type":"ListItem","position":3,"name":"Ospitare sacerdoti e\/o messe"}]},{"@type":"WebSite","@id":"https:\/\/jubile2025-fatima.org\/it\/#website","url":"https:\/\/jubile2025-fatima.org\/it\/","name":"jubile2025-fatima.org","description":"Giubileo 2025 Fatima - 1\u00b0 sabato di Fatima Alleanza per la pace","publisher":{"@id":"https:\/\/jubile2025-fatima.org\/it\/#organization"},"potentialAction":[{"@type":"SearchAction","target":{"@type":"EntryPoint","urlTemplate":"https:\/\/jubile2025-fatima.org\/it\/?s={search_term_string}"},"query-input":{"@type":"PropertyValueSpecification","valueRequired":true,"valueName":"search_term_string"}}],"inLanguage":"it-IT"},{"@type":"Organization","@id":"https:\/\/jubile2025-fatima.org\/it\/#organization","name":"giubileo2025-fatima.org","url":"https:\/\/jubile2025-fatima.org\/it\/","logo":{"@type":"ImageObject","inLanguage":"it-IT","@id":"https:\/\/jubile2025-fatima.org\/it\/#\/schema\/logo\/image\/","url":"https:\/\/jubile2025-fatima.org\/wp-content\/uploads\/2024\/12\/2logo-officiel-copie-2.png","contentUrl":"https:\/\/jubile2025-fatima.org\/wp-content\/uploads\/2024\/12\/2logo-officiel-copie-2.png","width":1921,"height":1081,"caption":"giubileo2025-fatima.org"},"image":{"@id":"https:\/\/jubile2025-fatima.org\/it\/#\/schema\/logo\/image\/"}}]}},"jetpack_sharing_enabled":true,"jetpack-related-posts":[{"id":4235,"url":"https:\/\/jubile2025-fatima.org\/it\/strumenti-1-sabato\/","url_meta":{"origin":4239,"position":0},"title":"Strumenti 1\u00b0 sabato","author":"Agence Graphineo","date":"Febbraio 17, 2025","format":false,"excerpt":"Strumenti 1\u00b0 sabato 1- Riepilogo dei primi sabati Vai alla pagina 2- Come creare un gruppo il1\u00b0 sabato del mese Vai alla pagina 3- Cosa fare quando i sacerdoti e\/o le Messe sono disponibili Vai alla pagina 4- Come fare i primi sabati in modo indipendente e\/o se non pu\u00f2\u2026","rel":"","context":"Articolo simile","block_context":{"text":"Articolo simile","link":""},"img":{"alt_text":"","src":"https:\/\/i0.wp.com\/jubile2025-fatima.org\/wp-content\/uploads\/2025\/01\/1logo-officiel-vecto-sombre.png?fit=1200%2C675&ssl=1&resize=350%2C200","width":350,"height":200,"srcset":"https:\/\/i0.wp.com\/jubile2025-fatima.org\/wp-content\/uploads\/2025\/01\/1logo-officiel-vecto-sombre.png?fit=1200%2C675&ssl=1&resize=350%2C200 1x, https:\/\/i0.wp.com\/jubile2025-fatima.org\/wp-content\/uploads\/2025\/01\/1logo-officiel-vecto-sombre.png?fit=1200%2C675&ssl=1&resize=525%2C300 1.5x, https:\/\/i0.wp.com\/jubile2025-fatima.org\/wp-content\/uploads\/2025\/01\/1logo-officiel-vecto-sombre.png?fit=1200%2C675&ssl=1&resize=700%2C400 2x, https:\/\/i0.wp.com\/jubile2025-fatima.org\/wp-content\/uploads\/2025\/01\/1logo-officiel-vecto-sombre.png?fit=1200%2C675&ssl=1&resize=1050%2C600 3x"},"classes":[]},{"id":4250,"url":"https:\/\/jubile2025-fatima.org\/it\/strumenti-1-sabato\/creare-un-gruppo-il-primo-sabato-del-mese\/","url_meta":{"origin":4239,"position":1},"title":"Creare un gruppo il primo sabato del mese","author":"Agence Graphineo","date":"Febbraio 17, 2025","format":false,"excerpt":"1- Che cos'\u00e8 un gruppodel 1\u00b0 sabato del mese? Si tratta di un gruppo locale e autonomo di laici che si riunisce ogni 1\u00ba settembre.primo sabato del mese in una chiesa, cappella, comunit\u00e0, ecc. sabato del mese in una chiesa, cappella, comunit\u00e0, ecc. per realizzare la richiesta della Beata Vergine.\u2026","rel":"","context":"Articolo simile","block_context":{"text":"Articolo simile","link":""},"img":{"alt_text":"","src":"https:\/\/i0.wp.com\/jubile2025-fatima.org\/wp-content\/uploads\/2025\/01\/1logo-officiel-vecto-sombre.png?fit=1200%2C675&ssl=1&resize=350%2C200","width":350,"height":200,"srcset":"https:\/\/i0.wp.com\/jubile2025-fatima.org\/wp-content\/uploads\/2025\/01\/1logo-officiel-vecto-sombre.png?fit=1200%2C675&ssl=1&resize=350%2C200 1x, https:\/\/i0.wp.com\/jubile2025-fatima.org\/wp-content\/uploads\/2025\/01\/1logo-officiel-vecto-sombre.png?fit=1200%2C675&ssl=1&resize=525%2C300 1.5x, https:\/\/i0.wp.com\/jubile2025-fatima.org\/wp-content\/uploads\/2025\/01\/1logo-officiel-vecto-sombre.png?fit=1200%2C675&ssl=1&resize=700%2C400 2x, https:\/\/i0.wp.com\/jubile2025-fatima.org\/wp-content\/uploads\/2025\/01\/1logo-officiel-vecto-sombre.png?fit=1200%2C675&ssl=1&resize=1050%2C600 3x"},"classes":[]},{"id":4246,"url":"https:\/\/jubile2025-fatima.org\/it\/strumenti-1-sabato\/come-realizzare-i-primi-sabati\/","url_meta":{"origin":4239,"position":2},"title":"Come realizzare i primi sabati","author":"Agence Graphineo","date":"Febbraio 17, 2025","format":false,"excerpt":"Effettuare il1\u00b0 sabato in modo indipendente o se non \u00e8 in grado di viaggiare 1\/ Eseguire i primi sabati in modo indipendente Naturalmente, \u00e8 possibile svolgere i primi sabati da soli, senza far parte di un gruppo (perch\u00e9 non c'\u00e8 un gruppo nelle vicinanze, perch\u00e9 non vuole crearne uno o\u2026","rel":"","context":"Articolo simile","block_context":{"text":"Articolo simile","link":""},"img":{"alt_text":"","src":"https:\/\/i0.wp.com\/jubile2025-fatima.org\/wp-content\/uploads\/2025\/01\/1logo-officiel-vecto-sombre.png?fit=1200%2C675&ssl=1&resize=350%2C200","width":350,"height":200,"srcset":"https:\/\/i0.wp.com\/jubile2025-fatima.org\/wp-content\/uploads\/2025\/01\/1logo-officiel-vecto-sombre.png?fit=1200%2C675&ssl=1&resize=350%2C200 1x, https:\/\/i0.wp.com\/jubile2025-fatima.org\/wp-content\/uploads\/2025\/01\/1logo-officiel-vecto-sombre.png?fit=1200%2C675&ssl=1&resize=525%2C300 1.5x, https:\/\/i0.wp.com\/jubile2025-fatima.org\/wp-content\/uploads\/2025\/01\/1logo-officiel-vecto-sombre.png?fit=1200%2C675&ssl=1&resize=700%2C400 2x, https:\/\/i0.wp.com\/jubile2025-fatima.org\/wp-content\/uploads\/2025\/01\/1logo-officiel-vecto-sombre.png?fit=1200%2C675&ssl=1&resize=1050%2C600 3x"},"classes":[]},{"id":4243,"url":"https:\/\/jubile2025-fatima.org\/it\/strumenti-1-sabato\/riepilogo-dei-primi-sabati\/","url_meta":{"origin":4239,"position":3},"title":"Riepilogo dei primi sabati","author":"Agence Graphineo","date":"Febbraio 17, 2025","format":false,"excerpt":"1- Informazioni di base su Fatima Il 13 luglio 1917 a Fatima, Nostra Signora annunci\u00f2 che, oltre al Rosario, sarebbe venuta a chiedere una futura devozione per la pace: \"Per prevenire la guerra verr\u00f2 chieder\u00f2 la consacrazione della Russia al mio Cuore Immacolato e la la Comunione riparatrice nei primi\u2026","rel":"","context":"Articolo simile","block_context":{"text":"Articolo simile","link":""},"img":{"alt_text":"","src":"https:\/\/i0.wp.com\/jubile2025-fatima.org\/wp-content\/uploads\/2025\/01\/1logo-officiel-vecto-sombre.png?fit=1200%2C675&ssl=1&resize=350%2C200","width":350,"height":200,"srcset":"https:\/\/i0.wp.com\/jubile2025-fatima.org\/wp-content\/uploads\/2025\/01\/1logo-officiel-vecto-sombre.png?fit=1200%2C675&ssl=1&resize=350%2C200 1x, https:\/\/i0.wp.com\/jubile2025-fatima.org\/wp-content\/uploads\/2025\/01\/1logo-officiel-vecto-sombre.png?fit=1200%2C675&ssl=1&resize=525%2C300 1.5x, https:\/\/i0.wp.com\/jubile2025-fatima.org\/wp-content\/uploads\/2025\/01\/1logo-officiel-vecto-sombre.png?fit=1200%2C675&ssl=1&resize=700%2C400 2x, https:\/\/i0.wp.com\/jubile2025-fatima.org\/wp-content\/uploads\/2025\/01\/1logo-officiel-vecto-sombre.png?fit=1200%2C675&ssl=1&resize=1050%2C600 3x"},"classes":[]},{"id":2446,"url":"https:\/\/jubile2025-fatima.org\/it\/lalleanza\/","url_meta":{"origin":4239,"position":4},"title":"1\u00b0 sabato","author":"Agence Graphineo","date":"Dicembre 17, 2024","format":false,"excerpt":"I primi sabati dell'Alleanza di Fatima Perch\u00e9 impegnarsi per il 1\u00b0 sabato Comprendere l'urgenza dei primi sabati di Fatima La richiesta di Nostra Signora \"Per evitare la guerra, verr\u00f2 a chiedere la consacrazione della Russia al mio Cuore Immacolato e la Comunione riparatrice nei primi sabati\". Nel 1939, Suor Lucia\u2026","rel":"","context":"Articolo simile","block_context":{"text":"Articolo simile","link":""},"img":{"alt_text":"","src":"https:\/\/i0.wp.com\/jubile2025-fatima.org\/wp-content\/uploads\/2024\/12\/80681222.jpeg?fit=1200%2C671&ssl=1&resize=350%2C200","width":350,"height":200,"srcset":"https:\/\/i0.wp.com\/jubile2025-fatima.org\/wp-content\/uploads\/2024\/12\/80681222.jpeg?fit=1200%2C671&ssl=1&resize=350%2C200 1x, https:\/\/i0.wp.com\/jubile2025-fatima.org\/wp-content\/uploads\/2024\/12\/80681222.jpeg?fit=1200%2C671&ssl=1&resize=525%2C300 1.5x, https:\/\/i0.wp.com\/jubile2025-fatima.org\/wp-content\/uploads\/2024\/12\/80681222.jpeg?fit=1200%2C671&ssl=1&resize=700%2C400 2x, https:\/\/i0.wp.com\/jubile2025-fatima.org\/wp-content\/uploads\/2024\/12\/80681222.jpeg?fit=1200%2C671&ssl=1&resize=1050%2C600 3x"},"classes":[]},{"id":2571,"url":"https:\/\/jubile2025-fatima.org\/it\/creare-un-gruppo\/","url_meta":{"origin":4239,"position":5},"title":"Creare un gruppo","author":"Agence Graphineo","date":"Gennaio 14, 2025","format":false,"excerpt":"Creare un gruppo del 1\u00b0 sabato del mese vicino a lei I gruppi locali stanno sorgendo ovunque per celebrare i primi sabati e si stanno unendo all'interno dell'Alleanza di Fatima per la Pace. Rispettiamo e proteggiamo la privacy di tutti. Ecco perch\u00e9 prendiamo solo il suo indirizzo e-mail come dato\u2026","rel":"","context":"Articolo simile","block_context":{"text":"Articolo simile","link":""},"img":{"alt_text":"","src":"https:\/\/i0.wp.com\/jubile2025-fatima.org\/wp-content\/uploads\/2025\/01\/1logo-officiel-vecto-sombre.png?fit=1200%2C675&ssl=1&resize=350%2C200","width":350,"height":200,"srcset":"https:\/\/i0.wp.com\/jubile2025-fatima.org\/wp-content\/uploads\/2025\/01\/1logo-officiel-vecto-sombre.png?fit=1200%2C675&ssl=1&resize=350%2C200 1x, https:\/\/i0.wp.com\/jubile2025-fatima.org\/wp-content\/uploads\/2025\/01\/1logo-officiel-vecto-sombre.png?fit=1200%2C675&ssl=1&resize=525%2C300 1.5x, https:\/\/i0.wp.com\/jubile2025-fatima.org\/wp-content\/uploads\/2025\/01\/1logo-officiel-vecto-sombre.png?fit=1200%2C675&ssl=1&resize=700%2C400 2x, https:\/\/i0.wp.com\/jubile2025-fatima.org\/wp-content\/uploads\/2025\/01\/1logo-officiel-vecto-sombre.png?fit=1200%2C675&ssl=1&resize=1050%2C600 3x"},"classes":[]}],"mfb_rest_fields":["title","yoast_head","yoast_head_json","jetpack_sharing_enabled","jetpack-related-posts"],"_links":{"self":[{"href":"https:\/\/jubile2025-fatima.org\/it\/wp-json\/wp\/v2\/pages\/4239","targetHints":{"allow":["GET"]}}],"collection":[{"href":"https:\/\/jubile2025-fatima.org\/it\/wp-json\/wp\/v2\/pages"}],"about":[{"href":"https:\/\/jubile2025-fatima.org\/it\/wp-json\/wp\/v2\/types\/page"}],"author":[{"embeddable":true,"href":"https:\/\/jubile2025-fatima.org\/it\/wp-json\/wp\/v2\/users\/2"}],"replies":[{"embeddable":true,"href":"https:\/\/jubile2025-fatima.org\/it\/wp-json\/wp\/v2\/comments?post=4239"}],"version-history":[{"count":1,"href":"https:\/\/jubile2025-fatima.org\/it\/wp-json\/wp\/v2\/pages\/4239\/revisions"}],"predecessor-version":[{"id":5139,"href":"https:\/\/jubile2025-fatima.org\/it\/wp-json\/wp\/v2\/pages\/4239\/revisions\/5139"}],"up":[{"embeddable":true,"href":"https:\/\/jubile2025-fatima.org\/it\/wp-json\/wp\/v2\/pages\/4235"}],"wp:featuredmedia":[{"embeddable":true,"href":"https:\/\/jubile2025-fatima.org\/it\/wp-json\/wp\/v2\/media\/2019"}],"wp:attachment":[{"href":"https:\/\/jubile2025-fatima.org\/it\/wp-json\/wp\/v2\/media?parent=4239"}],"curies":[{"name":"wp","href":"https:\/\/api.w.org\/{rel}","templated":true}]}}