{"id":4243,"date":"2025-02-17T13:00:57","date_gmt":"2025-02-17T13:00:57","guid":{"rendered":"https:\/\/jubile2025-fatima.org\/strumenti-1-sabato\/riepilogo-dei-primi-sabati\/"},"modified":"2025-02-27T15:20:38","modified_gmt":"2025-02-27T15:20:38","slug":"riepilogo-dei-primi-sabati","status":"publish","type":"page","link":"https:\/\/jubile2025-fatima.org\/it\/strumenti-1-sabato\/riepilogo-dei-primi-sabati\/","title":{"rendered":"Riepilogo dei primi sabati"},"content":{"rendered":"\n<h3 class=\"wp-block-heading\">1- Informazioni di base su Fatima<\/h3>\n\n<p>Il 13 luglio 1917 a Fatima, Nostra Signora annunci\u00f2 che, oltre al Rosario, sarebbe venuta a chiedere una futura devozione per la pace: <em>&#8220;Per prevenire la guerra <\/em><strong><em>verr\u00f2<\/em><\/strong><em> chieder\u00f2 la consacrazione della Russia al mio Cuore Immacolato e la <\/em><strong><em>la Comunione riparatrice nei primi sabati&#8221;.<\/em><\/strong> Torn\u00f2 in due tempi, apparendo a Suor Lucia di Fatima il 10 dicembre 1925 per stabilire i <sup>Primi <\/sup>Sabati in tutta la Chiesa, e poi il 13 giugno 1929 per chiedere la consacrazione della Russia da parte del Papa.<\/p>\n\n<p>Mentre i papi hanno gi\u00e0 iniziato a seguire la richiesta di Fatima per la consacrazione della Russia, pochissimi fedeli praticano i <sup>primi<\/sup> sabati. Pochi giorni dopo la morte di Suor Lucia, nel 2005, <strong>Carlos Acutis<\/strong> vide in sogno la veggente di Fatima, che gli disse che <em>&#8220;la pratica dei cinque <sup>primi<\/sup> sabati del mese potrebbe cambiare il destino del mondo&#8221; <\/em>.   <\/p>\n\n<p><br\/>Il 2025 \u00e8 il <strong>100\u00b0 anniversario<\/strong> del <sup>1\u00b0<\/sup> sabato e c <strong>&#8216;\u00e8 un&#8217;urgente necessit\u00e0 di obbedire a Nostra Signora. <\/strong> <\/p>\n\n<h3 class=\"wp-block-heading\">2- Cosa chiese la Madonna il <sup>primo<\/sup> sabato del mese?<\/h3>\n\n<p>Ha fatto cinque richieste specifiche da realizzare ogni<sup>primo<\/sup> sabato del mese:<\/p>\n\n<ol class=\"wp-block-list\">\n<li><strong>Confessione <\/strong>(il sabato stesso o nelle settimane precedenti)<\/li>\n\n\n\n<li><strong>Comunicare<\/strong><\/li>\n\n\n\n<li><strong>Dire il <\/strong>rosario.<\/li>\n\n\n\n<li><strong>Le faccia compagnia per 15 minuti meditando<\/strong> su un mistero del Rosario.<\/li>\n\n\n\n<li>Compia questi quattro atti con l&#8217;<strong>intenzione di riparare<\/strong>alle offese commesse contro il Suo Cuore Immacolato.<\/li>\n<\/ol>\n\n<p>Infine, promise una grazia meravigliosa a coloro che avessero fatto cinque <sup>primi<\/sup> sabati <strong>di fila<\/strong>. Ecco le sue parole esatte del 10 dicembre 1925 a Suor Lucia: <em>&#8220;A tutti coloro che per cinque mesi, il primo sabato, si confesseranno, riceveranno la Santa Comunione, pregheranno il Rosario e mi terranno compagnia per quindici minuti, meditando sui quindici misteri del Rosario, in spirito di riparazione, prometto di <\/em> assisterli nell&#8217;ora della morte con tutte le grazie necessarie per la salvezza delle loro anime <em>&#8220;. <\/em><strong><em>assisterli nell&#8217;ora della morte con tutte le grazie necessarie per la salvezza delle loro anime.<\/em><\/strong><em> &#8221; <\/em>  <\/p>\n\n<h3 class=\"wp-block-heading\">3- I tre obiettivi di beneficenza il <sup>1\u00b0<\/sup> sabato del mese<\/h3>\n\n<p>Il <sup>1\u00b0<\/sup> sabato viene quindi utilizzato per tre scopi <strong>di beneficenza<\/strong>, che hanno un ordine di priorit\u00e0:<\/p>\n\n<ol class=\"wp-block-list\">\n<li><strong>Riparare le offese al Cuore Immacolato di Maria<\/strong><sup>(1)<\/sup> (carit\u00e0 verso Dio): Questo \u00e8 il primo obiettivo, che \u00e8 logicamente legato al<sup>1\u00b0<\/sup> comandamento: &#8220;Amerai il tuo Dio&#8221;.<\/li>\n\n\n\n<li><strong>Ottenere la pace sulla terra <\/strong>(carit\u00e0 verso gli altri): A Fatima, la Beata Vergine ha promesso la pace a condizione di seguire le sue richieste. E Suor Lucia ci ha ricordato che per ottenere questa pace: <em>&#8220;Dio vuole <\/em><strong><em>questo modo<\/em><\/strong> <em> <\/em><strong><em>e non un altro<\/em><\/strong><em>. &#8221; <\/em><\/li>\n\n\n\n<li><strong>Ottenere il Paradiso <\/strong>(carit\u00e0 verso noi stessi): se preghiamo cinque <sup>primi<\/sup> sabati di <strong>fila<\/strong>, la Madonna ha promesso di aiutarci ad andare in <strong>Paradiso<\/strong> quando moriremo. Questo \u00e8 un aiuto meraviglioso che Lei ha riservato per il nostro tempo, in cui \u00e8 cos\u00ec difficile rimanere fedeli a Dio. <\/li>\n<\/ol>\n\n<hr class=\"wp-block-separator has-text-color has-contrast-3-color has-alpha-channel-opacity has-contrast-3-background-color has-background\" style=\"width:100%; max-width:100%;height:0px;margin-top:25px;margin-bottom:25px\"\/>\n\n<p><em>Nota 1<\/em><em>  Cristo ha spiegato perch\u00e9 cinque sabati. &#8220;Perch\u00e9 ci sono cinque tipi di offese: 1\/   <\/em><em>bestemmie contro l&#8217;Immacolata Concezione, 2\/ bestemmie contro la sua verginit\u00e0, 3\/ bestemmie contro la sua maternit\u00e0 divina, 4\/ bestemmie da parte di coloro che cercano pubblicamente di mettere nei cuori dei bambini l&#8217;indifferenza, il disprezzo o l&#8217;odio verso Maria, e infine 5\/ offese da parte di coloro che la insultano direttamente nelle sue immagini sacre&#8221;.<\/em><\/p>\n\n<p><\/p>\n","protected":false},"excerpt":{"rendered":"<p>1- Informazioni di base su Fatima Il 13 luglio 1917 a Fatima, Nostra Signora annunci\u00f2 che, oltre al Rosario, sarebbe venuta a chiedere una futura devozione per la pace: &#8220;Per prevenire la guerra verr\u00f2 chieder\u00f2 la consacrazione della Russia al mio Cuore Immacolato e la la Comunione riparatrice nei primi sabati&#8221;. Torn\u00f2 in due tempi, [&hellip;]<\/p>\n","protected":false},"author":2,"featured_media":2019,"parent":4235,"menu_order":0,"comment_status":"closed","ping_status":"closed","template":"page-with-sidebar","meta":{"inline_featured_image":false,"footnotes":""},"class_list":["post-4243","page","type-page","status-publish","has-post-thumbnail","hentry"],"mb":[],"yoast_head":"<!-- This site is optimized with the Yoast SEO plugin v26.4 - https:\/\/yoast.com\/wordpress\/plugins\/seo\/ -->\n<title>Riepilogo dei primi sabati - jubile2025-fatima.org<\/title>\n<meta name=\"robots\" content=\"index, follow, max-snippet:-1, max-image-preview:large, max-video-preview:-1\" \/>\n<link rel=\"canonical\" href=\"https:\/\/jubile2025-fatima.org\/it\/strumenti-1-sabato\/riepilogo-dei-primi-sabati\/\" \/>\n<meta property=\"og:locale\" content=\"it_IT\" \/>\n<meta property=\"og:type\" content=\"article\" \/>\n<meta property=\"og:title\" content=\"Riepilogo dei primi sabati - jubile2025-fatima.org\" \/>\n<meta property=\"og:description\" content=\"1- Informazioni di base su Fatima Il 13 luglio 1917 a Fatima, Nostra Signora annunci\u00f2 che, oltre al Rosario, sarebbe venuta a chiedere una futura devozione per la pace: &#8220;Per prevenire la guerra verr\u00f2 chieder\u00f2 la consacrazione della Russia al mio Cuore Immacolato e la la Comunione riparatrice nei primi sabati&#8221;. Torn\u00f2 in due tempi, [&hellip;]\" \/>\n<meta property=\"og:url\" content=\"https:\/\/jubile2025-fatima.org\/it\/strumenti-1-sabato\/riepilogo-dei-primi-sabati\/\" \/>\n<meta property=\"og:site_name\" content=\"jubile2025-fatima.org\" \/>\n<meta property=\"article:modified_time\" content=\"2025-02-27T15:20:38+00:00\" \/>\n<meta property=\"og:image\" content=\"https:\/\/jubile2025-fatima.org\/wp-content\/uploads\/2025\/01\/1logo-officiel-vecto-sombre.png\" \/>\n\t<meta property=\"og:image:width\" content=\"1921\" \/>\n\t<meta property=\"og:image:height\" content=\"1081\" \/>\n\t<meta property=\"og:image:type\" content=\"image\/png\" \/>\n<meta name=\"twitter:card\" content=\"summary_large_image\" \/>\n<meta name=\"twitter:label1\" content=\"Tempo di lettura stimato\" \/>\n\t<meta name=\"twitter:data1\" content=\"3 minuti\" \/>\n<script type=\"application\/ld+json\" class=\"yoast-schema-graph\">{\"@context\":\"https:\/\/schema.org\",\"@graph\":[{\"@type\":\"WebPage\",\"@id\":\"https:\/\/jubile2025-fatima.org\/it\/strumenti-1-sabato\/riepilogo-dei-primi-sabati\/\",\"url\":\"https:\/\/jubile2025-fatima.org\/it\/strumenti-1-sabato\/riepilogo-dei-primi-sabati\/\",\"name\":\"Riepilogo dei primi sabati - jubile2025-fatima.org\",\"isPartOf\":{\"@id\":\"https:\/\/jubile2025-fatima.org\/it\/#website\"},\"primaryImageOfPage\":{\"@id\":\"https:\/\/jubile2025-fatima.org\/it\/strumenti-1-sabato\/riepilogo-dei-primi-sabati\/#primaryimage\"},\"image\":{\"@id\":\"https:\/\/jubile2025-fatima.org\/it\/strumenti-1-sabato\/riepilogo-dei-primi-sabati\/#primaryimage\"},\"thumbnailUrl\":\"https:\/\/i0.wp.com\/jubile2025-fatima.org\/wp-content\/uploads\/2025\/01\/1logo-officiel-vecto-sombre.png?fit=1921%2C1081&ssl=1\",\"datePublished\":\"2025-02-17T13:00:57+00:00\",\"dateModified\":\"2025-02-27T15:20:38+00:00\",\"breadcrumb\":{\"@id\":\"https:\/\/jubile2025-fatima.org\/it\/strumenti-1-sabato\/riepilogo-dei-primi-sabati\/#breadcrumb\"},\"inLanguage\":\"it-IT\",\"potentialAction\":[{\"@type\":\"ReadAction\",\"target\":[\"https:\/\/jubile2025-fatima.org\/it\/strumenti-1-sabato\/riepilogo-dei-primi-sabati\/\"]}]},{\"@type\":\"ImageObject\",\"inLanguage\":\"it-IT\",\"@id\":\"https:\/\/jubile2025-fatima.org\/it\/strumenti-1-sabato\/riepilogo-dei-primi-sabati\/#primaryimage\",\"url\":\"https:\/\/i0.wp.com\/jubile2025-fatima.org\/wp-content\/uploads\/2025\/01\/1logo-officiel-vecto-sombre.png?fit=1921%2C1081&ssl=1\",\"contentUrl\":\"https:\/\/i0.wp.com\/jubile2025-fatima.org\/wp-content\/uploads\/2025\/01\/1logo-officiel-vecto-sombre.png?fit=1921%2C1081&ssl=1\",\"width\":1921,\"height\":1081},{\"@type\":\"BreadcrumbList\",\"@id\":\"https:\/\/jubile2025-fatima.org\/it\/strumenti-1-sabato\/riepilogo-dei-primi-sabati\/#breadcrumb\",\"itemListElement\":[{\"@type\":\"ListItem\",\"position\":1,\"name\":\"Casa\",\"item\":\"https:\/\/jubile2025-fatima.org\/it\/\"},{\"@type\":\"ListItem\",\"position\":2,\"name\":\"Strumenti 1\u00b0 sabato\",\"item\":\"https:\/\/jubile2025-fatima.org\/it\/strumenti-1-sabato\/\"},{\"@type\":\"ListItem\",\"position\":3,\"name\":\"Riepilogo dei primi sabati\"}]},{\"@type\":\"WebSite\",\"@id\":\"https:\/\/jubile2025-fatima.org\/it\/#website\",\"url\":\"https:\/\/jubile2025-fatima.org\/it\/\",\"name\":\"jubile2025-fatima.org\",\"description\":\"Giubileo 2025 Fatima - 1\u00b0 sabato di Fatima Alleanza per la pace\",\"publisher\":{\"@id\":\"https:\/\/jubile2025-fatima.org\/it\/#organization\"},\"potentialAction\":[{\"@type\":\"SearchAction\",\"target\":{\"@type\":\"EntryPoint\",\"urlTemplate\":\"https:\/\/jubile2025-fatima.org\/it\/?s={search_term_string}\"},\"query-input\":{\"@type\":\"PropertyValueSpecification\",\"valueRequired\":true,\"valueName\":\"search_term_string\"}}],\"inLanguage\":\"it-IT\"},{\"@type\":\"Organization\",\"@id\":\"https:\/\/jubile2025-fatima.org\/it\/#organization\",\"name\":\"giubileo2025-fatima.org\",\"url\":\"https:\/\/jubile2025-fatima.org\/it\/\",\"logo\":{\"@type\":\"ImageObject\",\"inLanguage\":\"it-IT\",\"@id\":\"https:\/\/jubile2025-fatima.org\/it\/#\/schema\/logo\/image\/\",\"url\":\"https:\/\/jubile2025-fatima.org\/wp-content\/uploads\/2024\/12\/2logo-officiel-copie-2.png\",\"contentUrl\":\"https:\/\/jubile2025-fatima.org\/wp-content\/uploads\/2024\/12\/2logo-officiel-copie-2.png\",\"width\":1921,\"height\":1081,\"caption\":\"giubileo2025-fatima.org\"},\"image\":{\"@id\":\"https:\/\/jubile2025-fatima.org\/it\/#\/schema\/logo\/image\/\"}}]}<\/script>\n<!-- \/ Yoast SEO plugin. -->","yoast_head_json":{"title":"Riepilogo dei primi sabati - jubile2025-fatima.org","robots":{"index":"index","follow":"follow","max-snippet":"max-snippet:-1","max-image-preview":"max-image-preview:large","max-video-preview":"max-video-preview:-1"},"canonical":"https:\/\/jubile2025-fatima.org\/it\/strumenti-1-sabato\/riepilogo-dei-primi-sabati\/","og_locale":"it_IT","og_type":"article","og_title":"Riepilogo dei primi sabati - jubile2025-fatima.org","og_description":"1- Informazioni di base su Fatima Il 13 luglio 1917 a Fatima, Nostra Signora annunci\u00f2 che, oltre al Rosario, sarebbe venuta a chiedere una futura devozione per la pace: &#8220;Per prevenire la guerra verr\u00f2 chieder\u00f2 la consacrazione della Russia al mio Cuore Immacolato e la la Comunione riparatrice nei primi sabati&#8221;. Torn\u00f2 in due tempi, [&hellip;]","og_url":"https:\/\/jubile2025-fatima.org\/it\/strumenti-1-sabato\/riepilogo-dei-primi-sabati\/","og_site_name":"jubile2025-fatima.org","article_modified_time":"2025-02-27T15:20:38+00:00","og_image":[{"width":1921,"height":1081,"url":"https:\/\/jubile2025-fatima.org\/wp-content\/uploads\/2025\/01\/1logo-officiel-vecto-sombre.png","type":"image\/png"}],"twitter_card":"summary_large_image","twitter_misc":{"Tempo di lettura stimato":"3 minuti"},"schema":{"@context":"https:\/\/schema.org","@graph":[{"@type":"WebPage","@id":"https:\/\/jubile2025-fatima.org\/it\/strumenti-1-sabato\/riepilogo-dei-primi-sabati\/","url":"https:\/\/jubile2025-fatima.org\/it\/strumenti-1-sabato\/riepilogo-dei-primi-sabati\/","name":"Riepilogo dei primi sabati - jubile2025-fatima.org","isPartOf":{"@id":"https:\/\/jubile2025-fatima.org\/it\/#website"},"primaryImageOfPage":{"@id":"https:\/\/jubile2025-fatima.org\/it\/strumenti-1-sabato\/riepilogo-dei-primi-sabati\/#primaryimage"},"image":{"@id":"https:\/\/jubile2025-fatima.org\/it\/strumenti-1-sabato\/riepilogo-dei-primi-sabati\/#primaryimage"},"thumbnailUrl":"https:\/\/i0.wp.com\/jubile2025-fatima.org\/wp-content\/uploads\/2025\/01\/1logo-officiel-vecto-sombre.png?fit=1921%2C1081&ssl=1","datePublished":"2025-02-17T13:00:57+00:00","dateModified":"2025-02-27T15:20:38+00:00","breadcrumb":{"@id":"https:\/\/jubile2025-fatima.org\/it\/strumenti-1-sabato\/riepilogo-dei-primi-sabati\/#breadcrumb"},"inLanguage":"it-IT","potentialAction":[{"@type":"ReadAction","target":["https:\/\/jubile2025-fatima.org\/it\/strumenti-1-sabato\/riepilogo-dei-primi-sabati\/"]}]},{"@type":"ImageObject","inLanguage":"it-IT","@id":"https:\/\/jubile2025-fatima.org\/it\/strumenti-1-sabato\/riepilogo-dei-primi-sabati\/#primaryimage","url":"https:\/\/i0.wp.com\/jubile2025-fatima.org\/wp-content\/uploads\/2025\/01\/1logo-officiel-vecto-sombre.png?fit=1921%2C1081&ssl=1","contentUrl":"https:\/\/i0.wp.com\/jubile2025-fatima.org\/wp-content\/uploads\/2025\/01\/1logo-officiel-vecto-sombre.png?fit=1921%2C1081&ssl=1","width":1921,"height":1081},{"@type":"BreadcrumbList","@id":"https:\/\/jubile2025-fatima.org\/it\/strumenti-1-sabato\/riepilogo-dei-primi-sabati\/#breadcrumb","itemListElement":[{"@type":"ListItem","position":1,"name":"Casa","item":"https:\/\/jubile2025-fatima.org\/it\/"},{"@type":"ListItem","position":2,"name":"Strumenti 1\u00b0 sabato","item":"https:\/\/jubile2025-fatima.org\/it\/strumenti-1-sabato\/"},{"@type":"ListItem","position":3,"name":"Riepilogo dei primi sabati"}]},{"@type":"WebSite","@id":"https:\/\/jubile2025-fatima.org\/it\/#website","url":"https:\/\/jubile2025-fatima.org\/it\/","name":"jubile2025-fatima.org","description":"Giubileo 2025 Fatima - 1\u00b0 sabato di Fatima Alleanza per la pace","publisher":{"@id":"https:\/\/jubile2025-fatima.org\/it\/#organization"},"potentialAction":[{"@type":"SearchAction","target":{"@type":"EntryPoint","urlTemplate":"https:\/\/jubile2025-fatima.org\/it\/?s={search_term_string}"},"query-input":{"@type":"PropertyValueSpecification","valueRequired":true,"valueName":"search_term_string"}}],"inLanguage":"it-IT"},{"@type":"Organization","@id":"https:\/\/jubile2025-fatima.org\/it\/#organization","name":"giubileo2025-fatima.org","url":"https:\/\/jubile2025-fatima.org\/it\/","logo":{"@type":"ImageObject","inLanguage":"it-IT","@id":"https:\/\/jubile2025-fatima.org\/it\/#\/schema\/logo\/image\/","url":"https:\/\/jubile2025-fatima.org\/wp-content\/uploads\/2024\/12\/2logo-officiel-copie-2.png","contentUrl":"https:\/\/jubile2025-fatima.org\/wp-content\/uploads\/2024\/12\/2logo-officiel-copie-2.png","width":1921,"height":1081,"caption":"giubileo2025-fatima.org"},"image":{"@id":"https:\/\/jubile2025-fatima.org\/it\/#\/schema\/logo\/image\/"}}]}},"jetpack_sharing_enabled":true,"jetpack-related-posts":[{"id":2446,"url":"https:\/\/jubile2025-fatima.org\/it\/lalleanza\/","url_meta":{"origin":4243,"position":0},"title":"1\u00b0 sabato","author":"Agence Graphineo","date":"Dicembre 17, 2024","format":false,"excerpt":"I primi sabati dell'Alleanza di Fatima Perch\u00e9 impegnarsi per il 1\u00b0 sabato Comprendere l'urgenza dei primi sabati di Fatima La richiesta di Nostra Signora \"Per evitare la guerra, verr\u00f2 a chiedere la consacrazione della Russia al mio Cuore Immacolato e la Comunione riparatrice nei primi sabati\". Nel 1939, Suor Lucia\u2026","rel":"","context":"Articolo simile","block_context":{"text":"Articolo simile","link":""},"img":{"alt_text":"","src":"https:\/\/i0.wp.com\/jubile2025-fatima.org\/wp-content\/uploads\/2024\/12\/80681222.jpeg?fit=1200%2C671&ssl=1&resize=350%2C200","width":350,"height":200,"srcset":"https:\/\/i0.wp.com\/jubile2025-fatima.org\/wp-content\/uploads\/2024\/12\/80681222.jpeg?fit=1200%2C671&ssl=1&resize=350%2C200 1x, https:\/\/i0.wp.com\/jubile2025-fatima.org\/wp-content\/uploads\/2024\/12\/80681222.jpeg?fit=1200%2C671&ssl=1&resize=525%2C300 1.5x, https:\/\/i0.wp.com\/jubile2025-fatima.org\/wp-content\/uploads\/2024\/12\/80681222.jpeg?fit=1200%2C671&ssl=1&resize=700%2C400 2x, https:\/\/i0.wp.com\/jubile2025-fatima.org\/wp-content\/uploads\/2024\/12\/80681222.jpeg?fit=1200%2C671&ssl=1&resize=1050%2C600 3x"},"classes":[]},{"id":2571,"url":"https:\/\/jubile2025-fatima.org\/it\/creare-un-gruppo\/","url_meta":{"origin":4243,"position":1},"title":"Creare un gruppo","author":"Agence Graphineo","date":"Gennaio 14, 2025","format":false,"excerpt":"Creare un gruppo del 1\u00b0 sabato del mese vicino a lei I gruppi locali stanno sorgendo ovunque per celebrare i primi sabati e si stanno unendo all'interno dell'Alleanza di Fatima per la Pace. Rispettiamo e proteggiamo la privacy di tutti. Ecco perch\u00e9 prendiamo solo il suo indirizzo e-mail come dato\u2026","rel":"","context":"Articolo simile","block_context":{"text":"Articolo simile","link":""},"img":{"alt_text":"","src":"https:\/\/i0.wp.com\/jubile2025-fatima.org\/wp-content\/uploads\/2025\/01\/1logo-officiel-vecto-sombre.png?fit=1200%2C675&ssl=1&resize=350%2C200","width":350,"height":200,"srcset":"https:\/\/i0.wp.com\/jubile2025-fatima.org\/wp-content\/uploads\/2025\/01\/1logo-officiel-vecto-sombre.png?fit=1200%2C675&ssl=1&resize=350%2C200 1x, https:\/\/i0.wp.com\/jubile2025-fatima.org\/wp-content\/uploads\/2025\/01\/1logo-officiel-vecto-sombre.png?fit=1200%2C675&ssl=1&resize=525%2C300 1.5x, https:\/\/i0.wp.com\/jubile2025-fatima.org\/wp-content\/uploads\/2025\/01\/1logo-officiel-vecto-sombre.png?fit=1200%2C675&ssl=1&resize=700%2C400 2x, https:\/\/i0.wp.com\/jubile2025-fatima.org\/wp-content\/uploads\/2025\/01\/1logo-officiel-vecto-sombre.png?fit=1200%2C675&ssl=1&resize=1050%2C600 3x"},"classes":[]},{"id":4246,"url":"https:\/\/jubile2025-fatima.org\/it\/strumenti-1-sabato\/come-realizzare-i-primi-sabati\/","url_meta":{"origin":4243,"position":2},"title":"Come realizzare i primi sabati","author":"Agence Graphineo","date":"Febbraio 17, 2025","format":false,"excerpt":"Effettuare il1\u00b0 sabato in modo indipendente o se non \u00e8 in grado di viaggiare 1\/ Eseguire i primi sabati in modo indipendente Naturalmente, \u00e8 possibile svolgere i primi sabati da soli, senza far parte di un gruppo (perch\u00e9 non c'\u00e8 un gruppo nelle vicinanze, perch\u00e9 non vuole crearne uno o\u2026","rel":"","context":"Articolo simile","block_context":{"text":"Articolo simile","link":""},"img":{"alt_text":"","src":"https:\/\/i0.wp.com\/jubile2025-fatima.org\/wp-content\/uploads\/2025\/01\/1logo-officiel-vecto-sombre.png?fit=1200%2C675&ssl=1&resize=350%2C200","width":350,"height":200,"srcset":"https:\/\/i0.wp.com\/jubile2025-fatima.org\/wp-content\/uploads\/2025\/01\/1logo-officiel-vecto-sombre.png?fit=1200%2C675&ssl=1&resize=350%2C200 1x, https:\/\/i0.wp.com\/jubile2025-fatima.org\/wp-content\/uploads\/2025\/01\/1logo-officiel-vecto-sombre.png?fit=1200%2C675&ssl=1&resize=525%2C300 1.5x, https:\/\/i0.wp.com\/jubile2025-fatima.org\/wp-content\/uploads\/2025\/01\/1logo-officiel-vecto-sombre.png?fit=1200%2C675&ssl=1&resize=700%2C400 2x, https:\/\/i0.wp.com\/jubile2025-fatima.org\/wp-content\/uploads\/2025\/01\/1logo-officiel-vecto-sombre.png?fit=1200%2C675&ssl=1&resize=1050%2C600 3x"},"classes":[]},{"id":4250,"url":"https:\/\/jubile2025-fatima.org\/it\/strumenti-1-sabato\/creare-un-gruppo-il-primo-sabato-del-mese\/","url_meta":{"origin":4243,"position":3},"title":"Creare un gruppo il primo sabato del mese","author":"Agence Graphineo","date":"Febbraio 17, 2025","format":false,"excerpt":"1- Che cos'\u00e8 un gruppodel 1\u00b0 sabato del mese? Si tratta di un gruppo locale e autonomo di laici che si riunisce ogni 1\u00ba settembre.primo sabato del mese in una chiesa, cappella, comunit\u00e0, ecc. sabato del mese in una chiesa, cappella, comunit\u00e0, ecc. per realizzare la richiesta della Beata Vergine.\u2026","rel":"","context":"Articolo simile","block_context":{"text":"Articolo simile","link":""},"img":{"alt_text":"","src":"https:\/\/i0.wp.com\/jubile2025-fatima.org\/wp-content\/uploads\/2025\/01\/1logo-officiel-vecto-sombre.png?fit=1200%2C675&ssl=1&resize=350%2C200","width":350,"height":200,"srcset":"https:\/\/i0.wp.com\/jubile2025-fatima.org\/wp-content\/uploads\/2025\/01\/1logo-officiel-vecto-sombre.png?fit=1200%2C675&ssl=1&resize=350%2C200 1x, https:\/\/i0.wp.com\/jubile2025-fatima.org\/wp-content\/uploads\/2025\/01\/1logo-officiel-vecto-sombre.png?fit=1200%2C675&ssl=1&resize=525%2C300 1.5x, https:\/\/i0.wp.com\/jubile2025-fatima.org\/wp-content\/uploads\/2025\/01\/1logo-officiel-vecto-sombre.png?fit=1200%2C675&ssl=1&resize=700%2C400 2x, https:\/\/i0.wp.com\/jubile2025-fatima.org\/wp-content\/uploads\/2025\/01\/1logo-officiel-vecto-sombre.png?fit=1200%2C675&ssl=1&resize=1050%2C600 3x"},"classes":[]},{"id":2574,"url":"https:\/\/jubile2025-fatima.org\/it\/il-nostro-supporto\/","url_meta":{"origin":4243,"position":4},"title":"Il nostro supporto","author":"Agence Graphineo","date":"Gennaio 13, 2025","format":false,"excerpt":"Sostengono i Primi Sabati di Fatima per la pace Santuario medaglia miracolosa Francia Santuario di Maghdouch\u00e9 Libano Monsignore Elie Bechara Haddad Arcivescovo di Sa\u00efda (Libano) Santuario de Lorette Italia Cardinale Robert Sarah Ex prefetto (fede e culto divino) Santuario di Walsingham Gran Bretagna Monsignore Samir Nassar Arcivescovo di Damasco (Siria)\u2026","rel":"","context":"Articolo simile","block_context":{"text":"Articolo simile","link":""},"img":{"alt_text":"","src":"https:\/\/i0.wp.com\/jubile2025-fatima.org\/wp-content\/uploads\/2025\/01\/1logo-officiel-vecto-sombre-1.png?fit=1200%2C675&ssl=1&resize=350%2C200","width":350,"height":200,"srcset":"https:\/\/i0.wp.com\/jubile2025-fatima.org\/wp-content\/uploads\/2025\/01\/1logo-officiel-vecto-sombre-1.png?fit=1200%2C675&ssl=1&resize=350%2C200 1x, https:\/\/i0.wp.com\/jubile2025-fatima.org\/wp-content\/uploads\/2025\/01\/1logo-officiel-vecto-sombre-1.png?fit=1200%2C675&ssl=1&resize=525%2C300 1.5x, https:\/\/i0.wp.com\/jubile2025-fatima.org\/wp-content\/uploads\/2025\/01\/1logo-officiel-vecto-sombre-1.png?fit=1200%2C675&ssl=1&resize=700%2C400 2x, https:\/\/i0.wp.com\/jubile2025-fatima.org\/wp-content\/uploads\/2025\/01\/1logo-officiel-vecto-sombre-1.png?fit=1200%2C675&ssl=1&resize=1050%2C600 3x"},"classes":[]},{"id":4239,"url":"https:\/\/jubile2025-fatima.org\/it\/strumenti-1-sabato\/ospitare-sacerdoti-e-o-messe\/","url_meta":{"origin":4243,"position":5},"title":"Ospitare sacerdoti e\/o messe","author":"Agence Graphineo","date":"Febbraio 17, 2025","format":false,"excerpt":"Cosa fare in base alla disponibilit\u00e0 del sacerdote e\/o delle Messe Situazione 1: C'\u00e8 gi\u00e0 una messa del sabato mattina vicino a lei. Ci sono due scenari possibili: a) Il sacerdote sta gi\u00e0 organizzando il devozionale del 1\u00b0 sabato (in tutto o in parte) o \u00e8 interessato a iniziarne uno.\u2026","rel":"","context":"Articolo simile","block_context":{"text":"Articolo simile","link":""},"img":{"alt_text":"","src":"https:\/\/i0.wp.com\/jubile2025-fatima.org\/wp-content\/uploads\/2025\/01\/1logo-officiel-vecto-sombre.png?fit=1200%2C675&ssl=1&resize=350%2C200","width":350,"height":200,"srcset":"https:\/\/i0.wp.com\/jubile2025-fatima.org\/wp-content\/uploads\/2025\/01\/1logo-officiel-vecto-sombre.png?fit=1200%2C675&ssl=1&resize=350%2C200 1x, https:\/\/i0.wp.com\/jubile2025-fatima.org\/wp-content\/uploads\/2025\/01\/1logo-officiel-vecto-sombre.png?fit=1200%2C675&ssl=1&resize=525%2C300 1.5x, https:\/\/i0.wp.com\/jubile2025-fatima.org\/wp-content\/uploads\/2025\/01\/1logo-officiel-vecto-sombre.png?fit=1200%2C675&ssl=1&resize=700%2C400 2x, https:\/\/i0.wp.com\/jubile2025-fatima.org\/wp-content\/uploads\/2025\/01\/1logo-officiel-vecto-sombre.png?fit=1200%2C675&ssl=1&resize=1050%2C600 3x"},"classes":[]}],"mfb_rest_fields":["title","yoast_head","yoast_head_json","jetpack_sharing_enabled","jetpack-related-posts"],"_links":{"self":[{"href":"https:\/\/jubile2025-fatima.org\/it\/wp-json\/wp\/v2\/pages\/4243","targetHints":{"allow":["GET"]}}],"collection":[{"href":"https:\/\/jubile2025-fatima.org\/it\/wp-json\/wp\/v2\/pages"}],"about":[{"href":"https:\/\/jubile2025-fatima.org\/it\/wp-json\/wp\/v2\/types\/page"}],"author":[{"embeddable":true,"href":"https:\/\/jubile2025-fatima.org\/it\/wp-json\/wp\/v2\/users\/2"}],"replies":[{"embeddable":true,"href":"https:\/\/jubile2025-fatima.org\/it\/wp-json\/wp\/v2\/comments?post=4243"}],"version-history":[{"count":1,"href":"https:\/\/jubile2025-fatima.org\/it\/wp-json\/wp\/v2\/pages\/4243\/revisions"}],"predecessor-version":[{"id":5137,"href":"https:\/\/jubile2025-fatima.org\/it\/wp-json\/wp\/v2\/pages\/4243\/revisions\/5137"}],"up":[{"embeddable":true,"href":"https:\/\/jubile2025-fatima.org\/it\/wp-json\/wp\/v2\/pages\/4235"}],"wp:featuredmedia":[{"embeddable":true,"href":"https:\/\/jubile2025-fatima.org\/it\/wp-json\/wp\/v2\/media\/2019"}],"wp:attachment":[{"href":"https:\/\/jubile2025-fatima.org\/it\/wp-json\/wp\/v2\/media?parent=4243"}],"curies":[{"name":"wp","href":"https:\/\/api.w.org\/{rel}","templated":true}]}}