{"id":4250,"date":"2025-02-17T13:01:50","date_gmt":"2025-02-17T13:01:50","guid":{"rendered":"https:\/\/jubile2025-fatima.org\/strumenti-1-sabato\/creare-un-gruppo-il-primo-sabato-del-mese\/"},"modified":"2025-02-27T15:20:29","modified_gmt":"2025-02-27T15:20:29","slug":"creare-un-gruppo-il-primo-sabato-del-mese","status":"publish","type":"page","link":"https:\/\/jubile2025-fatima.org\/it\/strumenti-1-sabato\/creare-un-gruppo-il-primo-sabato-del-mese\/","title":{"rendered":"Creare un gruppo il primo sabato del mese"},"content":{"rendered":"\n<h3 class=\"wp-block-heading\">1- Che cos&#8217;\u00e8 un gruppo<sup>del 1\u00b0<\/sup> sabato del mese?<\/h3>\n\n<p>Si tratta di un gruppo <strong>locale<\/strong><strong> e <\/strong><strong>autonomo<\/strong> di laici che si <strong>riunisce ogni 1\u00ba settembre<\/strong>.<strong><sup>primo sabato del mese in una chiesa, cappella, comunit\u00e0, ecc.<\/sup><\/strong><strong> sabato del mese<\/strong> in una chiesa, cappella, comunit\u00e0, ecc. per realizzare la richiesta della Beata Vergine.<\/p>\n\n<p>Pur essendo autonomi, i gruppi sono <strong>uniti<\/strong> all&#8217;interno dell <strong>&#8216;Alleanza 1<\/strong><strong><sup>i Sabato di Fatima<\/sup><\/strong><strong> Sabato di Fatima<\/strong> per irradiare meglio lo spirito della Chiesa. Questa unit\u00e0 si basa su tre elementi: (1) tutti fanno <strong>esattamente<\/strong> ci\u00f2 che la Madonna ha chiesto loro di fare, (2) ogni<sup>1\u00b0<\/sup> sabato, tutti meditano<strong> sullo stesso mistero del Rosario<\/strong>, (3) tutti diffondono la notizia dei <sup>1\u00b0<\/sup> sabati utilizzando gli strumenti di comunicazione dell&#8217;Alleanza. <\/p>\n\n<h3 class=\"wp-block-heading\">2- Come avviare un gruppo in modo semplice  <\/h3>\n\n<div class=\"wp-block-group has-accent-8-background-color has-background has-global-padding is-layout-constrained wp-container-core-group-is-layout-81115059 wp-block-group-is-layout-constrained\" style=\"padding-top:25px;padding-right:25px;padding-bottom:25px;padding-left:25px\">\n<p>a) Se possibile, <strong>parli <\/strong>con una o due persone a lei vicine (familiari, amici, parrocchiani, ecc.). Per spiegare, utilizzi il sito web dell&#8217;Alleanza (in particolare il video e la scheda riassuntiva). <\/p>\n\n\n\n<p>b) <strong>Identificare un servizio di <\/strong>sabato <strong>esistente <\/strong>nelle vicinanze<em>(vedere scheda 3<\/em>).  <\/p>\n\n\n\n<p>c) <strong>Parli con il <\/strong>sacerdote<em>(vedi scheda 4<\/em>) e fissi gli orari per il rosario e la meditazione (prima o dopo la Messa) in base ai vincoli locali. (Gli orari dovrebbero susseguirsi, poich\u00e9 \u00e8 troppo restrittivo dover tornare due volte nel corso della giornata). <\/p>\n\n\n\n<p>d) Dica ai membri di <strong>registrarsi <\/strong>su <a href=\"https:\/\/jubile2025-fatima.org\/#je-participe\" target=\"_blank\" rel=\"noreferrer noopener\">jubile2025-fatima.org<\/a> per ricevere la meditazione mensile.<\/p>\n\n\n\n<p>e) <strong>Registri <\/strong>il suo gruppo sulla mappa per consentire ai membri del pubblico vicini di unirsi a lei.<\/p>\n\n\n\n<p>(processo in preparazione)  <\/p>\n<\/div>\n\n<h3 class=\"wp-block-heading\">3- Come organizzare ogni<sup>1\u00b0<\/sup> sabato<\/h3>\n\n<p><em>Prima del 1<\/em><em><sup>primo sabato (le raccomandazioni non sono obbligatorie).<\/sup><\/em><em> Sabato (raccomandazioni non obbligatorie)<\/em><\/p>\n\n<p>Stampi una meditazione (pu\u00f2 utilizzare quella suggerita dall&#8217;Alleanza).<\/p>\n\n<p>Per celebrare la giornata, preveda di esporre una statua della Beata Vergine e di portarle dei fiori.<\/p>\n\n<p>Per aggiungere una certa solennit\u00e0, cerchi di includere un organista e alcuni canti della Beata Vergine.<\/p>\n\n<p>Chieda al sacerdote se pu\u00f2 essere presente durante il rosario e la meditazione per confessarsi.<\/p>\n\n<p><em>Il 1\u00ba<\/em><em><sup>il primo<\/sup><\/em><em> Sabato<\/em><\/p>\n\n<p>Incontrarsi all&#8217;ora concordata nella Chiesa prescelta per eseguire le richieste di Nostra Signora nella loro interezza.  <\/p>\n\n<hr class=\"wp-block-separator has-text-color has-contrast-3-color has-alpha-channel-opacity has-contrast-3-background-color has-background\" style=\"width:100%; max-width:100%;height:0px;margin-top:25px;margin-bottom:25px\"\/>\n\n<p><em>Nota 1: pu\u00f2 scegliere di meditare in silenzio o con la lettura del testo della meditazione.<\/em><\/p>\n\n<p><em>Nota 2: Coloro che, per motivi personali, non possono trattenersi a lungo in quel giorno, possono recitare il rosario e fare la meditazione da soli, in un altro momento della giornata.<\/em><\/p>\n\n<p><em>Nota 3: questi primi sabati possono anche essere l&#8217;occasione per un <\/em><strong><em>momento sociale<\/em><\/strong><em>  per incontrarsi e discutere di altre possibili azioni. Alcuni gruppi organizzano una colazione in seguito. <\/em><\/p>\n\n<div class=\"wp-block-group has-contrast-background-color has-background has-global-padding is-layout-constrained wp-container-core-group-is-layout-8d294f10 wp-block-group-is-layout-constrained\" style=\"margin-top:25px;padding-top:25px;padding-right:25px;padding-bottom:25px;padding-left:25px\">\n<p>Se questo modulo non \u00e8 sufficiente e ha bisogno di un aiuto speciale per avviare un gruppo, ci contatti cliccando sul pulsante Crea un gruppo.<\/p>\n\n\n\n<div class=\"wp-block-buttons is-layout-flex wp-block-buttons-is-layout-flex\">\n<div class=\"wp-block-button\"><a class=\"wp-block-button__link wp-element-button\" href=\"https:\/\/jubile2025-fatima.org\/it\/creare-un-gruppo\/\">Creare un gruppo<\/a><\/div>\n<\/div>\n<\/div>\n","protected":false},"excerpt":{"rendered":"<p>1- Che cos&#8217;\u00e8 un gruppodel 1\u00b0 sabato del mese? Si tratta di un gruppo locale e autonomo di laici che si riunisce ogni 1\u00ba settembre.primo sabato del mese in una chiesa, cappella, comunit\u00e0, ecc. sabato del mese in una chiesa, cappella, comunit\u00e0, ecc. per realizzare la richiesta della Beata Vergine. Pur essendo autonomi, i gruppi [&hellip;]<\/p>\n","protected":false},"author":2,"featured_media":2019,"parent":4235,"menu_order":0,"comment_status":"closed","ping_status":"closed","template":"page-with-sidebar","meta":{"inline_featured_image":false,"footnotes":""},"class_list":["post-4250","page","type-page","status-publish","has-post-thumbnail","hentry"],"mb":[],"yoast_head":"<!-- This site is optimized with the Yoast SEO plugin v26.4 - https:\/\/yoast.com\/wordpress\/plugins\/seo\/ -->\n<title>Creare un gruppo il primo sabato del mese - jubile2025-fatima.org<\/title>\n<meta name=\"robots\" content=\"index, follow, max-snippet:-1, max-image-preview:large, max-video-preview:-1\" \/>\n<link rel=\"canonical\" href=\"https:\/\/jubile2025-fatima.org\/it\/strumenti-1-sabato\/creare-un-gruppo-il-primo-sabato-del-mese\/\" \/>\n<meta property=\"og:locale\" content=\"it_IT\" \/>\n<meta property=\"og:type\" content=\"article\" \/>\n<meta property=\"og:title\" content=\"Creare un gruppo il primo sabato del mese - jubile2025-fatima.org\" \/>\n<meta property=\"og:description\" content=\"1- Che cos&#8217;\u00e8 un gruppodel 1\u00b0 sabato del mese? Si tratta di un gruppo locale e autonomo di laici che si riunisce ogni 1\u00ba settembre.primo sabato del mese in una chiesa, cappella, comunit\u00e0, ecc. sabato del mese in una chiesa, cappella, comunit\u00e0, ecc. per realizzare la richiesta della Beata Vergine. Pur essendo autonomi, i gruppi [&hellip;]\" \/>\n<meta property=\"og:url\" content=\"https:\/\/jubile2025-fatima.org\/it\/strumenti-1-sabato\/creare-un-gruppo-il-primo-sabato-del-mese\/\" \/>\n<meta property=\"og:site_name\" content=\"jubile2025-fatima.org\" \/>\n<meta property=\"article:modified_time\" content=\"2025-02-27T15:20:29+00:00\" \/>\n<meta property=\"og:image\" content=\"https:\/\/jubile2025-fatima.org\/wp-content\/uploads\/2025\/01\/1logo-officiel-vecto-sombre.png\" \/>\n\t<meta property=\"og:image:width\" content=\"1921\" \/>\n\t<meta property=\"og:image:height\" content=\"1081\" \/>\n\t<meta property=\"og:image:type\" content=\"image\/png\" \/>\n<meta name=\"twitter:card\" content=\"summary_large_image\" \/>\n<meta name=\"twitter:label1\" content=\"Tempo di lettura stimato\" \/>\n\t<meta name=\"twitter:data1\" content=\"3 minuti\" \/>\n<script type=\"application\/ld+json\" class=\"yoast-schema-graph\">{\"@context\":\"https:\/\/schema.org\",\"@graph\":[{\"@type\":\"WebPage\",\"@id\":\"https:\/\/jubile2025-fatima.org\/it\/strumenti-1-sabato\/creare-un-gruppo-il-primo-sabato-del-mese\/\",\"url\":\"https:\/\/jubile2025-fatima.org\/it\/strumenti-1-sabato\/creare-un-gruppo-il-primo-sabato-del-mese\/\",\"name\":\"Creare un gruppo il primo sabato del mese - jubile2025-fatima.org\",\"isPartOf\":{\"@id\":\"https:\/\/jubile2025-fatima.org\/it\/#website\"},\"primaryImageOfPage\":{\"@id\":\"https:\/\/jubile2025-fatima.org\/it\/strumenti-1-sabato\/creare-un-gruppo-il-primo-sabato-del-mese\/#primaryimage\"},\"image\":{\"@id\":\"https:\/\/jubile2025-fatima.org\/it\/strumenti-1-sabato\/creare-un-gruppo-il-primo-sabato-del-mese\/#primaryimage\"},\"thumbnailUrl\":\"https:\/\/i0.wp.com\/jubile2025-fatima.org\/wp-content\/uploads\/2025\/01\/1logo-officiel-vecto-sombre.png?fit=1921%2C1081&ssl=1\",\"datePublished\":\"2025-02-17T13:01:50+00:00\",\"dateModified\":\"2025-02-27T15:20:29+00:00\",\"breadcrumb\":{\"@id\":\"https:\/\/jubile2025-fatima.org\/it\/strumenti-1-sabato\/creare-un-gruppo-il-primo-sabato-del-mese\/#breadcrumb\"},\"inLanguage\":\"it-IT\",\"potentialAction\":[{\"@type\":\"ReadAction\",\"target\":[\"https:\/\/jubile2025-fatima.org\/it\/strumenti-1-sabato\/creare-un-gruppo-il-primo-sabato-del-mese\/\"]}]},{\"@type\":\"ImageObject\",\"inLanguage\":\"it-IT\",\"@id\":\"https:\/\/jubile2025-fatima.org\/it\/strumenti-1-sabato\/creare-un-gruppo-il-primo-sabato-del-mese\/#primaryimage\",\"url\":\"https:\/\/i0.wp.com\/jubile2025-fatima.org\/wp-content\/uploads\/2025\/01\/1logo-officiel-vecto-sombre.png?fit=1921%2C1081&ssl=1\",\"contentUrl\":\"https:\/\/i0.wp.com\/jubile2025-fatima.org\/wp-content\/uploads\/2025\/01\/1logo-officiel-vecto-sombre.png?fit=1921%2C1081&ssl=1\",\"width\":1921,\"height\":1081},{\"@type\":\"BreadcrumbList\",\"@id\":\"https:\/\/jubile2025-fatima.org\/it\/strumenti-1-sabato\/creare-un-gruppo-il-primo-sabato-del-mese\/#breadcrumb\",\"itemListElement\":[{\"@type\":\"ListItem\",\"position\":1,\"name\":\"Casa\",\"item\":\"https:\/\/jubile2025-fatima.org\/it\/\"},{\"@type\":\"ListItem\",\"position\":2,\"name\":\"Strumenti 1\u00b0 sabato\",\"item\":\"https:\/\/jubile2025-fatima.org\/it\/strumenti-1-sabato\/\"},{\"@type\":\"ListItem\",\"position\":3,\"name\":\"Creare un gruppo il primo sabato del mese\"}]},{\"@type\":\"WebSite\",\"@id\":\"https:\/\/jubile2025-fatima.org\/it\/#website\",\"url\":\"https:\/\/jubile2025-fatima.org\/it\/\",\"name\":\"jubile2025-fatima.org\",\"description\":\"Giubileo 2025 Fatima - 1\u00b0 sabato di Fatima Alleanza per la pace\",\"publisher\":{\"@id\":\"https:\/\/jubile2025-fatima.org\/it\/#organization\"},\"potentialAction\":[{\"@type\":\"SearchAction\",\"target\":{\"@type\":\"EntryPoint\",\"urlTemplate\":\"https:\/\/jubile2025-fatima.org\/it\/?s={search_term_string}\"},\"query-input\":{\"@type\":\"PropertyValueSpecification\",\"valueRequired\":true,\"valueName\":\"search_term_string\"}}],\"inLanguage\":\"it-IT\"},{\"@type\":\"Organization\",\"@id\":\"https:\/\/jubile2025-fatima.org\/it\/#organization\",\"name\":\"giubileo2025-fatima.org\",\"url\":\"https:\/\/jubile2025-fatima.org\/it\/\",\"logo\":{\"@type\":\"ImageObject\",\"inLanguage\":\"it-IT\",\"@id\":\"https:\/\/jubile2025-fatima.org\/it\/#\/schema\/logo\/image\/\",\"url\":\"https:\/\/jubile2025-fatima.org\/wp-content\/uploads\/2024\/12\/2logo-officiel-copie-2.png\",\"contentUrl\":\"https:\/\/jubile2025-fatima.org\/wp-content\/uploads\/2024\/12\/2logo-officiel-copie-2.png\",\"width\":1921,\"height\":1081,\"caption\":\"giubileo2025-fatima.org\"},\"image\":{\"@id\":\"https:\/\/jubile2025-fatima.org\/it\/#\/schema\/logo\/image\/\"}}]}<\/script>\n<!-- \/ Yoast SEO plugin. -->","yoast_head_json":{"title":"Creare un gruppo il primo sabato del mese - jubile2025-fatima.org","robots":{"index":"index","follow":"follow","max-snippet":"max-snippet:-1","max-image-preview":"max-image-preview:large","max-video-preview":"max-video-preview:-1"},"canonical":"https:\/\/jubile2025-fatima.org\/it\/strumenti-1-sabato\/creare-un-gruppo-il-primo-sabato-del-mese\/","og_locale":"it_IT","og_type":"article","og_title":"Creare un gruppo il primo sabato del mese - jubile2025-fatima.org","og_description":"1- Che cos&#8217;\u00e8 un gruppodel 1\u00b0 sabato del mese? Si tratta di un gruppo locale e autonomo di laici che si riunisce ogni 1\u00ba settembre.primo sabato del mese in una chiesa, cappella, comunit\u00e0, ecc. sabato del mese in una chiesa, cappella, comunit\u00e0, ecc. per realizzare la richiesta della Beata Vergine. Pur essendo autonomi, i gruppi [&hellip;]","og_url":"https:\/\/jubile2025-fatima.org\/it\/strumenti-1-sabato\/creare-un-gruppo-il-primo-sabato-del-mese\/","og_site_name":"jubile2025-fatima.org","article_modified_time":"2025-02-27T15:20:29+00:00","og_image":[{"width":1921,"height":1081,"url":"https:\/\/jubile2025-fatima.org\/wp-content\/uploads\/2025\/01\/1logo-officiel-vecto-sombre.png","type":"image\/png"}],"twitter_card":"summary_large_image","twitter_misc":{"Tempo di lettura stimato":"3 minuti"},"schema":{"@context":"https:\/\/schema.org","@graph":[{"@type":"WebPage","@id":"https:\/\/jubile2025-fatima.org\/it\/strumenti-1-sabato\/creare-un-gruppo-il-primo-sabato-del-mese\/","url":"https:\/\/jubile2025-fatima.org\/it\/strumenti-1-sabato\/creare-un-gruppo-il-primo-sabato-del-mese\/","name":"Creare un gruppo il primo sabato del mese - jubile2025-fatima.org","isPartOf":{"@id":"https:\/\/jubile2025-fatima.org\/it\/#website"},"primaryImageOfPage":{"@id":"https:\/\/jubile2025-fatima.org\/it\/strumenti-1-sabato\/creare-un-gruppo-il-primo-sabato-del-mese\/#primaryimage"},"image":{"@id":"https:\/\/jubile2025-fatima.org\/it\/strumenti-1-sabato\/creare-un-gruppo-il-primo-sabato-del-mese\/#primaryimage"},"thumbnailUrl":"https:\/\/i0.wp.com\/jubile2025-fatima.org\/wp-content\/uploads\/2025\/01\/1logo-officiel-vecto-sombre.png?fit=1921%2C1081&ssl=1","datePublished":"2025-02-17T13:01:50+00:00","dateModified":"2025-02-27T15:20:29+00:00","breadcrumb":{"@id":"https:\/\/jubile2025-fatima.org\/it\/strumenti-1-sabato\/creare-un-gruppo-il-primo-sabato-del-mese\/#breadcrumb"},"inLanguage":"it-IT","potentialAction":[{"@type":"ReadAction","target":["https:\/\/jubile2025-fatima.org\/it\/strumenti-1-sabato\/creare-un-gruppo-il-primo-sabato-del-mese\/"]}]},{"@type":"ImageObject","inLanguage":"it-IT","@id":"https:\/\/jubile2025-fatima.org\/it\/strumenti-1-sabato\/creare-un-gruppo-il-primo-sabato-del-mese\/#primaryimage","url":"https:\/\/i0.wp.com\/jubile2025-fatima.org\/wp-content\/uploads\/2025\/01\/1logo-officiel-vecto-sombre.png?fit=1921%2C1081&ssl=1","contentUrl":"https:\/\/i0.wp.com\/jubile2025-fatima.org\/wp-content\/uploads\/2025\/01\/1logo-officiel-vecto-sombre.png?fit=1921%2C1081&ssl=1","width":1921,"height":1081},{"@type":"BreadcrumbList","@id":"https:\/\/jubile2025-fatima.org\/it\/strumenti-1-sabato\/creare-un-gruppo-il-primo-sabato-del-mese\/#breadcrumb","itemListElement":[{"@type":"ListItem","position":1,"name":"Casa","item":"https:\/\/jubile2025-fatima.org\/it\/"},{"@type":"ListItem","position":2,"name":"Strumenti 1\u00b0 sabato","item":"https:\/\/jubile2025-fatima.org\/it\/strumenti-1-sabato\/"},{"@type":"ListItem","position":3,"name":"Creare un gruppo il primo sabato del mese"}]},{"@type":"WebSite","@id":"https:\/\/jubile2025-fatima.org\/it\/#website","url":"https:\/\/jubile2025-fatima.org\/it\/","name":"jubile2025-fatima.org","description":"Giubileo 2025 Fatima - 1\u00b0 sabato di Fatima Alleanza per la pace","publisher":{"@id":"https:\/\/jubile2025-fatima.org\/it\/#organization"},"potentialAction":[{"@type":"SearchAction","target":{"@type":"EntryPoint","urlTemplate":"https:\/\/jubile2025-fatima.org\/it\/?s={search_term_string}"},"query-input":{"@type":"PropertyValueSpecification","valueRequired":true,"valueName":"search_term_string"}}],"inLanguage":"it-IT"},{"@type":"Organization","@id":"https:\/\/jubile2025-fatima.org\/it\/#organization","name":"giubileo2025-fatima.org","url":"https:\/\/jubile2025-fatima.org\/it\/","logo":{"@type":"ImageObject","inLanguage":"it-IT","@id":"https:\/\/jubile2025-fatima.org\/it\/#\/schema\/logo\/image\/","url":"https:\/\/jubile2025-fatima.org\/wp-content\/uploads\/2024\/12\/2logo-officiel-copie-2.png","contentUrl":"https:\/\/jubile2025-fatima.org\/wp-content\/uploads\/2024\/12\/2logo-officiel-copie-2.png","width":1921,"height":1081,"caption":"giubileo2025-fatima.org"},"image":{"@id":"https:\/\/jubile2025-fatima.org\/it\/#\/schema\/logo\/image\/"}}]}},"jetpack_sharing_enabled":true,"jetpack-related-posts":[{"id":4239,"url":"https:\/\/jubile2025-fatima.org\/it\/strumenti-1-sabato\/ospitare-sacerdoti-e-o-messe\/","url_meta":{"origin":4250,"position":0},"title":"Ospitare sacerdoti e\/o messe","author":"Agence Graphineo","date":"Febbraio 17, 2025","format":false,"excerpt":"Cosa fare in base alla disponibilit\u00e0 del sacerdote e\/o delle Messe Situazione 1: C'\u00e8 gi\u00e0 una messa del sabato mattina vicino a lei. Ci sono due scenari possibili: a) Il sacerdote sta gi\u00e0 organizzando il devozionale del 1\u00b0 sabato (in tutto o in parte) o \u00e8 interessato a iniziarne uno.\u2026","rel":"","context":"Articolo simile","block_context":{"text":"Articolo simile","link":""},"img":{"alt_text":"","src":"https:\/\/i0.wp.com\/jubile2025-fatima.org\/wp-content\/uploads\/2025\/01\/1logo-officiel-vecto-sombre.png?fit=1200%2C675&ssl=1&resize=350%2C200","width":350,"height":200,"srcset":"https:\/\/i0.wp.com\/jubile2025-fatima.org\/wp-content\/uploads\/2025\/01\/1logo-officiel-vecto-sombre.png?fit=1200%2C675&ssl=1&resize=350%2C200 1x, https:\/\/i0.wp.com\/jubile2025-fatima.org\/wp-content\/uploads\/2025\/01\/1logo-officiel-vecto-sombre.png?fit=1200%2C675&ssl=1&resize=525%2C300 1.5x, https:\/\/i0.wp.com\/jubile2025-fatima.org\/wp-content\/uploads\/2025\/01\/1logo-officiel-vecto-sombre.png?fit=1200%2C675&ssl=1&resize=700%2C400 2x, https:\/\/i0.wp.com\/jubile2025-fatima.org\/wp-content\/uploads\/2025\/01\/1logo-officiel-vecto-sombre.png?fit=1200%2C675&ssl=1&resize=1050%2C600 3x"},"classes":[]},{"id":4243,"url":"https:\/\/jubile2025-fatima.org\/it\/strumenti-1-sabato\/riepilogo-dei-primi-sabati\/","url_meta":{"origin":4250,"position":1},"title":"Riepilogo dei primi sabati","author":"Agence Graphineo","date":"Febbraio 17, 2025","format":false,"excerpt":"1- Informazioni di base su Fatima Il 13 luglio 1917 a Fatima, Nostra Signora annunci\u00f2 che, oltre al Rosario, sarebbe venuta a chiedere una futura devozione per la pace: \"Per prevenire la guerra verr\u00f2 chieder\u00f2 la consacrazione della Russia al mio Cuore Immacolato e la la Comunione riparatrice nei primi\u2026","rel":"","context":"Articolo simile","block_context":{"text":"Articolo simile","link":""},"img":{"alt_text":"","src":"https:\/\/i0.wp.com\/jubile2025-fatima.org\/wp-content\/uploads\/2025\/01\/1logo-officiel-vecto-sombre.png?fit=1200%2C675&ssl=1&resize=350%2C200","width":350,"height":200,"srcset":"https:\/\/i0.wp.com\/jubile2025-fatima.org\/wp-content\/uploads\/2025\/01\/1logo-officiel-vecto-sombre.png?fit=1200%2C675&ssl=1&resize=350%2C200 1x, https:\/\/i0.wp.com\/jubile2025-fatima.org\/wp-content\/uploads\/2025\/01\/1logo-officiel-vecto-sombre.png?fit=1200%2C675&ssl=1&resize=525%2C300 1.5x, https:\/\/i0.wp.com\/jubile2025-fatima.org\/wp-content\/uploads\/2025\/01\/1logo-officiel-vecto-sombre.png?fit=1200%2C675&ssl=1&resize=700%2C400 2x, https:\/\/i0.wp.com\/jubile2025-fatima.org\/wp-content\/uploads\/2025\/01\/1logo-officiel-vecto-sombre.png?fit=1200%2C675&ssl=1&resize=1050%2C600 3x"},"classes":[]},{"id":2571,"url":"https:\/\/jubile2025-fatima.org\/it\/creare-un-gruppo\/","url_meta":{"origin":4250,"position":2},"title":"Creare un gruppo","author":"Agence Graphineo","date":"Gennaio 14, 2025","format":false,"excerpt":"Creare un gruppo del 1\u00b0 sabato del mese vicino a lei I gruppi locali stanno sorgendo ovunque per celebrare i primi sabati e si stanno unendo all'interno dell'Alleanza di Fatima per la Pace. Rispettiamo e proteggiamo la privacy di tutti. Ecco perch\u00e9 prendiamo solo il suo indirizzo e-mail come dato\u2026","rel":"","context":"Articolo simile","block_context":{"text":"Articolo simile","link":""},"img":{"alt_text":"","src":"https:\/\/i0.wp.com\/jubile2025-fatima.org\/wp-content\/uploads\/2025\/01\/1logo-officiel-vecto-sombre.png?fit=1200%2C675&ssl=1&resize=350%2C200","width":350,"height":200,"srcset":"https:\/\/i0.wp.com\/jubile2025-fatima.org\/wp-content\/uploads\/2025\/01\/1logo-officiel-vecto-sombre.png?fit=1200%2C675&ssl=1&resize=350%2C200 1x, https:\/\/i0.wp.com\/jubile2025-fatima.org\/wp-content\/uploads\/2025\/01\/1logo-officiel-vecto-sombre.png?fit=1200%2C675&ssl=1&resize=525%2C300 1.5x, https:\/\/i0.wp.com\/jubile2025-fatima.org\/wp-content\/uploads\/2025\/01\/1logo-officiel-vecto-sombre.png?fit=1200%2C675&ssl=1&resize=700%2C400 2x, https:\/\/i0.wp.com\/jubile2025-fatima.org\/wp-content\/uploads\/2025\/01\/1logo-officiel-vecto-sombre.png?fit=1200%2C675&ssl=1&resize=1050%2C600 3x"},"classes":[]},{"id":2446,"url":"https:\/\/jubile2025-fatima.org\/it\/lalleanza\/","url_meta":{"origin":4250,"position":3},"title":"1\u00b0 sabato","author":"Agence Graphineo","date":"Dicembre 17, 2024","format":false,"excerpt":"I primi sabati dell'Alleanza di Fatima Perch\u00e9 impegnarsi per il 1\u00b0 sabato Comprendere l'urgenza dei primi sabati di Fatima La richiesta di Nostra Signora \"Per evitare la guerra, verr\u00f2 a chiedere la consacrazione della Russia al mio Cuore Immacolato e la Comunione riparatrice nei primi sabati\". Nel 1939, Suor Lucia\u2026","rel":"","context":"Articolo simile","block_context":{"text":"Articolo simile","link":""},"img":{"alt_text":"","src":"https:\/\/i0.wp.com\/jubile2025-fatima.org\/wp-content\/uploads\/2024\/12\/80681222.jpeg?fit=1200%2C671&ssl=1&resize=350%2C200","width":350,"height":200,"srcset":"https:\/\/i0.wp.com\/jubile2025-fatima.org\/wp-content\/uploads\/2024\/12\/80681222.jpeg?fit=1200%2C671&ssl=1&resize=350%2C200 1x, https:\/\/i0.wp.com\/jubile2025-fatima.org\/wp-content\/uploads\/2024\/12\/80681222.jpeg?fit=1200%2C671&ssl=1&resize=525%2C300 1.5x, https:\/\/i0.wp.com\/jubile2025-fatima.org\/wp-content\/uploads\/2024\/12\/80681222.jpeg?fit=1200%2C671&ssl=1&resize=700%2C400 2x, https:\/\/i0.wp.com\/jubile2025-fatima.org\/wp-content\/uploads\/2024\/12\/80681222.jpeg?fit=1200%2C671&ssl=1&resize=1050%2C600 3x"},"classes":[]},{"id":4246,"url":"https:\/\/jubile2025-fatima.org\/it\/strumenti-1-sabato\/come-realizzare-i-primi-sabati\/","url_meta":{"origin":4250,"position":4},"title":"Come realizzare i primi sabati","author":"Agence Graphineo","date":"Febbraio 17, 2025","format":false,"excerpt":"Effettuare il1\u00b0 sabato in modo indipendente o se non \u00e8 in grado di viaggiare 1\/ Eseguire i primi sabati in modo indipendente Naturalmente, \u00e8 possibile svolgere i primi sabati da soli, senza far parte di un gruppo (perch\u00e9 non c'\u00e8 un gruppo nelle vicinanze, perch\u00e9 non vuole crearne uno o\u2026","rel":"","context":"Articolo simile","block_context":{"text":"Articolo simile","link":""},"img":{"alt_text":"","src":"https:\/\/i0.wp.com\/jubile2025-fatima.org\/wp-content\/uploads\/2025\/01\/1logo-officiel-vecto-sombre.png?fit=1200%2C675&ssl=1&resize=350%2C200","width":350,"height":200,"srcset":"https:\/\/i0.wp.com\/jubile2025-fatima.org\/wp-content\/uploads\/2025\/01\/1logo-officiel-vecto-sombre.png?fit=1200%2C675&ssl=1&resize=350%2C200 1x, https:\/\/i0.wp.com\/jubile2025-fatima.org\/wp-content\/uploads\/2025\/01\/1logo-officiel-vecto-sombre.png?fit=1200%2C675&ssl=1&resize=525%2C300 1.5x, https:\/\/i0.wp.com\/jubile2025-fatima.org\/wp-content\/uploads\/2025\/01\/1logo-officiel-vecto-sombre.png?fit=1200%2C675&ssl=1&resize=700%2C400 2x, https:\/\/i0.wp.com\/jubile2025-fatima.org\/wp-content\/uploads\/2025\/01\/1logo-officiel-vecto-sombre.png?fit=1200%2C675&ssl=1&resize=1050%2C600 3x"},"classes":[]},{"id":4235,"url":"https:\/\/jubile2025-fatima.org\/it\/strumenti-1-sabato\/","url_meta":{"origin":4250,"position":5},"title":"Strumenti 1\u00b0 sabato","author":"Agence Graphineo","date":"Febbraio 17, 2025","format":false,"excerpt":"Strumenti 1\u00b0 sabato 1- Riepilogo dei primi sabati Vai alla pagina 2- Come creare un gruppo il1\u00b0 sabato del mese Vai alla pagina 3- Cosa fare quando i sacerdoti e\/o le Messe sono disponibili Vai alla pagina 4- Come fare i primi sabati in modo indipendente e\/o se non pu\u00f2\u2026","rel":"","context":"Articolo simile","block_context":{"text":"Articolo simile","link":""},"img":{"alt_text":"","src":"https:\/\/i0.wp.com\/jubile2025-fatima.org\/wp-content\/uploads\/2025\/01\/1logo-officiel-vecto-sombre.png?fit=1200%2C675&ssl=1&resize=350%2C200","width":350,"height":200,"srcset":"https:\/\/i0.wp.com\/jubile2025-fatima.org\/wp-content\/uploads\/2025\/01\/1logo-officiel-vecto-sombre.png?fit=1200%2C675&ssl=1&resize=350%2C200 1x, https:\/\/i0.wp.com\/jubile2025-fatima.org\/wp-content\/uploads\/2025\/01\/1logo-officiel-vecto-sombre.png?fit=1200%2C675&ssl=1&resize=525%2C300 1.5x, https:\/\/i0.wp.com\/jubile2025-fatima.org\/wp-content\/uploads\/2025\/01\/1logo-officiel-vecto-sombre.png?fit=1200%2C675&ssl=1&resize=700%2C400 2x, https:\/\/i0.wp.com\/jubile2025-fatima.org\/wp-content\/uploads\/2025\/01\/1logo-officiel-vecto-sombre.png?fit=1200%2C675&ssl=1&resize=1050%2C600 3x"},"classes":[]}],"mfb_rest_fields":["title","yoast_head","yoast_head_json","jetpack_sharing_enabled","jetpack-related-posts"],"_links":{"self":[{"href":"https:\/\/jubile2025-fatima.org\/it\/wp-json\/wp\/v2\/pages\/4250","targetHints":{"allow":["GET"]}}],"collection":[{"href":"https:\/\/jubile2025-fatima.org\/it\/wp-json\/wp\/v2\/pages"}],"about":[{"href":"https:\/\/jubile2025-fatima.org\/it\/wp-json\/wp\/v2\/types\/page"}],"author":[{"embeddable":true,"href":"https:\/\/jubile2025-fatima.org\/it\/wp-json\/wp\/v2\/users\/2"}],"replies":[{"embeddable":true,"href":"https:\/\/jubile2025-fatima.org\/it\/wp-json\/wp\/v2\/comments?post=4250"}],"version-history":[{"count":1,"href":"https:\/\/jubile2025-fatima.org\/it\/wp-json\/wp\/v2\/pages\/4250\/revisions"}],"predecessor-version":[{"id":5138,"href":"https:\/\/jubile2025-fatima.org\/it\/wp-json\/wp\/v2\/pages\/4250\/revisions\/5138"}],"up":[{"embeddable":true,"href":"https:\/\/jubile2025-fatima.org\/it\/wp-json\/wp\/v2\/pages\/4235"}],"wp:featuredmedia":[{"embeddable":true,"href":"https:\/\/jubile2025-fatima.org\/it\/wp-json\/wp\/v2\/media\/2019"}],"wp:attachment":[{"href":"https:\/\/jubile2025-fatima.org\/it\/wp-json\/wp\/v2\/media?parent=4250"}],"curies":[{"name":"wp","href":"https:\/\/api.w.org\/{rel}","templated":true}]}}