{"id":12314,"date":"2025-02-17T13:03:43","date_gmt":"2025-02-17T13:03:43","guid":{"rendered":"https:\/\/jubile2025-fatima.org\/acolher-sacerdotes-e-ou-missas\/"},"modified":"2025-11-03T18:59:09","modified_gmt":"2025-11-03T18:59:09","slug":"acolher-sacerdotes-e-ou-missas","status":"publish","type":"page","link":"https:\/\/jubile2025-fatima.org\/pt-pt\/ferramentas-1os-sabados\/acolher-sacerdotes-e-ou-missas\/","title":{"rendered":"Acolher sacerdotes e\/ou missas"},"content":{"rendered":"\n<p>O que fazer em fun\u00e7\u00e3o da disponibilidade do padre e\/ou das missas<\/p>\n\n<h3 class=\"wp-block-heading\">Situa\u00e7\u00e3o 1: J\u00e1 existe uma missa ao s\u00e1bado de manh\u00e3 perto de si.<\/h3>\n\n<p><strong>Existem dois cen\u00e1rios poss\u00edveis:<\/strong><\/p>\n\n<p>a) O sacerdote j\u00e1 est\u00e1 a organizar o devocional dos primeiros s\u00e1bados (no todo ou em parte) ou est\u00e1 interessado em come\u00e7ar um. Isto \u00e9 o ideal! Verifique se o pedido a Nossa Senhora foi feito <g id=\"gid_0\">na \u00edntegra<\/g> (muitas vezes falta a medita\u00e7\u00e3o). Ajude-os a tornar estes <g id=\"gid_1\">primeiros<\/g> s\u00e1bados solenes com, se poss\u00edvel, uma imagem de Nossa Senhora no lugar de honra, c\u00e2nticos, etc. Veja se \u00e9 poss\u00edvel anunciar o<sup>1\u00ba<\/sup> s\u00e1bado no domingo anterior, afixar um cartaz na igreja, no boletim paroquial, etc.    <\/p>\n\n<p>b) O padre n\u00e3o est\u00e1 interessado: mantemo-nos no \u00e2mbito do seu minist\u00e9rio normal para receber a comunh\u00e3o durante a sua missa de s\u00e1bado de manh\u00e3. Em seguida, os membros do grupo do <g id=\"gid_0\">1\u00ba<\/g> s\u00e1bado organizam-se para fazer os 15 minutos de medita\u00e7\u00e3o e recitar o ter\u00e7o antes ou depois da missa (coordenar para que isso n\u00e3o interfira com outras actividades).    <\/p>\n\n<h3 class=\"wp-block-heading\">Situa\u00e7\u00e3o 2: N\u00e3o h\u00e1 missa ao s\u00e1bado de manh\u00e3 perto de si.<\/h3>\n\n<p>a) Tente <strong>encontrar um sacerdote <\/strong>(p\u00e1roco, familiar, amigo, comunidade, etc.) que esteja disposto a celebrar a missa no <sup>1\u00ba <\/sup>s\u00e1bado do m\u00eas, de manh\u00e3. Se encontrar um, funciona como na situa\u00e7\u00e3o anterior (1a). <\/p>\n\n<p>b) Se n\u00e3o for poss\u00edvel celebrar uma missa no s\u00e1bado de manh\u00e3, aproveite a missa matutina<sup>(1)<\/sup> da noite para comungar sem esquecer <strong>a inten\u00e7\u00e3o da 1<\/strong><strong><sup>primeiro<\/sup><\/strong><strong> do m\u00eas, para reparar as ofensas cometidas contra a Sant\u00edssima Virgem.<\/strong> Se poss\u00edvel, planeie o ter\u00e7o e a medita\u00e7\u00e3o antes\/depois da Missa da noite, para n\u00e3o ter de ir duas vezes, ou noutra altura do dia.<\/p>\n\n<p><em>Nota 1: Esta missa n\u00e3o \u00e9 utilizada como missa antecipada e deve ser assistida ao domingo (exceto se n\u00e3o puder assistir ao domingo por motivos de for\u00e7a maior).<\/em><\/p>\n\n<p><em>Nota 2: Se n\u00e3o tiver muito tempo, n\u00e3o precisa de assistir \u00e0 &#8220;Liturgia da Palavra&#8221;, uma vez que esta ser\u00e1 rezada na missa do domingo seguinte. Pode, portanto, chegar apenas para o ofert\u00f3rio e para comungar. <\/em><\/p>\n\n<h3 class=\"wp-block-heading\">Situa\u00e7\u00e3o 3: N\u00e3o h\u00e1 missa ao s\u00e1bado perto de si  <\/h3>\n\n<p>Isto pode acontecer, especialmente no campo. O pr\u00f3prio Cristo respondeu a esta quest\u00e3o que lhe foi colocada pela Irm\u00e3 L\u00facia e explicou <strong>que, se fosse totalmente imposs\u00edvel receber a Sagrada Comunh\u00e3o<\/strong> no s\u00e1bado, ent\u00e3o a Comunh\u00e3o dominical <strong>era v\u00e1lida<\/strong> desde que 1\/ recebesse <strong>a Sagrada Comunh\u00e3o em repara\u00e7\u00e3o pelas ofensas<\/strong> cometidas contra a Sant\u00edssima Virgem e 2\/ informasse previamente o sacerdote de que receberia a Sagrada Comunh\u00e3o no<sup>1\u00ba<\/sup> s\u00e1bado. Os outros pedidos (ter\u00e7o e 15 minutos de medita\u00e7\u00e3o) devem ser feitos no s\u00e1bado.  <\/p>\n\n<h3 class=\"wp-block-heading\">Situa\u00e7\u00e3o 4: N\u00e3o h\u00e1 qualquer possibilidade de missa (zona muito isolada, persegui\u00e7\u00e3o)<\/h3>\n\n<p>Neste caso, re\u00fana-se numa igreja, capela ou mesmo num local privado para rezar o ter\u00e7o e fazer os 15 minutos de medita\u00e7\u00e3o (individualmente ou em grupo, consoante a situa\u00e7\u00e3o). Depois, em vez de se confessar, fa\u00e7a um exame de consci\u00eancia e pe\u00e7a perd\u00e3o a Deus pelos seus pecados, recitando o seu ato de contri\u00e7\u00e3o. Depois, fa\u00e7a uma <g id=\"gid_0\">comunh\u00e3o espiritual<\/g>. (Ver ficha 4 do caso isolado)   <\/p>\n","protected":false},"excerpt":{"rendered":"<p>O que fazer em fun\u00e7\u00e3o da disponibilidade do padre e\/ou das missas Situa\u00e7\u00e3o 1: J\u00e1 existe uma missa ao s\u00e1bado de manh\u00e3 perto de si. Existem dois cen\u00e1rios poss\u00edveis: a) O sacerdote j\u00e1 est\u00e1 a organizar o devocional dos primeiros s\u00e1bados (no todo ou em parte) ou est\u00e1 interessado em come\u00e7ar um. Isto \u00e9 o [&hellip;]<\/p>\n","protected":false},"author":2,"featured_media":0,"parent":12323,"menu_order":0,"comment_status":"closed","ping_status":"closed","template":"page-with-sidebar","meta":{"inline_featured_image":false,"footnotes":""},"class_list":["post-12314","page","type-page","status-publish","hentry"],"mb":[],"yoast_head":"<!-- This site is optimized with the Yoast SEO plugin v26.4 - https:\/\/yoast.com\/wordpress\/plugins\/seo\/ -->\n<title>Acolher sacerdotes e\/ou missas - jubile2025-fatima.org<\/title>\n<meta name=\"robots\" content=\"index, follow, max-snippet:-1, max-image-preview:large, max-video-preview:-1\" \/>\n<link rel=\"canonical\" href=\"https:\/\/jubile2025-fatima.org\/pt-pt\/ferramentas-1os-sabados\/acolher-sacerdotes-e-ou-missas\/\" \/>\n<meta property=\"og:locale\" content=\"pt_PT\" \/>\n<meta property=\"og:type\" content=\"article\" \/>\n<meta property=\"og:title\" content=\"Acolher sacerdotes e\/ou missas - jubile2025-fatima.org\" \/>\n<meta property=\"og:description\" content=\"O que fazer em fun\u00e7\u00e3o da disponibilidade do padre e\/ou das missas Situa\u00e7\u00e3o 1: J\u00e1 existe uma missa ao s\u00e1bado de manh\u00e3 perto de si. Existem dois cen\u00e1rios poss\u00edveis: a) O sacerdote j\u00e1 est\u00e1 a organizar o devocional dos primeiros s\u00e1bados (no todo ou em parte) ou est\u00e1 interessado em come\u00e7ar um. Isto \u00e9 o [&hellip;]\" \/>\n<meta property=\"og:url\" content=\"https:\/\/jubile2025-fatima.org\/pt-pt\/ferramentas-1os-sabados\/acolher-sacerdotes-e-ou-missas\/\" \/>\n<meta property=\"og:site_name\" content=\"jubile2025-fatima.org\" \/>\n<meta property=\"article:modified_time\" content=\"2025-11-03T18:59:09+00:00\" \/>\n<meta name=\"twitter:card\" content=\"summary_large_image\" \/>\n<meta name=\"twitter:label1\" content=\"Tempo estimado de leitura\" \/>\n\t<meta name=\"twitter:data1\" content=\"3 minutos\" \/>\n<script type=\"application\/ld+json\" class=\"yoast-schema-graph\">{\"@context\":\"https:\/\/schema.org\",\"@graph\":[{\"@type\":\"WebPage\",\"@id\":\"https:\/\/jubile2025-fatima.org\/pt-pt\/ferramentas-1os-sabados\/acolher-sacerdotes-e-ou-missas\/\",\"url\":\"https:\/\/jubile2025-fatima.org\/pt-pt\/ferramentas-1os-sabados\/acolher-sacerdotes-e-ou-missas\/\",\"name\":\"Acolher sacerdotes e\/ou missas - jubile2025-fatima.org\",\"isPartOf\":{\"@id\":\"https:\/\/jubile2025-fatima.org\/pt-pt\/#website\"},\"datePublished\":\"2025-02-17T13:03:43+00:00\",\"dateModified\":\"2025-11-03T18:59:09+00:00\",\"breadcrumb\":{\"@id\":\"https:\/\/jubile2025-fatima.org\/pt-pt\/ferramentas-1os-sabados\/acolher-sacerdotes-e-ou-missas\/#breadcrumb\"},\"inLanguage\":\"pt-PT\",\"potentialAction\":[{\"@type\":\"ReadAction\",\"target\":[\"https:\/\/jubile2025-fatima.org\/pt-pt\/ferramentas-1os-sabados\/acolher-sacerdotes-e-ou-missas\/\"]}]},{\"@type\":\"BreadcrumbList\",\"@id\":\"https:\/\/jubile2025-fatima.org\/pt-pt\/ferramentas-1os-sabados\/acolher-sacerdotes-e-ou-missas\/#breadcrumb\",\"itemListElement\":[{\"@type\":\"ListItem\",\"position\":1,\"name\":\"Accueil\",\"item\":\"https:\/\/jubile2025-fatima.org\/pt-pt\/\"},{\"@type\":\"ListItem\",\"position\":2,\"name\":\"Ferramentas 1\u00bas s\u00e1bados\",\"item\":\"https:\/\/jubile2025-fatima.org\/pt-pt\/ferramentas-1os-sabados\/\"},{\"@type\":\"ListItem\",\"position\":3,\"name\":\"Acolher sacerdotes e\/ou missas\"}]},{\"@type\":\"WebSite\",\"@id\":\"https:\/\/jubile2025-fatima.org\/pt-pt\/#website\",\"url\":\"https:\/\/jubile2025-fatima.org\/pt-pt\/\",\"name\":\"jubile2025-fatima.org\",\"description\":\"Jubile 2025 Fatima - Alliance les 1ers samedis de de Fatima pour la paix\",\"publisher\":{\"@id\":\"https:\/\/jubile2025-fatima.org\/pt-pt\/#organization\"},\"potentialAction\":[{\"@type\":\"SearchAction\",\"target\":{\"@type\":\"EntryPoint\",\"urlTemplate\":\"https:\/\/jubile2025-fatima.org\/pt-pt\/?s={search_term_string}\"},\"query-input\":{\"@type\":\"PropertyValueSpecification\",\"valueRequired\":true,\"valueName\":\"search_term_string\"}}],\"inLanguage\":\"pt-PT\"},{\"@type\":\"Organization\",\"@id\":\"https:\/\/jubile2025-fatima.org\/pt-pt\/#organization\",\"name\":\"jubile2025-fatima.org\",\"url\":\"https:\/\/jubile2025-fatima.org\/pt-pt\/\",\"logo\":{\"@type\":\"ImageObject\",\"inLanguage\":\"pt-PT\",\"@id\":\"https:\/\/jubile2025-fatima.org\/pt-pt\/#\/schema\/logo\/image\/\",\"url\":\"https:\/\/jubile2025-fatima.org\/wp-content\/uploads\/2024\/12\/2logo-officiel-copie-2.png\",\"contentUrl\":\"https:\/\/jubile2025-fatima.org\/wp-content\/uploads\/2024\/12\/2logo-officiel-copie-2.png\",\"width\":1921,\"height\":1081,\"caption\":\"jubile2025-fatima.org\"},\"image\":{\"@id\":\"https:\/\/jubile2025-fatima.org\/pt-pt\/#\/schema\/logo\/image\/\"}}]}<\/script>\n<!-- \/ Yoast SEO plugin. -->","yoast_head_json":{"title":"Acolher sacerdotes e\/ou missas - jubile2025-fatima.org","robots":{"index":"index","follow":"follow","max-snippet":"max-snippet:-1","max-image-preview":"max-image-preview:large","max-video-preview":"max-video-preview:-1"},"canonical":"https:\/\/jubile2025-fatima.org\/pt-pt\/ferramentas-1os-sabados\/acolher-sacerdotes-e-ou-missas\/","og_locale":"pt_PT","og_type":"article","og_title":"Acolher sacerdotes e\/ou missas - jubile2025-fatima.org","og_description":"O que fazer em fun\u00e7\u00e3o da disponibilidade do padre e\/ou das missas Situa\u00e7\u00e3o 1: J\u00e1 existe uma missa ao s\u00e1bado de manh\u00e3 perto de si. Existem dois cen\u00e1rios poss\u00edveis: a) O sacerdote j\u00e1 est\u00e1 a organizar o devocional dos primeiros s\u00e1bados (no todo ou em parte) ou est\u00e1 interessado em come\u00e7ar um. Isto \u00e9 o [&hellip;]","og_url":"https:\/\/jubile2025-fatima.org\/pt-pt\/ferramentas-1os-sabados\/acolher-sacerdotes-e-ou-missas\/","og_site_name":"jubile2025-fatima.org","article_modified_time":"2025-11-03T18:59:09+00:00","twitter_card":"summary_large_image","twitter_misc":{"Tempo estimado de leitura":"3 minutos"},"schema":{"@context":"https:\/\/schema.org","@graph":[{"@type":"WebPage","@id":"https:\/\/jubile2025-fatima.org\/pt-pt\/ferramentas-1os-sabados\/acolher-sacerdotes-e-ou-missas\/","url":"https:\/\/jubile2025-fatima.org\/pt-pt\/ferramentas-1os-sabados\/acolher-sacerdotes-e-ou-missas\/","name":"Acolher sacerdotes e\/ou missas - jubile2025-fatima.org","isPartOf":{"@id":"https:\/\/jubile2025-fatima.org\/pt-pt\/#website"},"datePublished":"2025-02-17T13:03:43+00:00","dateModified":"2025-11-03T18:59:09+00:00","breadcrumb":{"@id":"https:\/\/jubile2025-fatima.org\/pt-pt\/ferramentas-1os-sabados\/acolher-sacerdotes-e-ou-missas\/#breadcrumb"},"inLanguage":"pt-PT","potentialAction":[{"@type":"ReadAction","target":["https:\/\/jubile2025-fatima.org\/pt-pt\/ferramentas-1os-sabados\/acolher-sacerdotes-e-ou-missas\/"]}]},{"@type":"BreadcrumbList","@id":"https:\/\/jubile2025-fatima.org\/pt-pt\/ferramentas-1os-sabados\/acolher-sacerdotes-e-ou-missas\/#breadcrumb","itemListElement":[{"@type":"ListItem","position":1,"name":"Accueil","item":"https:\/\/jubile2025-fatima.org\/pt-pt\/"},{"@type":"ListItem","position":2,"name":"Ferramentas 1\u00bas s\u00e1bados","item":"https:\/\/jubile2025-fatima.org\/pt-pt\/ferramentas-1os-sabados\/"},{"@type":"ListItem","position":3,"name":"Acolher sacerdotes e\/ou missas"}]},{"@type":"WebSite","@id":"https:\/\/jubile2025-fatima.org\/pt-pt\/#website","url":"https:\/\/jubile2025-fatima.org\/pt-pt\/","name":"jubile2025-fatima.org","description":"Jubile 2025 Fatima - Alliance les 1ers samedis de de Fatima pour la paix","publisher":{"@id":"https:\/\/jubile2025-fatima.org\/pt-pt\/#organization"},"potentialAction":[{"@type":"SearchAction","target":{"@type":"EntryPoint","urlTemplate":"https:\/\/jubile2025-fatima.org\/pt-pt\/?s={search_term_string}"},"query-input":{"@type":"PropertyValueSpecification","valueRequired":true,"valueName":"search_term_string"}}],"inLanguage":"pt-PT"},{"@type":"Organization","@id":"https:\/\/jubile2025-fatima.org\/pt-pt\/#organization","name":"jubile2025-fatima.org","url":"https:\/\/jubile2025-fatima.org\/pt-pt\/","logo":{"@type":"ImageObject","inLanguage":"pt-PT","@id":"https:\/\/jubile2025-fatima.org\/pt-pt\/#\/schema\/logo\/image\/","url":"https:\/\/jubile2025-fatima.org\/wp-content\/uploads\/2024\/12\/2logo-officiel-copie-2.png","contentUrl":"https:\/\/jubile2025-fatima.org\/wp-content\/uploads\/2024\/12\/2logo-officiel-copie-2.png","width":1921,"height":1081,"caption":"jubile2025-fatima.org"},"image":{"@id":"https:\/\/jubile2025-fatima.org\/pt-pt\/#\/schema\/logo\/image\/"}}]}},"jetpack_sharing_enabled":true,"jetpack-related-posts":[{"id":12318,"url":"https:\/\/jubile2025-fatima.org\/pt-pt\/ferramentas-1os-sabados\/como-fazer-os-primeiros-sabados\/","url_meta":{"origin":12314,"position":0},"title":"Como fazer os primeiros s\u00e1bados","author":"Agence Graphineo","date":"Fevereiro 17, 2025","format":false,"excerpt":"Efetuar o1\u00ba s\u00e1bado de forma independente ou se n\u00e3o puder deslocar-se 1\/ Efetuar os primeiros s\u00e1bados de forma aut\u00f3noma \u00c9 claro que \u00e9 poss\u00edvel fazer os 1os s\u00e1bados sozinho, sem fazer parte de um grupo (porque n\u00e3o h\u00e1 um grupo pr\u00f3ximo, porque n\u00e3o quer criar um ou por raz\u00f5es pessoais).\u2026","rel":"","context":"Similar post","block_context":{"text":"Similar post","link":""},"img":{"alt_text":"","src":"","width":0,"height":0},"classes":[]},{"id":12332,"url":"https:\/\/jubile2025-fatima.org\/pt-pt\/ferramentas-1os-sabados\/crie-um-grupo-no-primeiro-sabado-do-mes\/","url_meta":{"origin":12314,"position":1},"title":"Crie um grupo no primeiro s\u00e1bado do m\u00eas","author":"Agence Graphineo","date":"Fevereiro 17, 2025","format":false,"excerpt":"1- O que \u00e9 um grupodo 1\u00ba s\u00e1bado do m\u00eas? \u00c9 um grupo local e aut\u00f3nomo de leigos que se re\u00fane todos os dias 1s\u00e1bado s\u00e1bado do m\u00eas numa igreja, capela, comunidade, etc., para realizar o pedido da Virgem Maria. Embora aut\u00f3nomos, os grupos est\u00e3o unidos no seio da Alliance\u2026","rel":"","context":"Similar post","block_context":{"text":"Similar post","link":""},"img":{"alt_text":"","src":"","width":0,"height":0},"classes":[]},{"id":2542,"url":"https:\/\/jubile2025-fatima.org\/pt-pt\/assinatura\/","url_meta":{"origin":12314,"position":2},"title":"Assinatura","author":"Agence Graphineo","date":"Janeiro 21, 2025","format":false,"excerpt":"Assine o apelo para oficializar os 1\u00bas s\u00e1bados do m\u00eas, conforme pedido de Nossa Senhora de F\u00e1tima. A carta ser\u00e1 publicada em breve. Assine o apelo ao Papa Vig\u00e1rio de Cristo para que oficialize os 1\u00bas s\u00e1bados do m\u00eas, conforme pedido de Nossa Senhora de F\u00e1tima. Em 13 de julho\u2026","rel":"","context":"Similar post","block_context":{"text":"Similar post","link":""},"img":{"alt_text":"","src":"https:\/\/i0.wp.com\/jubile2025-fatima.org\/wp-content\/uploads\/2025\/01\/1logo-officiel-vecto-sombre.png?fit=1200%2C675&ssl=1&resize=350%2C200","width":350,"height":200,"srcset":"https:\/\/i0.wp.com\/jubile2025-fatima.org\/wp-content\/uploads\/2025\/01\/1logo-officiel-vecto-sombre.png?fit=1200%2C675&ssl=1&resize=350%2C200 1x, https:\/\/i0.wp.com\/jubile2025-fatima.org\/wp-content\/uploads\/2025\/01\/1logo-officiel-vecto-sombre.png?fit=1200%2C675&ssl=1&resize=525%2C300 1.5x, https:\/\/i0.wp.com\/jubile2025-fatima.org\/wp-content\/uploads\/2025\/01\/1logo-officiel-vecto-sombre.png?fit=1200%2C675&ssl=1&resize=700%2C400 2x, https:\/\/i0.wp.com\/jubile2025-fatima.org\/wp-content\/uploads\/2025\/01\/1logo-officiel-vecto-sombre.png?fit=1200%2C675&ssl=1&resize=1050%2C600 3x"},"classes":[]},{"id":12328,"url":"https:\/\/jubile2025-fatima.org\/pt-pt\/ferramentas-1os-sabados\/resumo-dos-primeiros-sabados\/","url_meta":{"origin":12314,"position":3},"title":"Resumo dos primeiros s\u00e1bados","author":"Agence Graphineo","date":"Fevereiro 17, 2025","format":false,"excerpt":"1- Antecedentes de F\u00e1tima Em 13 de julho de 1917, em F\u00e1tima, Nossa Senhora anunciou que, para al\u00e9m do Ros\u00e1rio, viria pedir uma futura devo\u00e7\u00e3o pela paz: \"Para evitar a guerra Eu virei para evitar a guerra, virei pedir a consagra\u00e7\u00e3o da R\u00fassia ao meu Imaculado Cora\u00e7\u00e3o e a comunh\u00e3o\u2026","rel":"","context":"Similar post","block_context":{"text":"Similar post","link":""},"img":{"alt_text":"","src":"","width":0,"height":0},"classes":[]},{"id":2444,"url":"https:\/\/jubile2025-fatima.org\/pt-pt\/a-alianca\/","url_meta":{"origin":12314,"position":4},"title":"1\u00ba s\u00e1bado","author":"Agence Graphineo","date":"Dezembro 17, 2024","format":false,"excerpt":"Os primeiros s\u00e1bados da Alian\u00e7a de F\u00e1tima Porqu\u00ea comprometer-se com os primeiros s\u00e1bados Compreender a urg\u00eancia dos primeiros s\u00e1bados de F\u00e1tima O pedido de Nossa Senhora \"Para evitar a guerra, virei pedir a consagra\u00e7\u00e3o da R\u00fassia ao meu Imaculado Cora\u00e7\u00e3o e a comunh\u00e3o reparadora nos primeiros s\u00e1bados\". Em 1939, a\u2026","rel":"","context":"Similar post","block_context":{"text":"Similar post","link":""},"img":{"alt_text":"","src":"https:\/\/i0.wp.com\/jubile2025-fatima.org\/wp-content\/uploads\/2024\/12\/80681222.jpeg?fit=1200%2C671&ssl=1&resize=350%2C200","width":350,"height":200,"srcset":"https:\/\/i0.wp.com\/jubile2025-fatima.org\/wp-content\/uploads\/2024\/12\/80681222.jpeg?fit=1200%2C671&ssl=1&resize=350%2C200 1x, https:\/\/i0.wp.com\/jubile2025-fatima.org\/wp-content\/uploads\/2024\/12\/80681222.jpeg?fit=1200%2C671&ssl=1&resize=525%2C300 1.5x, https:\/\/i0.wp.com\/jubile2025-fatima.org\/wp-content\/uploads\/2024\/12\/80681222.jpeg?fit=1200%2C671&ssl=1&resize=700%2C400 2x, https:\/\/i0.wp.com\/jubile2025-fatima.org\/wp-content\/uploads\/2024\/12\/80681222.jpeg?fit=1200%2C671&ssl=1&resize=1050%2C600 3x"},"classes":[]},{"id":2567,"url":"https:\/\/jubile2025-fatima.org\/pt-pt\/crie-um-grupo\/","url_meta":{"origin":12314,"position":5},"title":"Crie um grupo","author":"Agence Graphineo","date":"Janeiro 14, 2025","format":false,"excerpt":"Crie um grupo no primeiro s\u00e1bado do m\u00eas perto de si Est\u00e3o a surgir grupos locais por todo o lado para fazer os primeiros s\u00e1bados e est\u00e3o a unir-se na Alian\u00e7a dos Primeiros S\u00e1bados pela Paz em F\u00e1tima. Respeitamos e protegemos a privacidade de todos. Para o efeito, apenas consideramos\u2026","rel":"","context":"Similar post","block_context":{"text":"Similar post","link":""},"img":{"alt_text":"","src":"https:\/\/i0.wp.com\/jubile2025-fatima.org\/wp-content\/uploads\/2025\/01\/1logo-officiel-vecto-sombre.png?fit=1200%2C675&ssl=1&resize=350%2C200","width":350,"height":200,"srcset":"https:\/\/i0.wp.com\/jubile2025-fatima.org\/wp-content\/uploads\/2025\/01\/1logo-officiel-vecto-sombre.png?fit=1200%2C675&ssl=1&resize=350%2C200 1x, https:\/\/i0.wp.com\/jubile2025-fatima.org\/wp-content\/uploads\/2025\/01\/1logo-officiel-vecto-sombre.png?fit=1200%2C675&ssl=1&resize=525%2C300 1.5x, https:\/\/i0.wp.com\/jubile2025-fatima.org\/wp-content\/uploads\/2025\/01\/1logo-officiel-vecto-sombre.png?fit=1200%2C675&ssl=1&resize=700%2C400 2x, https:\/\/i0.wp.com\/jubile2025-fatima.org\/wp-content\/uploads\/2025\/01\/1logo-officiel-vecto-sombre.png?fit=1200%2C675&ssl=1&resize=1050%2C600 3x"},"classes":[]}],"mfb_rest_fields":["title","yoast_head","yoast_head_json","jetpack_sharing_enabled","jetpack-related-posts"],"_links":{"self":[{"href":"https:\/\/jubile2025-fatima.org\/pt-pt\/wp-json\/wp\/v2\/pages\/12314","targetHints":{"allow":["GET"]}}],"collection":[{"href":"https:\/\/jubile2025-fatima.org\/pt-pt\/wp-json\/wp\/v2\/pages"}],"about":[{"href":"https:\/\/jubile2025-fatima.org\/pt-pt\/wp-json\/wp\/v2\/types\/page"}],"author":[{"embeddable":true,"href":"https:\/\/jubile2025-fatima.org\/pt-pt\/wp-json\/wp\/v2\/users\/2"}],"replies":[{"embeddable":true,"href":"https:\/\/jubile2025-fatima.org\/pt-pt\/wp-json\/wp\/v2\/comments?post=12314"}],"version-history":[{"count":1,"href":"https:\/\/jubile2025-fatima.org\/pt-pt\/wp-json\/wp\/v2\/pages\/12314\/revisions"}],"predecessor-version":[{"id":12317,"href":"https:\/\/jubile2025-fatima.org\/pt-pt\/wp-json\/wp\/v2\/pages\/12314\/revisions\/12317"}],"up":[{"embeddable":true,"href":"https:\/\/jubile2025-fatima.org\/pt-pt\/wp-json\/wp\/v2\/pages\/12323"}],"wp:attachment":[{"href":"https:\/\/jubile2025-fatima.org\/pt-pt\/wp-json\/wp\/v2\/media?parent=12314"}],"curies":[{"name":"wp","href":"https:\/\/api.w.org\/{rel}","templated":true}]}}