{"id":12318,"date":"2025-02-17T13:04:36","date_gmt":"2025-02-17T13:04:36","guid":{"rendered":"https:\/\/jubile2025-fatima.org\/como-fazer-os-primeiros-sabados\/"},"modified":"2025-11-03T18:59:09","modified_gmt":"2025-11-03T18:59:09","slug":"como-fazer-os-primeiros-sabados","status":"publish","type":"page","link":"https:\/\/jubile2025-fatima.org\/pt-pt\/ferramentas-1os-sabados\/como-fazer-os-primeiros-sabados\/","title":{"rendered":"Como fazer os primeiros s\u00e1bados"},"content":{"rendered":"\n<p>Efetuar o<sup>1\u00ba<\/sup> s\u00e1bado de forma independente ou se n\u00e3o puder deslocar-se<\/p>\n\n<h3 class=\"wp-block-heading\">1\/ Efetuar os primeiros s\u00e1bados de forma aut\u00f3noma<\/h3>\n\n<p>\u00c9 claro que \u00e9 poss\u00edvel fazer os <sup>1os<\/sup> s\u00e1bados sozinho, sem fazer parte de um grupo (porque n\u00e3o h\u00e1 um grupo pr\u00f3ximo, porque n\u00e3o quer criar um ou por raz\u00f5es pessoais). Neste caso, identifica um local de missa pr\u00f3ximo e realiza sozinho os 5 pedidos de Notre Dame (ver folheto dos <sup>1<\/sup>.<sup>\u00bas<\/sup> s\u00e1bados).  <\/p>\n\n<h3 class=\"wp-block-heading\">2\/ Realize os <sup>primeiros<\/sup> s\u00e1bados, apesar da impossibilidade de viajar ou de ter um padre.<\/h3>\n\n<p>Pode haver circunst\u00e2ncias excepcionais que impossibilitem a comunh\u00e3o sacramental ou mesmo a confiss\u00e3o: impossibilidade de viajar (doen\u00e7a, idoso, sem meios de transporte), zona isolada sem sacerdote, medidas governamentais, etc.<\/p>\n\n<p>Nestes casos extraordin\u00e1rios, os <sup>primeiros <\/sup>s\u00e1bados s\u00e3o perfeitamente aceit\u00e1veis. Como de costume, os cinco pedidos de Nossa Senhora s\u00e3o feitos aos s\u00e1bados, mas a confiss\u00e3o \u00e9 substitu\u00edda por um exame de consci\u00eancia, e a comunh\u00e3o sacramental pela comunh\u00e3o espiritual<sup> (1)<\/sup> (tamb\u00e9m chamada comunh\u00e3o de desejo). <\/p>\n\n<p><strong>Como proceder<\/strong><\/p>\n\n<h4 class=\"wp-block-heading has-medium-font-size\">1 Come\u00e7a-se por <strong>fazer um exame de consci\u00eancia<\/strong>. Depois, pedimos sinceramente perd\u00e3o a Deus pelas nossas faltas e recitamos o nosso ato de contri\u00e7\u00e3o. Depois, terminamos dizendo, como na Missa, tr\u00eas vezes <em>: &#8220;Senhor, n\u00e3o sou digno de vos receber, mas dizei uma palavra e ficarei curado&#8221;.<\/em>  <\/h4>\n\n<h4 class=\"wp-block-heading has-medium-font-size\">2\/ Depois de ter feito esta &#8220;confiss\u00e3o interior&#8221; no seu cora\u00e7\u00e3o, <strong>prepare<\/strong> a sua comunh\u00e3o espiritual como uma comunh\u00e3o sacramental. Fique em sil\u00eancio, se poss\u00edvel ajoelhado diante de uma cruz, de uma est\u00e1tua ou de uma imagem piedosa(2). Coloque-se na presen\u00e7a da Sant\u00edssima Trindade, da Virgem Sant\u00edssima e associe-se ao seu Anjo da Guarda. Medite durante alguns minutos na renova\u00e7\u00e3o do sacrif\u00edcio de Jesus na Cruz, que tem lugar em cada Missa durante a Eleva\u00e7\u00e3o.   <\/h4>\n\n<h4 class=\"wp-block-heading has-medium-font-size\">3\/ Finalmente, alcan\u00e7amos a comunh\u00e3o espiritual fazendo um ato de desejo e pedindo a Jesus que entre em n\u00f3s. Para isso, pode recitar a ora\u00e7\u00e3o de Santo Afonso de Lig\u00f3rio: <\/h4>\n\n<p><em>&#8220;Meu Jesus, eu creio na vossa presen\u00e7a no Sant\u00edssimo Sacramento. Amo-Vos mais do que tudo e quero que entreis na minha alma. N\u00e3o posso agora receber-Vos sacramentalmente no meu cora\u00e7\u00e3o: vinde ao menos espiritualmente. Abra\u00e7o-Vos como se j\u00e1 tiv\u00e9sseis vindo, e uno-me inteiramente a V\u00f3s. N\u00e3o permita que eu tenha a infelicidade de me separar de si.<\/em><\/p>\n\n<p>Depois, d\u00ea gra\u00e7as no seu cora\u00e7\u00e3o como numa comunh\u00e3o normal.  <\/p>\n\n<p>N\u00e3o se esque\u00e7a de fazer tudo isto em <strong>esp\u00edrito de repara\u00e7\u00e3o <\/strong>, como faz todos os<sup>primeiros<\/sup> s\u00e1bados.<\/p>\n\n<hr class=\"wp-block-separator has-text-color has-contrast-3-color has-alpha-channel-opacity has-contrast-3-background-color has-background\" style=\"width:100%; max-width:100%;height:0px;margin-top:25px;margin-bottom:25px\"\/>\n\n<p><em>Nota 1: O Conc\u00edlio de Trento definiu claramente a comunh\u00e3o espiritual: &#8220;Receber a comunh\u00e3o espiritual \u00e9 unir-se a Jesus Cristo presente na Eucaristia, n\u00e3o por receb\u00ea-lo sacramentalmente, mas <\/em><strong><em>por um desejo<\/em><\/strong><strong><em>que procede de uma f\u00e9 animada pela caridade<\/em><\/strong><em>. &#8220;(Conc\u00edlio de Trento, Sess\u00e3o XII). S\u00e3o Tom\u00e1s resume os frutos desta comunh\u00e3o espiritual em quatro palavras: &#8220;Como a outra comunh\u00e3o, ela sustenta e fortalece,   <\/em><strong><em>repara\u00e7\u00f5es  <\/em><\/strong><em>e regozija-se.   <\/em><\/p>\n\n<p><em><em>Nota 2: Podemos pegar na bela imagem acima da vis\u00e3o de eleva\u00e7\u00e3o da Irm\u00e3 L\u00facia de F\u00e1tima.  <\/em>  <\/em><\/p>\n","protected":false},"excerpt":{"rendered":"<p>Efetuar o1\u00ba s\u00e1bado de forma independente ou se n\u00e3o puder deslocar-se 1\/ Efetuar os primeiros s\u00e1bados de forma aut\u00f3noma \u00c9 claro que \u00e9 poss\u00edvel fazer os 1os s\u00e1bados sozinho, sem fazer parte de um grupo (porque n\u00e3o h\u00e1 um grupo pr\u00f3ximo, porque n\u00e3o quer criar um ou por raz\u00f5es pessoais). Neste caso, identifica um local [&hellip;]<\/p>\n","protected":false},"author":2,"featured_media":0,"parent":12323,"menu_order":0,"comment_status":"closed","ping_status":"closed","template":"page-with-sidebar","meta":{"inline_featured_image":false,"footnotes":""},"class_list":["post-12318","page","type-page","status-publish","hentry"],"mb":[],"yoast_head":"<!-- This site is optimized with the Yoast SEO plugin v26.4 - https:\/\/yoast.com\/wordpress\/plugins\/seo\/ -->\n<title>Como fazer os primeiros s\u00e1bados - jubile2025-fatima.org<\/title>\n<meta name=\"robots\" content=\"index, follow, max-snippet:-1, max-image-preview:large, max-video-preview:-1\" \/>\n<link rel=\"canonical\" href=\"https:\/\/jubile2025-fatima.org\/pt-pt\/ferramentas-1os-sabados\/como-fazer-os-primeiros-sabados\/\" \/>\n<meta property=\"og:locale\" content=\"pt_PT\" \/>\n<meta property=\"og:type\" content=\"article\" \/>\n<meta property=\"og:title\" content=\"Como fazer os primeiros s\u00e1bados - jubile2025-fatima.org\" \/>\n<meta property=\"og:description\" content=\"Efetuar o1\u00ba s\u00e1bado de forma independente ou se n\u00e3o puder deslocar-se 1\/ Efetuar os primeiros s\u00e1bados de forma aut\u00f3noma \u00c9 claro que \u00e9 poss\u00edvel fazer os 1os s\u00e1bados sozinho, sem fazer parte de um grupo (porque n\u00e3o h\u00e1 um grupo pr\u00f3ximo, porque n\u00e3o quer criar um ou por raz\u00f5es pessoais). Neste caso, identifica um local [&hellip;]\" \/>\n<meta property=\"og:url\" content=\"https:\/\/jubile2025-fatima.org\/pt-pt\/ferramentas-1os-sabados\/como-fazer-os-primeiros-sabados\/\" \/>\n<meta property=\"og:site_name\" content=\"jubile2025-fatima.org\" \/>\n<meta property=\"article:modified_time\" content=\"2025-11-03T18:59:09+00:00\" \/>\n<meta name=\"twitter:card\" content=\"summary_large_image\" \/>\n<meta name=\"twitter:label1\" content=\"Tempo estimado de leitura\" \/>\n\t<meta name=\"twitter:data1\" content=\"3 minutos\" \/>\n<script type=\"application\/ld+json\" class=\"yoast-schema-graph\">{\"@context\":\"https:\/\/schema.org\",\"@graph\":[{\"@type\":\"WebPage\",\"@id\":\"https:\/\/jubile2025-fatima.org\/pt-pt\/ferramentas-1os-sabados\/como-fazer-os-primeiros-sabados\/\",\"url\":\"https:\/\/jubile2025-fatima.org\/pt-pt\/ferramentas-1os-sabados\/como-fazer-os-primeiros-sabados\/\",\"name\":\"Como fazer os primeiros s\u00e1bados - jubile2025-fatima.org\",\"isPartOf\":{\"@id\":\"https:\/\/jubile2025-fatima.org\/pt-pt\/#website\"},\"datePublished\":\"2025-02-17T13:04:36+00:00\",\"dateModified\":\"2025-11-03T18:59:09+00:00\",\"breadcrumb\":{\"@id\":\"https:\/\/jubile2025-fatima.org\/pt-pt\/ferramentas-1os-sabados\/como-fazer-os-primeiros-sabados\/#breadcrumb\"},\"inLanguage\":\"pt-PT\",\"potentialAction\":[{\"@type\":\"ReadAction\",\"target\":[\"https:\/\/jubile2025-fatima.org\/pt-pt\/ferramentas-1os-sabados\/como-fazer-os-primeiros-sabados\/\"]}]},{\"@type\":\"BreadcrumbList\",\"@id\":\"https:\/\/jubile2025-fatima.org\/pt-pt\/ferramentas-1os-sabados\/como-fazer-os-primeiros-sabados\/#breadcrumb\",\"itemListElement\":[{\"@type\":\"ListItem\",\"position\":1,\"name\":\"Accueil\",\"item\":\"https:\/\/jubile2025-fatima.org\/pt-pt\/\"},{\"@type\":\"ListItem\",\"position\":2,\"name\":\"Ferramentas 1\u00bas s\u00e1bados\",\"item\":\"https:\/\/jubile2025-fatima.org\/pt-pt\/ferramentas-1os-sabados\/\"},{\"@type\":\"ListItem\",\"position\":3,\"name\":\"Como fazer os primeiros s\u00e1bados\"}]},{\"@type\":\"WebSite\",\"@id\":\"https:\/\/jubile2025-fatima.org\/pt-pt\/#website\",\"url\":\"https:\/\/jubile2025-fatima.org\/pt-pt\/\",\"name\":\"jubile2025-fatima.org\",\"description\":\"Jubile 2025 Fatima - Alliance les 1ers samedis de de Fatima pour la paix\",\"publisher\":{\"@id\":\"https:\/\/jubile2025-fatima.org\/pt-pt\/#organization\"},\"potentialAction\":[{\"@type\":\"SearchAction\",\"target\":{\"@type\":\"EntryPoint\",\"urlTemplate\":\"https:\/\/jubile2025-fatima.org\/pt-pt\/?s={search_term_string}\"},\"query-input\":{\"@type\":\"PropertyValueSpecification\",\"valueRequired\":true,\"valueName\":\"search_term_string\"}}],\"inLanguage\":\"pt-PT\"},{\"@type\":\"Organization\",\"@id\":\"https:\/\/jubile2025-fatima.org\/pt-pt\/#organization\",\"name\":\"jubile2025-fatima.org\",\"url\":\"https:\/\/jubile2025-fatima.org\/pt-pt\/\",\"logo\":{\"@type\":\"ImageObject\",\"inLanguage\":\"pt-PT\",\"@id\":\"https:\/\/jubile2025-fatima.org\/pt-pt\/#\/schema\/logo\/image\/\",\"url\":\"https:\/\/jubile2025-fatima.org\/wp-content\/uploads\/2024\/12\/2logo-officiel-copie-2.png\",\"contentUrl\":\"https:\/\/jubile2025-fatima.org\/wp-content\/uploads\/2024\/12\/2logo-officiel-copie-2.png\",\"width\":1921,\"height\":1081,\"caption\":\"jubile2025-fatima.org\"},\"image\":{\"@id\":\"https:\/\/jubile2025-fatima.org\/pt-pt\/#\/schema\/logo\/image\/\"}}]}<\/script>\n<!-- \/ Yoast SEO plugin. -->","yoast_head_json":{"title":"Como fazer os primeiros s\u00e1bados - jubile2025-fatima.org","robots":{"index":"index","follow":"follow","max-snippet":"max-snippet:-1","max-image-preview":"max-image-preview:large","max-video-preview":"max-video-preview:-1"},"canonical":"https:\/\/jubile2025-fatima.org\/pt-pt\/ferramentas-1os-sabados\/como-fazer-os-primeiros-sabados\/","og_locale":"pt_PT","og_type":"article","og_title":"Como fazer os primeiros s\u00e1bados - jubile2025-fatima.org","og_description":"Efetuar o1\u00ba s\u00e1bado de forma independente ou se n\u00e3o puder deslocar-se 1\/ Efetuar os primeiros s\u00e1bados de forma aut\u00f3noma \u00c9 claro que \u00e9 poss\u00edvel fazer os 1os s\u00e1bados sozinho, sem fazer parte de um grupo (porque n\u00e3o h\u00e1 um grupo pr\u00f3ximo, porque n\u00e3o quer criar um ou por raz\u00f5es pessoais). Neste caso, identifica um local [&hellip;]","og_url":"https:\/\/jubile2025-fatima.org\/pt-pt\/ferramentas-1os-sabados\/como-fazer-os-primeiros-sabados\/","og_site_name":"jubile2025-fatima.org","article_modified_time":"2025-11-03T18:59:09+00:00","twitter_card":"summary_large_image","twitter_misc":{"Tempo estimado de leitura":"3 minutos"},"schema":{"@context":"https:\/\/schema.org","@graph":[{"@type":"WebPage","@id":"https:\/\/jubile2025-fatima.org\/pt-pt\/ferramentas-1os-sabados\/como-fazer-os-primeiros-sabados\/","url":"https:\/\/jubile2025-fatima.org\/pt-pt\/ferramentas-1os-sabados\/como-fazer-os-primeiros-sabados\/","name":"Como fazer os primeiros s\u00e1bados - jubile2025-fatima.org","isPartOf":{"@id":"https:\/\/jubile2025-fatima.org\/pt-pt\/#website"},"datePublished":"2025-02-17T13:04:36+00:00","dateModified":"2025-11-03T18:59:09+00:00","breadcrumb":{"@id":"https:\/\/jubile2025-fatima.org\/pt-pt\/ferramentas-1os-sabados\/como-fazer-os-primeiros-sabados\/#breadcrumb"},"inLanguage":"pt-PT","potentialAction":[{"@type":"ReadAction","target":["https:\/\/jubile2025-fatima.org\/pt-pt\/ferramentas-1os-sabados\/como-fazer-os-primeiros-sabados\/"]}]},{"@type":"BreadcrumbList","@id":"https:\/\/jubile2025-fatima.org\/pt-pt\/ferramentas-1os-sabados\/como-fazer-os-primeiros-sabados\/#breadcrumb","itemListElement":[{"@type":"ListItem","position":1,"name":"Accueil","item":"https:\/\/jubile2025-fatima.org\/pt-pt\/"},{"@type":"ListItem","position":2,"name":"Ferramentas 1\u00bas s\u00e1bados","item":"https:\/\/jubile2025-fatima.org\/pt-pt\/ferramentas-1os-sabados\/"},{"@type":"ListItem","position":3,"name":"Como fazer os primeiros s\u00e1bados"}]},{"@type":"WebSite","@id":"https:\/\/jubile2025-fatima.org\/pt-pt\/#website","url":"https:\/\/jubile2025-fatima.org\/pt-pt\/","name":"jubile2025-fatima.org","description":"Jubile 2025 Fatima - Alliance les 1ers samedis de de Fatima pour la paix","publisher":{"@id":"https:\/\/jubile2025-fatima.org\/pt-pt\/#organization"},"potentialAction":[{"@type":"SearchAction","target":{"@type":"EntryPoint","urlTemplate":"https:\/\/jubile2025-fatima.org\/pt-pt\/?s={search_term_string}"},"query-input":{"@type":"PropertyValueSpecification","valueRequired":true,"valueName":"search_term_string"}}],"inLanguage":"pt-PT"},{"@type":"Organization","@id":"https:\/\/jubile2025-fatima.org\/pt-pt\/#organization","name":"jubile2025-fatima.org","url":"https:\/\/jubile2025-fatima.org\/pt-pt\/","logo":{"@type":"ImageObject","inLanguage":"pt-PT","@id":"https:\/\/jubile2025-fatima.org\/pt-pt\/#\/schema\/logo\/image\/","url":"https:\/\/jubile2025-fatima.org\/wp-content\/uploads\/2024\/12\/2logo-officiel-copie-2.png","contentUrl":"https:\/\/jubile2025-fatima.org\/wp-content\/uploads\/2024\/12\/2logo-officiel-copie-2.png","width":1921,"height":1081,"caption":"jubile2025-fatima.org"},"image":{"@id":"https:\/\/jubile2025-fatima.org\/pt-pt\/#\/schema\/logo\/image\/"}}]}},"jetpack_sharing_enabled":true,"jetpack-related-posts":[{"id":12323,"url":"https:\/\/jubile2025-fatima.org\/pt-pt\/ferramentas-1os-sabados\/","url_meta":{"origin":12318,"position":0},"title":"Ferramentas 1\u00bas s\u00e1bados","author":"Agence Graphineo","date":"Fevereiro 17, 2025","format":false,"excerpt":"Ferramentas 1\u00bas s\u00e1bados 1- Resumo dos primeiros s\u00e1bados Ir para a p\u00e1gina 2- Como criar um grupo no1\u00ba s\u00e1bado do m\u00eas Ir para a p\u00e1gina 3- O que fazer quando os padres e\/ou as missas est\u00e3o dispon\u00edveis Ir para a p\u00e1gina 4- Como fazer os primeiros s\u00e1bados de forma aut\u00f3noma\u2026","rel":"","context":"Similar post","block_context":{"text":"Similar post","link":""},"img":{"alt_text":"","src":"","width":0,"height":0},"classes":[]},{"id":2567,"url":"https:\/\/jubile2025-fatima.org\/pt-pt\/crie-um-grupo\/","url_meta":{"origin":12318,"position":1},"title":"Crie um grupo","author":"Agence Graphineo","date":"Janeiro 14, 2025","format":false,"excerpt":"Crie um grupo no primeiro s\u00e1bado do m\u00eas perto de si Est\u00e3o a surgir grupos locais por todo o lado para fazer os primeiros s\u00e1bados e est\u00e3o a unir-se na Alian\u00e7a dos Primeiros S\u00e1bados pela Paz em F\u00e1tima. Respeitamos e protegemos a privacidade de todos. Para o efeito, apenas consideramos\u2026","rel":"","context":"Similar post","block_context":{"text":"Similar post","link":""},"img":{"alt_text":"","src":"https:\/\/i0.wp.com\/jubile2025-fatima.org\/wp-content\/uploads\/2025\/01\/1logo-officiel-vecto-sombre.png?fit=1200%2C675&ssl=1&resize=350%2C200","width":350,"height":200,"srcset":"https:\/\/i0.wp.com\/jubile2025-fatima.org\/wp-content\/uploads\/2025\/01\/1logo-officiel-vecto-sombre.png?fit=1200%2C675&ssl=1&resize=350%2C200 1x, https:\/\/i0.wp.com\/jubile2025-fatima.org\/wp-content\/uploads\/2025\/01\/1logo-officiel-vecto-sombre.png?fit=1200%2C675&ssl=1&resize=525%2C300 1.5x, https:\/\/i0.wp.com\/jubile2025-fatima.org\/wp-content\/uploads\/2025\/01\/1logo-officiel-vecto-sombre.png?fit=1200%2C675&ssl=1&resize=700%2C400 2x, https:\/\/i0.wp.com\/jubile2025-fatima.org\/wp-content\/uploads\/2025\/01\/1logo-officiel-vecto-sombre.png?fit=1200%2C675&ssl=1&resize=1050%2C600 3x"},"classes":[]},{"id":12332,"url":"https:\/\/jubile2025-fatima.org\/pt-pt\/ferramentas-1os-sabados\/crie-um-grupo-no-primeiro-sabado-do-mes\/","url_meta":{"origin":12318,"position":2},"title":"Crie um grupo no primeiro s\u00e1bado do m\u00eas","author":"Agence Graphineo","date":"Fevereiro 17, 2025","format":false,"excerpt":"1- O que \u00e9 um grupodo 1\u00ba s\u00e1bado do m\u00eas? \u00c9 um grupo local e aut\u00f3nomo de leigos que se re\u00fane todos os dias 1s\u00e1bado s\u00e1bado do m\u00eas numa igreja, capela, comunidade, etc., para realizar o pedido da Virgem Maria. Embora aut\u00f3nomos, os grupos est\u00e3o unidos no seio da Alliance\u2026","rel":"","context":"Similar post","block_context":{"text":"Similar post","link":""},"img":{"alt_text":"","src":"","width":0,"height":0},"classes":[]},{"id":12314,"url":"https:\/\/jubile2025-fatima.org\/pt-pt\/ferramentas-1os-sabados\/acolher-sacerdotes-e-ou-missas\/","url_meta":{"origin":12318,"position":3},"title":"Acolher sacerdotes e\/ou missas","author":"Agence Graphineo","date":"Fevereiro 17, 2025","format":false,"excerpt":"O que fazer em fun\u00e7\u00e3o da disponibilidade do padre e\/ou das missas Situa\u00e7\u00e3o 1: J\u00e1 existe uma missa ao s\u00e1bado de manh\u00e3 perto de si. Existem dois cen\u00e1rios poss\u00edveis: a) O sacerdote j\u00e1 est\u00e1 a organizar o devocional dos primeiros s\u00e1bados (no todo ou em parte) ou est\u00e1 interessado em\u2026","rel":"","context":"Similar post","block_context":{"text":"Similar post","link":""},"img":{"alt_text":"","src":"","width":0,"height":0},"classes":[]},{"id":2444,"url":"https:\/\/jubile2025-fatima.org\/pt-pt\/a-alianca\/","url_meta":{"origin":12318,"position":4},"title":"1\u00ba s\u00e1bado","author":"Agence Graphineo","date":"Dezembro 17, 2024","format":false,"excerpt":"Os primeiros s\u00e1bados da Alian\u00e7a de F\u00e1tima Porqu\u00ea comprometer-se com os primeiros s\u00e1bados Compreender a urg\u00eancia dos primeiros s\u00e1bados de F\u00e1tima O pedido de Nossa Senhora \"Para evitar a guerra, virei pedir a consagra\u00e7\u00e3o da R\u00fassia ao meu Imaculado Cora\u00e7\u00e3o e a comunh\u00e3o reparadora nos primeiros s\u00e1bados\". Em 1939, a\u2026","rel":"","context":"Similar post","block_context":{"text":"Similar post","link":""},"img":{"alt_text":"","src":"https:\/\/i0.wp.com\/jubile2025-fatima.org\/wp-content\/uploads\/2024\/12\/80681222.jpeg?fit=1200%2C671&ssl=1&resize=350%2C200","width":350,"height":200,"srcset":"https:\/\/i0.wp.com\/jubile2025-fatima.org\/wp-content\/uploads\/2024\/12\/80681222.jpeg?fit=1200%2C671&ssl=1&resize=350%2C200 1x, https:\/\/i0.wp.com\/jubile2025-fatima.org\/wp-content\/uploads\/2024\/12\/80681222.jpeg?fit=1200%2C671&ssl=1&resize=525%2C300 1.5x, https:\/\/i0.wp.com\/jubile2025-fatima.org\/wp-content\/uploads\/2024\/12\/80681222.jpeg?fit=1200%2C671&ssl=1&resize=700%2C400 2x, https:\/\/i0.wp.com\/jubile2025-fatima.org\/wp-content\/uploads\/2024\/12\/80681222.jpeg?fit=1200%2C671&ssl=1&resize=1050%2C600 3x"},"classes":[]},{"id":12328,"url":"https:\/\/jubile2025-fatima.org\/pt-pt\/ferramentas-1os-sabados\/resumo-dos-primeiros-sabados\/","url_meta":{"origin":12318,"position":5},"title":"Resumo dos primeiros s\u00e1bados","author":"Agence Graphineo","date":"Fevereiro 17, 2025","format":false,"excerpt":"1- Antecedentes de F\u00e1tima Em 13 de julho de 1917, em F\u00e1tima, Nossa Senhora anunciou que, para al\u00e9m do Ros\u00e1rio, viria pedir uma futura devo\u00e7\u00e3o pela paz: \"Para evitar a guerra Eu virei para evitar a guerra, virei pedir a consagra\u00e7\u00e3o da R\u00fassia ao meu Imaculado Cora\u00e7\u00e3o e a comunh\u00e3o\u2026","rel":"","context":"Similar post","block_context":{"text":"Similar post","link":""},"img":{"alt_text":"","src":"","width":0,"height":0},"classes":[]}],"mfb_rest_fields":["title","yoast_head","yoast_head_json","jetpack_sharing_enabled","jetpack-related-posts"],"_links":{"self":[{"href":"https:\/\/jubile2025-fatima.org\/pt-pt\/wp-json\/wp\/v2\/pages\/12318","targetHints":{"allow":["GET"]}}],"collection":[{"href":"https:\/\/jubile2025-fatima.org\/pt-pt\/wp-json\/wp\/v2\/pages"}],"about":[{"href":"https:\/\/jubile2025-fatima.org\/pt-pt\/wp-json\/wp\/v2\/types\/page"}],"author":[{"embeddable":true,"href":"https:\/\/jubile2025-fatima.org\/pt-pt\/wp-json\/wp\/v2\/users\/2"}],"replies":[{"embeddable":true,"href":"https:\/\/jubile2025-fatima.org\/pt-pt\/wp-json\/wp\/v2\/comments?post=12318"}],"version-history":[{"count":1,"href":"https:\/\/jubile2025-fatima.org\/pt-pt\/wp-json\/wp\/v2\/pages\/12318\/revisions"}],"predecessor-version":[{"id":12320,"href":"https:\/\/jubile2025-fatima.org\/pt-pt\/wp-json\/wp\/v2\/pages\/12318\/revisions\/12320"}],"up":[{"embeddable":true,"href":"https:\/\/jubile2025-fatima.org\/pt-pt\/wp-json\/wp\/v2\/pages\/12323"}],"wp:attachment":[{"href":"https:\/\/jubile2025-fatima.org\/pt-pt\/wp-json\/wp\/v2\/media?parent=12318"}],"curies":[{"name":"wp","href":"https:\/\/api.w.org\/{rel}","templated":true}]}}