{"id":12328,"date":"2025-02-17T13:00:57","date_gmt":"2025-02-17T13:00:57","guid":{"rendered":"https:\/\/jubile2025-fatima.org\/ferramentas-1os-sabados\/resumo-dos-primeiros-sabados\/"},"modified":"2025-11-03T18:59:10","modified_gmt":"2025-11-03T18:59:10","slug":"resumo-dos-primeiros-sabados","status":"publish","type":"page","link":"https:\/\/jubile2025-fatima.org\/pt-pt\/ferramentas-1os-sabados\/resumo-dos-primeiros-sabados\/","title":{"rendered":"Resumo dos primeiros s\u00e1bados"},"content":{"rendered":"\n<h3 class=\"wp-block-heading\">1- Antecedentes de F\u00e1tima<\/h3>\n\n<p>Em 13 de julho de 1917, em F\u00e1tima, Nossa Senhora anunciou que, para al\u00e9m do Ros\u00e1rio, viria pedir uma futura devo\u00e7\u00e3o pela paz: <em>&#8220;Para evitar a guerra <\/em><strong><em>Eu virei<\/em><\/strong><em> para evitar a guerra, virei pedir a consagra\u00e7\u00e3o da R\u00fassia ao meu Imaculado Cora\u00e7\u00e3o e a <\/em><strong><em>comunh\u00e3o reparadora nos primeiros s\u00e1bados&#8221;.<\/em><\/strong> Regressou em duas fases, aparecendo \u00e0 Irm\u00e3 L\u00facia de F\u00e1tima a 10 de dezembro de 1925 para estabelecer os <sup>primeiros <\/sup>s\u00e1bados em toda a Igreja, e depois a 13 de junho de 1929 para pedir a consagra\u00e7\u00e3o da R\u00fassia pelo Papa.<\/p>\n\n<p>Embora os papas j\u00e1 tenham come\u00e7ado a seguir o pedido de F\u00e1tima para a consagra\u00e7\u00e3o da R\u00fassia, s\u00e3o muito poucos os fi\u00e9is que praticam os <sup>primeiros<\/sup> s\u00e1bados. Poucos dias ap\u00f3s a morte da Irm\u00e3 L\u00facia, em 2005, <strong>Carlos Acutis<\/strong> viu em sonho a vidente de F\u00e1tima, que lhe disse que <em>&#8220;a pr\u00e1tica dos cinco <sup>primeiros<\/sup> s\u00e1bados do m\u00eas poderia mudar o destino do mundo&#8221; <\/em>.   <\/p>\n\n<p><br\/>2025 \u00e9 o <strong>cent\u00e9simo anivers\u00e1rio<\/strong> dos <sup>primeiros<\/sup> s\u00e1bados e \u00e9 <strong>urgente obedecer a Nossa Senhora. <\/strong> <\/p>\n\n<h3 class=\"wp-block-heading\">2- O que \u00e9 que Nossa Senhora pediu no <sup>primeiro<\/sup> s\u00e1bado do m\u00eas?<\/h3>\n\n<p>Fez cinco pedidos espec\u00edficos a realizar todos os<sup>primeiros<\/sup> s\u00e1bados do m\u00eas:<\/p>\n\n<ol class=\"wp-block-list\">\n<li><strong>Confiss\u00e3o <\/strong>(no pr\u00f3prio s\u00e1bado ou nas semanas anteriores)<\/li>\n\n\n\n<li><strong>Comunique-se<\/strong><\/li>\n\n\n\n<li><strong>Rezar <\/strong>o ter\u00e7o.<\/li>\n\n\n\n<li><strong>Fa\u00e7a-lhe companhia durante 15 minutos, meditando<\/strong> um mist\u00e9rio do Ros\u00e1rio.<\/li>\n\n\n\n<li>Fa\u00e7a estes quatro actos com a <strong>inten\u00e7\u00e3o de reparar<\/strong>as ofensas cometidas contra o seu Imaculado Cora\u00e7\u00e3o.<\/li>\n<\/ol>\n\n<p>Finalmente, prometeu uma gra\u00e7a maravilhosa \u00e0queles que fizessem cinco <sup>primeiros<\/sup> s\u00e1bados <strong>seguidos<\/strong>. Eis as suas palavras exactas, a 10 de dezembro de 1925, \u00e0 Irm\u00e3 L\u00facia: <em>&#8220;A todos aqueles que, durante cinco meses, no primeiro s\u00e1bado, se confessarem, comungarem, rezarem o ter\u00e7o e me fizerem companhia durante quinze minutos, meditando os quinze mist\u00e9rios do Ros\u00e1rio, em esp\u00edrito de repara\u00e7\u00e3o, prometo <\/em> assisti-los, na hora da morte, com todas as gra\u00e7as necess\u00e1rias \u00e0 salva\u00e7\u00e3o das suas almas <em>. <\/em><strong><em>Prometo assistir-lhe, na hora da morte, com todas as gra\u00e7as necess\u00e1rias para a salva\u00e7\u00e3o das suas almas.<\/em><\/strong><em> &#8221; <\/em>  <\/p>\n\n<h3 class=\"wp-block-heading\">3- Os tr\u00eas objectivos de caridade no <sup>1\u00ba<\/sup> s\u00e1bado do m\u00eas<\/h3>\n\n<p>Os <sup>primeiros<\/sup> s\u00e1bados s\u00e3o, por conseguinte, utilizados para tr\u00eas fins <strong>caritativos<\/strong>, por ordem de prioridade:<\/p>\n\n<ol class=\"wp-block-list\">\n<li><strong>Reparar as ofensas ao Imaculado Cora\u00e7\u00e3o de Maria<\/strong><sup>(1)<\/sup> (caridade para com Deus): Este \u00e9 o primeiro objetivo, que est\u00e1 logicamente ligado ao<sup>1\u00ba<\/sup> mandamento: &#8220;Amar\u00e1s o teu Deus&#8221;.<\/li>\n\n\n\n<li><strong>Obtenha a paz na terra <\/strong>(caridade para com os outros): Em F\u00e1tima, a Sant\u00edssima Virgem prometeu a paz com a condi\u00e7\u00e3o de seguirmos os seus pedidos. E a Irm\u00e3 L\u00facia recordou-nos que, para obter essa paz: <em>&#8220;Deus quer <\/em><strong><em>assim<\/em><\/strong> <em> <\/em><strong><em>e n\u00e3o outro<\/em><\/strong><em>. &#8220;<\/em><\/li>\n\n\n\n<li><strong>Alcan\u00e7ar o C\u00e9u <\/strong>(caridade para connosco): se rezarmos cinco <sup>primeiros<\/sup> s\u00e1bados <strong>seguidos<\/strong>, Nossa Senhora prometeu ajudar-nos a ir para o <strong>C\u00e9u<\/strong> quando morrermos. \u00c9 uma ajuda maravilhosa que ela reservou para o nosso tempo, em que \u00e9 t\u00e3o dif\u00edcil mantermo-nos fi\u00e9is a Deus. <\/li>\n<\/ol>\n\n<hr class=\"wp-block-separator has-text-color has-contrast-3-color has-alpha-channel-opacity has-contrast-3-background-color has-background\" style=\"width:100%; max-width:100%;height:0px;margin-top:25px;margin-bottom:25px\"\/>\n\n<p><em>Nota 1<\/em><em>  Cristo explicou porqu\u00ea cinco s\u00e1bados. &#8220;Porque h\u00e1 cinco tipos de ofensas: 1\/   <\/em><em>blasf\u00e9mias contra a Imaculada Concei\u00e7\u00e3o, 2\/ blasf\u00e9mias contra a sua virgindade, 3\/ blasf\u00e9mias contra a sua maternidade divina, 4\/ blasf\u00e9mias por parte daqueles que procuram publicamente incutir no cora\u00e7\u00e3o das crian\u00e7as a indiferen\u00e7a, o desprezo ou o \u00f3dio contra Maria e, finalmente, 5\/ ofensas por parte daqueles que a insultam diretamente nas suas santas imagens&#8221;.<\/em><\/p>\n\n<p><\/p>\n","protected":false},"excerpt":{"rendered":"<p>1- Antecedentes de F\u00e1tima Em 13 de julho de 1917, em F\u00e1tima, Nossa Senhora anunciou que, para al\u00e9m do Ros\u00e1rio, viria pedir uma futura devo\u00e7\u00e3o pela paz: &#8220;Para evitar a guerra Eu virei para evitar a guerra, virei pedir a consagra\u00e7\u00e3o da R\u00fassia ao meu Imaculado Cora\u00e7\u00e3o e a comunh\u00e3o reparadora nos primeiros s\u00e1bados&#8221;. Regressou [&hellip;]<\/p>\n","protected":false},"author":2,"featured_media":0,"parent":12323,"menu_order":0,"comment_status":"closed","ping_status":"closed","template":"page-with-sidebar","meta":{"inline_featured_image":false,"footnotes":""},"class_list":["post-12328","page","type-page","status-publish","hentry"],"mb":[],"yoast_head":"<!-- This site is optimized with the Yoast SEO plugin v26.4 - https:\/\/yoast.com\/wordpress\/plugins\/seo\/ -->\n<title>Resumo dos primeiros s\u00e1bados - jubile2025-fatima.org<\/title>\n<meta name=\"robots\" content=\"index, follow, max-snippet:-1, max-image-preview:large, max-video-preview:-1\" \/>\n<link rel=\"canonical\" href=\"https:\/\/jubile2025-fatima.org\/pt-pt\/ferramentas-1os-sabados\/resumo-dos-primeiros-sabados\/\" \/>\n<meta property=\"og:locale\" content=\"pt_PT\" \/>\n<meta property=\"og:type\" content=\"article\" \/>\n<meta property=\"og:title\" content=\"Resumo dos primeiros s\u00e1bados - jubile2025-fatima.org\" \/>\n<meta property=\"og:description\" content=\"1- Antecedentes de F\u00e1tima Em 13 de julho de 1917, em F\u00e1tima, Nossa Senhora anunciou que, para al\u00e9m do Ros\u00e1rio, viria pedir uma futura devo\u00e7\u00e3o pela paz: &#8220;Para evitar a guerra Eu virei para evitar a guerra, virei pedir a consagra\u00e7\u00e3o da R\u00fassia ao meu Imaculado Cora\u00e7\u00e3o e a comunh\u00e3o reparadora nos primeiros s\u00e1bados&#8221;. Regressou [&hellip;]\" \/>\n<meta property=\"og:url\" content=\"https:\/\/jubile2025-fatima.org\/pt-pt\/ferramentas-1os-sabados\/resumo-dos-primeiros-sabados\/\" \/>\n<meta property=\"og:site_name\" content=\"jubile2025-fatima.org\" \/>\n<meta property=\"article:modified_time\" content=\"2025-11-03T18:59:10+00:00\" \/>\n<meta name=\"twitter:card\" content=\"summary_large_image\" \/>\n<meta name=\"twitter:label1\" content=\"Tempo estimado de leitura\" \/>\n\t<meta name=\"twitter:data1\" content=\"3 minutos\" \/>\n<script type=\"application\/ld+json\" class=\"yoast-schema-graph\">{\"@context\":\"https:\/\/schema.org\",\"@graph\":[{\"@type\":\"WebPage\",\"@id\":\"https:\/\/jubile2025-fatima.org\/pt-pt\/ferramentas-1os-sabados\/resumo-dos-primeiros-sabados\/\",\"url\":\"https:\/\/jubile2025-fatima.org\/pt-pt\/ferramentas-1os-sabados\/resumo-dos-primeiros-sabados\/\",\"name\":\"Resumo dos primeiros s\u00e1bados - jubile2025-fatima.org\",\"isPartOf\":{\"@id\":\"https:\/\/jubile2025-fatima.org\/pt-pt\/#website\"},\"datePublished\":\"2025-02-17T13:00:57+00:00\",\"dateModified\":\"2025-11-03T18:59:10+00:00\",\"breadcrumb\":{\"@id\":\"https:\/\/jubile2025-fatima.org\/pt-pt\/ferramentas-1os-sabados\/resumo-dos-primeiros-sabados\/#breadcrumb\"},\"inLanguage\":\"pt-PT\",\"potentialAction\":[{\"@type\":\"ReadAction\",\"target\":[\"https:\/\/jubile2025-fatima.org\/pt-pt\/ferramentas-1os-sabados\/resumo-dos-primeiros-sabados\/\"]}]},{\"@type\":\"BreadcrumbList\",\"@id\":\"https:\/\/jubile2025-fatima.org\/pt-pt\/ferramentas-1os-sabados\/resumo-dos-primeiros-sabados\/#breadcrumb\",\"itemListElement\":[{\"@type\":\"ListItem\",\"position\":1,\"name\":\"Accueil\",\"item\":\"https:\/\/jubile2025-fatima.org\/pt-pt\/\"},{\"@type\":\"ListItem\",\"position\":2,\"name\":\"Ferramentas 1\u00bas s\u00e1bados\",\"item\":\"https:\/\/jubile2025-fatima.org\/pt-pt\/ferramentas-1os-sabados\/\"},{\"@type\":\"ListItem\",\"position\":3,\"name\":\"Resumo dos primeiros s\u00e1bados\"}]},{\"@type\":\"WebSite\",\"@id\":\"https:\/\/jubile2025-fatima.org\/pt-pt\/#website\",\"url\":\"https:\/\/jubile2025-fatima.org\/pt-pt\/\",\"name\":\"jubile2025-fatima.org\",\"description\":\"Jubile 2025 Fatima - Alliance les 1ers samedis de de Fatima pour la paix\",\"publisher\":{\"@id\":\"https:\/\/jubile2025-fatima.org\/pt-pt\/#organization\"},\"potentialAction\":[{\"@type\":\"SearchAction\",\"target\":{\"@type\":\"EntryPoint\",\"urlTemplate\":\"https:\/\/jubile2025-fatima.org\/pt-pt\/?s={search_term_string}\"},\"query-input\":{\"@type\":\"PropertyValueSpecification\",\"valueRequired\":true,\"valueName\":\"search_term_string\"}}],\"inLanguage\":\"pt-PT\"},{\"@type\":\"Organization\",\"@id\":\"https:\/\/jubile2025-fatima.org\/pt-pt\/#organization\",\"name\":\"jubile2025-fatima.org\",\"url\":\"https:\/\/jubile2025-fatima.org\/pt-pt\/\",\"logo\":{\"@type\":\"ImageObject\",\"inLanguage\":\"pt-PT\",\"@id\":\"https:\/\/jubile2025-fatima.org\/pt-pt\/#\/schema\/logo\/image\/\",\"url\":\"https:\/\/jubile2025-fatima.org\/wp-content\/uploads\/2024\/12\/2logo-officiel-copie-2.png\",\"contentUrl\":\"https:\/\/jubile2025-fatima.org\/wp-content\/uploads\/2024\/12\/2logo-officiel-copie-2.png\",\"width\":1921,\"height\":1081,\"caption\":\"jubile2025-fatima.org\"},\"image\":{\"@id\":\"https:\/\/jubile2025-fatima.org\/pt-pt\/#\/schema\/logo\/image\/\"}}]}<\/script>\n<!-- \/ Yoast SEO plugin. -->","yoast_head_json":{"title":"Resumo dos primeiros s\u00e1bados - jubile2025-fatima.org","robots":{"index":"index","follow":"follow","max-snippet":"max-snippet:-1","max-image-preview":"max-image-preview:large","max-video-preview":"max-video-preview:-1"},"canonical":"https:\/\/jubile2025-fatima.org\/pt-pt\/ferramentas-1os-sabados\/resumo-dos-primeiros-sabados\/","og_locale":"pt_PT","og_type":"article","og_title":"Resumo dos primeiros s\u00e1bados - jubile2025-fatima.org","og_description":"1- Antecedentes de F\u00e1tima Em 13 de julho de 1917, em F\u00e1tima, Nossa Senhora anunciou que, para al\u00e9m do Ros\u00e1rio, viria pedir uma futura devo\u00e7\u00e3o pela paz: &#8220;Para evitar a guerra Eu virei para evitar a guerra, virei pedir a consagra\u00e7\u00e3o da R\u00fassia ao meu Imaculado Cora\u00e7\u00e3o e a comunh\u00e3o reparadora nos primeiros s\u00e1bados&#8221;. Regressou [&hellip;]","og_url":"https:\/\/jubile2025-fatima.org\/pt-pt\/ferramentas-1os-sabados\/resumo-dos-primeiros-sabados\/","og_site_name":"jubile2025-fatima.org","article_modified_time":"2025-11-03T18:59:10+00:00","twitter_card":"summary_large_image","twitter_misc":{"Tempo estimado de leitura":"3 minutos"},"schema":{"@context":"https:\/\/schema.org","@graph":[{"@type":"WebPage","@id":"https:\/\/jubile2025-fatima.org\/pt-pt\/ferramentas-1os-sabados\/resumo-dos-primeiros-sabados\/","url":"https:\/\/jubile2025-fatima.org\/pt-pt\/ferramentas-1os-sabados\/resumo-dos-primeiros-sabados\/","name":"Resumo dos primeiros s\u00e1bados - jubile2025-fatima.org","isPartOf":{"@id":"https:\/\/jubile2025-fatima.org\/pt-pt\/#website"},"datePublished":"2025-02-17T13:00:57+00:00","dateModified":"2025-11-03T18:59:10+00:00","breadcrumb":{"@id":"https:\/\/jubile2025-fatima.org\/pt-pt\/ferramentas-1os-sabados\/resumo-dos-primeiros-sabados\/#breadcrumb"},"inLanguage":"pt-PT","potentialAction":[{"@type":"ReadAction","target":["https:\/\/jubile2025-fatima.org\/pt-pt\/ferramentas-1os-sabados\/resumo-dos-primeiros-sabados\/"]}]},{"@type":"BreadcrumbList","@id":"https:\/\/jubile2025-fatima.org\/pt-pt\/ferramentas-1os-sabados\/resumo-dos-primeiros-sabados\/#breadcrumb","itemListElement":[{"@type":"ListItem","position":1,"name":"Accueil","item":"https:\/\/jubile2025-fatima.org\/pt-pt\/"},{"@type":"ListItem","position":2,"name":"Ferramentas 1\u00bas s\u00e1bados","item":"https:\/\/jubile2025-fatima.org\/pt-pt\/ferramentas-1os-sabados\/"},{"@type":"ListItem","position":3,"name":"Resumo dos primeiros s\u00e1bados"}]},{"@type":"WebSite","@id":"https:\/\/jubile2025-fatima.org\/pt-pt\/#website","url":"https:\/\/jubile2025-fatima.org\/pt-pt\/","name":"jubile2025-fatima.org","description":"Jubile 2025 Fatima - Alliance les 1ers samedis de de Fatima pour la paix","publisher":{"@id":"https:\/\/jubile2025-fatima.org\/pt-pt\/#organization"},"potentialAction":[{"@type":"SearchAction","target":{"@type":"EntryPoint","urlTemplate":"https:\/\/jubile2025-fatima.org\/pt-pt\/?s={search_term_string}"},"query-input":{"@type":"PropertyValueSpecification","valueRequired":true,"valueName":"search_term_string"}}],"inLanguage":"pt-PT"},{"@type":"Organization","@id":"https:\/\/jubile2025-fatima.org\/pt-pt\/#organization","name":"jubile2025-fatima.org","url":"https:\/\/jubile2025-fatima.org\/pt-pt\/","logo":{"@type":"ImageObject","inLanguage":"pt-PT","@id":"https:\/\/jubile2025-fatima.org\/pt-pt\/#\/schema\/logo\/image\/","url":"https:\/\/jubile2025-fatima.org\/wp-content\/uploads\/2024\/12\/2logo-officiel-copie-2.png","contentUrl":"https:\/\/jubile2025-fatima.org\/wp-content\/uploads\/2024\/12\/2logo-officiel-copie-2.png","width":1921,"height":1081,"caption":"jubile2025-fatima.org"},"image":{"@id":"https:\/\/jubile2025-fatima.org\/pt-pt\/#\/schema\/logo\/image\/"}}]}},"jetpack_sharing_enabled":true,"jetpack-related-posts":[{"id":2542,"url":"https:\/\/jubile2025-fatima.org\/pt-pt\/assinatura\/","url_meta":{"origin":12328,"position":0},"title":"Assinatura","author":"Agence Graphineo","date":"Janeiro 21, 2025","format":false,"excerpt":"Assine o apelo para oficializar os 1\u00bas s\u00e1bados do m\u00eas, conforme pedido de Nossa Senhora de F\u00e1tima. A carta ser\u00e1 publicada em breve. Assine o apelo ao Papa Vig\u00e1rio de Cristo para que oficialize os 1\u00bas s\u00e1bados do m\u00eas, conforme pedido de Nossa Senhora de F\u00e1tima. Em 13 de julho\u2026","rel":"","context":"Similar post","block_context":{"text":"Similar post","link":""},"img":{"alt_text":"","src":"https:\/\/i0.wp.com\/jubile2025-fatima.org\/wp-content\/uploads\/2025\/01\/1logo-officiel-vecto-sombre.png?fit=1200%2C675&ssl=1&resize=350%2C200","width":350,"height":200,"srcset":"https:\/\/i0.wp.com\/jubile2025-fatima.org\/wp-content\/uploads\/2025\/01\/1logo-officiel-vecto-sombre.png?fit=1200%2C675&ssl=1&resize=350%2C200 1x, https:\/\/i0.wp.com\/jubile2025-fatima.org\/wp-content\/uploads\/2025\/01\/1logo-officiel-vecto-sombre.png?fit=1200%2C675&ssl=1&resize=525%2C300 1.5x, https:\/\/i0.wp.com\/jubile2025-fatima.org\/wp-content\/uploads\/2025\/01\/1logo-officiel-vecto-sombre.png?fit=1200%2C675&ssl=1&resize=700%2C400 2x, https:\/\/i0.wp.com\/jubile2025-fatima.org\/wp-content\/uploads\/2025\/01\/1logo-officiel-vecto-sombre.png?fit=1200%2C675&ssl=1&resize=1050%2C600 3x"},"classes":[]},{"id":2444,"url":"https:\/\/jubile2025-fatima.org\/pt-pt\/a-alianca\/","url_meta":{"origin":12328,"position":1},"title":"1\u00ba s\u00e1bado","author":"Agence Graphineo","date":"Dezembro 17, 2024","format":false,"excerpt":"Os primeiros s\u00e1bados da Alian\u00e7a de F\u00e1tima Porqu\u00ea comprometer-se com os primeiros s\u00e1bados Compreender a urg\u00eancia dos primeiros s\u00e1bados de F\u00e1tima O pedido de Nossa Senhora \"Para evitar a guerra, virei pedir a consagra\u00e7\u00e3o da R\u00fassia ao meu Imaculado Cora\u00e7\u00e3o e a comunh\u00e3o reparadora nos primeiros s\u00e1bados\". Em 1939, a\u2026","rel":"","context":"Similar post","block_context":{"text":"Similar post","link":""},"img":{"alt_text":"","src":"https:\/\/i0.wp.com\/jubile2025-fatima.org\/wp-content\/uploads\/2024\/12\/80681222.jpeg?fit=1200%2C671&ssl=1&resize=350%2C200","width":350,"height":200,"srcset":"https:\/\/i0.wp.com\/jubile2025-fatima.org\/wp-content\/uploads\/2024\/12\/80681222.jpeg?fit=1200%2C671&ssl=1&resize=350%2C200 1x, https:\/\/i0.wp.com\/jubile2025-fatima.org\/wp-content\/uploads\/2024\/12\/80681222.jpeg?fit=1200%2C671&ssl=1&resize=525%2C300 1.5x, https:\/\/i0.wp.com\/jubile2025-fatima.org\/wp-content\/uploads\/2024\/12\/80681222.jpeg?fit=1200%2C671&ssl=1&resize=700%2C400 2x, https:\/\/i0.wp.com\/jubile2025-fatima.org\/wp-content\/uploads\/2024\/12\/80681222.jpeg?fit=1200%2C671&ssl=1&resize=1050%2C600 3x"},"classes":[]},{"id":12323,"url":"https:\/\/jubile2025-fatima.org\/pt-pt\/ferramentas-1os-sabados\/","url_meta":{"origin":12328,"position":2},"title":"Ferramentas 1\u00bas s\u00e1bados","author":"Agence Graphineo","date":"Fevereiro 17, 2025","format":false,"excerpt":"Ferramentas 1\u00bas s\u00e1bados 1- Resumo dos primeiros s\u00e1bados Ir para a p\u00e1gina 2- Como criar um grupo no1\u00ba s\u00e1bado do m\u00eas Ir para a p\u00e1gina 3- O que fazer quando os padres e\/ou as missas est\u00e3o dispon\u00edveis Ir para a p\u00e1gina 4- Como fazer os primeiros s\u00e1bados de forma aut\u00f3noma\u2026","rel":"","context":"Similar post","block_context":{"text":"Similar post","link":""},"img":{"alt_text":"","src":"","width":0,"height":0},"classes":[]},{"id":2567,"url":"https:\/\/jubile2025-fatima.org\/pt-pt\/crie-um-grupo\/","url_meta":{"origin":12328,"position":3},"title":"Crie um grupo","author":"Agence Graphineo","date":"Janeiro 14, 2025","format":false,"excerpt":"Crie um grupo no primeiro s\u00e1bado do m\u00eas perto de si Est\u00e3o a surgir grupos locais por todo o lado para fazer os primeiros s\u00e1bados e est\u00e3o a unir-se na Alian\u00e7a dos Primeiros S\u00e1bados pela Paz em F\u00e1tima. Respeitamos e protegemos a privacidade de todos. Para o efeito, apenas consideramos\u2026","rel":"","context":"Similar post","block_context":{"text":"Similar post","link":""},"img":{"alt_text":"","src":"https:\/\/i0.wp.com\/jubile2025-fatima.org\/wp-content\/uploads\/2025\/01\/1logo-officiel-vecto-sombre.png?fit=1200%2C675&ssl=1&resize=350%2C200","width":350,"height":200,"srcset":"https:\/\/i0.wp.com\/jubile2025-fatima.org\/wp-content\/uploads\/2025\/01\/1logo-officiel-vecto-sombre.png?fit=1200%2C675&ssl=1&resize=350%2C200 1x, https:\/\/i0.wp.com\/jubile2025-fatima.org\/wp-content\/uploads\/2025\/01\/1logo-officiel-vecto-sombre.png?fit=1200%2C675&ssl=1&resize=525%2C300 1.5x, https:\/\/i0.wp.com\/jubile2025-fatima.org\/wp-content\/uploads\/2025\/01\/1logo-officiel-vecto-sombre.png?fit=1200%2C675&ssl=1&resize=700%2C400 2x, https:\/\/i0.wp.com\/jubile2025-fatima.org\/wp-content\/uploads\/2025\/01\/1logo-officiel-vecto-sombre.png?fit=1200%2C675&ssl=1&resize=1050%2C600 3x"},"classes":[]},{"id":12318,"url":"https:\/\/jubile2025-fatima.org\/pt-pt\/ferramentas-1os-sabados\/como-fazer-os-primeiros-sabados\/","url_meta":{"origin":12328,"position":4},"title":"Como fazer os primeiros s\u00e1bados","author":"Agence Graphineo","date":"Fevereiro 17, 2025","format":false,"excerpt":"Efetuar o1\u00ba s\u00e1bado de forma independente ou se n\u00e3o puder deslocar-se 1\/ Efetuar os primeiros s\u00e1bados de forma aut\u00f3noma \u00c9 claro que \u00e9 poss\u00edvel fazer os 1os s\u00e1bados sozinho, sem fazer parte de um grupo (porque n\u00e3o h\u00e1 um grupo pr\u00f3ximo, porque n\u00e3o quer criar um ou por raz\u00f5es pessoais).\u2026","rel":"","context":"Similar post","block_context":{"text":"Similar post","link":""},"img":{"alt_text":"","src":"","width":0,"height":0},"classes":[]},{"id":12332,"url":"https:\/\/jubile2025-fatima.org\/pt-pt\/ferramentas-1os-sabados\/crie-um-grupo-no-primeiro-sabado-do-mes\/","url_meta":{"origin":12328,"position":5},"title":"Crie um grupo no primeiro s\u00e1bado do m\u00eas","author":"Agence Graphineo","date":"Fevereiro 17, 2025","format":false,"excerpt":"1- O que \u00e9 um grupodo 1\u00ba s\u00e1bado do m\u00eas? \u00c9 um grupo local e aut\u00f3nomo de leigos que se re\u00fane todos os dias 1s\u00e1bado s\u00e1bado do m\u00eas numa igreja, capela, comunidade, etc., para realizar o pedido da Virgem Maria. Embora aut\u00f3nomos, os grupos est\u00e3o unidos no seio da Alliance\u2026","rel":"","context":"Similar post","block_context":{"text":"Similar post","link":""},"img":{"alt_text":"","src":"","width":0,"height":0},"classes":[]}],"mfb_rest_fields":["title","yoast_head","yoast_head_json","jetpack_sharing_enabled","jetpack-related-posts"],"_links":{"self":[{"href":"https:\/\/jubile2025-fatima.org\/pt-pt\/wp-json\/wp\/v2\/pages\/12328","targetHints":{"allow":["GET"]}}],"collection":[{"href":"https:\/\/jubile2025-fatima.org\/pt-pt\/wp-json\/wp\/v2\/pages"}],"about":[{"href":"https:\/\/jubile2025-fatima.org\/pt-pt\/wp-json\/wp\/v2\/types\/page"}],"author":[{"embeddable":true,"href":"https:\/\/jubile2025-fatima.org\/pt-pt\/wp-json\/wp\/v2\/users\/2"}],"replies":[{"embeddable":true,"href":"https:\/\/jubile2025-fatima.org\/pt-pt\/wp-json\/wp\/v2\/comments?post=12328"}],"version-history":[{"count":1,"href":"https:\/\/jubile2025-fatima.org\/pt-pt\/wp-json\/wp\/v2\/pages\/12328\/revisions"}],"predecessor-version":[{"id":12330,"href":"https:\/\/jubile2025-fatima.org\/pt-pt\/wp-json\/wp\/v2\/pages\/12328\/revisions\/12330"}],"up":[{"embeddable":true,"href":"https:\/\/jubile2025-fatima.org\/pt-pt\/wp-json\/wp\/v2\/pages\/12323"}],"wp:attachment":[{"href":"https:\/\/jubile2025-fatima.org\/pt-pt\/wp-json\/wp\/v2\/media?parent=12328"}],"curies":[{"name":"wp","href":"https:\/\/api.w.org\/{rel}","templated":true}]}}