{"id":12332,"date":"2025-02-17T13:01:50","date_gmt":"2025-02-17T13:01:50","guid":{"rendered":"https:\/\/jubile2025-fatima.org\/ferramentas-1os-sabados\/crie-um-grupo-no-primeiro-sabado-do-mes\/"},"modified":"2025-11-03T18:59:10","modified_gmt":"2025-11-03T18:59:10","slug":"crie-um-grupo-no-primeiro-sabado-do-mes","status":"publish","type":"page","link":"https:\/\/jubile2025-fatima.org\/pt-pt\/ferramentas-1os-sabados\/crie-um-grupo-no-primeiro-sabado-do-mes\/","title":{"rendered":"Crie um grupo no primeiro s\u00e1bado do m\u00eas"},"content":{"rendered":"\n<h3 class=\"wp-block-heading\">1- O que \u00e9 um grupo<sup>do 1\u00ba<\/sup> s\u00e1bado do m\u00eas?<\/h3>\n\n<p>\u00c9 um grupo <strong>local<\/strong><strong> e <\/strong><strong>aut\u00f3nomo<\/strong> de leigos que <strong>se re\u00fane todos os dias 1<\/strong><strong><sup>s\u00e1bado<\/sup><\/strong><strong> s\u00e1bado do m\u00eas<\/strong> numa igreja, capela, comunidade, etc., para realizar o pedido da Virgem Maria.<\/p>\n\n<p>Embora aut\u00f3nomos, os grupos est\u00e3o <strong>unidos<\/strong> no seio <strong>da Alliance 1<\/strong><strong><sup>anos<\/sup><\/strong><strong> S\u00e1bados de F\u00e1tima<\/strong> para melhor irradiarem o esp\u00edrito da Igreja. Esta unidade baseia-se em tr\u00eas elementos: (1) todos fazem <strong>exatamente<\/strong> o que Nossa Senhora lhes pediu para fazer, (2) todos os<sup>1os<\/sup> S\u00e1bados meditam<strong> sobre o mesmo mist\u00e9rio do Ros\u00e1rio<\/strong>, (3) todos divulgam os <sup>1os<\/sup> S\u00e1bados utilizando os instrumentos de comunica\u00e7\u00e3o da Alian\u00e7a. <\/p>\n\n<h3 class=\"wp-block-heading\">2- Como criar um grupo facilmente  <\/h3>\n\n<div class=\"wp-block-group has-accent-8-background-color has-background has-global-padding is-layout-constrained wp-container-core-group-is-layout-81115059 wp-block-group-is-layout-constrained\" style=\"padding-top:25px;padding-right:25px;padding-bottom:25px;padding-left:25px\">\n<p>a) Se poss\u00edvel, <strong>fale <\/strong>com uma ou duas pessoas pr\u00f3ximas de si (fam\u00edlia, amigos, paroquianos, etc.). Para explicar, utilize o s\u00edtio Web da Alian\u00e7a (nomeadamente o v\u00eddeo e a ficha de s\u00edntese). <\/p>\n\n\n\n<p>b) <strong>Identifique um servi\u00e7o de <\/strong>s\u00e1bado <strong>existente <\/strong>nas proximidades<em>(ver ficha 3<\/em>).  <\/p>\n\n\n\n<p>c) <strong>Fale com o <\/strong>padre<em>(ver ficha 4<\/em>) e fixe os hor\u00e1rios do ter\u00e7o e da medita\u00e7\u00e3o (antes ou depois da missa), de acordo com os condicionalismos locais. (Os hor\u00e1rios devem seguir-se um ao outro, pois \u00e9 demasiado restritivo ter de voltar duas vezes durante o dia). <\/p>\n\n\n\n<p>d) Diga aos membros para <strong>se registarem <\/strong>no site <a href=\"https:\/\/jubile2025-fatima.org\/#je-participe\" target=\"_blank\" rel=\"noreferrer noopener\">jubile2025-fatima.org<\/a> para receberem a medita\u00e7\u00e3o mensal.<\/p>\n\n\n\n<p>e) <strong>Registe <\/strong>o seu grupo no mapa para permitir que os membros do p\u00fablico mais pr\u00f3ximos se juntem a si.<\/p>\n\n\n\n<p>(processo em prepara\u00e7\u00e3o)  <\/p>\n<\/div>\n\n<h3 class=\"wp-block-heading\">3- Como organizar cada<sup>1\u00ba<\/sup> s\u00e1bado<\/h3>\n\n<p><em>Antes do 1.<\/em><em><sup>\u00ba<\/sup><\/em><em> S\u00e1bado (recomenda\u00e7\u00f5es n\u00e3o obrigat\u00f3rias)<\/em><\/p>\n\n<p>Imprima uma medita\u00e7\u00e3o (pode utilizar a que foi sugerida pela Alian\u00e7a).<\/p>\n\n<p>Para assinalar este dia, planeia exibir uma est\u00e1tua da Virgem Maria e trazer-lhe flores.<\/p>\n\n<p>Para lhe dar uma certa solenidade, tente incluir um organista e alguns c\u00e2nticos \u00e0 Virgem Maria.<\/p>\n\n<p>Pergunte ao padre se pode estar presente durante o ter\u00e7o e a medita\u00e7\u00e3o para se confessar.<\/p>\n\n<p><em>O 1.<\/em><em><sup>\u00ba<\/sup><\/em><em> S\u00e1bado<\/em><\/p>\n\n<p>Encontrar-se \u00e0 hora marcada na Igreja escolhida para realizar integralmente os pedidos de Nossa Senhora.  <\/p>\n\n<hr class=\"wp-block-separator has-text-color has-contrast-3-color has-alpha-channel-opacity has-contrast-3-background-color has-background\" style=\"width:100%; max-width:100%;height:0px;margin-top:25px;margin-bottom:25px\"\/>\n\n<p><em>Nota 1: Pode optar por meditar em sil\u00eancio ou com a leitura do texto da medita\u00e7\u00e3o.<\/em><\/p>\n\n<p><em>Nota 2: Aqueles que, por raz\u00f5es pessoais, n\u00e3o puderem permanecer muito tempo nesse dia, podem perfeitamente rezar o ter\u00e7o e fazer a medita\u00e7\u00e3o sozinhos, noutra altura do dia.<\/em><\/p>\n\n<p><em>Nota 3: Estes primeiros s\u00e1bados podem tamb\u00e9m ser a ocasi\u00e3o para um <\/em><strong><em>momento social<\/em><\/strong><em>  para se conhecerem e discutirem outras ac\u00e7\u00f5es poss\u00edveis. Alguns grupos organizam um pequeno-almo\u00e7o a seguir. <\/em><\/p>\n\n<div class=\"wp-block-group has-contrast-background-color has-background has-global-padding is-layout-constrained wp-container-core-group-is-layout-8d294f10 wp-block-group-is-layout-constrained\" style=\"margin-top:25px;padding-top:25px;padding-right:25px;padding-bottom:25px;padding-left:25px\">\n<p>Se este formul\u00e1rio n\u00e3o for suficiente e precisar de ajuda especial para criar um grupo, contacte-nos clicando no bot\u00e3o criar um grupo.<\/p>\n\n\n\n<div class=\"wp-block-buttons is-layout-flex wp-block-buttons-is-layout-flex\">\n<div class=\"wp-block-button\"><a class=\"wp-block-button__link wp-element-button\" href=\"https:\/\/jubile2025-fatima.org\/pt-pt\/crie-um-grupo\/\">Crie um grupo<\/a><\/div>\n<\/div>\n<\/div>\n","protected":false},"excerpt":{"rendered":"<p>1- O que \u00e9 um grupodo 1\u00ba s\u00e1bado do m\u00eas? \u00c9 um grupo local e aut\u00f3nomo de leigos que se re\u00fane todos os dias 1s\u00e1bado s\u00e1bado do m\u00eas numa igreja, capela, comunidade, etc., para realizar o pedido da Virgem Maria. Embora aut\u00f3nomos, os grupos est\u00e3o unidos no seio da Alliance 1anos S\u00e1bados de F\u00e1tima para [&hellip;]<\/p>\n","protected":false},"author":2,"featured_media":0,"parent":12323,"menu_order":0,"comment_status":"closed","ping_status":"closed","template":"page-with-sidebar","meta":{"inline_featured_image":false,"footnotes":""},"class_list":["post-12332","page","type-page","status-publish","hentry"],"mb":[],"yoast_head":"<!-- This site is optimized with the Yoast SEO plugin v26.4 - https:\/\/yoast.com\/wordpress\/plugins\/seo\/ -->\n<title>Crie um grupo no primeiro s\u00e1bado do m\u00eas - jubile2025-fatima.org<\/title>\n<meta name=\"robots\" content=\"index, follow, max-snippet:-1, max-image-preview:large, max-video-preview:-1\" \/>\n<link rel=\"canonical\" href=\"https:\/\/jubile2025-fatima.org\/pt-pt\/ferramentas-1os-sabados\/crie-um-grupo-no-primeiro-sabado-do-mes\/\" \/>\n<meta property=\"og:locale\" content=\"pt_PT\" \/>\n<meta property=\"og:type\" content=\"article\" \/>\n<meta property=\"og:title\" content=\"Crie um grupo no primeiro s\u00e1bado do m\u00eas - jubile2025-fatima.org\" \/>\n<meta property=\"og:description\" content=\"1- O que \u00e9 um grupodo 1\u00ba s\u00e1bado do m\u00eas? \u00c9 um grupo local e aut\u00f3nomo de leigos que se re\u00fane todos os dias 1s\u00e1bado s\u00e1bado do m\u00eas numa igreja, capela, comunidade, etc., para realizar o pedido da Virgem Maria. Embora aut\u00f3nomos, os grupos est\u00e3o unidos no seio da Alliance 1anos S\u00e1bados de F\u00e1tima para [&hellip;]\" \/>\n<meta property=\"og:url\" content=\"https:\/\/jubile2025-fatima.org\/pt-pt\/ferramentas-1os-sabados\/crie-um-grupo-no-primeiro-sabado-do-mes\/\" \/>\n<meta property=\"og:site_name\" content=\"jubile2025-fatima.org\" \/>\n<meta property=\"article:modified_time\" content=\"2025-11-03T18:59:10+00:00\" \/>\n<meta name=\"twitter:card\" content=\"summary_large_image\" \/>\n<meta name=\"twitter:label1\" content=\"Tempo estimado de leitura\" \/>\n\t<meta name=\"twitter:data1\" content=\"2 minutos\" \/>\n<script type=\"application\/ld+json\" class=\"yoast-schema-graph\">{\"@context\":\"https:\/\/schema.org\",\"@graph\":[{\"@type\":\"WebPage\",\"@id\":\"https:\/\/jubile2025-fatima.org\/pt-pt\/ferramentas-1os-sabados\/crie-um-grupo-no-primeiro-sabado-do-mes\/\",\"url\":\"https:\/\/jubile2025-fatima.org\/pt-pt\/ferramentas-1os-sabados\/crie-um-grupo-no-primeiro-sabado-do-mes\/\",\"name\":\"Crie um grupo no primeiro s\u00e1bado do m\u00eas - jubile2025-fatima.org\",\"isPartOf\":{\"@id\":\"https:\/\/jubile2025-fatima.org\/pt-pt\/#website\"},\"datePublished\":\"2025-02-17T13:01:50+00:00\",\"dateModified\":\"2025-11-03T18:59:10+00:00\",\"breadcrumb\":{\"@id\":\"https:\/\/jubile2025-fatima.org\/pt-pt\/ferramentas-1os-sabados\/crie-um-grupo-no-primeiro-sabado-do-mes\/#breadcrumb\"},\"inLanguage\":\"pt-PT\",\"potentialAction\":[{\"@type\":\"ReadAction\",\"target\":[\"https:\/\/jubile2025-fatima.org\/pt-pt\/ferramentas-1os-sabados\/crie-um-grupo-no-primeiro-sabado-do-mes\/\"]}]},{\"@type\":\"BreadcrumbList\",\"@id\":\"https:\/\/jubile2025-fatima.org\/pt-pt\/ferramentas-1os-sabados\/crie-um-grupo-no-primeiro-sabado-do-mes\/#breadcrumb\",\"itemListElement\":[{\"@type\":\"ListItem\",\"position\":1,\"name\":\"Accueil\",\"item\":\"https:\/\/jubile2025-fatima.org\/pt-pt\/\"},{\"@type\":\"ListItem\",\"position\":2,\"name\":\"Ferramentas 1\u00bas s\u00e1bados\",\"item\":\"https:\/\/jubile2025-fatima.org\/pt-pt\/ferramentas-1os-sabados\/\"},{\"@type\":\"ListItem\",\"position\":3,\"name\":\"Crie um grupo no primeiro s\u00e1bado do m\u00eas\"}]},{\"@type\":\"WebSite\",\"@id\":\"https:\/\/jubile2025-fatima.org\/pt-pt\/#website\",\"url\":\"https:\/\/jubile2025-fatima.org\/pt-pt\/\",\"name\":\"jubile2025-fatima.org\",\"description\":\"Jubile 2025 Fatima - Alliance les 1ers samedis de de Fatima pour la paix\",\"publisher\":{\"@id\":\"https:\/\/jubile2025-fatima.org\/pt-pt\/#organization\"},\"potentialAction\":[{\"@type\":\"SearchAction\",\"target\":{\"@type\":\"EntryPoint\",\"urlTemplate\":\"https:\/\/jubile2025-fatima.org\/pt-pt\/?s={search_term_string}\"},\"query-input\":{\"@type\":\"PropertyValueSpecification\",\"valueRequired\":true,\"valueName\":\"search_term_string\"}}],\"inLanguage\":\"pt-PT\"},{\"@type\":\"Organization\",\"@id\":\"https:\/\/jubile2025-fatima.org\/pt-pt\/#organization\",\"name\":\"jubile2025-fatima.org\",\"url\":\"https:\/\/jubile2025-fatima.org\/pt-pt\/\",\"logo\":{\"@type\":\"ImageObject\",\"inLanguage\":\"pt-PT\",\"@id\":\"https:\/\/jubile2025-fatima.org\/pt-pt\/#\/schema\/logo\/image\/\",\"url\":\"https:\/\/jubile2025-fatima.org\/wp-content\/uploads\/2024\/12\/2logo-officiel-copie-2.png\",\"contentUrl\":\"https:\/\/jubile2025-fatima.org\/wp-content\/uploads\/2024\/12\/2logo-officiel-copie-2.png\",\"width\":1921,\"height\":1081,\"caption\":\"jubile2025-fatima.org\"},\"image\":{\"@id\":\"https:\/\/jubile2025-fatima.org\/pt-pt\/#\/schema\/logo\/image\/\"}}]}<\/script>\n<!-- \/ Yoast SEO plugin. -->","yoast_head_json":{"title":"Crie um grupo no primeiro s\u00e1bado do m\u00eas - jubile2025-fatima.org","robots":{"index":"index","follow":"follow","max-snippet":"max-snippet:-1","max-image-preview":"max-image-preview:large","max-video-preview":"max-video-preview:-1"},"canonical":"https:\/\/jubile2025-fatima.org\/pt-pt\/ferramentas-1os-sabados\/crie-um-grupo-no-primeiro-sabado-do-mes\/","og_locale":"pt_PT","og_type":"article","og_title":"Crie um grupo no primeiro s\u00e1bado do m\u00eas - jubile2025-fatima.org","og_description":"1- O que \u00e9 um grupodo 1\u00ba s\u00e1bado do m\u00eas? \u00c9 um grupo local e aut\u00f3nomo de leigos que se re\u00fane todos os dias 1s\u00e1bado s\u00e1bado do m\u00eas numa igreja, capela, comunidade, etc., para realizar o pedido da Virgem Maria. Embora aut\u00f3nomos, os grupos est\u00e3o unidos no seio da Alliance 1anos S\u00e1bados de F\u00e1tima para [&hellip;]","og_url":"https:\/\/jubile2025-fatima.org\/pt-pt\/ferramentas-1os-sabados\/crie-um-grupo-no-primeiro-sabado-do-mes\/","og_site_name":"jubile2025-fatima.org","article_modified_time":"2025-11-03T18:59:10+00:00","twitter_card":"summary_large_image","twitter_misc":{"Tempo estimado de leitura":"2 minutos"},"schema":{"@context":"https:\/\/schema.org","@graph":[{"@type":"WebPage","@id":"https:\/\/jubile2025-fatima.org\/pt-pt\/ferramentas-1os-sabados\/crie-um-grupo-no-primeiro-sabado-do-mes\/","url":"https:\/\/jubile2025-fatima.org\/pt-pt\/ferramentas-1os-sabados\/crie-um-grupo-no-primeiro-sabado-do-mes\/","name":"Crie um grupo no primeiro s\u00e1bado do m\u00eas - jubile2025-fatima.org","isPartOf":{"@id":"https:\/\/jubile2025-fatima.org\/pt-pt\/#website"},"datePublished":"2025-02-17T13:01:50+00:00","dateModified":"2025-11-03T18:59:10+00:00","breadcrumb":{"@id":"https:\/\/jubile2025-fatima.org\/pt-pt\/ferramentas-1os-sabados\/crie-um-grupo-no-primeiro-sabado-do-mes\/#breadcrumb"},"inLanguage":"pt-PT","potentialAction":[{"@type":"ReadAction","target":["https:\/\/jubile2025-fatima.org\/pt-pt\/ferramentas-1os-sabados\/crie-um-grupo-no-primeiro-sabado-do-mes\/"]}]},{"@type":"BreadcrumbList","@id":"https:\/\/jubile2025-fatima.org\/pt-pt\/ferramentas-1os-sabados\/crie-um-grupo-no-primeiro-sabado-do-mes\/#breadcrumb","itemListElement":[{"@type":"ListItem","position":1,"name":"Accueil","item":"https:\/\/jubile2025-fatima.org\/pt-pt\/"},{"@type":"ListItem","position":2,"name":"Ferramentas 1\u00bas s\u00e1bados","item":"https:\/\/jubile2025-fatima.org\/pt-pt\/ferramentas-1os-sabados\/"},{"@type":"ListItem","position":3,"name":"Crie um grupo no primeiro s\u00e1bado do m\u00eas"}]},{"@type":"WebSite","@id":"https:\/\/jubile2025-fatima.org\/pt-pt\/#website","url":"https:\/\/jubile2025-fatima.org\/pt-pt\/","name":"jubile2025-fatima.org","description":"Jubile 2025 Fatima - Alliance les 1ers samedis de de Fatima pour la paix","publisher":{"@id":"https:\/\/jubile2025-fatima.org\/pt-pt\/#organization"},"potentialAction":[{"@type":"SearchAction","target":{"@type":"EntryPoint","urlTemplate":"https:\/\/jubile2025-fatima.org\/pt-pt\/?s={search_term_string}"},"query-input":{"@type":"PropertyValueSpecification","valueRequired":true,"valueName":"search_term_string"}}],"inLanguage":"pt-PT"},{"@type":"Organization","@id":"https:\/\/jubile2025-fatima.org\/pt-pt\/#organization","name":"jubile2025-fatima.org","url":"https:\/\/jubile2025-fatima.org\/pt-pt\/","logo":{"@type":"ImageObject","inLanguage":"pt-PT","@id":"https:\/\/jubile2025-fatima.org\/pt-pt\/#\/schema\/logo\/image\/","url":"https:\/\/jubile2025-fatima.org\/wp-content\/uploads\/2024\/12\/2logo-officiel-copie-2.png","contentUrl":"https:\/\/jubile2025-fatima.org\/wp-content\/uploads\/2024\/12\/2logo-officiel-copie-2.png","width":1921,"height":1081,"caption":"jubile2025-fatima.org"},"image":{"@id":"https:\/\/jubile2025-fatima.org\/pt-pt\/#\/schema\/logo\/image\/"}}]}},"jetpack_sharing_enabled":true,"jetpack-related-posts":[{"id":2567,"url":"https:\/\/jubile2025-fatima.org\/pt-pt\/crie-um-grupo\/","url_meta":{"origin":12332,"position":0},"title":"Crie um grupo","author":"Agence Graphineo","date":"Janeiro 14, 2025","format":false,"excerpt":"Crie um grupo no primeiro s\u00e1bado do m\u00eas perto de si Est\u00e3o a surgir grupos locais por todo o lado para fazer os primeiros s\u00e1bados e est\u00e3o a unir-se na Alian\u00e7a dos Primeiros S\u00e1bados pela Paz em F\u00e1tima. Respeitamos e protegemos a privacidade de todos. Para o efeito, apenas consideramos\u2026","rel":"","context":"Similar post","block_context":{"text":"Similar post","link":""},"img":{"alt_text":"","src":"https:\/\/i0.wp.com\/jubile2025-fatima.org\/wp-content\/uploads\/2025\/01\/1logo-officiel-vecto-sombre.png?fit=1200%2C675&ssl=1&resize=350%2C200","width":350,"height":200,"srcset":"https:\/\/i0.wp.com\/jubile2025-fatima.org\/wp-content\/uploads\/2025\/01\/1logo-officiel-vecto-sombre.png?fit=1200%2C675&ssl=1&resize=350%2C200 1x, https:\/\/i0.wp.com\/jubile2025-fatima.org\/wp-content\/uploads\/2025\/01\/1logo-officiel-vecto-sombre.png?fit=1200%2C675&ssl=1&resize=525%2C300 1.5x, https:\/\/i0.wp.com\/jubile2025-fatima.org\/wp-content\/uploads\/2025\/01\/1logo-officiel-vecto-sombre.png?fit=1200%2C675&ssl=1&resize=700%2C400 2x, https:\/\/i0.wp.com\/jubile2025-fatima.org\/wp-content\/uploads\/2025\/01\/1logo-officiel-vecto-sombre.png?fit=1200%2C675&ssl=1&resize=1050%2C600 3x"},"classes":[]},{"id":12323,"url":"https:\/\/jubile2025-fatima.org\/pt-pt\/ferramentas-1os-sabados\/","url_meta":{"origin":12332,"position":1},"title":"Ferramentas 1\u00bas s\u00e1bados","author":"Agence Graphineo","date":"Fevereiro 17, 2025","format":false,"excerpt":"Ferramentas 1\u00bas s\u00e1bados 1- Resumo dos primeiros s\u00e1bados Ir para a p\u00e1gina 2- Como criar um grupo no1\u00ba s\u00e1bado do m\u00eas Ir para a p\u00e1gina 3- O que fazer quando os padres e\/ou as missas est\u00e3o dispon\u00edveis Ir para a p\u00e1gina 4- Como fazer os primeiros s\u00e1bados de forma aut\u00f3noma\u2026","rel":"","context":"Similar post","block_context":{"text":"Similar post","link":""},"img":{"alt_text":"","src":"","width":0,"height":0},"classes":[]},{"id":2542,"url":"https:\/\/jubile2025-fatima.org\/pt-pt\/assinatura\/","url_meta":{"origin":12332,"position":2},"title":"Assinatura","author":"Agence Graphineo","date":"Janeiro 21, 2025","format":false,"excerpt":"Assine o apelo para oficializar os 1\u00bas s\u00e1bados do m\u00eas, conforme pedido de Nossa Senhora de F\u00e1tima. A carta ser\u00e1 publicada em breve. Assine o apelo ao Papa Vig\u00e1rio de Cristo para que oficialize os 1\u00bas s\u00e1bados do m\u00eas, conforme pedido de Nossa Senhora de F\u00e1tima. Em 13 de julho\u2026","rel":"","context":"Similar post","block_context":{"text":"Similar post","link":""},"img":{"alt_text":"","src":"https:\/\/i0.wp.com\/jubile2025-fatima.org\/wp-content\/uploads\/2025\/01\/1logo-officiel-vecto-sombre.png?fit=1200%2C675&ssl=1&resize=350%2C200","width":350,"height":200,"srcset":"https:\/\/i0.wp.com\/jubile2025-fatima.org\/wp-content\/uploads\/2025\/01\/1logo-officiel-vecto-sombre.png?fit=1200%2C675&ssl=1&resize=350%2C200 1x, https:\/\/i0.wp.com\/jubile2025-fatima.org\/wp-content\/uploads\/2025\/01\/1logo-officiel-vecto-sombre.png?fit=1200%2C675&ssl=1&resize=525%2C300 1.5x, https:\/\/i0.wp.com\/jubile2025-fatima.org\/wp-content\/uploads\/2025\/01\/1logo-officiel-vecto-sombre.png?fit=1200%2C675&ssl=1&resize=700%2C400 2x, https:\/\/i0.wp.com\/jubile2025-fatima.org\/wp-content\/uploads\/2025\/01\/1logo-officiel-vecto-sombre.png?fit=1200%2C675&ssl=1&resize=1050%2C600 3x"},"classes":[]},{"id":12314,"url":"https:\/\/jubile2025-fatima.org\/pt-pt\/ferramentas-1os-sabados\/acolher-sacerdotes-e-ou-missas\/","url_meta":{"origin":12332,"position":3},"title":"Acolher sacerdotes e\/ou missas","author":"Agence Graphineo","date":"Fevereiro 17, 2025","format":false,"excerpt":"O que fazer em fun\u00e7\u00e3o da disponibilidade do padre e\/ou das missas Situa\u00e7\u00e3o 1: J\u00e1 existe uma missa ao s\u00e1bado de manh\u00e3 perto de si. Existem dois cen\u00e1rios poss\u00edveis: a) O sacerdote j\u00e1 est\u00e1 a organizar o devocional dos primeiros s\u00e1bados (no todo ou em parte) ou est\u00e1 interessado em\u2026","rel":"","context":"Similar post","block_context":{"text":"Similar post","link":""},"img":{"alt_text":"","src":"","width":0,"height":0},"classes":[]},{"id":12328,"url":"https:\/\/jubile2025-fatima.org\/pt-pt\/ferramentas-1os-sabados\/resumo-dos-primeiros-sabados\/","url_meta":{"origin":12332,"position":4},"title":"Resumo dos primeiros s\u00e1bados","author":"Agence Graphineo","date":"Fevereiro 17, 2025","format":false,"excerpt":"1- Antecedentes de F\u00e1tima Em 13 de julho de 1917, em F\u00e1tima, Nossa Senhora anunciou que, para al\u00e9m do Ros\u00e1rio, viria pedir uma futura devo\u00e7\u00e3o pela paz: \"Para evitar a guerra Eu virei para evitar a guerra, virei pedir a consagra\u00e7\u00e3o da R\u00fassia ao meu Imaculado Cora\u00e7\u00e3o e a comunh\u00e3o\u2026","rel":"","context":"Similar post","block_context":{"text":"Similar post","link":""},"img":{"alt_text":"","src":"","width":0,"height":0},"classes":[]},{"id":2444,"url":"https:\/\/jubile2025-fatima.org\/pt-pt\/a-alianca\/","url_meta":{"origin":12332,"position":5},"title":"1\u00ba s\u00e1bado","author":"Agence Graphineo","date":"Dezembro 17, 2024","format":false,"excerpt":"Os primeiros s\u00e1bados da Alian\u00e7a de F\u00e1tima Porqu\u00ea comprometer-se com os primeiros s\u00e1bados Compreender a urg\u00eancia dos primeiros s\u00e1bados de F\u00e1tima O pedido de Nossa Senhora \"Para evitar a guerra, virei pedir a consagra\u00e7\u00e3o da R\u00fassia ao meu Imaculado Cora\u00e7\u00e3o e a comunh\u00e3o reparadora nos primeiros s\u00e1bados\". Em 1939, a\u2026","rel":"","context":"Similar post","block_context":{"text":"Similar post","link":""},"img":{"alt_text":"","src":"https:\/\/i0.wp.com\/jubile2025-fatima.org\/wp-content\/uploads\/2024\/12\/80681222.jpeg?fit=1200%2C671&ssl=1&resize=350%2C200","width":350,"height":200,"srcset":"https:\/\/i0.wp.com\/jubile2025-fatima.org\/wp-content\/uploads\/2024\/12\/80681222.jpeg?fit=1200%2C671&ssl=1&resize=350%2C200 1x, https:\/\/i0.wp.com\/jubile2025-fatima.org\/wp-content\/uploads\/2024\/12\/80681222.jpeg?fit=1200%2C671&ssl=1&resize=525%2C300 1.5x, https:\/\/i0.wp.com\/jubile2025-fatima.org\/wp-content\/uploads\/2024\/12\/80681222.jpeg?fit=1200%2C671&ssl=1&resize=700%2C400 2x, https:\/\/i0.wp.com\/jubile2025-fatima.org\/wp-content\/uploads\/2024\/12\/80681222.jpeg?fit=1200%2C671&ssl=1&resize=1050%2C600 3x"},"classes":[]}],"mfb_rest_fields":["title","yoast_head","yoast_head_json","jetpack_sharing_enabled","jetpack-related-posts"],"_links":{"self":[{"href":"https:\/\/jubile2025-fatima.org\/pt-pt\/wp-json\/wp\/v2\/pages\/12332","targetHints":{"allow":["GET"]}}],"collection":[{"href":"https:\/\/jubile2025-fatima.org\/pt-pt\/wp-json\/wp\/v2\/pages"}],"about":[{"href":"https:\/\/jubile2025-fatima.org\/pt-pt\/wp-json\/wp\/v2\/types\/page"}],"author":[{"embeddable":true,"href":"https:\/\/jubile2025-fatima.org\/pt-pt\/wp-json\/wp\/v2\/users\/2"}],"replies":[{"embeddable":true,"href":"https:\/\/jubile2025-fatima.org\/pt-pt\/wp-json\/wp\/v2\/comments?post=12332"}],"version-history":[{"count":1,"href":"https:\/\/jubile2025-fatima.org\/pt-pt\/wp-json\/wp\/v2\/pages\/12332\/revisions"}],"predecessor-version":[{"id":12333,"href":"https:\/\/jubile2025-fatima.org\/pt-pt\/wp-json\/wp\/v2\/pages\/12332\/revisions\/12333"}],"up":[{"embeddable":true,"href":"https:\/\/jubile2025-fatima.org\/pt-pt\/wp-json\/wp\/v2\/pages\/12323"}],"wp:attachment":[{"href":"https:\/\/jubile2025-fatima.org\/pt-pt\/wp-json\/wp\/v2\/media?parent=12332"}],"curies":[{"name":"wp","href":"https:\/\/api.w.org\/{rel}","templated":true}]}}