{"id":2514,"date":"2025-01-23T10:19:09","date_gmt":"2025-01-23T10:19:09","guid":{"rendered":"https:\/\/jubile2025-fatima.org\/quem-somos\/"},"modified":"2025-01-29T10:09:18","modified_gmt":"2025-01-29T10:09:18","slug":"quem-somos","status":"publish","type":"page","link":"https:\/\/jubile2025-fatima.org\/pt-pt\/quem-somos\/","title":{"rendered":"Quem somos"},"content":{"rendered":"\n<div class=\"wp-block-group has-global-padding is-layout-constrained wp-container-core-group-is-layout-f611be13 wp-block-group-is-layout-constrained\" style=\"padding-top:var(--wp--preset--spacing--50);padding-right:var(--wp--preset--spacing--50);padding-bottom:var(--wp--preset--spacing--50);padding-left:var(--wp--preset--spacing--50);box-shadow:12px 12px 50px 0 #00000033\"><h2 class=\"wp-block-post-title\">Quem somos<\/h2>\n\n\n<p>Lan\u00e7ada por uma fam\u00edlia cat\u00f3lica em 2016, ano do Grande Jubileu de Le Puy en Velay (saiba mais sobre as liga\u00e7\u00f5es entre Le Puy en Velay e F\u00e1tima <a href=\"https:\/\/notre-dame-de-france.org\/\">www.notre-dame-de-france.org<\/a> ), <strong>a Alian\u00e7a dos Primeiros S\u00e1bados pela Paz de F\u00e1tima<\/strong> re\u00fane agora fi\u00e9is cat\u00f3licos de todo o mundo que realizam e procuram difundir <strong>os &#8220;primeiros s\u00e1bados do m\u00eas&#8221;, <\/strong>para alcan\u00e7ar a convers\u00e3o do mundo e a paz.<\/p>\n\n\n\n<p>Os membros prov\u00eam de todos os sectores da vida e de v\u00e1rias organiza\u00e7\u00f5es cat\u00f3licas (fi\u00e9is comuns, comunidades, movimentos, fraternidades, associa\u00e7\u00f5es, etc.) e todos se aperceberam da <strong>import\u00e2ncia fundamental dos primeiros s\u00e1bados de F\u00e1tima <\/strong>para a salva\u00e7\u00e3o do mundo de hoje e da necessidade de se unirem na Igreja por detr\u00e1s deste pedido da Sant\u00edssima Virgem, independentemente das nossas diferen\u00e7as.<\/p>\n\n\n\n<p>Em 2025, a alian\u00e7a lan\u00e7ou o<strong>&#8220;Jubileu 2025 dos Primeiros S\u00e1bados de F\u00e1tima pela Paz<\/strong>&#8220;.<\/p>\n\n\n\n<p>\u00c9 respons\u00e1vel pela coordena\u00e7\u00e3o internacional deste evento.  <\/p>\n\n\n\n<p>A Alian\u00e7a n\u00e3o \u00e9 um &#8220;movimento&#8221;, mas uma simples federa\u00e7\u00e3o composta por numerosos grupos <strong>locais e aut\u00f3nomos<\/strong>, chamados &#8220;grupos do 1\u00ba s\u00e1bado do m\u00eas&#8221;, cujos membros <strong>se re\u00fanem todos os 1\u00bas s\u00e1bados do m\u00eas <\/strong>para realizar os quatro pedidos da Sant\u00edssima Virgem em esp\u00edrito de repara\u00e7\u00e3o: comunh\u00e3o, 15 minutos de medita\u00e7\u00e3o do Ros\u00e1rio, ter\u00e7o e confiss\u00e3o. Embora os grupos sejam aut\u00f3nomos, est\u00e3o unidos por v\u00e1rios instrumentos, em particular <strong>a medita\u00e7\u00e3o<\/strong> enviada pela Alian\u00e7a todos os primeiros s\u00e1bados do m\u00eas. O seu \u00fanico compromisso \u00e9 o de respeitar plenamente o pedido da Sant\u00edssima Virgem.  <\/p>\n\n\n\n<p>A <strong>Alian\u00e7a &#8220;1\u00ba S\u00e1bado de F\u00e1tima pela Paz&#8221;<\/strong> \u00e9 uma iniciativa laical totalmente aut\u00f3noma, respeitando a doutrina bimilenar da Igreja Cat\u00f3lica, e n\u00e3o est\u00e1 ligada a nenhum movimento. N\u00e3o substitui nenhuma outra a\u00e7\u00e3o e tem como \u00fanico papel coordenar e servir todos, para que <strong>os primeiros s\u00e1bados do m\u00eas <\/strong> possam ser organizados facilmente e em toda a Igreja.   <\/p>\n<\/div>\n","protected":false},"excerpt":{"rendered":"<p>Lan\u00e7ada por uma fam\u00edlia cat\u00f3lica em 2016, ano do Grande Jubileu de Le Puy en Velay (saiba mais sobre as liga\u00e7\u00f5es entre Le Puy en Velay e F\u00e1tima www.notre-dame-de-france.org ), a Alian\u00e7a dos Primeiros S\u00e1bados pela Paz de F\u00e1tima re\u00fane agora fi\u00e9is cat\u00f3licos de todo o mundo que realizam e procuram difundir os &#8220;primeiros s\u00e1bados [&hellip;]<\/p>\n","protected":false},"author":2,"featured_media":2020,"parent":0,"menu_order":0,"comment_status":"closed","ping_status":"closed","template":"","meta":{"inline_featured_image":false,"footnotes":""},"class_list":["post-2514","page","type-page","status-publish","has-post-thumbnail","hentry"],"mb":[],"yoast_head":"<!-- This site is optimized with the Yoast SEO plugin v26.4 - https:\/\/yoast.com\/wordpress\/plugins\/seo\/ -->\n<title>Quem somos - jubile2025-fatima.org<\/title>\n<meta name=\"robots\" content=\"index, follow, max-snippet:-1, max-image-preview:large, max-video-preview:-1\" \/>\n<link rel=\"canonical\" href=\"https:\/\/jubile2025-fatima.org\/pt-pt\/quem-somos\/\" \/>\n<meta property=\"og:locale\" content=\"pt_PT\" \/>\n<meta property=\"og:type\" content=\"article\" \/>\n<meta property=\"og:title\" content=\"Quem somos - jubile2025-fatima.org\" \/>\n<meta property=\"og:description\" content=\"Lan\u00e7ada por uma fam\u00edlia cat\u00f3lica em 2016, ano do Grande Jubileu de Le Puy en Velay (saiba mais sobre as liga\u00e7\u00f5es entre Le Puy en Velay e F\u00e1tima www.notre-dame-de-france.org ), a Alian\u00e7a dos Primeiros S\u00e1bados pela Paz de F\u00e1tima re\u00fane agora fi\u00e9is cat\u00f3licos de todo o mundo que realizam e procuram difundir os &#8220;primeiros s\u00e1bados [&hellip;]\" \/>\n<meta property=\"og:url\" content=\"https:\/\/jubile2025-fatima.org\/pt-pt\/quem-somos\/\" \/>\n<meta property=\"og:site_name\" content=\"jubile2025-fatima.org\" \/>\n<meta property=\"article:modified_time\" content=\"2025-01-29T10:09:18+00:00\" \/>\n<meta property=\"og:image\" content=\"https:\/\/jubile2025-fatima.org\/wp-content\/uploads\/2025\/01\/1logo-officiel-vecto-sombre.png\" \/>\n\t<meta property=\"og:image:width\" content=\"1921\" \/>\n\t<meta property=\"og:image:height\" content=\"1081\" \/>\n\t<meta property=\"og:image:type\" content=\"image\/png\" \/>\n<meta name=\"twitter:card\" content=\"summary_large_image\" \/>\n<meta name=\"twitter:label1\" content=\"Tempo estimado de leitura\" \/>\n\t<meta name=\"twitter:data1\" content=\"2 minutos\" \/>\n<script type=\"application\/ld+json\" class=\"yoast-schema-graph\">{\"@context\":\"https:\/\/schema.org\",\"@graph\":[{\"@type\":\"WebPage\",\"@id\":\"https:\/\/jubile2025-fatima.org\/pt-pt\/quem-somos\/\",\"url\":\"https:\/\/jubile2025-fatima.org\/pt-pt\/quem-somos\/\",\"name\":\"Quem somos - jubile2025-fatima.org\",\"isPartOf\":{\"@id\":\"https:\/\/jubile2025-fatima.org\/pt-pt\/#website\"},\"primaryImageOfPage\":{\"@id\":\"https:\/\/jubile2025-fatima.org\/pt-pt\/quem-somos\/#primaryimage\"},\"image\":{\"@id\":\"https:\/\/jubile2025-fatima.org\/pt-pt\/quem-somos\/#primaryimage\"},\"thumbnailUrl\":\"https:\/\/i0.wp.com\/jubile2025-fatima.org\/wp-content\/uploads\/2025\/01\/1logo-officiel-vecto-sombre.png?fit=1921%2C1081&ssl=1\",\"datePublished\":\"2025-01-23T10:19:09+00:00\",\"dateModified\":\"2025-01-29T10:09:18+00:00\",\"breadcrumb\":{\"@id\":\"https:\/\/jubile2025-fatima.org\/pt-pt\/quem-somos\/#breadcrumb\"},\"inLanguage\":\"pt-PT\",\"potentialAction\":[{\"@type\":\"ReadAction\",\"target\":[\"https:\/\/jubile2025-fatima.org\/pt-pt\/quem-somos\/\"]}]},{\"@type\":\"ImageObject\",\"inLanguage\":\"pt-PT\",\"@id\":\"https:\/\/jubile2025-fatima.org\/pt-pt\/quem-somos\/#primaryimage\",\"url\":\"https:\/\/i0.wp.com\/jubile2025-fatima.org\/wp-content\/uploads\/2025\/01\/1logo-officiel-vecto-sombre.png?fit=1921%2C1081&ssl=1\",\"contentUrl\":\"https:\/\/i0.wp.com\/jubile2025-fatima.org\/wp-content\/uploads\/2025\/01\/1logo-officiel-vecto-sombre.png?fit=1921%2C1081&ssl=1\",\"width\":1921,\"height\":1081},{\"@type\":\"BreadcrumbList\",\"@id\":\"https:\/\/jubile2025-fatima.org\/pt-pt\/quem-somos\/#breadcrumb\",\"itemListElement\":[{\"@type\":\"ListItem\",\"position\":1,\"name\":\"Accueil\",\"item\":\"https:\/\/jubile2025-fatima.org\/pt-pt\/\"},{\"@type\":\"ListItem\",\"position\":2,\"name\":\"Quem somos\"}]},{\"@type\":\"WebSite\",\"@id\":\"https:\/\/jubile2025-fatima.org\/pt-pt\/#website\",\"url\":\"https:\/\/jubile2025-fatima.org\/pt-pt\/\",\"name\":\"jubile2025-fatima.org\",\"description\":\"Jubile 2025 Fatima - Alliance les 1ers samedis de de Fatima pour la paix\",\"publisher\":{\"@id\":\"https:\/\/jubile2025-fatima.org\/pt-pt\/#organization\"},\"potentialAction\":[{\"@type\":\"SearchAction\",\"target\":{\"@type\":\"EntryPoint\",\"urlTemplate\":\"https:\/\/jubile2025-fatima.org\/pt-pt\/?s={search_term_string}\"},\"query-input\":{\"@type\":\"PropertyValueSpecification\",\"valueRequired\":true,\"valueName\":\"search_term_string\"}}],\"inLanguage\":\"pt-PT\"},{\"@type\":\"Organization\",\"@id\":\"https:\/\/jubile2025-fatima.org\/pt-pt\/#organization\",\"name\":\"jubile2025-fatima.org\",\"url\":\"https:\/\/jubile2025-fatima.org\/pt-pt\/\",\"logo\":{\"@type\":\"ImageObject\",\"inLanguage\":\"pt-PT\",\"@id\":\"https:\/\/jubile2025-fatima.org\/pt-pt\/#\/schema\/logo\/image\/\",\"url\":\"https:\/\/jubile2025-fatima.org\/wp-content\/uploads\/2024\/12\/2logo-officiel-copie-2.png\",\"contentUrl\":\"https:\/\/jubile2025-fatima.org\/wp-content\/uploads\/2024\/12\/2logo-officiel-copie-2.png\",\"width\":1921,\"height\":1081,\"caption\":\"jubile2025-fatima.org\"},\"image\":{\"@id\":\"https:\/\/jubile2025-fatima.org\/pt-pt\/#\/schema\/logo\/image\/\"}}]}<\/script>\n<!-- \/ Yoast SEO plugin. -->","yoast_head_json":{"title":"Quem somos - jubile2025-fatima.org","robots":{"index":"index","follow":"follow","max-snippet":"max-snippet:-1","max-image-preview":"max-image-preview:large","max-video-preview":"max-video-preview:-1"},"canonical":"https:\/\/jubile2025-fatima.org\/pt-pt\/quem-somos\/","og_locale":"pt_PT","og_type":"article","og_title":"Quem somos - jubile2025-fatima.org","og_description":"Lan\u00e7ada por uma fam\u00edlia cat\u00f3lica em 2016, ano do Grande Jubileu de Le Puy en Velay (saiba mais sobre as liga\u00e7\u00f5es entre Le Puy en Velay e F\u00e1tima www.notre-dame-de-france.org ), a Alian\u00e7a dos Primeiros S\u00e1bados pela Paz de F\u00e1tima re\u00fane agora fi\u00e9is cat\u00f3licos de todo o mundo que realizam e procuram difundir os &#8220;primeiros s\u00e1bados [&hellip;]","og_url":"https:\/\/jubile2025-fatima.org\/pt-pt\/quem-somos\/","og_site_name":"jubile2025-fatima.org","article_modified_time":"2025-01-29T10:09:18+00:00","og_image":[{"width":1921,"height":1081,"url":"https:\/\/jubile2025-fatima.org\/wp-content\/uploads\/2025\/01\/1logo-officiel-vecto-sombre.png","type":"image\/png"}],"twitter_card":"summary_large_image","twitter_misc":{"Tempo estimado de leitura":"2 minutos"},"schema":{"@context":"https:\/\/schema.org","@graph":[{"@type":"WebPage","@id":"https:\/\/jubile2025-fatima.org\/pt-pt\/quem-somos\/","url":"https:\/\/jubile2025-fatima.org\/pt-pt\/quem-somos\/","name":"Quem somos - jubile2025-fatima.org","isPartOf":{"@id":"https:\/\/jubile2025-fatima.org\/pt-pt\/#website"},"primaryImageOfPage":{"@id":"https:\/\/jubile2025-fatima.org\/pt-pt\/quem-somos\/#primaryimage"},"image":{"@id":"https:\/\/jubile2025-fatima.org\/pt-pt\/quem-somos\/#primaryimage"},"thumbnailUrl":"https:\/\/i0.wp.com\/jubile2025-fatima.org\/wp-content\/uploads\/2025\/01\/1logo-officiel-vecto-sombre.png?fit=1921%2C1081&ssl=1","datePublished":"2025-01-23T10:19:09+00:00","dateModified":"2025-01-29T10:09:18+00:00","breadcrumb":{"@id":"https:\/\/jubile2025-fatima.org\/pt-pt\/quem-somos\/#breadcrumb"},"inLanguage":"pt-PT","potentialAction":[{"@type":"ReadAction","target":["https:\/\/jubile2025-fatima.org\/pt-pt\/quem-somos\/"]}]},{"@type":"ImageObject","inLanguage":"pt-PT","@id":"https:\/\/jubile2025-fatima.org\/pt-pt\/quem-somos\/#primaryimage","url":"https:\/\/i0.wp.com\/jubile2025-fatima.org\/wp-content\/uploads\/2025\/01\/1logo-officiel-vecto-sombre.png?fit=1921%2C1081&ssl=1","contentUrl":"https:\/\/i0.wp.com\/jubile2025-fatima.org\/wp-content\/uploads\/2025\/01\/1logo-officiel-vecto-sombre.png?fit=1921%2C1081&ssl=1","width":1921,"height":1081},{"@type":"BreadcrumbList","@id":"https:\/\/jubile2025-fatima.org\/pt-pt\/quem-somos\/#breadcrumb","itemListElement":[{"@type":"ListItem","position":1,"name":"Accueil","item":"https:\/\/jubile2025-fatima.org\/pt-pt\/"},{"@type":"ListItem","position":2,"name":"Quem somos"}]},{"@type":"WebSite","@id":"https:\/\/jubile2025-fatima.org\/pt-pt\/#website","url":"https:\/\/jubile2025-fatima.org\/pt-pt\/","name":"jubile2025-fatima.org","description":"Jubile 2025 Fatima - Alliance les 1ers samedis de de Fatima pour la paix","publisher":{"@id":"https:\/\/jubile2025-fatima.org\/pt-pt\/#organization"},"potentialAction":[{"@type":"SearchAction","target":{"@type":"EntryPoint","urlTemplate":"https:\/\/jubile2025-fatima.org\/pt-pt\/?s={search_term_string}"},"query-input":{"@type":"PropertyValueSpecification","valueRequired":true,"valueName":"search_term_string"}}],"inLanguage":"pt-PT"},{"@type":"Organization","@id":"https:\/\/jubile2025-fatima.org\/pt-pt\/#organization","name":"jubile2025-fatima.org","url":"https:\/\/jubile2025-fatima.org\/pt-pt\/","logo":{"@type":"ImageObject","inLanguage":"pt-PT","@id":"https:\/\/jubile2025-fatima.org\/pt-pt\/#\/schema\/logo\/image\/","url":"https:\/\/jubile2025-fatima.org\/wp-content\/uploads\/2024\/12\/2logo-officiel-copie-2.png","contentUrl":"https:\/\/jubile2025-fatima.org\/wp-content\/uploads\/2024\/12\/2logo-officiel-copie-2.png","width":1921,"height":1081,"caption":"jubile2025-fatima.org"},"image":{"@id":"https:\/\/jubile2025-fatima.org\/pt-pt\/#\/schema\/logo\/image\/"}}]}},"jetpack_sharing_enabled":true,"jetpack-related-posts":[{"id":2542,"url":"https:\/\/jubile2025-fatima.org\/pt-pt\/assinatura\/","url_meta":{"origin":2514,"position":0},"title":"Assinatura","author":"Agence Graphineo","date":"Janeiro 21, 2025","format":false,"excerpt":"Assine o apelo para oficializar os 1\u00bas s\u00e1bados do m\u00eas, conforme pedido de Nossa Senhora de F\u00e1tima. A carta ser\u00e1 publicada em breve. Assine o apelo ao Papa Vig\u00e1rio de Cristo para que oficialize os 1\u00bas s\u00e1bados do m\u00eas, conforme pedido de Nossa Senhora de F\u00e1tima. Em 13 de julho\u2026","rel":"","context":"Similar post","block_context":{"text":"Similar post","link":""},"img":{"alt_text":"","src":"https:\/\/i0.wp.com\/jubile2025-fatima.org\/wp-content\/uploads\/2025\/01\/1logo-officiel-vecto-sombre.png?fit=1200%2C675&ssl=1&resize=350%2C200","width":350,"height":200,"srcset":"https:\/\/i0.wp.com\/jubile2025-fatima.org\/wp-content\/uploads\/2025\/01\/1logo-officiel-vecto-sombre.png?fit=1200%2C675&ssl=1&resize=350%2C200 1x, https:\/\/i0.wp.com\/jubile2025-fatima.org\/wp-content\/uploads\/2025\/01\/1logo-officiel-vecto-sombre.png?fit=1200%2C675&ssl=1&resize=525%2C300 1.5x, https:\/\/i0.wp.com\/jubile2025-fatima.org\/wp-content\/uploads\/2025\/01\/1logo-officiel-vecto-sombre.png?fit=1200%2C675&ssl=1&resize=700%2C400 2x, https:\/\/i0.wp.com\/jubile2025-fatima.org\/wp-content\/uploads\/2025\/01\/1logo-officiel-vecto-sombre.png?fit=1200%2C675&ssl=1&resize=1050%2C600 3x"},"classes":[]},{"id":12328,"url":"https:\/\/jubile2025-fatima.org\/pt-pt\/ferramentas-1os-sabados\/resumo-dos-primeiros-sabados\/","url_meta":{"origin":2514,"position":1},"title":"Resumo dos primeiros s\u00e1bados","author":"Agence Graphineo","date":"Fevereiro 17, 2025","format":false,"excerpt":"1- Antecedentes de F\u00e1tima Em 13 de julho de 1917, em F\u00e1tima, Nossa Senhora anunciou que, para al\u00e9m do Ros\u00e1rio, viria pedir uma futura devo\u00e7\u00e3o pela paz: \"Para evitar a guerra Eu virei para evitar a guerra, virei pedir a consagra\u00e7\u00e3o da R\u00fassia ao meu Imaculado Cora\u00e7\u00e3o e a comunh\u00e3o\u2026","rel":"","context":"Similar post","block_context":{"text":"Similar post","link":""},"img":{"alt_text":"","src":"","width":0,"height":0},"classes":[]},{"id":2567,"url":"https:\/\/jubile2025-fatima.org\/pt-pt\/crie-um-grupo\/","url_meta":{"origin":2514,"position":2},"title":"Crie um grupo","author":"Agence Graphineo","date":"Janeiro 14, 2025","format":false,"excerpt":"Crie um grupo no primeiro s\u00e1bado do m\u00eas perto de si Est\u00e3o a surgir grupos locais por todo o lado para fazer os primeiros s\u00e1bados e est\u00e3o a unir-se na Alian\u00e7a dos Primeiros S\u00e1bados pela Paz em F\u00e1tima. Respeitamos e protegemos a privacidade de todos. Para o efeito, apenas consideramos\u2026","rel":"","context":"Similar post","block_context":{"text":"Similar post","link":""},"img":{"alt_text":"","src":"https:\/\/i0.wp.com\/jubile2025-fatima.org\/wp-content\/uploads\/2025\/01\/1logo-officiel-vecto-sombre.png?fit=1200%2C675&ssl=1&resize=350%2C200","width":350,"height":200,"srcset":"https:\/\/i0.wp.com\/jubile2025-fatima.org\/wp-content\/uploads\/2025\/01\/1logo-officiel-vecto-sombre.png?fit=1200%2C675&ssl=1&resize=350%2C200 1x, https:\/\/i0.wp.com\/jubile2025-fatima.org\/wp-content\/uploads\/2025\/01\/1logo-officiel-vecto-sombre.png?fit=1200%2C675&ssl=1&resize=525%2C300 1.5x, https:\/\/i0.wp.com\/jubile2025-fatima.org\/wp-content\/uploads\/2025\/01\/1logo-officiel-vecto-sombre.png?fit=1200%2C675&ssl=1&resize=700%2C400 2x, https:\/\/i0.wp.com\/jubile2025-fatima.org\/wp-content\/uploads\/2025\/01\/1logo-officiel-vecto-sombre.png?fit=1200%2C675&ssl=1&resize=1050%2C600 3x"},"classes":[]},{"id":12323,"url":"https:\/\/jubile2025-fatima.org\/pt-pt\/ferramentas-1os-sabados\/","url_meta":{"origin":2514,"position":3},"title":"Ferramentas 1\u00bas s\u00e1bados","author":"Agence Graphineo","date":"Fevereiro 17, 2025","format":false,"excerpt":"Ferramentas 1\u00bas s\u00e1bados 1- Resumo dos primeiros s\u00e1bados Ir para a p\u00e1gina 2- Como criar um grupo no1\u00ba s\u00e1bado do m\u00eas Ir para a p\u00e1gina 3- O que fazer quando os padres e\/ou as missas est\u00e3o dispon\u00edveis Ir para a p\u00e1gina 4- Como fazer os primeiros s\u00e1bados de forma aut\u00f3noma\u2026","rel":"","context":"Similar post","block_context":{"text":"Similar post","link":""},"img":{"alt_text":"","src":"","width":0,"height":0},"classes":[]},{"id":2444,"url":"https:\/\/jubile2025-fatima.org\/pt-pt\/a-alianca\/","url_meta":{"origin":2514,"position":4},"title":"1\u00ba s\u00e1bado","author":"Agence Graphineo","date":"Dezembro 17, 2024","format":false,"excerpt":"Os primeiros s\u00e1bados da Alian\u00e7a de F\u00e1tima Porqu\u00ea comprometer-se com os primeiros s\u00e1bados Compreender a urg\u00eancia dos primeiros s\u00e1bados de F\u00e1tima O pedido de Nossa Senhora \"Para evitar a guerra, virei pedir a consagra\u00e7\u00e3o da R\u00fassia ao meu Imaculado Cora\u00e7\u00e3o e a comunh\u00e3o reparadora nos primeiros s\u00e1bados\". Em 1939, a\u2026","rel":"","context":"Similar post","block_context":{"text":"Similar post","link":""},"img":{"alt_text":"","src":"https:\/\/i0.wp.com\/jubile2025-fatima.org\/wp-content\/uploads\/2024\/12\/80681222.jpeg?fit=1200%2C671&ssl=1&resize=350%2C200","width":350,"height":200,"srcset":"https:\/\/i0.wp.com\/jubile2025-fatima.org\/wp-content\/uploads\/2024\/12\/80681222.jpeg?fit=1200%2C671&ssl=1&resize=350%2C200 1x, https:\/\/i0.wp.com\/jubile2025-fatima.org\/wp-content\/uploads\/2024\/12\/80681222.jpeg?fit=1200%2C671&ssl=1&resize=525%2C300 1.5x, https:\/\/i0.wp.com\/jubile2025-fatima.org\/wp-content\/uploads\/2024\/12\/80681222.jpeg?fit=1200%2C671&ssl=1&resize=700%2C400 2x, https:\/\/i0.wp.com\/jubile2025-fatima.org\/wp-content\/uploads\/2024\/12\/80681222.jpeg?fit=1200%2C671&ssl=1&resize=1050%2C600 3x"},"classes":[]},{"id":2570,"url":"https:\/\/jubile2025-fatima.org\/pt-pt\/o-nosso-apoio\/","url_meta":{"origin":2514,"position":5},"title":"O nosso apoio","author":"Agence Graphineo","date":"Janeiro 13, 2025","format":false,"excerpt":"Apoiam os primeiros s\u00e1bados de F\u00e1tima pela paz Santu\u00e1rio medalha milagrosa Fran\u00e7a Santu\u00e1rio de Maghdouch\u00e9 L\u00edbano Monsenhor Elie Bechara Haddad Arcebispo de Sa\u00efda (L\u00edbano) Santu\u00e1rio de Lorette It\u00e1lia Cardeal Robert Sarah Antigo prefeito (f\u00e9 e culto divino) Santu\u00e1rio de Walsingham Gr\u00e3-Bretanha Monsenhor Samir Nassar Arcebispo de Damasco (S\u00edria) monges beneditinos\u2026","rel":"","context":"Similar post","block_context":{"text":"Similar post","link":""},"img":{"alt_text":"","src":"https:\/\/i0.wp.com\/jubile2025-fatima.org\/wp-content\/uploads\/2025\/01\/1logo-officiel-vecto-sombre-1.png?fit=1200%2C675&ssl=1&resize=350%2C200","width":350,"height":200,"srcset":"https:\/\/i0.wp.com\/jubile2025-fatima.org\/wp-content\/uploads\/2025\/01\/1logo-officiel-vecto-sombre-1.png?fit=1200%2C675&ssl=1&resize=350%2C200 1x, https:\/\/i0.wp.com\/jubile2025-fatima.org\/wp-content\/uploads\/2025\/01\/1logo-officiel-vecto-sombre-1.png?fit=1200%2C675&ssl=1&resize=525%2C300 1.5x, https:\/\/i0.wp.com\/jubile2025-fatima.org\/wp-content\/uploads\/2025\/01\/1logo-officiel-vecto-sombre-1.png?fit=1200%2C675&ssl=1&resize=700%2C400 2x, https:\/\/i0.wp.com\/jubile2025-fatima.org\/wp-content\/uploads\/2025\/01\/1logo-officiel-vecto-sombre-1.png?fit=1200%2C675&ssl=1&resize=1050%2C600 3x"},"classes":[]}],"mfb_rest_fields":["title","yoast_head","yoast_head_json","jetpack_sharing_enabled","jetpack-related-posts"],"_links":{"self":[{"href":"https:\/\/jubile2025-fatima.org\/pt-pt\/wp-json\/wp\/v2\/pages\/2514","targetHints":{"allow":["GET"]}}],"collection":[{"href":"https:\/\/jubile2025-fatima.org\/pt-pt\/wp-json\/wp\/v2\/pages"}],"about":[{"href":"https:\/\/jubile2025-fatima.org\/pt-pt\/wp-json\/wp\/v2\/types\/page"}],"author":[{"embeddable":true,"href":"https:\/\/jubile2025-fatima.org\/pt-pt\/wp-json\/wp\/v2\/users\/2"}],"replies":[{"embeddable":true,"href":"https:\/\/jubile2025-fatima.org\/pt-pt\/wp-json\/wp\/v2\/comments?post=2514"}],"version-history":[{"count":0,"href":"https:\/\/jubile2025-fatima.org\/pt-pt\/wp-json\/wp\/v2\/pages\/2514\/revisions"}],"wp:featuredmedia":[{"embeddable":true,"href":"https:\/\/jubile2025-fatima.org\/pt-pt\/wp-json\/wp\/v2\/media\/2020"}],"wp:attachment":[{"href":"https:\/\/jubile2025-fatima.org\/pt-pt\/wp-json\/wp\/v2\/media?parent=2514"}],"curies":[{"name":"wp","href":"https:\/\/api.w.org\/{rel}","templated":true}]}}