{"id":2567,"date":"2025-01-14T09:06:05","date_gmt":"2025-01-14T09:06:05","guid":{"rendered":"https:\/\/jubile2025-fatima.org\/crie-um-grupo\/"},"modified":"2025-11-03T18:59:10","modified_gmt":"2025-11-03T18:59:10","slug":"crie-um-grupo","status":"publish","type":"page","link":"https:\/\/jubile2025-fatima.org\/pt-pt\/crie-um-grupo\/","title":{"rendered":"Crie um grupo"},"content":{"rendered":"\n<div class=\"wp-block-group has-accent-8-background-color has-background has-global-padding is-layout-constrained wp-container-core-group-is-layout-81115059 wp-block-group-is-layout-constrained\" style=\"border-radius:18px;padding-top:25px;padding-right:25px;padding-bottom:25px;padding-left:25px\">\n<h2 class=\"wp-block-heading\"><strong>Crie um grupo <sup>no primeiro<\/sup> s\u00e1bado do m\u00eas perto de si<\/strong>  <\/h2>\n\n\n\n<p><strong>Est\u00e3o a surgir grupos locais por todo o lado<\/strong> para fazer os <sup>primeiros<\/sup> s\u00e1bados e est\u00e3o a unir-se na Alian\u00e7a <sup>dos Primeiros<\/sup> S\u00e1bados pela Paz em F\u00e1tima.<\/p>\n\n\n\n<div class=\"wp-block-group has-background has-global-padding is-layout-constrained wp-container-core-group-is-layout-81115059 wp-block-group-is-layout-constrained\" style=\"border-radius:25px;background-color:#ebf2fcd9;padding-top:25px;padding-right:25px;padding-bottom:25px;padding-left:25px\">\n<div class=\"wpcf7 no-js\" id=\"wpcf7-f12273-o1\" lang=\"pt-PT\" dir=\"ltr\" data-wpcf7-id=\"12273\">\n<div class=\"screen-reader-response\"><p role=\"status\" aria-live=\"polite\" aria-atomic=\"true\"><\/p> <ul><\/ul><\/div>\n<form action=\"\/pt-pt\/wp-json\/wp\/v2\/pages\/2567#wpcf7-f12273-o1\" method=\"post\" class=\"wpcf7-form init\" aria-label=\"Formul\u00e1rio de contacto\" novalidate=\"novalidate\" data-status=\"init\">\n<fieldset class=\"hidden-fields-container\"><input type=\"hidden\" name=\"_wpcf7\" value=\"12273\" \/><input type=\"hidden\" name=\"_wpcf7_version\" value=\"6.1.3\" \/><input type=\"hidden\" name=\"_wpcf7_locale\" value=\"pt_PT\" \/><input type=\"hidden\" name=\"_wpcf7_unit_tag\" value=\"wpcf7-f12273-o1\" \/><input type=\"hidden\" name=\"_wpcf7_container_post\" value=\"0\" \/><input type=\"hidden\" name=\"_wpcf7_posted_data_hash\" value=\"\" \/><input type=\"hidden\" name=\"_wpcf7_recaptcha_response\" value=\"\" \/>\n<\/fieldset>\n<p><label class=\"gr_form_label\" for=\"PRENOM\">Introduza o seu PRIMEIRO NOME<\/label><span class=\"wpcf7-form-control-wrap\" data-name=\"PRENOM\"><input size=\"40\" maxlength=\"400\" class=\"wpcf7-form-control wpcf7-text wpcf7-validates-as-required gr_form_input\" aria-required=\"true\" aria-invalid=\"false\" placeholder=\"PRIMEIRO NOME\" value=\"\" type=\"text\" name=\"PRENOM\" \/><\/span><label class=\"gr_form_label\" for=\"NOM\">Introduza o seu NOME<\/label><span class=\"wpcf7-form-control-wrap\" data-name=\"NOM\"><input size=\"40\" maxlength=\"400\" class=\"wpcf7-form-control wpcf7-text wpcf7-validates-as-required gr_form_input\" aria-required=\"true\" aria-invalid=\"false\" placeholder=\"NOME\" value=\"\" type=\"text\" name=\"NOM\" \/><\/span><label class=\"gr_form_label\" for=\"EMAIL\">Introduza o seu endere\u00e7o de correio eletr\u00f3nico para se registar<\/label><span class=\"wpcf7-form-control-wrap\" data-name=\"EMAIL\"><input size=\"40\" maxlength=\"400\" class=\"wpcf7-form-control wpcf7-email wpcf7-validates-as-required wpcf7-text wpcf7-validates-as-email gr_form_input\" aria-required=\"true\" aria-invalid=\"false\" placeholder=\"EMAIL\" value=\"\" type=\"email\" name=\"EMAIL\" \/><\/span><label class=\"gr_form_label\" for=\"LIEU\">Introduza o local de cria\u00e7\u00e3o do seu grupo<\/label><span class=\"wpcf7-form-control-wrap\" data-name=\"LIEU\"><input size=\"40\" maxlength=\"400\" class=\"wpcf7-form-control wpcf7-text wpcf7-validates-as-required gr_form_input\" aria-required=\"true\" aria-invalid=\"false\" placeholder=\"LOCALIZA\u00c7\u00c3O\" value=\"\" type=\"text\" name=\"LIEU\" \/><\/span><label class=\"gr_form_label\" for=\"MESSAGE\">Introduza a sua MENSAGEM<\/label><span class=\"wpcf7-form-control-wrap\" data-name=\"MESSAGE\"><textarea cols=\"40\" rows=\"10\" maxlength=\"2000\" class=\"wpcf7-form-control wpcf7-textarea wpcf7-validates-as-required gr_form_input\" aria-required=\"true\" aria-invalid=\"false\" placeholder=\"MENSAGEM\" name=\"MESSAGE\"><\/textarea><\/span>\n<\/p>\n<fieldset class=\"gr_form_fieldset\">\n\t<legend class=\"gr_form_legend\">Selecione uma l\u00edngua preferida\n\t<\/legend>\n\t<p><label class=\"gr_form_radio_label\"><span class=\"wpcf7-form-control-wrap\" data-name=\"LANGUE\"><span class=\"wpcf7-form-control wpcf7-radio gr_form_radio\"><span class=\"wpcf7-list-item first last\"><input type=\"radio\" name=\"LANGUE\" value=\"franc\u00eas\" checked=\"checked\" \/><span class=\"wpcf7-list-item-label\">franc\u00eas<\/span><\/span><\/span><\/span><\/label><label class=\"gr_form_radio_label\"><span class=\"wpcf7-form-control-wrap\" data-name=\"LANGUE\"><span class=\"wpcf7-form-control wpcf7-radio gr_form_radio\"><span class=\"wpcf7-list-item first last\"><input type=\"radio\" name=\"LANGUE\" value=\"Ingl\u00eas\" \/><span class=\"wpcf7-list-item-label\">Ingl\u00eas<\/span><\/span><\/span><\/span><\/label><label class=\"gr_form_radio_label\"><span class=\"wpcf7-form-control-wrap\" data-name=\"LANGUE\"><span class=\"wpcf7-form-control wpcf7-radio gr_form_radio\"><span class=\"wpcf7-list-item first last\"><input type=\"radio\" name=\"LANGUE\" value=\"Espa\u00f1ol\" \/><span class=\"wpcf7-list-item-label\">Espa\u00f1ol<\/span><\/span><\/span><\/span><\/label>\n\t<\/p>\n<\/fieldset>\n<p class=\"gr_form_paragraph\">Ao registar-se, confirma que leu e aceitou os termos e condi\u00e7\u00f5es gerais de utiliza\u00e7\u00e3o e a pol\u00edtica de privacidade.\n<\/p>\n<p><input class=\"wpcf7-form-control wpcf7-submit has-spinner gr_form_submit\" type=\"submit\" value=\"Registe-se\" \/>\n<\/p><p style=\"display: none !important;\" class=\"akismet-fields-container\" data-prefix=\"_wpcf7_ak_\"><label>&#916;<textarea name=\"_wpcf7_ak_hp_textarea\" cols=\"45\" rows=\"8\" maxlength=\"100\"><\/textarea><\/label><input type=\"hidden\" id=\"ak_js_1\" name=\"_wpcf7_ak_js\" value=\"247\"\/><script data-jetpack-boost=\"ignore\">document.getElementById( \"ak_js_1\" ).setAttribute( \"value\", ( new Date() ).getTime() );<\/script><\/p><div class=\"wpcf7-response-output\" aria-hidden=\"true\"><\/div>\n<\/form>\n<\/div>\n\n<\/div>\n\n\n\n<div class=\"wp-block-group tw-lg-hidden tw-md-hidden tw-sm-hidden is-vertical is-content-justification-center is-layout-flex wp-container-core-group-is-layout-ce155fab wp-block-group-is-layout-flex\" style=\"min-height:700px\">\n<iframe loading=\"lazy\" width=\"100%\" height=\"1000\" src=\"https:\/\/98e98fec.sibforms.com\/serve\/MUIFABDcUSQd07HvuLb3-2cIuMtEe3RdZ7SalftbAKYQzWcUjs-adSgX3w2jVT-3Nf0cu9-SegQCfGqqcfPoDGgxivsOTLMSEd_lI0R-VA14zkXSCs3NcYJ8JmB_MoEPgbHPtqwZgQtjP0evNMHd4EohHkBZOt7ukKlJF7pf1ar2m93taJK7yrFjTclt_7W80uxFaX8wh45Yq6Iu\" frameborder=\"0\" scrolling=\"auto\" allowfullscreen=\"\" style=\"display: block;margin-left: auto;margin-right: auto;max-width: 100%;\"><\/iframe>\n<\/div>\n\n\n\n<div class=\"wp-block-group tw-lg-hidden tw-md-hidden tw-sm-hidden has-global-padding is-layout-constrained wp-block-group-is-layout-constrained\"><div class=\"wp-block-jetpack-contact-form\"><a href=\"https:\/\/jubile2025-fatima.org\/pt-pt\/crie-um-grupo\/\" target=\"_blank\" rel=\"noopener noreferrer\">Submit a form.<\/a><\/div><\/div>\n\n\n\n<p class=\"has-small-font-size\">Respeitamos e protegemos a privacidade de todos. Para o efeito, apenas consideramos um e-mail como dado pessoal, sem qualquer outra informa\u00e7\u00e3o. Este e-mail \u00e9 confidencial e s\u00f3 \u00e9 utilizado para enviar a medita\u00e7\u00e3o uma vez por m\u00eas antes do 1\u00ba s\u00e1bado e para responder \u00e0s suas mensagens num ambiente estritamente privado.<\/p>\n<\/div>\n","protected":false},"excerpt":{"rendered":"<p>Crie um grupo no primeiro s\u00e1bado do m\u00eas perto de si Est\u00e3o a surgir grupos locais por todo o lado para fazer os primeiros s\u00e1bados e est\u00e3o a unir-se na Alian\u00e7a dos Primeiros S\u00e1bados pela Paz em F\u00e1tima. Respeitamos e protegemos a privacidade de todos. Para o efeito, apenas consideramos um e-mail como dado pessoal, [&hellip;]<\/p>\n","protected":false},"author":2,"featured_media":2020,"parent":0,"menu_order":0,"comment_status":"closed","ping_status":"closed","template":"","meta":{"inline_featured_image":false,"footnotes":""},"class_list":["post-2567","page","type-page","status-publish","has-post-thumbnail","hentry"],"mb":[],"yoast_head":"<!-- This site is optimized with the Yoast SEO plugin v26.4 - https:\/\/yoast.com\/wordpress\/plugins\/seo\/ -->\n<title>Crie um grupo - jubile2025-fatima.org<\/title>\n<meta name=\"description\" content=\"Crie um grupo, est\u00e3o a ser formados grupos locais e est\u00e3o a unir for\u00e7as no \u00e2mbito da Alian\u00e7a dos 1\u00bas S\u00e1bados pela Paz de F\u00e1tima\" \/>\n<meta name=\"robots\" content=\"index, follow, max-snippet:-1, max-image-preview:large, max-video-preview:-1\" \/>\n<link rel=\"canonical\" href=\"https:\/\/jubile2025-fatima.org\/pt-pt\/crie-um-grupo\/\" \/>\n<meta property=\"og:locale\" content=\"pt_PT\" \/>\n<meta property=\"og:type\" content=\"article\" \/>\n<meta property=\"og:title\" content=\"Crie um grupo - jubile2025-fatima.org\" \/>\n<meta property=\"og:description\" content=\"Crie um grupo, est\u00e3o a ser formados grupos locais e est\u00e3o a unir for\u00e7as no \u00e2mbito da Alian\u00e7a dos 1\u00bas S\u00e1bados pela Paz de F\u00e1tima\" \/>\n<meta property=\"og:url\" content=\"https:\/\/jubile2025-fatima.org\/pt-pt\/crie-um-grupo\/\" \/>\n<meta property=\"og:site_name\" content=\"jubile2025-fatima.org\" \/>\n<meta property=\"article:modified_time\" content=\"2025-11-03T18:59:10+00:00\" \/>\n<meta property=\"og:image\" content=\"https:\/\/i0.wp.com\/jubile2025-fatima.org\/wp-content\/uploads\/2025\/01\/1logo-officiel-vecto-sombre.png?fit=1921%2C1081&ssl=1\" \/>\n\t<meta property=\"og:image:width\" content=\"1921\" \/>\n\t<meta property=\"og:image:height\" content=\"1081\" \/>\n\t<meta property=\"og:image:type\" content=\"image\/png\" \/>\n<meta name=\"twitter:card\" content=\"summary_large_image\" \/>\n<meta name=\"twitter:label1\" content=\"Tempo estimado de leitura\" \/>\n\t<meta name=\"twitter:data1\" content=\"1 minuto\" \/>\n<script type=\"application\/ld+json\" class=\"yoast-schema-graph\">{\"@context\":\"https:\/\/schema.org\",\"@graph\":[{\"@type\":\"WebPage\",\"@id\":\"https:\/\/jubile2025-fatima.org\/pt-pt\/crie-um-grupo\/\",\"url\":\"https:\/\/jubile2025-fatima.org\/pt-pt\/crie-um-grupo\/\",\"name\":\"Crie um grupo - jubile2025-fatima.org\",\"isPartOf\":{\"@id\":\"https:\/\/jubile2025-fatima.org\/pt-pt\/#website\"},\"primaryImageOfPage\":{\"@id\":\"https:\/\/jubile2025-fatima.org\/pt-pt\/crie-um-grupo\/#primaryimage\"},\"image\":{\"@id\":\"https:\/\/jubile2025-fatima.org\/pt-pt\/crie-um-grupo\/#primaryimage\"},\"thumbnailUrl\":\"https:\/\/i0.wp.com\/jubile2025-fatima.org\/wp-content\/uploads\/2025\/01\/1logo-officiel-vecto-sombre.png?fit=1921%2C1081&ssl=1\",\"datePublished\":\"2025-01-14T09:06:05+00:00\",\"dateModified\":\"2025-11-03T18:59:10+00:00\",\"description\":\"Crie um grupo, est\u00e3o a ser formados grupos locais e est\u00e3o a unir for\u00e7as no \u00e2mbito da Alian\u00e7a dos 1\u00bas S\u00e1bados pela Paz de F\u00e1tima\",\"breadcrumb\":{\"@id\":\"https:\/\/jubile2025-fatima.org\/pt-pt\/crie-um-grupo\/#breadcrumb\"},\"inLanguage\":\"pt-PT\",\"potentialAction\":[{\"@type\":\"ReadAction\",\"target\":[\"https:\/\/jubile2025-fatima.org\/pt-pt\/crie-um-grupo\/\"]}]},{\"@type\":\"ImageObject\",\"inLanguage\":\"pt-PT\",\"@id\":\"https:\/\/jubile2025-fatima.org\/pt-pt\/crie-um-grupo\/#primaryimage\",\"url\":\"https:\/\/i0.wp.com\/jubile2025-fatima.org\/wp-content\/uploads\/2025\/01\/1logo-officiel-vecto-sombre.png?fit=1921%2C1081&ssl=1\",\"contentUrl\":\"https:\/\/i0.wp.com\/jubile2025-fatima.org\/wp-content\/uploads\/2025\/01\/1logo-officiel-vecto-sombre.png?fit=1921%2C1081&ssl=1\",\"width\":1921,\"height\":1081},{\"@type\":\"BreadcrumbList\",\"@id\":\"https:\/\/jubile2025-fatima.org\/pt-pt\/crie-um-grupo\/#breadcrumb\",\"itemListElement\":[{\"@type\":\"ListItem\",\"position\":1,\"name\":\"Accueil\",\"item\":\"https:\/\/jubile2025-fatima.org\/pt-pt\/\"},{\"@type\":\"ListItem\",\"position\":2,\"name\":\"Crie um grupo\"}]},{\"@type\":\"WebSite\",\"@id\":\"https:\/\/jubile2025-fatima.org\/pt-pt\/#website\",\"url\":\"https:\/\/jubile2025-fatima.org\/pt-pt\/\",\"name\":\"jubile2025-fatima.org\",\"description\":\"Jubile 2025 Fatima - Alliance les 1ers samedis de de Fatima pour la paix\",\"publisher\":{\"@id\":\"https:\/\/jubile2025-fatima.org\/pt-pt\/#organization\"},\"potentialAction\":[{\"@type\":\"SearchAction\",\"target\":{\"@type\":\"EntryPoint\",\"urlTemplate\":\"https:\/\/jubile2025-fatima.org\/pt-pt\/?s={search_term_string}\"},\"query-input\":{\"@type\":\"PropertyValueSpecification\",\"valueRequired\":true,\"valueName\":\"search_term_string\"}}],\"inLanguage\":\"pt-PT\"},{\"@type\":\"Organization\",\"@id\":\"https:\/\/jubile2025-fatima.org\/pt-pt\/#organization\",\"name\":\"jubile2025-fatima.org\",\"url\":\"https:\/\/jubile2025-fatima.org\/pt-pt\/\",\"logo\":{\"@type\":\"ImageObject\",\"inLanguage\":\"pt-PT\",\"@id\":\"https:\/\/jubile2025-fatima.org\/pt-pt\/#\/schema\/logo\/image\/\",\"url\":\"https:\/\/jubile2025-fatima.org\/wp-content\/uploads\/2024\/12\/2logo-officiel-copie-2.png\",\"contentUrl\":\"https:\/\/jubile2025-fatima.org\/wp-content\/uploads\/2024\/12\/2logo-officiel-copie-2.png\",\"width\":1921,\"height\":1081,\"caption\":\"jubile2025-fatima.org\"},\"image\":{\"@id\":\"https:\/\/jubile2025-fatima.org\/pt-pt\/#\/schema\/logo\/image\/\"}}]}<\/script>\n<!-- \/ Yoast SEO plugin. -->","yoast_head_json":{"title":"Crie um grupo - jubile2025-fatima.org","description":"Crie um grupo, est\u00e3o a ser formados grupos locais e est\u00e3o a unir for\u00e7as no \u00e2mbito da Alian\u00e7a dos 1\u00bas S\u00e1bados pela Paz de F\u00e1tima","robots":{"index":"index","follow":"follow","max-snippet":"max-snippet:-1","max-image-preview":"max-image-preview:large","max-video-preview":"max-video-preview:-1"},"canonical":"https:\/\/jubile2025-fatima.org\/pt-pt\/crie-um-grupo\/","og_locale":"pt_PT","og_type":"article","og_title":"Crie um grupo - jubile2025-fatima.org","og_description":"Crie um grupo, est\u00e3o a ser formados grupos locais e est\u00e3o a unir for\u00e7as no \u00e2mbito da Alian\u00e7a dos 1\u00bas S\u00e1bados pela Paz de F\u00e1tima","og_url":"https:\/\/jubile2025-fatima.org\/pt-pt\/crie-um-grupo\/","og_site_name":"jubile2025-fatima.org","article_modified_time":"2025-11-03T18:59:10+00:00","og_image":[{"width":1921,"height":1081,"url":"https:\/\/i0.wp.com\/jubile2025-fatima.org\/wp-content\/uploads\/2025\/01\/1logo-officiel-vecto-sombre.png?fit=1921%2C1081&ssl=1","type":"image\/png"}],"twitter_card":"summary_large_image","twitter_misc":{"Tempo estimado de leitura":"1 minuto"},"schema":{"@context":"https:\/\/schema.org","@graph":[{"@type":"WebPage","@id":"https:\/\/jubile2025-fatima.org\/pt-pt\/crie-um-grupo\/","url":"https:\/\/jubile2025-fatima.org\/pt-pt\/crie-um-grupo\/","name":"Crie um grupo - jubile2025-fatima.org","isPartOf":{"@id":"https:\/\/jubile2025-fatima.org\/pt-pt\/#website"},"primaryImageOfPage":{"@id":"https:\/\/jubile2025-fatima.org\/pt-pt\/crie-um-grupo\/#primaryimage"},"image":{"@id":"https:\/\/jubile2025-fatima.org\/pt-pt\/crie-um-grupo\/#primaryimage"},"thumbnailUrl":"https:\/\/i0.wp.com\/jubile2025-fatima.org\/wp-content\/uploads\/2025\/01\/1logo-officiel-vecto-sombre.png?fit=1921%2C1081&ssl=1","datePublished":"2025-01-14T09:06:05+00:00","dateModified":"2025-11-03T18:59:10+00:00","description":"Crie um grupo, est\u00e3o a ser formados grupos locais e est\u00e3o a unir for\u00e7as no \u00e2mbito da Alian\u00e7a dos 1\u00bas S\u00e1bados pela Paz de F\u00e1tima","breadcrumb":{"@id":"https:\/\/jubile2025-fatima.org\/pt-pt\/crie-um-grupo\/#breadcrumb"},"inLanguage":"pt-PT","potentialAction":[{"@type":"ReadAction","target":["https:\/\/jubile2025-fatima.org\/pt-pt\/crie-um-grupo\/"]}]},{"@type":"ImageObject","inLanguage":"pt-PT","@id":"https:\/\/jubile2025-fatima.org\/pt-pt\/crie-um-grupo\/#primaryimage","url":"https:\/\/i0.wp.com\/jubile2025-fatima.org\/wp-content\/uploads\/2025\/01\/1logo-officiel-vecto-sombre.png?fit=1921%2C1081&ssl=1","contentUrl":"https:\/\/i0.wp.com\/jubile2025-fatima.org\/wp-content\/uploads\/2025\/01\/1logo-officiel-vecto-sombre.png?fit=1921%2C1081&ssl=1","width":1921,"height":1081},{"@type":"BreadcrumbList","@id":"https:\/\/jubile2025-fatima.org\/pt-pt\/crie-um-grupo\/#breadcrumb","itemListElement":[{"@type":"ListItem","position":1,"name":"Accueil","item":"https:\/\/jubile2025-fatima.org\/pt-pt\/"},{"@type":"ListItem","position":2,"name":"Crie um grupo"}]},{"@type":"WebSite","@id":"https:\/\/jubile2025-fatima.org\/pt-pt\/#website","url":"https:\/\/jubile2025-fatima.org\/pt-pt\/","name":"jubile2025-fatima.org","description":"Jubile 2025 Fatima - Alliance les 1ers samedis de de Fatima pour la paix","publisher":{"@id":"https:\/\/jubile2025-fatima.org\/pt-pt\/#organization"},"potentialAction":[{"@type":"SearchAction","target":{"@type":"EntryPoint","urlTemplate":"https:\/\/jubile2025-fatima.org\/pt-pt\/?s={search_term_string}"},"query-input":{"@type":"PropertyValueSpecification","valueRequired":true,"valueName":"search_term_string"}}],"inLanguage":"pt-PT"},{"@type":"Organization","@id":"https:\/\/jubile2025-fatima.org\/pt-pt\/#organization","name":"jubile2025-fatima.org","url":"https:\/\/jubile2025-fatima.org\/pt-pt\/","logo":{"@type":"ImageObject","inLanguage":"pt-PT","@id":"https:\/\/jubile2025-fatima.org\/pt-pt\/#\/schema\/logo\/image\/","url":"https:\/\/jubile2025-fatima.org\/wp-content\/uploads\/2024\/12\/2logo-officiel-copie-2.png","contentUrl":"https:\/\/jubile2025-fatima.org\/wp-content\/uploads\/2024\/12\/2logo-officiel-copie-2.png","width":1921,"height":1081,"caption":"jubile2025-fatima.org"},"image":{"@id":"https:\/\/jubile2025-fatima.org\/pt-pt\/#\/schema\/logo\/image\/"}}]}},"jetpack_sharing_enabled":true,"jetpack-related-posts":[{"id":12323,"url":"https:\/\/jubile2025-fatima.org\/pt-pt\/ferramentas-1os-sabados\/","url_meta":{"origin":2567,"position":0},"title":"Ferramentas 1\u00bas s\u00e1bados","author":"Agence Graphineo","date":"Fevereiro 17, 2025","format":false,"excerpt":"Ferramentas 1\u00bas s\u00e1bados 1- Resumo dos primeiros s\u00e1bados Ir para a p\u00e1gina 2- Como criar um grupo no1\u00ba s\u00e1bado do m\u00eas Ir para a p\u00e1gina 3- O que fazer quando os padres e\/ou as missas est\u00e3o dispon\u00edveis Ir para a p\u00e1gina 4- Como fazer os primeiros s\u00e1bados de forma aut\u00f3noma\u2026","rel":"","context":"Similar post","block_context":{"text":"Similar post","link":""},"img":{"alt_text":"","src":"","width":0,"height":0},"classes":[]},{"id":12332,"url":"https:\/\/jubile2025-fatima.org\/pt-pt\/ferramentas-1os-sabados\/crie-um-grupo-no-primeiro-sabado-do-mes\/","url_meta":{"origin":2567,"position":1},"title":"Crie um grupo no primeiro s\u00e1bado do m\u00eas","author":"Agence Graphineo","date":"Fevereiro 17, 2025","format":false,"excerpt":"1- O que \u00e9 um grupodo 1\u00ba s\u00e1bado do m\u00eas? \u00c9 um grupo local e aut\u00f3nomo de leigos que se re\u00fane todos os dias 1s\u00e1bado s\u00e1bado do m\u00eas numa igreja, capela, comunidade, etc., para realizar o pedido da Virgem Maria. Embora aut\u00f3nomos, os grupos est\u00e3o unidos no seio da Alliance\u2026","rel":"","context":"Similar post","block_context":{"text":"Similar post","link":""},"img":{"alt_text":"","src":"","width":0,"height":0},"classes":[]},{"id":12318,"url":"https:\/\/jubile2025-fatima.org\/pt-pt\/ferramentas-1os-sabados\/como-fazer-os-primeiros-sabados\/","url_meta":{"origin":2567,"position":2},"title":"Como fazer os primeiros s\u00e1bados","author":"Agence Graphineo","date":"Fevereiro 17, 2025","format":false,"excerpt":"Efetuar o1\u00ba s\u00e1bado de forma independente ou se n\u00e3o puder deslocar-se 1\/ Efetuar os primeiros s\u00e1bados de forma aut\u00f3noma \u00c9 claro que \u00e9 poss\u00edvel fazer os 1os s\u00e1bados sozinho, sem fazer parte de um grupo (porque n\u00e3o h\u00e1 um grupo pr\u00f3ximo, porque n\u00e3o quer criar um ou por raz\u00f5es pessoais).\u2026","rel":"","context":"Similar post","block_context":{"text":"Similar post","link":""},"img":{"alt_text":"","src":"","width":0,"height":0},"classes":[]},{"id":2542,"url":"https:\/\/jubile2025-fatima.org\/pt-pt\/assinatura\/","url_meta":{"origin":2567,"position":3},"title":"Assinatura","author":"Agence Graphineo","date":"Janeiro 21, 2025","format":false,"excerpt":"Assine o apelo para oficializar os 1\u00bas s\u00e1bados do m\u00eas, conforme pedido de Nossa Senhora de F\u00e1tima. A carta ser\u00e1 publicada em breve. Assine o apelo ao Papa Vig\u00e1rio de Cristo para que oficialize os 1\u00bas s\u00e1bados do m\u00eas, conforme pedido de Nossa Senhora de F\u00e1tima. Em 13 de julho\u2026","rel":"","context":"Similar post","block_context":{"text":"Similar post","link":""},"img":{"alt_text":"","src":"https:\/\/i0.wp.com\/jubile2025-fatima.org\/wp-content\/uploads\/2025\/01\/1logo-officiel-vecto-sombre.png?fit=1200%2C675&ssl=1&resize=350%2C200","width":350,"height":200,"srcset":"https:\/\/i0.wp.com\/jubile2025-fatima.org\/wp-content\/uploads\/2025\/01\/1logo-officiel-vecto-sombre.png?fit=1200%2C675&ssl=1&resize=350%2C200 1x, https:\/\/i0.wp.com\/jubile2025-fatima.org\/wp-content\/uploads\/2025\/01\/1logo-officiel-vecto-sombre.png?fit=1200%2C675&ssl=1&resize=525%2C300 1.5x, https:\/\/i0.wp.com\/jubile2025-fatima.org\/wp-content\/uploads\/2025\/01\/1logo-officiel-vecto-sombre.png?fit=1200%2C675&ssl=1&resize=700%2C400 2x, https:\/\/i0.wp.com\/jubile2025-fatima.org\/wp-content\/uploads\/2025\/01\/1logo-officiel-vecto-sombre.png?fit=1200%2C675&ssl=1&resize=1050%2C600 3x"},"classes":[]},{"id":2444,"url":"https:\/\/jubile2025-fatima.org\/pt-pt\/a-alianca\/","url_meta":{"origin":2567,"position":4},"title":"1\u00ba s\u00e1bado","author":"Agence Graphineo","date":"Dezembro 17, 2024","format":false,"excerpt":"Os primeiros s\u00e1bados da Alian\u00e7a de F\u00e1tima Porqu\u00ea comprometer-se com os primeiros s\u00e1bados Compreender a urg\u00eancia dos primeiros s\u00e1bados de F\u00e1tima O pedido de Nossa Senhora \"Para evitar a guerra, virei pedir a consagra\u00e7\u00e3o da R\u00fassia ao meu Imaculado Cora\u00e7\u00e3o e a comunh\u00e3o reparadora nos primeiros s\u00e1bados\". Em 1939, a\u2026","rel":"","context":"Similar post","block_context":{"text":"Similar post","link":""},"img":{"alt_text":"","src":"https:\/\/i0.wp.com\/jubile2025-fatima.org\/wp-content\/uploads\/2024\/12\/80681222.jpeg?fit=1200%2C671&ssl=1&resize=350%2C200","width":350,"height":200,"srcset":"https:\/\/i0.wp.com\/jubile2025-fatima.org\/wp-content\/uploads\/2024\/12\/80681222.jpeg?fit=1200%2C671&ssl=1&resize=350%2C200 1x, https:\/\/i0.wp.com\/jubile2025-fatima.org\/wp-content\/uploads\/2024\/12\/80681222.jpeg?fit=1200%2C671&ssl=1&resize=525%2C300 1.5x, https:\/\/i0.wp.com\/jubile2025-fatima.org\/wp-content\/uploads\/2024\/12\/80681222.jpeg?fit=1200%2C671&ssl=1&resize=700%2C400 2x, https:\/\/i0.wp.com\/jubile2025-fatima.org\/wp-content\/uploads\/2024\/12\/80681222.jpeg?fit=1200%2C671&ssl=1&resize=1050%2C600 3x"},"classes":[]},{"id":12328,"url":"https:\/\/jubile2025-fatima.org\/pt-pt\/ferramentas-1os-sabados\/resumo-dos-primeiros-sabados\/","url_meta":{"origin":2567,"position":5},"title":"Resumo dos primeiros s\u00e1bados","author":"Agence Graphineo","date":"Fevereiro 17, 2025","format":false,"excerpt":"1- Antecedentes de F\u00e1tima Em 13 de julho de 1917, em F\u00e1tima, Nossa Senhora anunciou que, para al\u00e9m do Ros\u00e1rio, viria pedir uma futura devo\u00e7\u00e3o pela paz: \"Para evitar a guerra Eu virei para evitar a guerra, virei pedir a consagra\u00e7\u00e3o da R\u00fassia ao meu Imaculado Cora\u00e7\u00e3o e a comunh\u00e3o\u2026","rel":"","context":"Similar post","block_context":{"text":"Similar post","link":""},"img":{"alt_text":"","src":"","width":0,"height":0},"classes":[]}],"mfb_rest_fields":["title","yoast_head","yoast_head_json","jetpack_sharing_enabled","jetpack-related-posts"],"_links":{"self":[{"href":"https:\/\/jubile2025-fatima.org\/pt-pt\/wp-json\/wp\/v2\/pages\/2567","targetHints":{"allow":["GET"]}}],"collection":[{"href":"https:\/\/jubile2025-fatima.org\/pt-pt\/wp-json\/wp\/v2\/pages"}],"about":[{"href":"https:\/\/jubile2025-fatima.org\/pt-pt\/wp-json\/wp\/v2\/types\/page"}],"author":[{"embeddable":true,"href":"https:\/\/jubile2025-fatima.org\/pt-pt\/wp-json\/wp\/v2\/users\/2"}],"replies":[{"embeddable":true,"href":"https:\/\/jubile2025-fatima.org\/pt-pt\/wp-json\/wp\/v2\/comments?post=2567"}],"version-history":[{"count":2,"href":"https:\/\/jubile2025-fatima.org\/pt-pt\/wp-json\/wp\/v2\/pages\/2567\/revisions"}],"predecessor-version":[{"id":12316,"href":"https:\/\/jubile2025-fatima.org\/pt-pt\/wp-json\/wp\/v2\/pages\/2567\/revisions\/12316"}],"wp:featuredmedia":[{"embeddable":true,"href":"https:\/\/jubile2025-fatima.org\/pt-pt\/wp-json\/wp\/v2\/media\/2020"}],"wp:attachment":[{"href":"https:\/\/jubile2025-fatima.org\/pt-pt\/wp-json\/wp\/v2\/media?parent=2567"}],"curies":[{"name":"wp","href":"https:\/\/api.w.org\/{rel}","templated":true}]}}